{"id":23746,"date":"2025-08-06T13:51:36","date_gmt":"2025-08-06T05:51:36","guid":{"rendered":"https:\/\/www.vapeswholesaler.com\/?post_type=product&#038;p=23746"},"modified":"2026-04-12T21:22:15","modified_gmt":"2026-04-12T13:22:15","slug":"wholesale-happ-bar-twin-pod-35000-puffs-disposable-vape","status":"publish","type":"product","link":"https:\/\/www.vapeswholesaler.com\/sv\/produkt\/wholesale-happ-bar-twin-pod-35000-puffs-disposable-vape","title":{"rendered":"Wholesale Happ Bar Twin Pod 35000 Puffs Disposable Vape"},"content":{"rendered":"<p><a href=\"https:\/\/www.vapeswholesaler.com\/sv\/produkt_varumarke\/happ-bar\/\"><strong>Happ Bar<\/strong><\/a> Twin 35000 Puffs it is a double Flavors disposable Vapes, It is an upgrade from the previous best-selling product 25000, Each product comes with two 18ml+18ml Ejuice Pod, totaling 36ml of Pre-filled liquid. It makes the product more cost-effective and allows consumers to use our products for longer periods of time.<\/p>\n<p>In addition, We are available in 2% and 5% Nic,, and 12 flavors can be choose, each flavor is carefully tuned by us, and the most total out of the addiction.Our taste is extraordinary and every customer is impressed when they used.<\/p>\n<p>The Vape capacity 650 mAh, Also can be support the Type c rechargeable, and comes with an electronic display, The customer can display the battery level and E-juice at any time to observe.Our products are well received by our customers and are of high quality. Currently, our European warehouse was opened, which greatly shortens the transportation time and brings our customers a more perfect shopping experience!<\/p>\n<h2><strong>Happ Bar Twin Pod 35000 Puffs Details:<\/strong><\/h2>\n<ul>\n<li>Model Name: Happ Bar Twin Pod 35000 Puffs<\/li>\n<li>Puffs: 35000 Puffs<\/li>\n<li>Nicotine: 2% or 5%<\/li>\n<li>Battery: 650mAh (Type-C rechargeable)<\/li>\n<li>E-Liquid Capacity: 18ML+18ML=36ML<\/li>\n<li>Coil: Dual Mesh (1.0ohm)<\/li>\n<li>Design: Gradient colors + LED display<\/li>\n<li>Flavors: 12 Flavors Available<\/li>\n<li><strong>Lager i Europa<\/strong><\/li>\n<li><strong>Fri frakt<\/strong><\/li>\n<\/ul>\n<h2><strong>Tillg\u00e4ngliga smaker:<\/strong><\/h2>\n<ol>\n<li>Persika Mango Ananas &amp; Jordgubbsglass<\/li>\n<li>Blue Razz Lemonade &amp; Persika Ice<\/li>\n<li>Jordgubb Kiwi &amp; frodig is<\/li>\n<li>Raspberry Fudge &amp; Double Apple<\/li>\n<li>Vattenmelonis och citron-lime<\/li>\n<li>Bl\u00e5b\u00e4r Hallon Citron &amp; K\u00f6rsb\u00e4r Is<\/li>\n<li>Jordgubb Vanilj Cola &amp; Blandade b\u00e4r<\/li>\n<li>Bl\u00e5b\u00e4r K\u00f6rsb\u00e4r Tranb\u00e4r &amp; Vattenmelon Bubble Gum<\/li>\n<li>Jordgubbsbanan &amp; Cola Ice<\/li>\n<li>Ananas kokosn\u00f6t &amp; bl\u00e5b\u00e4rsis<\/li>\n<li>Red Bull Ice &amp; Hami Melon<\/li>\n<li>Grape Ice &amp; Apple Peach<\/li>\n<\/ol>\n<h2><strong>F\u00f6rpackningslista:<\/strong><\/h2>\n<p>1 st per styck Enstaka l\u00e5da<br \/>\n10 st varje Mellanl\u00e5da<br \/>\n200 st per kartong<\/p>\n<figure id=\"attachment_23747\" aria-describedby=\"caption-attachment-23747\" style=\"width: 1000px\" class=\"wp-caption alignnone\"><img loading=\"lazy\" decoding=\"async\" class=\"wp-image-23747 size-full\" title=\"Wholesale Happ Bar Twin Pod 35000 Puffs Disposable Vape 1\" src=\"https:\/\/www.vapeswholesaler.com\/wp-content\/uploads\/2025\/08\/Wholesale-Happ-Bar-Twin-Pod-35000-Puffs-Disposable-Vape-1.webp\" alt=\"Wholesale Happ Bar Twin Pod 35000 Puffs Disposable Vape 1\" width=\"1000\" height=\"495\" srcset=\"https:\/\/www.vapeswholesaler.com\/wp-content\/uploads\/2025\/08\/Wholesale-Happ-Bar-Twin-Pod-35000-Puffs-Disposable-Vape-1.webp 1000w, https:\/\/www.vapeswholesaler.com\/wp-content\/uploads\/2025\/08\/Wholesale-Happ-Bar-Twin-Pod-35000-Puffs-Disposable-Vape-1-300x149.webp 300w, https:\/\/www.vapeswholesaler.com\/wp-content\/uploads\/2025\/08\/Wholesale-Happ-Bar-Twin-Pod-35000-Puffs-Disposable-Vape-1-768x380.webp 768w, https:\/\/www.vapeswholesaler.com\/wp-content\/uploads\/2025\/08\/Wholesale-Happ-Bar-Twin-Pod-35000-Puffs-Disposable-Vape-1-18x9.webp 18w, https:\/\/www.vapeswholesaler.com\/wp-content\/uploads\/2025\/08\/Wholesale-Happ-Bar-Twin-Pod-35000-Puffs-Disposable-Vape-1-510x252.webp 510w\" sizes=\"auto, (max-width: 1000px) 100vw, 1000px\" \/><figcaption id=\"caption-attachment-23747\" class=\"wp-caption-text\">Wholesale Happ Bar Twin Pod 35000 Puffs Disposable Vape<\/figcaption><\/figure>\n<figure id=\"attachment_23748\" aria-describedby=\"caption-attachment-23748\" style=\"width: 1000px\" class=\"wp-caption alignnone\"><img loading=\"lazy\" decoding=\"async\" class=\"wp-image-23748 size-full\" title=\"Wholesale Happ Bar Twin Pod 35000 Puffs Disposable Vape 2\" src=\"https:\/\/www.vapeswholesaler.com\/wp-content\/uploads\/2025\/08\/Wholesale-Happ-Bar-Twin-Pod-35000-Puffs-Disposable-Vape-2.webp\" alt=\"Wholesale Happ Bar Twin Pod 35000 Puffs Disposable Vape 2\" width=\"1000\" height=\"2012\" srcset=\"https:\/\/www.vapeswholesaler.com\/wp-content\/uploads\/2025\/08\/Wholesale-Happ-Bar-Twin-Pod-35000-Puffs-Disposable-Vape-2.webp 1000w, https:\/\/www.vapeswholesaler.com\/wp-content\/uploads\/2025\/08\/Wholesale-Happ-Bar-Twin-Pod-35000-Puffs-Disposable-Vape-2-149x300.webp 149w, https:\/\/www.vapeswholesaler.com\/wp-content\/uploads\/2025\/08\/Wholesale-Happ-Bar-Twin-Pod-35000-Puffs-Disposable-Vape-2-509x1024.webp 509w, https:\/\/www.vapeswholesaler.com\/wp-content\/uploads\/2025\/08\/Wholesale-Happ-Bar-Twin-Pod-35000-Puffs-Disposable-Vape-2-768x1545.webp 768w, https:\/\/www.vapeswholesaler.com\/wp-content\/uploads\/2025\/08\/Wholesale-Happ-Bar-Twin-Pod-35000-Puffs-Disposable-Vape-2-763x1536.webp 763w, https:\/\/www.vapeswholesaler.com\/wp-content\/uploads\/2025\/08\/Wholesale-Happ-Bar-Twin-Pod-35000-Puffs-Disposable-Vape-2-6x12.webp 6w, https:\/\/www.vapeswholesaler.com\/wp-content\/uploads\/2025\/08\/Wholesale-Happ-Bar-Twin-Pod-35000-Puffs-Disposable-Vape-2-510x1026.webp 510w\" sizes=\"auto, (max-width: 1000px) 100vw, 1000px\" \/><figcaption id=\"caption-attachment-23748\" class=\"wp-caption-text\">Wholesale Happ Bar Twin Pod 35000 Puffs Disposable Vape<\/figcaption><\/figure>\n<p>&nbsp;<\/p>","protected":false},"excerpt":{"rendered":"<p>Minsta orderkvantitet: <strong>50 st<\/strong> (Blanda smaker) <strong>Fri frakt<\/strong><\/p>\n<p>(2%, 5% Nic) <strong>EU-lager<\/strong> Shipping time 6-7 working days<\/p>","protected":false},"featured_media":23749,"comment_status":"open","ping_status":"closed","template":"","meta":[],"product_cat":[15],"product_tag":[117,373],"class_list":{"0":"post-23746","1":"product","2":"type-product","3":"status-publish","4":"has-post-thumbnail","6":"product_cat-disposable-vape","7":"product_tag-35000-puffs","8":"product_tag-europe-warehouse","9":"product_brand-happ-bar","11":"first","12":"instock","13":"shipping-taxable","14":"purchasable","15":"product-type-variable","16":"has-default-attributes"},"aioseo_notices":[],"_links":{"self":[{"href":"https:\/\/www.vapeswholesaler.com\/sv\/wp-json\/wp\/v2\/product\/23746","targetHints":{"allow":["GET"]}}],"collection":[{"href":"https:\/\/www.vapeswholesaler.com\/sv\/wp-json\/wp\/v2\/product"}],"about":[{"href":"https:\/\/www.vapeswholesaler.com\/sv\/wp-json\/wp\/v2\/types\/product"}],"replies":[{"embeddable":true,"href":"https:\/\/www.vapeswholesaler.com\/sv\/wp-json\/wp\/v2\/comments?post=23746"}],"wp:featuredmedia":[{"embeddable":true,"href":"https:\/\/www.vapeswholesaler.com\/sv\/wp-json\/wp\/v2\/media\/23749"}],"wp:attachment":[{"href":"https:\/\/www.vapeswholesaler.com\/sv\/wp-json\/wp\/v2\/media?parent=23746"}],"wp:term":[{"taxonomy":"product_cat","embeddable":true,"href":"https:\/\/www.vapeswholesaler.com\/sv\/wp-json\/wp\/v2\/product_cat?post=23746"},{"taxonomy":"product_tag","embeddable":true,"href":"https:\/\/www.vapeswholesaler.com\/sv\/wp-json\/wp\/v2\/product_tag?post=23746"}],"curies":[{"name":"wp","href":"https:\/\/api.w.org\/{rel}","templated":true}]}}