{"id":23070,"date":"2025-06-01T16:34:11","date_gmt":"2025-06-01T08:34:11","guid":{"rendered":"https:\/\/www.vapeswholesaler.com\/?post_type=product&#038;p=23070"},"modified":"2025-08-07T11:39:12","modified_gmt":"2025-08-07T03:39:12","slug":"grossist-fizzy-tvillingar-dubbel-smak-50k-puffar-engangs-vape","status":"publish","type":"product","link":"https:\/\/www.vapeswholesaler.com\/sv\/produkt\/grossist-fizzy-tvillingar-dubbel-smak-50k-puffar-engangs-vape","title":{"rendered":"Partihandel Fizzy Twins Dual Flavor 50K Puffs Eng\u00e5ngs Vape"},"content":{"rendered":"<p><a href=\"https:\/\/www.vapeswholesaler.com\/sv\/produkt_varumarke\/fizzy\/\">Fizzy<\/a> Twins Dual Flavor 50K Puffs \u00e4r en revolutionerande eng\u00e5ngsvape som \u00e4r utformad f\u00f6r ultimat prestanda och flexibilitet. Med denna banbrytande enhet kan du omedelbart v\u00e4xla mellan tv\u00e5 premiumsmaker, enkelt v\u00e4xla mellan tv\u00e5 dynamiska smaker och v\u00e4xla mellan Normal eller Boost Mode f\u00f6r skr\u00e4ddarsydd effekt, allt i en elegant, kompakt kropp. Vi har 12 toppsmaker i lager, var och en noggrant matchad f\u00f6r att m\u00f6ta marknadens behov. Anv\u00e4ndare kan v\u00e4lja mellan en koncentration p\u00e5 2% eller 5%, beroende p\u00e5 deras nikotintolerans.<\/p>\n<p>Den drivs av avancerade dubbla n\u00e4tspolar och ett uppladdningsbart 850mAh-batteri med h\u00f6g kapacitet och levererar otroliga 50 000 ultrasmidiga puffar fr\u00e5n ett 50 ml dubbeltanksystem (25 ml per smak). Med USB-C snabbladdning kommer du att spendera mindre tid p\u00e5 att v\u00e4nta och mer tid p\u00e5 att njuta.vi har f\u00f6r n\u00e4rvarande tillr\u00e4ckligt med lager i v\u00e5rt europeiska lager f\u00f6r att skicka till de flesta europeiska l\u00e4nder inom 6-7 arbetsdagar. v\u00e4lkommen att best\u00e4lla.<\/p>\n<h2><strong>Fizzy Twins Dual Flavor 50K Puffs Detaljer:<\/strong><\/h2>\n<ul>\n<li>Teknik f\u00f6r dubbla smaker<\/li>\n<li>V\u00e4xla s\u00f6ml\u00f6st mellan tv\u00e5 olika smaker f\u00f6r en dynamisk och personlig vapingupplevelse.<\/li>\n<li>50000 puffar<\/li>\n<li>O\u00f6vertr\u00e4ffad livsl\u00e4ngd med upp till 5\u00d7 l\u00e4ngre livsl\u00e4ngd \u00e4n vanliga eng\u00e5ngsvapor.<\/li>\n<li>System med dubbla tankar<\/li>\n<li>Oberoende e-v\u00e4tskekammare garanterar ren, oblandad smak fr\u00e5n b\u00f6rjan till slut.<\/li>\n<li>Smarta str\u00f6ml\u00e4gen<\/li>\n<li>V\u00e4lj mellan Eco-l\u00e4ge f\u00f6r effektivitet och Boost-l\u00e4ge f\u00f6r intensiv prestanda - din vape, p\u00e5 ditt s\u00e4tt.<\/li>\n<li>OLED Smart Display<\/li>\n<li>Realtidsavl\u00e4sningar av batteritid och e-v\u00e4tskeniv\u00e5er ger dig full information med en snabb \u00f6verblick.<\/li>\n<li>USB-C snabbladdning<\/li>\n<li>Laddas p\u00e5 bara 2 timmar med snabb Type-C-laddning f\u00f6r minimal stillest\u00e5ndstid.<\/li>\n<li>Premium byggkvalitet<\/li>\n<li>Tillverkad med ett l\u00e4ckages\u00e4kert chassi i metallegering f\u00f6r \u00f6kad h\u00e5llbarhet och en elegant, modern k\u00e4nsla.<\/li>\n<li>2 Luftfl\u00f6de<\/li>\n<li>Batteri: 850 mAh<\/li>\n<li>Nikotin:2%\/5%<\/li>\n<\/ul>\n<h2><strong>Tillg\u00e4ngliga smaker:<\/strong><\/h2>\n<ol>\n<li>Vattenmelon Ice &amp; Jordgubb Kiwi<\/li>\n<li>Jordgubb Kiwi Granat\u00e4pple &amp; Red Bull<\/li>\n<li>Bl\u00e5b\u00e4r, kokosn\u00f6t &amp; druv-is<\/li>\n<li>Blue Razz Lemonade &amp; Triple Melon<\/li>\n<li>Is med jordgubbar, vattenmelon och bl\u00e5b\u00e4r<\/li>\n<li>Persika Mango Vattenmelon &amp; Jordgubb Banan<\/li>\n<li>Hallon Vattenmenlon &amp; Kiwi Passionsfrukt Guava<\/li>\n<li>Ananas Persika Passionsfrukt &amp; Bl\u00e5b\u00e4r Hallon<\/li>\n<li>Vattenmelonis och citron-lime<\/li>\n<li>Blandade b\u00e4r &amp; persika is<\/li>\n<li>Jordgubbsis &amp; Fizzy Cherry<\/li>\n<li>Hallonlemonad &amp; jordgubbsis<\/li>\n<\/ol>\n<h2><strong>F\u00f6rpackningslista:<\/strong><\/h2>\n<p>1 st per styck Enstaka l\u00e5da<br \/>\n10 st varje displayl\u00e5da<br \/>\n120 st per kartong<br \/>\nProduktvikt:150g\/st<br \/>\nProduktstorlek:65*30*135mm<br \/>\nAntal: 120 st \/ ctn, 10 st \/ l\u00e5da<br \/>\nVikt: 18 kg\/ctn<\/p>\n<figure id=\"attachment_23051\" aria-describedby=\"caption-attachment-23051\" style=\"width: 1000px\" class=\"wp-caption alignnone\"><img loading=\"lazy\" decoding=\"async\" class=\"wp-image-23051 size-full\" title=\"Partihandel Fizzy Twins Dual Flavor 50K Puffs Eng\u00e5ngs Vape 2\" src=\"https:\/\/www.vapeswholesaler.com\/wp-content\/uploads\/2025\/05\/Wholesale-Fizzy-Twins-Dual-Flavor-50K-Puffs-Disposable-Vape-2.webp\" alt=\"Partihandel Fizzy Twins Dual Flavor 50K Puffs Eng\u00e5ngs Vape 2\" width=\"1000\" height=\"1624\" srcset=\"https:\/\/www.vapeswholesaler.com\/wp-content\/uploads\/2025\/05\/Wholesale-Fizzy-Twins-Dual-Flavor-50K-Puffs-Disposable-Vape-2.webp 1000w, https:\/\/www.vapeswholesaler.com\/wp-content\/uploads\/2025\/05\/Wholesale-Fizzy-Twins-Dual-Flavor-50K-Puffs-Disposable-Vape-2-185x300.webp 185w, https:\/\/www.vapeswholesaler.com\/wp-content\/uploads\/2025\/05\/Wholesale-Fizzy-Twins-Dual-Flavor-50K-Puffs-Disposable-Vape-2-631x1024.webp 631w, https:\/\/www.vapeswholesaler.com\/wp-content\/uploads\/2025\/05\/Wholesale-Fizzy-Twins-Dual-Flavor-50K-Puffs-Disposable-Vape-2-768x1247.webp 768w, https:\/\/www.vapeswholesaler.com\/wp-content\/uploads\/2025\/05\/Wholesale-Fizzy-Twins-Dual-Flavor-50K-Puffs-Disposable-Vape-2-946x1536.webp 946w, https:\/\/www.vapeswholesaler.com\/wp-content\/uploads\/2025\/05\/Wholesale-Fizzy-Twins-Dual-Flavor-50K-Puffs-Disposable-Vape-2-7x12.webp 7w, https:\/\/www.vapeswholesaler.com\/wp-content\/uploads\/2025\/05\/Wholesale-Fizzy-Twins-Dual-Flavor-50K-Puffs-Disposable-Vape-2-510x828.webp 510w\" sizes=\"auto, (max-width: 1000px) 100vw, 1000px\" \/><figcaption id=\"caption-attachment-23051\" class=\"wp-caption-text\">Partihandel Fizzy Twins Dual Flavor 50K Puffs Eng\u00e5ngs Vape<\/figcaption><\/figure>\n<figure id=\"attachment_23052\" aria-describedby=\"caption-attachment-23052\" style=\"width: 1000px\" class=\"wp-caption alignnone\"><img loading=\"lazy\" decoding=\"async\" class=\"wp-image-23052 size-full\" title=\"Partihandel Fizzy Twins Dual Flavor 50K Puffs Eng\u00e5ngs Vape 3\" src=\"https:\/\/www.vapeswholesaler.com\/wp-content\/uploads\/2025\/05\/Wholesale-Fizzy-Twins-Dual-Flavor-50K-Puffs-Disposable-Vape-3.webp\" alt=\"Partihandel Fizzy Twins Dual Flavor 50K Puffs Eng\u00e5ngs Vape 3\" width=\"1000\" height=\"1554\" srcset=\"https:\/\/www.vapeswholesaler.com\/wp-content\/uploads\/2025\/05\/Wholesale-Fizzy-Twins-Dual-Flavor-50K-Puffs-Disposable-Vape-3.webp 1000w, https:\/\/www.vapeswholesaler.com\/wp-content\/uploads\/2025\/05\/Wholesale-Fizzy-Twins-Dual-Flavor-50K-Puffs-Disposable-Vape-3-193x300.webp 193w, https:\/\/www.vapeswholesaler.com\/wp-content\/uploads\/2025\/05\/Wholesale-Fizzy-Twins-Dual-Flavor-50K-Puffs-Disposable-Vape-3-659x1024.webp 659w, https:\/\/www.vapeswholesaler.com\/wp-content\/uploads\/2025\/05\/Wholesale-Fizzy-Twins-Dual-Flavor-50K-Puffs-Disposable-Vape-3-768x1193.webp 768w, https:\/\/www.vapeswholesaler.com\/wp-content\/uploads\/2025\/05\/Wholesale-Fizzy-Twins-Dual-Flavor-50K-Puffs-Disposable-Vape-3-988x1536.webp 988w, https:\/\/www.vapeswholesaler.com\/wp-content\/uploads\/2025\/05\/Wholesale-Fizzy-Twins-Dual-Flavor-50K-Puffs-Disposable-Vape-3-8x12.webp 8w, https:\/\/www.vapeswholesaler.com\/wp-content\/uploads\/2025\/05\/Wholesale-Fizzy-Twins-Dual-Flavor-50K-Puffs-Disposable-Vape-3-510x793.webp 510w\" sizes=\"auto, (max-width: 1000px) 100vw, 1000px\" \/><figcaption id=\"caption-attachment-23052\" class=\"wp-caption-text\">Partihandel Fizzy Twins Dual Flavor 50K Puffs Eng\u00e5ngs Vape<\/figcaption><\/figure>\n<p>&nbsp;<\/p>","protected":false},"excerpt":{"rendered":"<p>Minsta orderkvantitet: <strong>50 st<\/strong> (Blanda smaker) <strong>Fri frakt<\/strong><\/p>\n<p>(2%, 5% Nic) <strong>EU-lager<\/strong> Leveranstid <strong>6-7 i arbete<\/strong> dagar<\/p>","protected":false},"featured_media":23053,"comment_status":"open","ping_status":"closed","template":"","meta":[],"product_cat":[15],"product_tag":[366,369,373],"class_list":{"0":"post-23070","1":"product","2":"type-product","3":"status-publish","4":"has-post-thumbnail","6":"product_cat-disposable-vape","7":"product_tag-50000-puffs","8":"product_tag-dual-flavors","9":"product_tag-europe-warehouse","10":"product_brand-fizzy","12":"first","13":"instock","14":"shipping-taxable","15":"purchasable","16":"product-type-variable","17":"has-default-attributes"},"aioseo_notices":[],"_links":{"self":[{"href":"https:\/\/www.vapeswholesaler.com\/sv\/wp-json\/wp\/v2\/product\/23070","targetHints":{"allow":["GET"]}}],"collection":[{"href":"https:\/\/www.vapeswholesaler.com\/sv\/wp-json\/wp\/v2\/product"}],"about":[{"href":"https:\/\/www.vapeswholesaler.com\/sv\/wp-json\/wp\/v2\/types\/product"}],"replies":[{"embeddable":true,"href":"https:\/\/www.vapeswholesaler.com\/sv\/wp-json\/wp\/v2\/comments?post=23070"}],"wp:featuredmedia":[{"embeddable":true,"href":"https:\/\/www.vapeswholesaler.com\/sv\/wp-json\/wp\/v2\/media\/23053"}],"wp:attachment":[{"href":"https:\/\/www.vapeswholesaler.com\/sv\/wp-json\/wp\/v2\/media?parent=23070"}],"wp:term":[{"taxonomy":"product_cat","embeddable":true,"href":"https:\/\/www.vapeswholesaler.com\/sv\/wp-json\/wp\/v2\/product_cat?post=23070"},{"taxonomy":"product_tag","embeddable":true,"href":"https:\/\/www.vapeswholesaler.com\/sv\/wp-json\/wp\/v2\/product_tag?post=23070"}],"curies":[{"name":"wp","href":"https:\/\/api.w.org\/{rel}","templated":true}]}}