{"id":22970,"date":"2025-05-26T12:12:22","date_gmt":"2025-05-26T04:12:22","guid":{"rendered":"https:\/\/www.vapeswholesaler.com\/?post_type=product&#038;p=22970"},"modified":"2025-07-03T10:13:30","modified_gmt":"2025-07-03T02:13:30","slug":"grossist-zooy-vape-lugvapor-20000-puffar-engangs-vape","status":"publish","type":"product","link":"https:\/\/www.vapeswholesaler.com\/sv\/produkt\/grossist-zooy-vape-lugvapor-20000-puffar-engangs-vape","title":{"rendered":"Partihandel Zooy Vape Lugvapor 20000 Puffs Eng\u00e5ngs Vape"},"content":{"rendered":"<p>Den <a href=\"https:\/\/www.vapeswholesaler.com\/sv\/produkt_varumarke\/djurpark\/\">Zooy<\/a> Vape Lugvapor 20000 Puffs \u00e4r en h\u00f6gkvalitativ eng\u00e5ngsvape med stora puffar och separat batteri och Atomizer-fack. Batteriet och Atomizern \u00e4r sammankopplade med magneter f\u00f6r att g\u00f6ra det enklare att byta mellan smaker utan att p\u00e5verka produktens kvalitet. Upp till 20 000 puffar kan tas fr\u00e5n denna produkt, som \u00e4r utrustad med ett h\u00f6gkvalitativt 650 mAh-batteri som kan laddas f\u00f6r att maximera produktens livsl\u00e4ngd, vilket g\u00f6r den till det perfekta alternativet till cigaretter.<\/p>\n<p>Kommer med 20mg\/mL nikotin. Den har en dubbel n\u00e4tspole (0,6\u03a9 + 1,2\u03a9) f\u00f6r rik smak, vi erbjuder 10 heta smaker att v\u00e4lja mellan, du kan k\u00f6pa dem p\u00e5 v\u00e5r webbplats sj\u00e4lv, den minsta orderkvantiteten endast 50 st och kan v\u00e4lja 5 smaker max, v\u00e4lkommen att best\u00e4lla! Vi ser fram emot att samarbeta med dig!<\/p>\n<h2><strong>Zooy Vape Lugvapor 20000 Detaljer:<\/strong><\/h2>\n<ul>\n<li>Puffar: 20000 Puffar<\/li>\n<li>Varum\u00e4rke: Zooy<\/li>\n<li>Produktnamn: Zooy LugVapor 20000 puffar<\/li>\n<li>Nikotinstyrka: 2%<\/li>\n<li>F\u00f6rfylld kapacitet: 20 ml<\/li>\n<li>Batterikapacitet: 650mAh<\/li>\n<li>Laddningsport: Typ-C<\/li>\n<\/ul>\n<h2><strong>Smak\u00e4mnen:<\/strong><\/h2>\n<ol>\n<li>Blue Razz Ice<\/li>\n<li>Kiwi Jordgubbe<\/li>\n<li>Vattenmelon-is<\/li>\n<li>Jordgubbsis<\/li>\n<li>Blandade b\u00e4r<\/li>\n<li>Jordgubbs- och vattenmelonis<\/li>\n<li>Herr Bl\u00e5<\/li>\n<li>Svart drake is<\/li>\n<li>Vattenmelon Lychee<\/li>\n<li>Passionsfrukt Kiwi<\/li>\n<\/ol>\n<h2><strong>F\u00f6rpackningslista:<\/strong><\/h2>\n<p>1 st varje enskild l\u00e5da<br \/>\n10 st varje displayl\u00e5da<br \/>\n200 st per kartong<\/p>\n<figure id=\"attachment_22959\" aria-describedby=\"caption-attachment-22959\" style=\"width: 1000px\" class=\"wp-caption alignnone\"><img loading=\"lazy\" decoding=\"async\" class=\"wp-image-22959 size-full\" title=\"Partihandel Zooy Vape Lugvapor 20000 Puffs Eng\u00e5ngs Vape 7\" src=\"https:\/\/www.vapeswholesaler.com\/wp-content\/uploads\/2025\/05\/Wholesale-Zooy-Vape-Lugvapor-20000-Puffs-Disposable-Vape-7.webp\" alt=\"Partihandel Zooy Vape Lugvapor 20000 Puffs Eng\u00e5ngs Vape 7\" width=\"1000\" height=\"1000\" srcset=\"https:\/\/www.vapeswholesaler.com\/wp-content\/uploads\/2025\/05\/Wholesale-Zooy-Vape-Lugvapor-20000-Puffs-Disposable-Vape-7.webp 1000w, https:\/\/www.vapeswholesaler.com\/wp-content\/uploads\/2025\/05\/Wholesale-Zooy-Vape-Lugvapor-20000-Puffs-Disposable-Vape-7-300x300.webp 300w, https:\/\/www.vapeswholesaler.com\/wp-content\/uploads\/2025\/05\/Wholesale-Zooy-Vape-Lugvapor-20000-Puffs-Disposable-Vape-7-150x150.webp 150w, https:\/\/www.vapeswholesaler.com\/wp-content\/uploads\/2025\/05\/Wholesale-Zooy-Vape-Lugvapor-20000-Puffs-Disposable-Vape-7-768x768.webp 768w, https:\/\/www.vapeswholesaler.com\/wp-content\/uploads\/2025\/05\/Wholesale-Zooy-Vape-Lugvapor-20000-Puffs-Disposable-Vape-7-12x12.webp 12w, https:\/\/www.vapeswholesaler.com\/wp-content\/uploads\/2025\/05\/Wholesale-Zooy-Vape-Lugvapor-20000-Puffs-Disposable-Vape-7-247x247.webp 247w, https:\/\/www.vapeswholesaler.com\/wp-content\/uploads\/2025\/05\/Wholesale-Zooy-Vape-Lugvapor-20000-Puffs-Disposable-Vape-7-510x510.webp 510w, https:\/\/www.vapeswholesaler.com\/wp-content\/uploads\/2025\/05\/Wholesale-Zooy-Vape-Lugvapor-20000-Puffs-Disposable-Vape-7-100x100.webp 100w\" sizes=\"auto, (max-width: 1000px) 100vw, 1000px\" \/><figcaption id=\"caption-attachment-22959\" class=\"wp-caption-text\">Partihandel Zooy Vape Lugvapor 20000 Puffs Eng\u00e5ngs Vape<\/figcaption><\/figure>\n<figure id=\"attachment_22958\" aria-describedby=\"caption-attachment-22958\" style=\"width: 1000px\" class=\"wp-caption alignnone\"><img loading=\"lazy\" decoding=\"async\" class=\"wp-image-22958 size-full\" title=\"Partihandel Zooy Vape Lugvapor 20000 Puffs Eng\u00e5ngs Vape 6\" src=\"https:\/\/www.vapeswholesaler.com\/wp-content\/uploads\/2025\/05\/Wholesale-Zooy-Vape-Lugvapor-20000-Puffs-Disposable-Vape-6.webp\" alt=\"Partihandel Zooy Vape Lugvapor 20000 Puffs Eng\u00e5ngs Vape 6\" width=\"1000\" height=\"1000\" srcset=\"https:\/\/www.vapeswholesaler.com\/wp-content\/uploads\/2025\/05\/Wholesale-Zooy-Vape-Lugvapor-20000-Puffs-Disposable-Vape-6.webp 1000w, https:\/\/www.vapeswholesaler.com\/wp-content\/uploads\/2025\/05\/Wholesale-Zooy-Vape-Lugvapor-20000-Puffs-Disposable-Vape-6-300x300.webp 300w, https:\/\/www.vapeswholesaler.com\/wp-content\/uploads\/2025\/05\/Wholesale-Zooy-Vape-Lugvapor-20000-Puffs-Disposable-Vape-6-150x150.webp 150w, https:\/\/www.vapeswholesaler.com\/wp-content\/uploads\/2025\/05\/Wholesale-Zooy-Vape-Lugvapor-20000-Puffs-Disposable-Vape-6-768x768.webp 768w, https:\/\/www.vapeswholesaler.com\/wp-content\/uploads\/2025\/05\/Wholesale-Zooy-Vape-Lugvapor-20000-Puffs-Disposable-Vape-6-12x12.webp 12w, https:\/\/www.vapeswholesaler.com\/wp-content\/uploads\/2025\/05\/Wholesale-Zooy-Vape-Lugvapor-20000-Puffs-Disposable-Vape-6-247x247.webp 247w, https:\/\/www.vapeswholesaler.com\/wp-content\/uploads\/2025\/05\/Wholesale-Zooy-Vape-Lugvapor-20000-Puffs-Disposable-Vape-6-510x510.webp 510w, https:\/\/www.vapeswholesaler.com\/wp-content\/uploads\/2025\/05\/Wholesale-Zooy-Vape-Lugvapor-20000-Puffs-Disposable-Vape-6-100x100.webp 100w\" sizes=\"auto, (max-width: 1000px) 100vw, 1000px\" \/><figcaption id=\"caption-attachment-22958\" class=\"wp-caption-text\">Partihandel Zooy Vape Lugvapor 20000 Puffs Eng\u00e5ngs Vape<\/figcaption><\/figure>","protected":false},"excerpt":{"rendered":"<p>Minsta orderkvantitet: <strong>50 st<\/strong> (Blanda smaker) <strong>Fri frakt<\/strong><\/p>\n<p>(2%, Nic) EU Warehouse Leveranstid 6-7 arbetsdagar<\/p>","protected":false},"featured_media":22957,"comment_status":"open","ping_status":"closed","template":"","meta":[],"product_cat":[15],"product_tag":[100,371,373],"class_list":{"0":"post-22970","1":"product","2":"type-product","3":"status-publish","4":"has-post-thumbnail","6":"product_cat-disposable-vape","7":"product_tag-20000-puffs","8":"product_tag-zooy","9":"product_tag-europe-warehouse","10":"product_brand-zooy","12":"first","13":"instock","14":"shipping-taxable","15":"purchasable","16":"product-type-variable","17":"has-default-attributes"},"aioseo_notices":[],"_links":{"self":[{"href":"https:\/\/www.vapeswholesaler.com\/sv\/wp-json\/wp\/v2\/product\/22970","targetHints":{"allow":["GET"]}}],"collection":[{"href":"https:\/\/www.vapeswholesaler.com\/sv\/wp-json\/wp\/v2\/product"}],"about":[{"href":"https:\/\/www.vapeswholesaler.com\/sv\/wp-json\/wp\/v2\/types\/product"}],"replies":[{"embeddable":true,"href":"https:\/\/www.vapeswholesaler.com\/sv\/wp-json\/wp\/v2\/comments?post=22970"}],"wp:featuredmedia":[{"embeddable":true,"href":"https:\/\/www.vapeswholesaler.com\/sv\/wp-json\/wp\/v2\/media\/22957"}],"wp:attachment":[{"href":"https:\/\/www.vapeswholesaler.com\/sv\/wp-json\/wp\/v2\/media?parent=22970"}],"wp:term":[{"taxonomy":"product_cat","embeddable":true,"href":"https:\/\/www.vapeswholesaler.com\/sv\/wp-json\/wp\/v2\/product_cat?post=22970"},{"taxonomy":"product_tag","embeddable":true,"href":"https:\/\/www.vapeswholesaler.com\/sv\/wp-json\/wp\/v2\/product_tag?post=22970"}],"curies":[{"name":"wp","href":"https:\/\/api.w.org\/{rel}","templated":true}]}}