{"id":22864,"date":"2025-05-18T21:53:59","date_gmt":"2025-05-18T13:53:59","guid":{"rendered":"https:\/\/www.vapeswholesaler.com\/?post_type=product&#038;p=22864"},"modified":"2025-10-30T18:30:20","modified_gmt":"2025-10-30T10:30:20","slug":"grossist-mrvi-vaxer-60000-puffar-engangs-vape","status":"publish","type":"product","link":"https:\/\/www.vapeswholesaler.com\/sv\/produkt\/grossist-mrvi-vaxer-60000-puffar-engangs-vape","title":{"rendered":"Partihandel Mrvi odlar 60000 puffar Eng\u00e5ngs Vape"},"content":{"rendered":"<p><a href=\"https:\/\/www.vapeswholesaler.com\/sv\/produkt_varumarke\/mrvi\/\">Mrvi<\/a> Growing 60000 Puffs \u00e4r en ny exklusiv privat modell, varje enhet kan anv\u00e4ndas med 3 olika smaker, vi f\u00f6rfyller varje smak med 16 ml olja f\u00f6r totalt 48 ml 3 smaker, vilket avsev\u00e4rt f\u00f6rb\u00e4ttrar produktens livsl\u00e4ngd. Denna produkt \u00e4r vackert utformad och h\u00e5llbar, med den mest avancerade vakuumelektropl\u00e4teringsbakningsprocessen, vilket g\u00f6r produkten mer ljus och f\u00e4rgstark, mer avancerad.<\/p>\n<p>Produkten \u00e4r genom att rotera toppmunstycket f\u00f6r att v\u00e4xla mellan olika smaker, operationen \u00e4r bekv\u00e4mare, anv\u00e4ndaren kan n\u00e4stan k\u00e4nna tre olika smaker samtidigt, l\u00e5t Vaping ge roligare. Produkten har ocks\u00e5 en h\u00f6guppl\u00f6st elektronisk display, realtidsdetektering av oljan, batteriets str\u00f6mf\u00f6rbrukning, s\u00e5 att anv\u00e4ndaren tydligare f\u00f6rst\u00e5r enhetens status, f\u00e5r en fantastisk upplevelse.<\/p>\n<p>Vi hoppas kunna etablera samarbete med kunder \u00f6ver hela v\u00e4rlden, v\u00e5rt enhetspris \u00e4r priset p\u00e5 frakt, till de flesta europeiska l\u00e4nder bara 16-17 dagar att anl\u00e4nda, v\u00e5r minsta best\u00e4llning \u00e4r bara 50 st, alla kunder kan g\u00f6ra en best\u00e4llning direkt p\u00e5 webbplatsen, v\u00e4lkommen att samarbeta.<\/p>\n<p><a href=\"https:\/\/www.facebook.com\/100008071089000\/videos\/1438169820699923\/\"><strong>Please watch the Mrvi Growing 60000 video<\/strong><\/a><\/p>\n<h2><strong>Mrvi v\u00e4xer 60000 Puffs detaljer:<\/strong><\/h2>\n<ul>\n<li>Puffar: 60000 Puffar<\/li>\n<li>Kapacitet f\u00f6r e-v\u00e4tska: 48 ml<\/li>\n<li>Batterikapacitet: 650mAh<\/li>\n<li>Nikotinstyrka: 2% 5%<\/li>\n<li>Laddningsport: Typ-C<\/li>\n<li>Spole med dubbla n\u00e4t<\/li>\n<li>Med E Liquid &amp; Power Screen<\/li>\n<\/ul>\n<h2><strong>Smak\u00e4mnen:<\/strong><\/h2>\n<ol>\n<li>Vattenmelon-is &amp; Red bull &amp; Jordgubbs-kiwi<\/li>\n<li>Citron-, lime- &amp; jordgubbsvattenmeon &amp; bl\u00e5b\u00e4rsis<\/li>\n<li>Ananas kokosn\u00f6t &amp; banan &amp; Blue razz is<\/li>\n<li>Hallon vattenmelon &amp;Cola Ice &amp; Sour Apple<\/li>\n<li>Tropical Mix &amp; Jordgubbsglass &amp; Mangoglass<\/li>\n<li>Jordgubb Hallon K\u00f6rsb\u00e4r &amp; Love 666 &amp; Cherry Candy Ice<\/li>\n<li>Blandade b\u00e4r &amp; Gummibj\u00f6rn &amp; Persika-is<\/li>\n<li>Grape Ice &amp; Strawberry Candy &amp; Ice Pop<\/li>\n<\/ol>\n<h2><strong>F\u00f6rpackningslista:<\/strong><\/h2>\n<p>1 st varje enskild l\u00e5da<br \/>\nVarje displayl\u00e5da: 10 st<br \/>\nVarje kartong: 160 st<br \/>\nVarje kartong: 21,5 kg<br \/>\nKartongstorlek: 51*42*26cm<\/p>\n<figure id=\"attachment_22868\" aria-describedby=\"caption-attachment-22868\" style=\"width: 1000px\" class=\"wp-caption alignnone\"><img loading=\"lazy\" decoding=\"async\" class=\"wp-image-22868 size-full\" title=\"Partihandel Mrvi v\u00e4xer 60000 Puffs Eng\u00e5ngs Vape 4\" src=\"https:\/\/www.vapeswholesaler.com\/wp-content\/uploads\/2025\/05\/Wholesale-Mrvi-Growing-60000-Puffs-Disposable-Vape-4.webp\" alt=\"Partihandel Mrvi v\u00e4xer 60000 Puffs Eng\u00e5ngs Vape 4\" width=\"1000\" height=\"1325\" srcset=\"https:\/\/www.vapeswholesaler.com\/wp-content\/uploads\/2025\/05\/Wholesale-Mrvi-Growing-60000-Puffs-Disposable-Vape-4.webp 1000w, https:\/\/www.vapeswholesaler.com\/wp-content\/uploads\/2025\/05\/Wholesale-Mrvi-Growing-60000-Puffs-Disposable-Vape-4-226x300.webp 226w, https:\/\/www.vapeswholesaler.com\/wp-content\/uploads\/2025\/05\/Wholesale-Mrvi-Growing-60000-Puffs-Disposable-Vape-4-773x1024.webp 773w, https:\/\/www.vapeswholesaler.com\/wp-content\/uploads\/2025\/05\/Wholesale-Mrvi-Growing-60000-Puffs-Disposable-Vape-4-768x1018.webp 768w, https:\/\/www.vapeswholesaler.com\/wp-content\/uploads\/2025\/05\/Wholesale-Mrvi-Growing-60000-Puffs-Disposable-Vape-4-9x12.webp 9w, https:\/\/www.vapeswholesaler.com\/wp-content\/uploads\/2025\/05\/Wholesale-Mrvi-Growing-60000-Puffs-Disposable-Vape-4-510x676.webp 510w\" sizes=\"auto, (max-width: 1000px) 100vw, 1000px\" \/><figcaption id=\"caption-attachment-22868\" class=\"wp-caption-text\">Partihandel Mrvi odlar 60000 puffar Eng\u00e5ngs Vape<\/figcaption><\/figure>","protected":false},"excerpt":{"rendered":"<p>Minsta orderkvantitet: <strong>100 st<\/strong> (Blanda smaker) Fri frakt<\/p>\n<p>(<strong>2%, 5% Nic<\/strong>)<\/p>","protected":false},"featured_media":22867,"comment_status":"open","ping_status":"closed","template":"","meta":[],"product_cat":[15],"product_tag":[373,397],"class_list":{"0":"post-22864","1":"product","2":"type-product","3":"status-publish","4":"has-post-thumbnail","6":"product_cat-disposable-vape","7":"product_tag-europe-warehouse","8":"product_tag-60000-puffs","9":"product_brand-mrvi","11":"first","12":"instock","13":"shipping-taxable","14":"purchasable","15":"product-type-variable","16":"has-default-attributes"},"aioseo_notices":[],"_links":{"self":[{"href":"https:\/\/www.vapeswholesaler.com\/sv\/wp-json\/wp\/v2\/product\/22864","targetHints":{"allow":["GET"]}}],"collection":[{"href":"https:\/\/www.vapeswholesaler.com\/sv\/wp-json\/wp\/v2\/product"}],"about":[{"href":"https:\/\/www.vapeswholesaler.com\/sv\/wp-json\/wp\/v2\/types\/product"}],"replies":[{"embeddable":true,"href":"https:\/\/www.vapeswholesaler.com\/sv\/wp-json\/wp\/v2\/comments?post=22864"}],"wp:featuredmedia":[{"embeddable":true,"href":"https:\/\/www.vapeswholesaler.com\/sv\/wp-json\/wp\/v2\/media\/22867"}],"wp:attachment":[{"href":"https:\/\/www.vapeswholesaler.com\/sv\/wp-json\/wp\/v2\/media?parent=22864"}],"wp:term":[{"taxonomy":"product_cat","embeddable":true,"href":"https:\/\/www.vapeswholesaler.com\/sv\/wp-json\/wp\/v2\/product_cat?post=22864"},{"taxonomy":"product_tag","embeddable":true,"href":"https:\/\/www.vapeswholesaler.com\/sv\/wp-json\/wp\/v2\/product_tag?post=22864"}],"curies":[{"name":"wp","href":"https:\/\/api.w.org\/{rel}","templated":true}]}}