{"id":22788,"date":"2025-05-16T16:05:59","date_gmt":"2025-05-16T08:05:59","guid":{"rendered":"https:\/\/www.vapeswholesaler.com\/?post_type=product&#038;p=22788"},"modified":"2026-04-16T14:01:27","modified_gmt":"2026-04-16T06:01:27","slug":"grossist-razz-bar-45000-puffar-engangs-vape","status":"publish","type":"product","link":"https:\/\/www.vapeswholesaler.com\/sv\/produkt\/grossist-razz-bar-45000-puffar-engangs-vape","title":{"rendered":"Partihandel Razz bar 45000 Puffs Eng\u00e5ngs Vape"},"content":{"rendered":"<p>Den <a href=\"https:\/\/www.vapeswholesaler.com\/sv\/produkt_varumarke\/razzbar\/\">Razz bar<\/a> 45000 Puffs det \u00e4r en premium eng\u00e5ngs vape utformad f\u00f6r h\u00f6g prestanda och dj\u00e4rv smakleverans. Varenda en av deras smaker har noggrant valts ut f\u00f6r att aldrig g\u00f6ra sina kunder besvikna, och det \u00e4r p\u00e5 grund av de f\u00e4ngslande smakerna som v\u00e5ra produkter har f\u00e5tt tusentals lojala kunder \u00f6ver hela v\u00e4rlden.<\/p>\n<p>Produkten anv\u00e4nder ett tillf\u00f6rlitligt uppladdningsbart batteri med h\u00f6g kapacitet p\u00e5 650 mAh och levereras med en snabbladdningsport av typ C. Du kan ladda produkten n\u00e4r som helst och var som helst och beh\u00f6ver inte l\u00e4ngre oroa dig f\u00f6r str\u00f6mf\u00f6rs\u00f6rjningen.<\/p>\n<p>Det \u00e4r en ny och unik form, som \u00e4r mycket attraktiv bland m\u00e5nga eng\u00e5ngsprodukter. den elektroniska sk\u00e4rmen p\u00e5 sidan \u00e4r tydlig och l\u00e4ttl\u00e4st och visar produktens status i realtid<\/p>\n<h2><strong>Razz bar 45000 Puffs detaljer:<\/strong><\/h2>\n<ul>\n<li>Salt Nikotin:2\/5%<\/li>\n<li>Puffar:45000 puffar<\/li>\n<li>200 st per kartong<\/li>\n<li>16 tillg\u00e4ngliga smaker<\/li>\n<li>650mah Uppladdningsbar<\/li>\n<li>N\u00e4tspole<\/li>\n<li>Typ-c<\/li>\n<\/ul>\n<h2><strong>Smak\u00e4mnen:<\/strong><\/h2>\n<ol>\n<li>Tigerblod<\/li>\n<li>Jordgubbsis<\/li>\n<li>Jordgubbar Bananer<\/li>\n<li>Sommardr\u00f6m<\/li>\n<li>Tropisk frukt<\/li>\n<li>Bl\u00e5b\u00e4rsis<\/li>\n<li>Juicy Peach Ice<\/li>\n<li>Jordgubbar Hallon K\u00f6rsb\u00e4r Lce<\/li>\n<li>Vattenmelon-is<\/li>\n<li>Black Dragon Lce<\/li>\n<li>K\u00e4rlek 66<\/li>\n<li>Jordgubb Kiwi<\/li>\n<li>Cherry Cola<\/li>\n<li>Ananas kokosn\u00f6t<\/li>\n<li>Citron Lime<\/li>\n<li>Herr Bl\u00e5<\/li>\n<\/ol>\n<h2><strong>F\u00f6rpackningslista:<\/strong><\/h2>\n<p>1 st varje enskild l\u00e5da<br \/>\n10 st varje displayl\u00e5da varje smak<br \/>\n200 st per kartong<\/p>\n<figure id=\"attachment_22783\" aria-describedby=\"caption-attachment-22783\" style=\"width: 1000px\" class=\"wp-caption alignnone\"><img loading=\"lazy\" decoding=\"async\" class=\"wp-image-22783 size-full\" title=\"Partihandel Razz bar 45000 Puffs Eng\u00e5ngs Vape 9\" src=\"https:\/\/www.vapeswholesaler.com\/wp-content\/uploads\/2025\/05\/Wholesale-Razz-bar-45000-Puffs-Disposable-Vape-9.webp\" alt=\"Partihandel Razz bar 45000 Puffs Eng\u00e5ngs Vape 9\" width=\"1000\" height=\"1000\" srcset=\"https:\/\/www.vapeswholesaler.com\/wp-content\/uploads\/2025\/05\/Wholesale-Razz-bar-45000-Puffs-Disposable-Vape-9.webp 1000w, https:\/\/www.vapeswholesaler.com\/wp-content\/uploads\/2025\/05\/Wholesale-Razz-bar-45000-Puffs-Disposable-Vape-9-300x300.webp 300w, https:\/\/www.vapeswholesaler.com\/wp-content\/uploads\/2025\/05\/Wholesale-Razz-bar-45000-Puffs-Disposable-Vape-9-150x150.webp 150w, https:\/\/www.vapeswholesaler.com\/wp-content\/uploads\/2025\/05\/Wholesale-Razz-bar-45000-Puffs-Disposable-Vape-9-768x768.webp 768w, https:\/\/www.vapeswholesaler.com\/wp-content\/uploads\/2025\/05\/Wholesale-Razz-bar-45000-Puffs-Disposable-Vape-9-12x12.webp 12w, https:\/\/www.vapeswholesaler.com\/wp-content\/uploads\/2025\/05\/Wholesale-Razz-bar-45000-Puffs-Disposable-Vape-9-247x247.webp 247w, https:\/\/www.vapeswholesaler.com\/wp-content\/uploads\/2025\/05\/Wholesale-Razz-bar-45000-Puffs-Disposable-Vape-9-510x510.webp 510w, https:\/\/www.vapeswholesaler.com\/wp-content\/uploads\/2025\/05\/Wholesale-Razz-bar-45000-Puffs-Disposable-Vape-9-100x100.webp 100w\" sizes=\"auto, (max-width: 1000px) 100vw, 1000px\" \/><figcaption id=\"caption-attachment-22783\" class=\"wp-caption-text\">Partihandel Razz bar 45000 Puffs Eng\u00e5ngs Vape<\/figcaption><\/figure>\n<figure id=\"attachment_22778\" aria-describedby=\"caption-attachment-22778\" style=\"width: 1000px\" class=\"wp-caption alignnone\"><img loading=\"lazy\" decoding=\"async\" class=\"wp-image-22778 size-full\" title=\"Partihandel Razz bar 45000 Puffs Eng\u00e5ngs Vape 4\" src=\"https:\/\/www.vapeswholesaler.com\/wp-content\/uploads\/2025\/05\/Wholesale-Razz-bar-45000-Puffs-Disposable-Vape-4.webp\" alt=\"Partihandel Razz bar 45000 Puffs Eng\u00e5ngs Vape 4\" width=\"1000\" height=\"2000\" srcset=\"https:\/\/www.vapeswholesaler.com\/wp-content\/uploads\/2025\/05\/Wholesale-Razz-bar-45000-Puffs-Disposable-Vape-4.webp 1000w, https:\/\/www.vapeswholesaler.com\/wp-content\/uploads\/2025\/05\/Wholesale-Razz-bar-45000-Puffs-Disposable-Vape-4-150x300.webp 150w, https:\/\/www.vapeswholesaler.com\/wp-content\/uploads\/2025\/05\/Wholesale-Razz-bar-45000-Puffs-Disposable-Vape-4-512x1024.webp 512w, https:\/\/www.vapeswholesaler.com\/wp-content\/uploads\/2025\/05\/Wholesale-Razz-bar-45000-Puffs-Disposable-Vape-4-768x1536.webp 768w, https:\/\/www.vapeswholesaler.com\/wp-content\/uploads\/2025\/05\/Wholesale-Razz-bar-45000-Puffs-Disposable-Vape-4-6x12.webp 6w, https:\/\/www.vapeswholesaler.com\/wp-content\/uploads\/2025\/05\/Wholesale-Razz-bar-45000-Puffs-Disposable-Vape-4-510x1020.webp 510w\" sizes=\"auto, (max-width: 1000px) 100vw, 1000px\" \/><figcaption id=\"caption-attachment-22778\" class=\"wp-caption-text\">Partihandel Razz bar 45000 Puffs Eng\u00e5ngs Vape<\/figcaption><\/figure>","protected":false},"excerpt":{"rendered":"<p>Minsta orderkvantitet: <strong>50st (<\/strong>Blanda smaker) \uff08<strong>2%,5%<\/strong>)<\/p>\n<p><strong>Fri frakt<\/strong><\/p>\n<p><strong>Notera<\/strong>: We ship from China warehouses, and the shipping time will be takes about <strong>15-16 <\/strong>dagar. Produktavgiften och fraktavgiften m\u00e5ste betalas separat till olika betalkonton. N\u00e4r du har skickat best\u00e4llningen, skicka mig ett meddelande via WhatsApp s\u00e5 ber\u00e4ttar jag hur du betalar best\u00e4llningen. Jag tackar dig f\u00f6r din hj\u00e4lp.<\/p>","protected":false},"featured_media":22775,"comment_status":"open","ping_status":"closed","template":"","meta":[],"product_cat":[15],"product_tag":[373,384],"class_list":{"0":"post-22788","1":"product","2":"type-product","3":"status-publish","4":"has-post-thumbnail","6":"product_cat-disposable-vape","7":"product_tag-europe-warehouse","8":"product_tag-razz-bar","9":"product_brand-razzbar","11":"first","12":"instock","13":"shipping-taxable","14":"purchasable","15":"product-type-variable","16":"has-default-attributes"},"aioseo_notices":[],"_links":{"self":[{"href":"https:\/\/www.vapeswholesaler.com\/sv\/wp-json\/wp\/v2\/product\/22788","targetHints":{"allow":["GET"]}}],"collection":[{"href":"https:\/\/www.vapeswholesaler.com\/sv\/wp-json\/wp\/v2\/product"}],"about":[{"href":"https:\/\/www.vapeswholesaler.com\/sv\/wp-json\/wp\/v2\/types\/product"}],"replies":[{"embeddable":true,"href":"https:\/\/www.vapeswholesaler.com\/sv\/wp-json\/wp\/v2\/comments?post=22788"}],"wp:featuredmedia":[{"embeddable":true,"href":"https:\/\/www.vapeswholesaler.com\/sv\/wp-json\/wp\/v2\/media\/22775"}],"wp:attachment":[{"href":"https:\/\/www.vapeswholesaler.com\/sv\/wp-json\/wp\/v2\/media?parent=22788"}],"wp:term":[{"taxonomy":"product_cat","embeddable":true,"href":"https:\/\/www.vapeswholesaler.com\/sv\/wp-json\/wp\/v2\/product_cat?post=22788"},{"taxonomy":"product_tag","embeddable":true,"href":"https:\/\/www.vapeswholesaler.com\/sv\/wp-json\/wp\/v2\/product_tag?post=22788"}],"curies":[{"name":"wp","href":"https:\/\/api.w.org\/{rel}","templated":true}]}}