{"id":22667,"date":"2025-05-08T16:47:28","date_gmt":"2025-05-08T08:47:28","guid":{"rendered":"https:\/\/www.vapeswholesaler.com\/?post_type=product&#038;p=22667"},"modified":"2025-10-11T15:33:58","modified_gmt":"2025-10-11T07:33:58","slug":"grossist-bang-ledare-45k-puffar-dubbel-smak-engangs-vape","status":"publish","type":"product","link":"https:\/\/www.vapeswholesaler.com\/sv\/produkt\/grossist-bang-ledare-45k-puffar-dubbel-smak-engangs-vape","title":{"rendered":"Partihandel Bang Leader 45K Puffs Dual Flavor Eng\u00e5ngs Vape"},"content":{"rendered":"<p><a href=\"https:\/\/www.vapeswholesaler.com\/sv\/produkt_varumarke\/bang\/\">Pang<\/a> Leader 45K Puffs \u00e4r en eng\u00e5ngsvape med dubbla smaker som levereras med en f\u00e4rgstark LED-display som st\u00f6der b\u00e5de batteri- och oljeindikering och g\u00f6r att du enkelt kan sp\u00e5ra anv\u00e4ndningen och ladda i r\u00e4tt tid, och levereras med ett h\u00f6gkvalitativt 650 mAh-batteri med h\u00f6g kapacitet f\u00f6r l\u00e5ngvarig batteritid, och det levereras F\u00f6rfylld med 60 ml E-v\u00e4tska f\u00f6r att st\u00f6dja cirka 45 000 puffar. Vi erbjuder 4 nikotinstyrkor (0%, 2%, 3%, 5%) och 12 smaker att v\u00e4lja mellan.<\/p>\n<p>Detta \u00e4r en bepr\u00f6vad produkt, vi har f\u00e5tt m\u00e5nga upprepade ink\u00f6p och mycket ber\u00f6m fr\u00e5n v\u00e5ra kunder, vi anv\u00e4nder Mesh Coil, vilket maximerar v\u00e4rmeomr\u00e5det och g\u00f6r v\u00e5r produktsmak \u00e4nnu mer intensiv och oklanderlig, detta \u00e4r en mycket bra valuta f\u00f6r pengarna och \u00e4r mycket popul\u00e4r bland grossister, vi ser fram emot att samarbeta med v\u00e5ra kunder \u00f6ver hela v\u00e4rlden.<\/p>\n<h2><strong>Bang Leader 45K Puffs Funktioner:<\/strong><\/h2>\n<ul>\n<li>Spole med dubbla n\u00e4t<\/li>\n<li>Puffar: 45000 puffar<\/li>\n<li>Kapacitet: 60ml (28ml + 28ml)<\/li>\n<li>Batteri: 650 mAh<\/li>\n<li>Nikotin: 0\/2%\/3%\/5%<\/li>\n<li>Typ C-laddningsport<\/li>\n<li>12 dubbla smaker tillg\u00e4ngliga<\/li>\n<li>Smart sk\u00e4rm: display f\u00f6r e-juice\/str\u00f6m<\/li>\n<\/ul>\n<h2><strong>Smak\u00e4mnen:<\/strong><\/h2>\n<p>1.Blueberry Ice &amp; Black Dragon Ice<br \/>\n2.Blueberry Ice &amp; Strawberry And Banana<br \/>\n3.Blueberry Raspberry &amp; Peach Mango Watermelon<br \/>\n4.Blueberry Watermelon &amp; Strawberry Mango<br \/>\n5.Cola Ice &amp; Cherry Cranberry<br \/>\n6.Pineapple Ice &amp; Triple Mango<br \/>\n7.Red Bull &amp; Blueberry Watermelon<br \/>\n8.Red Bull &amp; Watermelon Bubble Candy<br \/>\n9.Strawberry Kiwi &amp; Peach Ice<br \/>\n10.Strawberry Watermelon &amp; Grape Ice<br \/>\n11.Strawberry Watermelon &amp; Kiwi Passion Fruit Guava<br \/>\n12.Watermelon Ice &amp; Strawberry And Mango<br \/>\n13.Strawberry Ice Cream &amp; Pink Lemon Ice<br \/>\n14.Cherry Cola &amp; Watermelon Bubblegum Ice Cream<br \/>\n15.Cherry Ice &amp; Strawberry Cranberry Cherry Ice<br \/>\n16.Lemon and Lime &amp; Blue Razzle<br \/>\n17.Raspberry Mojito Peach Ice &amp; Apple Pear<br \/>\n18.Lychee Ice &amp; Melon Jam<\/p>\n<h2><strong>F\u00f6rpackningslista:<\/strong><\/h2>\n<p>1 st per styck Enstaka l\u00e5da<br \/>\n10 st vardera Displayl\u00e5da<br \/>\n200 st per kartong\/ 21 kg<\/p>\n<figure id=\"attachment_22668\" aria-describedby=\"caption-attachment-22668\" style=\"width: 800px\" class=\"wp-caption alignnone\"><img loading=\"lazy\" decoding=\"async\" class=\"wp-image-22668 size-full\" title=\"Partihandel Bang Leader 45K Puffs Dual Flavor Eng\u00e5ngs Vape 1\" src=\"https:\/\/www.vapeswholesaler.com\/wp-content\/uploads\/2025\/05\/Wholesale-Bang-Leader-45K-Puffs-Dual-Flavor-Disposable-Vape-1.webp\" alt=\"Partihandel Bang Leader 45K Puffs Dual Flavor Eng\u00e5ngs Vape 1\" width=\"800\" height=\"450\" srcset=\"https:\/\/www.vapeswholesaler.com\/wp-content\/uploads\/2025\/05\/Wholesale-Bang-Leader-45K-Puffs-Dual-Flavor-Disposable-Vape-1.webp 800w, https:\/\/www.vapeswholesaler.com\/wp-content\/uploads\/2025\/05\/Wholesale-Bang-Leader-45K-Puffs-Dual-Flavor-Disposable-Vape-1-300x169.webp 300w, https:\/\/www.vapeswholesaler.com\/wp-content\/uploads\/2025\/05\/Wholesale-Bang-Leader-45K-Puffs-Dual-Flavor-Disposable-Vape-1-768x432.webp 768w, https:\/\/www.vapeswholesaler.com\/wp-content\/uploads\/2025\/05\/Wholesale-Bang-Leader-45K-Puffs-Dual-Flavor-Disposable-Vape-1-18x10.webp 18w, https:\/\/www.vapeswholesaler.com\/wp-content\/uploads\/2025\/05\/Wholesale-Bang-Leader-45K-Puffs-Dual-Flavor-Disposable-Vape-1-510x287.webp 510w\" sizes=\"auto, (max-width: 800px) 100vw, 800px\" \/><figcaption id=\"caption-attachment-22668\" class=\"wp-caption-text\">Partihandel Bang Leader 45K Puffs Dual Flavor Eng\u00e5ngs Vape<\/figcaption><\/figure>\n<figure id=\"attachment_22666\" aria-describedby=\"caption-attachment-22666\" style=\"width: 1200px\" class=\"wp-caption alignnone\"><img loading=\"lazy\" decoding=\"async\" class=\"wp-image-22666 size-full\" title=\"Partihandel Bang Leader 45K Puffs Dual Flavor Eng\u00e5ngs Vape\" src=\"https:\/\/www.vapeswholesaler.com\/wp-content\/uploads\/2025\/05\/Wholesale-Bang-Leader-45K-Puffs-Dual-Flavor-Disposable-Vape.webp\" alt=\"Partihandel Bang Leader 45K Puffs Dual Flavor Eng\u00e5ngs Vape\" width=\"1200\" height=\"675\" srcset=\"https:\/\/www.vapeswholesaler.com\/wp-content\/uploads\/2025\/05\/Wholesale-Bang-Leader-45K-Puffs-Dual-Flavor-Disposable-Vape.webp 1200w, https:\/\/www.vapeswholesaler.com\/wp-content\/uploads\/2025\/05\/Wholesale-Bang-Leader-45K-Puffs-Dual-Flavor-Disposable-Vape-300x169.webp 300w, https:\/\/www.vapeswholesaler.com\/wp-content\/uploads\/2025\/05\/Wholesale-Bang-Leader-45K-Puffs-Dual-Flavor-Disposable-Vape-1024x576.webp 1024w, https:\/\/www.vapeswholesaler.com\/wp-content\/uploads\/2025\/05\/Wholesale-Bang-Leader-45K-Puffs-Dual-Flavor-Disposable-Vape-768x432.webp 768w, https:\/\/www.vapeswholesaler.com\/wp-content\/uploads\/2025\/05\/Wholesale-Bang-Leader-45K-Puffs-Dual-Flavor-Disposable-Vape-18x10.webp 18w, https:\/\/www.vapeswholesaler.com\/wp-content\/uploads\/2025\/05\/Wholesale-Bang-Leader-45K-Puffs-Dual-Flavor-Disposable-Vape-510x287.webp 510w\" sizes=\"auto, (max-width: 1200px) 100vw, 1200px\" \/><figcaption id=\"caption-attachment-22666\" class=\"wp-caption-text\">Partihandel Bang Leader 45K Puffs Dual Flavor Eng\u00e5ngs Vape<\/figcaption><\/figure>\n<p>&nbsp;<\/p>","protected":false},"excerpt":{"rendered":"<p>Minsta orderkvantitet: <strong>50 st<\/strong> (Blanda smaker) <strong>Fri frakt<\/strong><\/p>\n<p>(0%\uff0c2%, 3%\uff0c5% Nic)<\/p>","protected":false},"featured_media":22655,"comment_status":"open","ping_status":"closed","template":"","meta":[],"product_cat":[15],"product_tag":[],"class_list":{"0":"post-22667","1":"product","2":"type-product","3":"status-publish","4":"has-post-thumbnail","6":"product_cat-disposable-vape","7":"product_brand-bang","9":"first","10":"instock","11":"shipping-taxable","12":"purchasable","13":"product-type-variable","14":"has-default-attributes"},"aioseo_notices":[],"_links":{"self":[{"href":"https:\/\/www.vapeswholesaler.com\/sv\/wp-json\/wp\/v2\/product\/22667","targetHints":{"allow":["GET"]}}],"collection":[{"href":"https:\/\/www.vapeswholesaler.com\/sv\/wp-json\/wp\/v2\/product"}],"about":[{"href":"https:\/\/www.vapeswholesaler.com\/sv\/wp-json\/wp\/v2\/types\/product"}],"replies":[{"embeddable":true,"href":"https:\/\/www.vapeswholesaler.com\/sv\/wp-json\/wp\/v2\/comments?post=22667"}],"wp:featuredmedia":[{"embeddable":true,"href":"https:\/\/www.vapeswholesaler.com\/sv\/wp-json\/wp\/v2\/media\/22655"}],"wp:attachment":[{"href":"https:\/\/www.vapeswholesaler.com\/sv\/wp-json\/wp\/v2\/media?parent=22667"}],"wp:term":[{"taxonomy":"product_cat","embeddable":true,"href":"https:\/\/www.vapeswholesaler.com\/sv\/wp-json\/wp\/v2\/product_cat?post=22667"},{"taxonomy":"product_tag","embeddable":true,"href":"https:\/\/www.vapeswholesaler.com\/sv\/wp-json\/wp\/v2\/product_tag?post=22667"}],"curies":[{"name":"wp","href":"https:\/\/api.w.org\/{rel}","templated":true}]}}