{"id":22372,"date":"2025-03-26T14:26:50","date_gmt":"2025-03-26T06:26:50","guid":{"rendered":"https:\/\/www.vapeswholesaler.com\/?post_type=product&#038;p=22372"},"modified":"2025-08-11T11:06:02","modified_gmt":"2025-08-11T03:06:02","slug":"wholesale-elf-bar-ice-king-30000-puffs-disposable-vape","status":"publish","type":"product","link":"https:\/\/www.vapeswholesaler.com\/sv\/produkt\/wholesale-elf-bar-ice-king-30000-puffs-disposable-vape","title":{"rendered":"Partihandel Elf bar Ice King 30000 Puffs Eng\u00e5ngs Vape"},"content":{"rendered":"<p><a href=\"https:\/\/www.vapeswholesaler.com\/sv\/produkt_varumarke\/alvbar\/\">Elf bar<\/a> Ice King 30000 Puffs is the latest disposable Vape with 5 levels of ice adjustment, designed to be compact and lightweight for easy portability, with buttons on the front for easy ice adjustment and a more user-friendly design. With 5 levels of ice adjustment, Ice King ensures that every puff is tailored to your personal preferences, creating a truly customized smoking experience.<\/p>\n<p>The side of the product is equipped with an LED side screen, which shows the different levels of ice content in real time, and also can be display the E-juice capacity and battery capacity in the same time. Pre-filled with 20ML Vape e-Liquid, this product&#8217;s oil is actually pre-filled, not virtual, carrying 850mah high-capacity battery, and can support Typ-C to recharge the battery, so that the product gets more value for use<\/p>\n<h2><strong><a href=\"https:\/\/www.facebook.com\/fred.luo.58\/\">Elf bar<\/a> Ice King 30000 Puffs Features:<\/strong><\/h2>\n<ul>\n<li>Brand: Elf bar<\/li>\n<li>Model name: Ice King 30000 Puffs<\/li>\n<li>Oil capacity: 20ml<\/li>\n<li>Battery capacity: 850mah<\/li>\n<li>5% Nic<\/li>\n<li>USB Type-C Charging System<\/li>\n<li>Supports MTL e-cigarettes<\/li>\n<li>Spolar med dubbla n\u00e4t<\/li>\n<li>5 levels of adjustable coolness<\/li>\n<\/ul>\n<h2><strong>Smak\u00e4mnen:<\/strong><\/h2>\n<ol>\n<li>Elf Bull<\/li>\n<li>Bj\u00f6rnb\u00e4r Tranb\u00e4r<\/li>\n<li>Jordgubbar Vattenmelon<\/li>\n<li>Persika is<\/li>\n<li>Grape Ice<\/li>\n<li>Kiwi Passionsfrukt Guava<\/li>\n<li>Strawberry Kiwi Ice<\/li>\n<li>Cherry Pomegranate Cranberry<\/li>\n<li>Miami Mint<\/li>\n<li>Blue Razz Ice<\/li>\n<li>Vattenmelon-is<\/li>\n<li>Banankaka<\/li>\n<li>Ribena Lychee<\/li>\n<li>Lime Cola<\/li>\n<li>Rosa lemonad<\/li>\n<\/ol>\n<h2><strong>F\u00f6rpackningslista:<\/strong><\/h2>\n<p>1 st varje enskild l\u00e5da<br \/>\n10 st varje mellanl\u00e5da<br \/>\n100pcs each Carton (12.4KG)<\/p>\n<figure style=\"width: 900px\" class=\"wp-caption alignnone\"><img loading=\"lazy\" decoding=\"async\" class=\"wp-image-22349 size-full\" title=\"Wholesale Elf bar Ice King 30000 Puffs Disposable Vape 4\" src=\"https:\/\/www.vapeswholesaler.com\/wp-content\/uploads\/2025\/03\/Wholesale-Elf-bar-Ice-King-30000-Puffs-Disposable-Vape-4.webp\" alt=\"Wholesale Elf bar Ice King 30000 Puffs Disposable Vape 4\" width=\"900\" height=\"711\" srcset=\"https:\/\/www.vapeswholesaler.com\/wp-content\/uploads\/2025\/03\/Wholesale-Elf-bar-Ice-King-30000-Puffs-Disposable-Vape-4.webp 900w, https:\/\/www.vapeswholesaler.com\/wp-content\/uploads\/2025\/03\/Wholesale-Elf-bar-Ice-King-30000-Puffs-Disposable-Vape-4-300x237.webp 300w, https:\/\/www.vapeswholesaler.com\/wp-content\/uploads\/2025\/03\/Wholesale-Elf-bar-Ice-King-30000-Puffs-Disposable-Vape-4-768x607.webp 768w, https:\/\/www.vapeswholesaler.com\/wp-content\/uploads\/2025\/03\/Wholesale-Elf-bar-Ice-King-30000-Puffs-Disposable-Vape-4-15x12.webp 15w, https:\/\/www.vapeswholesaler.com\/wp-content\/uploads\/2025\/03\/Wholesale-Elf-bar-Ice-King-30000-Puffs-Disposable-Vape-4-510x403.webp 510w\" sizes=\"auto, (max-width: 900px) 100vw, 900px\" \/><figcaption class=\"wp-caption-text\">Partihandel Elf bar Ice King 30000 Puffs Eng\u00e5ngs Vape<\/figcaption><\/figure>\n<figure id=\"attachment_22389\" aria-describedby=\"caption-attachment-22389\" style=\"width: 900px\" class=\"wp-caption alignnone\"><img loading=\"lazy\" decoding=\"async\" class=\"wp-image-22389 size-full\" title=\"Partihandel Elf bar Ice King 30000 Puffs Eng\u00e5ngs Vape\" src=\"https:\/\/www.vapeswholesaler.com\/wp-content\/uploads\/2025\/03\/Wholesale-Elf-bar-Ice-King-30000-Puffs-Disposable-Vape.webp\" alt=\"Partihandel Elf bar Ice King 30000 Puffs Eng\u00e5ngs Vape\" width=\"900\" height=\"612\" srcset=\"https:\/\/www.vapeswholesaler.com\/wp-content\/uploads\/2025\/03\/Wholesale-Elf-bar-Ice-King-30000-Puffs-Disposable-Vape.webp 900w, https:\/\/www.vapeswholesaler.com\/wp-content\/uploads\/2025\/03\/Wholesale-Elf-bar-Ice-King-30000-Puffs-Disposable-Vape-300x204.webp 300w, https:\/\/www.vapeswholesaler.com\/wp-content\/uploads\/2025\/03\/Wholesale-Elf-bar-Ice-King-30000-Puffs-Disposable-Vape-768x522.webp 768w, https:\/\/www.vapeswholesaler.com\/wp-content\/uploads\/2025\/03\/Wholesale-Elf-bar-Ice-King-30000-Puffs-Disposable-Vape-18x12.webp 18w, https:\/\/www.vapeswholesaler.com\/wp-content\/uploads\/2025\/03\/Wholesale-Elf-bar-Ice-King-30000-Puffs-Disposable-Vape-510x347.webp 510w\" sizes=\"auto, (max-width: 900px) 100vw, 900px\" \/><figcaption id=\"caption-attachment-22389\" class=\"wp-caption-text\">Partihandel Elf bar Ice King 30000 Puffs Eng\u00e5ngs Vape<\/figcaption><\/figure>","protected":false},"excerpt":{"rendered":"<p>Minsta orderkvantitet: <strong>100 st<\/strong> (Blanda smaker) <strong>Fri frakt<\/strong><\/p>\n<p>(5% Nic) <strong>EU-lager<\/strong> Leveranstid <strong>6-7 i arbete<\/strong> dagar<\/p>","protected":false},"featured_media":22370,"comment_status":"open","ping_status":"closed","template":"","meta":[],"product_cat":[15],"product_tag":[396,398,373,374],"class_list":{"0":"post-22372","1":"product","2":"type-product","3":"status-publish","4":"has-post-thumbnail","6":"product_cat-disposable-vape","7":"product_tag-disposable-vape","8":"product_tag-elf-bar","9":"product_tag-europe-warehouse","10":"product_tag-30000-puffs","11":"product_brand-elf-bar","13":"first","14":"instock","15":"sold-individually","16":"shipping-taxable","17":"purchasable","18":"product-type-variable","19":"has-default-attributes"},"aioseo_notices":[],"_links":{"self":[{"href":"https:\/\/www.vapeswholesaler.com\/sv\/wp-json\/wp\/v2\/product\/22372","targetHints":{"allow":["GET"]}}],"collection":[{"href":"https:\/\/www.vapeswholesaler.com\/sv\/wp-json\/wp\/v2\/product"}],"about":[{"href":"https:\/\/www.vapeswholesaler.com\/sv\/wp-json\/wp\/v2\/types\/product"}],"replies":[{"embeddable":true,"href":"https:\/\/www.vapeswholesaler.com\/sv\/wp-json\/wp\/v2\/comments?post=22372"}],"wp:featuredmedia":[{"embeddable":true,"href":"https:\/\/www.vapeswholesaler.com\/sv\/wp-json\/wp\/v2\/media\/22370"}],"wp:attachment":[{"href":"https:\/\/www.vapeswholesaler.com\/sv\/wp-json\/wp\/v2\/media?parent=22372"}],"wp:term":[{"taxonomy":"product_cat","embeddable":true,"href":"https:\/\/www.vapeswholesaler.com\/sv\/wp-json\/wp\/v2\/product_cat?post=22372"},{"taxonomy":"product_tag","embeddable":true,"href":"https:\/\/www.vapeswholesaler.com\/sv\/wp-json\/wp\/v2\/product_tag?post=22372"}],"curies":[{"name":"wp","href":"https:\/\/api.w.org\/{rel}","templated":true}]}}