{"id":22237,"date":"2025-03-20T15:12:34","date_gmt":"2025-03-20T07:12:34","guid":{"rendered":"https:\/\/www.vapeswholesaler.com\/?post_type=product&#038;p=22237"},"modified":"2025-05-08T14:44:22","modified_gmt":"2025-05-08T06:44:22","slug":"grossist-okso-shisha-max-40k-engangs-vape","status":"publish","type":"product","link":"https:\/\/www.vapeswholesaler.com\/sv\/produkt\/grossist-okso-shisha-max-40k-engangs-vape","title":{"rendered":"Partihandel OKSO Shisha Max 40K eng\u00e5ngsvape"},"content":{"rendered":"<p><a href=\"https:\/\/www.vapeswholesaler.com\/sv\/produkt_varumarke\/okso\/\">OKSO<\/a> Shisha Max 40K Puffs \u00e4r en av de nyaste DTL-lungvapnande eng\u00e5ngs e-cigaretterna, produkten \u00e4r vackert utformad med en rundad pennliknande design som \u00e4r r\u00e4tt storlek f\u00f6r ett b\u00e4ttre grepp, l\u00e4mplig f\u00f6r ett brett spektrum av konsumenter, och vi anv\u00e4nder en tv\u00e5f\u00e4rgad form p\u00e5 utsidan av produkten och ett konstl\u00e4dermaterial som sveper runt utsidan av produkten f\u00f6r att ge v\u00e5r produkt en h\u00f6gklassig k\u00e4nsla.<\/p>\n<p>Produkten \u00e4r utrustad med en n\u00e4tf\u00f6rst\u00e4rkark\u00e4rna, fabriken f\u00f6rladdad med 36ML e-cigarettolja, produktens stora kapacitet kan g\u00f6ra att produkten anv\u00e4nds l\u00e4ngre och utrustad med ett inbyggt 800mah-batteri av h\u00f6g kvalitet, anv\u00e4ndaren kan anv\u00e4nda det internationella vanliga Type-C-gr\u00e4nssnittet n\u00e4r som helst och var som helst f\u00f6r laddning av deras favoritenhet, enhetens botten \u00e4r utrustad med en luftfl\u00f6desjusteringsbrytare, du kan justera luftfl\u00f6dets storlek enligt olika kunders r\u00f6kvanor, s\u00e5 att luftfl\u00f6desjusteringsbrytaren p\u00e5 enhetens botten kan justeras enligt olika kunders r\u00f6kvanor, s\u00e5 att produkten kan anv\u00e4ndas i toppskick n\u00e4r som helst. Luftfl\u00f6desjusteringsomkopplaren l\u00e4ngst ner p\u00e5 enheten kan justera luftfl\u00f6desstorleken enligt olika kunders r\u00f6kvanor, s\u00e5 att produkten kan anv\u00e4ndas i toppskick n\u00e4r som helst. F\u00f6r att anv\u00e4ndarna n\u00e4r som helst ska kunna observera produktens status \u00e4r vi \u00e5 andra sidan utrustade med en elektronisk sk\u00e4rm, vilket g\u00f6r produkten mer tekniskt meningsfull.<\/p>\n<p>Vi erbjuder ocks\u00e5 10 b\u00e4sta smaker f\u00f6r kunder att v\u00e4lja, varje smak \u00e4r resultatet av tiotusentals st\u00e4ndiga tester av v\u00e5ra ingenj\u00f6rer och finns i 0%, 2%, 3%, 5% nikotininneh\u00e5ll, vi hoppas att v\u00e5ra kunder gillar det. Vi ser fram emot att vara din partner, alla kunder kan g\u00f6ra en best\u00e4llning direkt p\u00e5 v\u00e5r webbplats, v\u00e5r minsta orderkvantitet \u00e4r bara 50 st, och leveranstiden tar cirka 2 veckor att komma fram!<\/p>\n<h2><strong><a href=\"https:\/\/www.facebook.com\/fred.luo.58\/\">OKSO<\/a> Shisha Max 40K eng\u00e5ngsvape Detaljer:<\/strong><\/h2>\n<ul>\n<li>Puffar: 40000puffar<\/li>\n<li>K\u00e4rna: Mesh-spole 0,6ohm<\/li>\n<li>E-v\u00e4tska:36ml<\/li>\n<li>Nicotine:0%\/2%\/3%\/5%<\/li>\n<li>Batteri: 800mah<\/li>\n<li>Laddningsbar:Typ-C<\/li>\n<li>LED-display<\/li>\n<li>Justering av effekt<\/li>\n<li>Justerbart luftfl\u00f6de<\/li>\n<li>Barnl\u00e5s<\/li>\n<li>Produktvikt: 101g\/st<\/li>\n<li>Produktstorlek: 43*43*135mm<\/li>\n<li>Kartongstorlek: 465*434*242mm<\/li>\n<li>ANTAL: 150 st\/ctn, 10 st\/box<\/li>\n<\/ul>\n<h2><strong>Smak\u00e4mnen:<\/strong><\/h2>\n<ol>\n<li>Tv\u00e5 \u00e4pplen<\/li>\n<li>Druva Mint<\/li>\n<li>K\u00f6rsb\u00e4rsfiesta<\/li>\n<li>Persika is<\/li>\n<li>Magisk k\u00e4rlek<\/li>\n<li>Jordgubbsb\u00e5l<\/li>\n<li>Blue Razz Ice<\/li>\n<li>Lush Ice<\/li>\n<li>Jordgubbar Vattenmelon<\/li>\n<li>Berry Mint<\/li>\n<\/ol>\n<h2><strong>F\u00f6rpackningslista:\u00a0<\/strong><\/h2>\n<p>1 st per styck Enstaka l\u00e5da<br \/>\n10 st varje Mellanl\u00e5da<br \/>\n150 st per kartong<\/p>\n<figure id=\"attachment_22220\" aria-describedby=\"caption-attachment-22220\" style=\"width: 1000px\" class=\"wp-caption alignnone\"><img loading=\"lazy\" decoding=\"async\" class=\"wp-image-22220 size-full\" title=\"Partihandel OKSO Shisha Max 40K Eng\u00e5ngs Vape 2\" src=\"https:\/\/www.vapeswholesaler.com\/wp-content\/uploads\/2025\/03\/Wholesale-OKSO-Shisha-Max-40K-Disposable-Vape-2.webp\" alt=\"Partihandel OKSO Shisha Max 40K Eng\u00e5ngs Vape 2\" width=\"1000\" height=\"1000\" srcset=\"https:\/\/www.vapeswholesaler.com\/wp-content\/uploads\/2025\/03\/Wholesale-OKSO-Shisha-Max-40K-Disposable-Vape-2.webp 1000w, https:\/\/www.vapeswholesaler.com\/wp-content\/uploads\/2025\/03\/Wholesale-OKSO-Shisha-Max-40K-Disposable-Vape-2-300x300.webp 300w, https:\/\/www.vapeswholesaler.com\/wp-content\/uploads\/2025\/03\/Wholesale-OKSO-Shisha-Max-40K-Disposable-Vape-2-150x150.webp 150w, https:\/\/www.vapeswholesaler.com\/wp-content\/uploads\/2025\/03\/Wholesale-OKSO-Shisha-Max-40K-Disposable-Vape-2-768x768.webp 768w, https:\/\/www.vapeswholesaler.com\/wp-content\/uploads\/2025\/03\/Wholesale-OKSO-Shisha-Max-40K-Disposable-Vape-2-12x12.webp 12w, https:\/\/www.vapeswholesaler.com\/wp-content\/uploads\/2025\/03\/Wholesale-OKSO-Shisha-Max-40K-Disposable-Vape-2-247x247.webp 247w, https:\/\/www.vapeswholesaler.com\/wp-content\/uploads\/2025\/03\/Wholesale-OKSO-Shisha-Max-40K-Disposable-Vape-2-510x510.webp 510w, https:\/\/www.vapeswholesaler.com\/wp-content\/uploads\/2025\/03\/Wholesale-OKSO-Shisha-Max-40K-Disposable-Vape-2-100x100.webp 100w\" sizes=\"auto, (max-width: 1000px) 100vw, 1000px\" \/><figcaption id=\"caption-attachment-22220\" class=\"wp-caption-text\">Partihandel OKSO Shisha Max 40K Eng\u00e5ngs Vape 2<\/figcaption><\/figure>\n<figure id=\"attachment_22225\" aria-describedby=\"caption-attachment-22225\" style=\"width: 1000px\" class=\"wp-caption alignnone\"><img loading=\"lazy\" decoding=\"async\" class=\"wp-image-22225 size-full\" title=\"Partihandel OKSO Shisha Max 40K Eng\u00e5ngs Vape 7\" src=\"https:\/\/www.vapeswholesaler.com\/wp-content\/uploads\/2025\/03\/Wholesale-OKSO-Shisha-Max-40K-Disposable-Vape-7.webp\" alt=\"Partihandel OKSO Shisha Max 40K Eng\u00e5ngs Vape 7\" width=\"1000\" height=\"1000\" srcset=\"https:\/\/www.vapeswholesaler.com\/wp-content\/uploads\/2025\/03\/Wholesale-OKSO-Shisha-Max-40K-Disposable-Vape-7.webp 1000w, https:\/\/www.vapeswholesaler.com\/wp-content\/uploads\/2025\/03\/Wholesale-OKSO-Shisha-Max-40K-Disposable-Vape-7-300x300.webp 300w, https:\/\/www.vapeswholesaler.com\/wp-content\/uploads\/2025\/03\/Wholesale-OKSO-Shisha-Max-40K-Disposable-Vape-7-150x150.webp 150w, https:\/\/www.vapeswholesaler.com\/wp-content\/uploads\/2025\/03\/Wholesale-OKSO-Shisha-Max-40K-Disposable-Vape-7-768x768.webp 768w, https:\/\/www.vapeswholesaler.com\/wp-content\/uploads\/2025\/03\/Wholesale-OKSO-Shisha-Max-40K-Disposable-Vape-7-12x12.webp 12w, https:\/\/www.vapeswholesaler.com\/wp-content\/uploads\/2025\/03\/Wholesale-OKSO-Shisha-Max-40K-Disposable-Vape-7-247x247.webp 247w, https:\/\/www.vapeswholesaler.com\/wp-content\/uploads\/2025\/03\/Wholesale-OKSO-Shisha-Max-40K-Disposable-Vape-7-510x510.webp 510w, https:\/\/www.vapeswholesaler.com\/wp-content\/uploads\/2025\/03\/Wholesale-OKSO-Shisha-Max-40K-Disposable-Vape-7-100x100.webp 100w\" sizes=\"auto, (max-width: 1000px) 100vw, 1000px\" \/><figcaption id=\"caption-attachment-22225\" class=\"wp-caption-text\">Partihandel OKSO Shisha Max 40K Eng\u00e5ngs Vape 7<\/figcaption><\/figure>\n<p>&nbsp;<\/p>","protected":false},"excerpt":{"rendered":"<p>Minsta orderkvantitet: <strong>50 st<\/strong> (Blanda smaker) <strong>Fri frakt<\/strong><\/p>\n<p>(<strong>0%, 2%, 3%, 5% Nic<\/strong>)<\/p>","protected":false},"featured_media":22236,"comment_status":"open","ping_status":"closed","template":"","meta":[],"product_cat":[15],"product_tag":[365,395],"class_list":{"0":"post-22237","1":"product","2":"type-product","3":"status-publish","4":"has-post-thumbnail","6":"product_cat-disposable-vape","7":"product_tag-40000-puffs","8":"product_tag-okso","9":"product_brand-okso","11":"first","12":"instock","13":"shipping-taxable","14":"purchasable","15":"product-type-variable","16":"has-default-attributes"},"aioseo_notices":[],"_links":{"self":[{"href":"https:\/\/www.vapeswholesaler.com\/sv\/wp-json\/wp\/v2\/product\/22237","targetHints":{"allow":["GET"]}}],"collection":[{"href":"https:\/\/www.vapeswholesaler.com\/sv\/wp-json\/wp\/v2\/product"}],"about":[{"href":"https:\/\/www.vapeswholesaler.com\/sv\/wp-json\/wp\/v2\/types\/product"}],"replies":[{"embeddable":true,"href":"https:\/\/www.vapeswholesaler.com\/sv\/wp-json\/wp\/v2\/comments?post=22237"}],"wp:featuredmedia":[{"embeddable":true,"href":"https:\/\/www.vapeswholesaler.com\/sv\/wp-json\/wp\/v2\/media\/22236"}],"wp:attachment":[{"href":"https:\/\/www.vapeswholesaler.com\/sv\/wp-json\/wp\/v2\/media?parent=22237"}],"wp:term":[{"taxonomy":"product_cat","embeddable":true,"href":"https:\/\/www.vapeswholesaler.com\/sv\/wp-json\/wp\/v2\/product_cat?post=22237"},{"taxonomy":"product_tag","embeddable":true,"href":"https:\/\/www.vapeswholesaler.com\/sv\/wp-json\/wp\/v2\/product_tag?post=22237"}],"curies":[{"name":"wp","href":"https:\/\/api.w.org\/{rel}","templated":true}]}}