{"id":22207,"date":"2025-03-20T11:57:54","date_gmt":"2025-03-20T03:57:54","guid":{"rendered":"https:\/\/www.vapeswholesaler.com\/?post_type=product&#038;p=22207"},"modified":"2025-05-08T14:44:23","modified_gmt":"2025-05-08T06:44:23","slug":"grossist-okso-shisha-vattenpipa-mega-50k-engangs-vape","status":"publish","type":"product","link":"https:\/\/www.vapeswholesaler.com\/sv\/produkt\/grossist-okso-shisha-vattenpipa-mega-50k-engangs-vape","title":{"rendered":"Partihandel OKSO Shisha Hookah Mega 50K eng\u00e5ngsvape"},"content":{"rendered":"<p><a href=\"https:\/\/www.vapeswholesaler.com\/sv\/produkt_varumarke\/okso\/\">OKSO<\/a> Shisha Hookah Mega 50K Puffs \u00e4r en av de senaste DTL-lungvapnande eng\u00e5ngs e-cigaretterna, den h\u00e4r produkten \u00e4r vackert formad och dimensionerad f\u00f6r att passa en m\u00e4ngd olika konsumenter, vi anv\u00e4nder en tv\u00e5f\u00e4rgad m\u00f6gel p\u00e5 utsidan av v\u00e5ra produkter och anv\u00e4nder kristall p\u00e5 utsidan f\u00f6r att f\u00e5 produkten att se kristallklar, ren och hygienisk ut och f\u00e5 produkten att se ut och k\u00e4nna sig h\u00f6gkvalitativ f\u00f6r alltid.<\/p>\n<p>Produkten \u00e4r utrustad med Triple Mesh-spole, och vi f\u00f6rfyllde 40ML vapeolja f\u00f6re leverans, produktens stora kapacitet kan g\u00f6ra att produkten h\u00e5ller l\u00e4ngre, och den levereras med 1100mah inbyggt batteri av h\u00f6g kvalitet, och anv\u00e4ndare kan anv\u00e4nda det internationella universella Type-C-gr\u00e4nssnittet f\u00f6r att ladda dina favoritenheter n\u00e4r som helst och var som helst. \u00c5 andra sidan, f\u00f6r att till\u00e5ta anv\u00e4ndare att observera produktens status n\u00e4r som helst, \u00e4r vi utrustade med en elektronisk display, genom att observera de elektroniska displaydata kan du k\u00e4nna produkten som baksidan av din hand.<\/p>\n<p>Denna produkt erbjuder 10 b\u00e4st smakande smaker, varje smak \u00e4r resultatet av tiotusentals st\u00e4ndiga tester av v\u00e5ra ingenj\u00f6rer, och med 0%, 2%, 3%, 5% nikotininneh\u00e5ll tillg\u00e4ngligt f\u00f6r kunder att v\u00e4lja, hoppas vi att v\u00e5ra kunder gillar det. Vi ser fram emot att vara din partner, alla kunder kan g\u00f6ra en best\u00e4llning direkt p\u00e5 v\u00e5r webbplats, v\u00e5r minsta best\u00e4llning \u00e4r bara 50st, och leveranstiden till de flesta europeiska l\u00e4nder \u00e4r bara cirka 2 veckor.<\/p>\n<h2><strong><a href=\"https:\/\/www.facebook.com\/fred.luo.58\/\">OKSO<\/a> Shisha Hookah Mega 50K eng\u00e5ngsvape Detaljer:<\/strong><\/h2>\n<ul>\n<li>Puffar: 50000puffar<\/li>\n<li>K\u00e4rna: Spole med tredubbelt n\u00e4t<\/li>\n<li>E-v\u00e4tska:40ml<\/li>\n<li>Nicotine:0%\/2%\/3%\/5%<\/li>\n<li>Batteri: 1100mah<\/li>\n<li>Laddningsbar:Typ-C<\/li>\n<li>LED-display<\/li>\n<li>Justerbart luftfl\u00f6de<\/li>\n<li>Produktvikt: 141g\/st<\/li>\n<li>Produktstorlek: 43*43*135mm<\/li>\n<li>Kartongstorlek: 465*428*235mm<\/li>\n<li>ANTAL: 150 st\/ctn, 10 st\/box<\/li>\n<li>Vikt: 22,2 kg<\/li>\n<\/ul>\n<h2><strong>Smaker\uff1a<\/strong><\/h2>\n<ol>\n<li>Lush Ice<\/li>\n<li>Tv\u00e5 \u00e4pplen<\/li>\n<li>Jordgubb Vattenmelon Bubblegum<\/li>\n<li>Persika is<\/li>\n<li>Bl\u00e5b\u00e4r Hallon K\u00f6rsb\u00e4r<\/li>\n<li>K\u00e4rlek 66<\/li>\n<li>Mango is<\/li>\n<li>Jordgubb Kiwi<\/li>\n<li>Lady Killa<\/li>\n<li>Grape Ice<\/li>\n<\/ol>\n<h2><strong>F\u00f6rpackningslista:<\/strong><\/h2>\n<p>1 st per styck Enstaka l\u00e5da<br \/>\n10 st varje Mellanl\u00e5da<br \/>\n150 st per kartong<\/p>\n<figure id=\"attachment_22184\" aria-describedby=\"caption-attachment-22184\" style=\"width: 1000px\" class=\"wp-caption alignnone\"><img loading=\"lazy\" decoding=\"async\" class=\"wp-image-22184 size-full\" title=\"Partihandel OKSO Shisha Hookah Mega 50K Eng\u00e5ngs Vape 2\" src=\"https:\/\/www.vapeswholesaler.com\/wp-content\/uploads\/2025\/03\/Wholesale-OKSO-Shisha-Hookah-Mega-50K-Disposable-Vape-2.webp\" alt=\"Partihandel OKSO Shisha Hookah Mega 50K Eng\u00e5ngs Vape 2\" width=\"1000\" height=\"1000\" srcset=\"https:\/\/www.vapeswholesaler.com\/wp-content\/uploads\/2025\/03\/Wholesale-OKSO-Shisha-Hookah-Mega-50K-Disposable-Vape-2.webp 1000w, https:\/\/www.vapeswholesaler.com\/wp-content\/uploads\/2025\/03\/Wholesale-OKSO-Shisha-Hookah-Mega-50K-Disposable-Vape-2-300x300.webp 300w, https:\/\/www.vapeswholesaler.com\/wp-content\/uploads\/2025\/03\/Wholesale-OKSO-Shisha-Hookah-Mega-50K-Disposable-Vape-2-150x150.webp 150w, https:\/\/www.vapeswholesaler.com\/wp-content\/uploads\/2025\/03\/Wholesale-OKSO-Shisha-Hookah-Mega-50K-Disposable-Vape-2-768x768.webp 768w, https:\/\/www.vapeswholesaler.com\/wp-content\/uploads\/2025\/03\/Wholesale-OKSO-Shisha-Hookah-Mega-50K-Disposable-Vape-2-12x12.webp 12w, https:\/\/www.vapeswholesaler.com\/wp-content\/uploads\/2025\/03\/Wholesale-OKSO-Shisha-Hookah-Mega-50K-Disposable-Vape-2-247x247.webp 247w, https:\/\/www.vapeswholesaler.com\/wp-content\/uploads\/2025\/03\/Wholesale-OKSO-Shisha-Hookah-Mega-50K-Disposable-Vape-2-510x510.webp 510w, https:\/\/www.vapeswholesaler.com\/wp-content\/uploads\/2025\/03\/Wholesale-OKSO-Shisha-Hookah-Mega-50K-Disposable-Vape-2-100x100.webp 100w\" sizes=\"auto, (max-width: 1000px) 100vw, 1000px\" \/><figcaption id=\"caption-attachment-22184\" class=\"wp-caption-text\">Partihandel OKSO Shisha Hookah Mega 50K Eng\u00e5ngs Vape 2<\/figcaption><\/figure>\n<figure id=\"attachment_22183\" aria-describedby=\"caption-attachment-22183\" style=\"width: 1000px\" class=\"wp-caption alignnone\"><img loading=\"lazy\" decoding=\"async\" class=\"wp-image-22183 size-full\" title=\"Partihandel OKSO Shisha Hookah Mega 50K Eng\u00e5ngs Vape 1\" src=\"https:\/\/www.vapeswholesaler.com\/wp-content\/uploads\/2025\/03\/Wholesale-OKSO-Shisha-Hookah-Mega-50K-Disposable-Vape-1.webp\" alt=\"Partihandel OKSO Shisha Hookah Mega 50K Eng\u00e5ngs Vape 1\" width=\"1000\" height=\"1000\" srcset=\"https:\/\/www.vapeswholesaler.com\/wp-content\/uploads\/2025\/03\/Wholesale-OKSO-Shisha-Hookah-Mega-50K-Disposable-Vape-1.webp 1000w, https:\/\/www.vapeswholesaler.com\/wp-content\/uploads\/2025\/03\/Wholesale-OKSO-Shisha-Hookah-Mega-50K-Disposable-Vape-1-300x300.webp 300w, https:\/\/www.vapeswholesaler.com\/wp-content\/uploads\/2025\/03\/Wholesale-OKSO-Shisha-Hookah-Mega-50K-Disposable-Vape-1-150x150.webp 150w, https:\/\/www.vapeswholesaler.com\/wp-content\/uploads\/2025\/03\/Wholesale-OKSO-Shisha-Hookah-Mega-50K-Disposable-Vape-1-768x768.webp 768w, https:\/\/www.vapeswholesaler.com\/wp-content\/uploads\/2025\/03\/Wholesale-OKSO-Shisha-Hookah-Mega-50K-Disposable-Vape-1-12x12.webp 12w, https:\/\/www.vapeswholesaler.com\/wp-content\/uploads\/2025\/03\/Wholesale-OKSO-Shisha-Hookah-Mega-50K-Disposable-Vape-1-247x247.webp 247w, https:\/\/www.vapeswholesaler.com\/wp-content\/uploads\/2025\/03\/Wholesale-OKSO-Shisha-Hookah-Mega-50K-Disposable-Vape-1-510x510.webp 510w, https:\/\/www.vapeswholesaler.com\/wp-content\/uploads\/2025\/03\/Wholesale-OKSO-Shisha-Hookah-Mega-50K-Disposable-Vape-1-100x100.webp 100w\" sizes=\"auto, (max-width: 1000px) 100vw, 1000px\" \/><figcaption id=\"caption-attachment-22183\" class=\"wp-caption-text\">Partihandel OKSO Shisha Hookah Mega 50K Eng\u00e5ngs Vape 1<\/figcaption><\/figure>","protected":false},"excerpt":{"rendered":"<p>Minsta orderkvantitet: <strong>50 st<\/strong> (Blanda smaker) <strong>Fri frakt<\/strong><\/p>\n<p>(0%, 2%, 3%, 5% Nic)<\/p>","protected":false},"featured_media":22205,"comment_status":"open","ping_status":"closed","template":"","meta":[],"product_cat":[15],"product_tag":[366,395],"class_list":{"0":"post-22207","1":"product","2":"type-product","3":"status-publish","4":"has-post-thumbnail","6":"product_cat-disposable-vape","7":"product_tag-50000-puffs","8":"product_tag-okso","9":"product_brand-okso","11":"first","12":"instock","13":"shipping-taxable","14":"purchasable","15":"product-type-variable","16":"has-default-attributes"},"aioseo_notices":[],"_links":{"self":[{"href":"https:\/\/www.vapeswholesaler.com\/sv\/wp-json\/wp\/v2\/product\/22207","targetHints":{"allow":["GET"]}}],"collection":[{"href":"https:\/\/www.vapeswholesaler.com\/sv\/wp-json\/wp\/v2\/product"}],"about":[{"href":"https:\/\/www.vapeswholesaler.com\/sv\/wp-json\/wp\/v2\/types\/product"}],"replies":[{"embeddable":true,"href":"https:\/\/www.vapeswholesaler.com\/sv\/wp-json\/wp\/v2\/comments?post=22207"}],"wp:featuredmedia":[{"embeddable":true,"href":"https:\/\/www.vapeswholesaler.com\/sv\/wp-json\/wp\/v2\/media\/22205"}],"wp:attachment":[{"href":"https:\/\/www.vapeswholesaler.com\/sv\/wp-json\/wp\/v2\/media?parent=22207"}],"wp:term":[{"taxonomy":"product_cat","embeddable":true,"href":"https:\/\/www.vapeswholesaler.com\/sv\/wp-json\/wp\/v2\/product_cat?post=22207"},{"taxonomy":"product_tag","embeddable":true,"href":"https:\/\/www.vapeswholesaler.com\/sv\/wp-json\/wp\/v2\/product_tag?post=22207"}],"curies":[{"name":"wp","href":"https:\/\/api.w.org\/{rel}","templated":true}]}}