{"id":22107,"date":"2025-03-08T17:04:32","date_gmt":"2025-03-08T09:04:32","guid":{"rendered":"https:\/\/www.vapeswholesaler.com\/?post_type=product&#038;p=22107"},"modified":"2025-05-14T10:43:45","modified_gmt":"2025-05-14T02:43:45","slug":"grossist-uwin-shisha-kristall-20k-engangs-vape","status":"publish","type":"product","link":"https:\/\/www.vapeswholesaler.com\/sv\/produkt\/grossist-uwin-shisha-kristall-20k-engangs-vape","title":{"rendered":"Partihandel Uwin Shisha Crystal 20K eng\u00e5ngsvape"},"content":{"rendered":"<p><a href=\"https:\/\/www.vapeswholesaler.com\/sv\/produkt_varumarke\/uwin\/\">Uwin<\/a> Shisha Crystal 20K Puffs \uff0c Intensiv direkt inandning, vilket ger den ultimata molnupplevelsen. med 20.000 puffar, upplev en o\u00f6vertr\u00e4ffad resa av smak och tillfredsst\u00e4llelse fr\u00e5n b\u00f6rjan till slut. Varje dragning ger en konsekvent, l\u00e5ngvarig sensorisk upplevelse som g\u00f6r att du kommer tillbaka f\u00f6r mer. Oavsett om du s\u00f6ker en rik smak eller mjuka, tillfredsst\u00e4llande moln, s\u00e4kerst\u00e4ller denna vape att varje puff \u00e4r lika trevlig som den sista.<\/p>\n<p>It is one of an Unforgettable Flavor Journey, from the very first inhale to the last, indulge in a long-lasting experience of rich flavors and pure satisfaction. Every puff is a step into ultimate sensory pleasure. Welcome to become a customer of <a href=\"https:\/\/www.vapeswholesaler.com\/sv\/\">vapesgrossist<\/a> \u00e4r v\u00e5r service aggressiv och skickar ut varje paket fr\u00e5n v\u00e5ra kunder s\u00e5 snabbt som m\u00f6jligt.<\/p>\n<h2><strong><a href=\"https:\/\/www.facebook.com\/fred.luo.58\/\">Uwin<\/a> Shisha Crystal 20K Features:<\/strong><\/h2>\n<ul>\n<li>0% 2% 3% 5% Nikotin<\/li>\n<li>Puffar:20000<\/li>\n<li>Kapacitet:22ml<\/li>\n<li>12 tillg\u00e4ngliga smaker<\/li>\n<li>650 mAh Uppladdningsbar kobolt typ C-port<\/li>\n<li>Spole :N\u00e4tspole<\/li>\n<li>SMOK DIREKT TILL LUNGA(DTL)<\/li>\n<\/ul>\n<h2><strong>Smak\u00e4mnen:<\/strong><\/h2>\n<ol>\n<li>Bl\u00e5b\u00e4r p\u00e5 is<\/li>\n<li>Kiwi passionsfrukt guava<\/li>\n<li>Jordgubb kiwi<\/li>\n<li>Blandade b\u00e4r<\/li>\n<li>Jordgubbar vattenmelon<\/li>\n<li>Druv-is<\/li>\n<li>Vattenmelon-is<\/li>\n<li>K\u00f6rsb\u00e4rsis<\/li>\n<li>Jordgubbsis<\/li>\n<li>Persika is<\/li>\n<li>Bl\u00e5b\u00e4r hallon<\/li>\n<li>K\u00e4rlek 66<\/li>\n<\/ol>\n<h2><strong>F\u00f6rpackningslista:<\/strong><\/h2>\n<p>1 st per styck Enstaka l\u00e5da<br \/>\n10 st \/Box<br \/>\n200 st \/Kartong<br \/>\nvarje kartong:21,5 kg<br \/>\nKartongstorlek: 39,5*39*30,5CM<\/p>\n<figure id=\"attachment_22094\" aria-describedby=\"caption-attachment-22094\" style=\"width: 1200px\" class=\"wp-caption alignnone\"><img loading=\"lazy\" decoding=\"async\" class=\"wp-image-22094 size-full\" title=\"Partihandel Uwin Shisha Hookah Crystal 20K Eng\u00e5ngs Vape 6\" src=\"https:\/\/www.vapeswholesaler.com\/wp-content\/uploads\/2025\/03\/Wholesale-Uwin-Shisha-Hookah-Crystal-20K-Disposable-Vape-6.webp\" alt=\"Partihandel Uwin Shisha Hookah Crystal 20K Eng\u00e5ngs Vape 6\" width=\"1200\" height=\"800\" srcset=\"https:\/\/www.vapeswholesaler.com\/wp-content\/uploads\/2025\/03\/Wholesale-Uwin-Shisha-Hookah-Crystal-20K-Disposable-Vape-6.webp 1200w, https:\/\/www.vapeswholesaler.com\/wp-content\/uploads\/2025\/03\/Wholesale-Uwin-Shisha-Hookah-Crystal-20K-Disposable-Vape-6-300x200.webp 300w, https:\/\/www.vapeswholesaler.com\/wp-content\/uploads\/2025\/03\/Wholesale-Uwin-Shisha-Hookah-Crystal-20K-Disposable-Vape-6-1024x683.webp 1024w, https:\/\/www.vapeswholesaler.com\/wp-content\/uploads\/2025\/03\/Wholesale-Uwin-Shisha-Hookah-Crystal-20K-Disposable-Vape-6-768x512.webp 768w, https:\/\/www.vapeswholesaler.com\/wp-content\/uploads\/2025\/03\/Wholesale-Uwin-Shisha-Hookah-Crystal-20K-Disposable-Vape-6-18x12.webp 18w, https:\/\/www.vapeswholesaler.com\/wp-content\/uploads\/2025\/03\/Wholesale-Uwin-Shisha-Hookah-Crystal-20K-Disposable-Vape-6-510x340.webp 510w\" sizes=\"auto, (max-width: 1200px) 100vw, 1200px\" \/><figcaption id=\"caption-attachment-22094\" class=\"wp-caption-text\">Wholesale Uwin Shisha Hookah Crystal 20K Disposable Vape<\/figcaption><\/figure>\n<figure id=\"attachment_22092\" aria-describedby=\"caption-attachment-22092\" style=\"width: 1200px\" class=\"wp-caption alignnone\"><img loading=\"lazy\" decoding=\"async\" class=\"wp-image-22092 size-full\" title=\"Partihandel Uwin Shisha Hookah Crystal 20K Eng\u00e5ngs Vape 4\" src=\"https:\/\/www.vapeswholesaler.com\/wp-content\/uploads\/2025\/03\/Wholesale-Uwin-Shisha-Hookah-Crystal-20K-Disposable-Vape-4.webp\" alt=\"Partihandel Uwin Shisha Hookah Crystal 20K Eng\u00e5ngs Vape 4\" width=\"1200\" height=\"960\" srcset=\"https:\/\/www.vapeswholesaler.com\/wp-content\/uploads\/2025\/03\/Wholesale-Uwin-Shisha-Hookah-Crystal-20K-Disposable-Vape-4.webp 1200w, https:\/\/www.vapeswholesaler.com\/wp-content\/uploads\/2025\/03\/Wholesale-Uwin-Shisha-Hookah-Crystal-20K-Disposable-Vape-4-300x240.webp 300w, https:\/\/www.vapeswholesaler.com\/wp-content\/uploads\/2025\/03\/Wholesale-Uwin-Shisha-Hookah-Crystal-20K-Disposable-Vape-4-1024x819.webp 1024w, https:\/\/www.vapeswholesaler.com\/wp-content\/uploads\/2025\/03\/Wholesale-Uwin-Shisha-Hookah-Crystal-20K-Disposable-Vape-4-768x614.webp 768w, https:\/\/www.vapeswholesaler.com\/wp-content\/uploads\/2025\/03\/Wholesale-Uwin-Shisha-Hookah-Crystal-20K-Disposable-Vape-4-15x12.webp 15w, https:\/\/www.vapeswholesaler.com\/wp-content\/uploads\/2025\/03\/Wholesale-Uwin-Shisha-Hookah-Crystal-20K-Disposable-Vape-4-510x408.webp 510w\" sizes=\"auto, (max-width: 1200px) 100vw, 1200px\" \/><figcaption id=\"caption-attachment-22092\" class=\"wp-caption-text\">Wholesale Uwin Shisha Hookah Crystal 20K Disposable Vape<\/figcaption><\/figure>\n<figure id=\"attachment_22090\" aria-describedby=\"caption-attachment-22090\" style=\"width: 1200px\" class=\"wp-caption alignnone\"><img loading=\"lazy\" decoding=\"async\" class=\"wp-image-22090 size-full\" title=\"Partihandel Uwin Shisha Hookah Crystal 20K Eng\u00e5ngs Vape 2\" src=\"https:\/\/www.vapeswholesaler.com\/wp-content\/uploads\/2025\/03\/Wholesale-Uwin-Shisha-Hookah-Crystal-20K-Disposable-Vape-2.webp\" alt=\"Partihandel Uwin Shisha Hookah Crystal 20K Eng\u00e5ngs Vape 2\" width=\"1200\" height=\"1200\" srcset=\"https:\/\/www.vapeswholesaler.com\/wp-content\/uploads\/2025\/03\/Wholesale-Uwin-Shisha-Hookah-Crystal-20K-Disposable-Vape-2.webp 1200w, https:\/\/www.vapeswholesaler.com\/wp-content\/uploads\/2025\/03\/Wholesale-Uwin-Shisha-Hookah-Crystal-20K-Disposable-Vape-2-300x300.webp 300w, https:\/\/www.vapeswholesaler.com\/wp-content\/uploads\/2025\/03\/Wholesale-Uwin-Shisha-Hookah-Crystal-20K-Disposable-Vape-2-1024x1024.webp 1024w, https:\/\/www.vapeswholesaler.com\/wp-content\/uploads\/2025\/03\/Wholesale-Uwin-Shisha-Hookah-Crystal-20K-Disposable-Vape-2-150x150.webp 150w, https:\/\/www.vapeswholesaler.com\/wp-content\/uploads\/2025\/03\/Wholesale-Uwin-Shisha-Hookah-Crystal-20K-Disposable-Vape-2-768x768.webp 768w, https:\/\/www.vapeswholesaler.com\/wp-content\/uploads\/2025\/03\/Wholesale-Uwin-Shisha-Hookah-Crystal-20K-Disposable-Vape-2-12x12.webp 12w, https:\/\/www.vapeswholesaler.com\/wp-content\/uploads\/2025\/03\/Wholesale-Uwin-Shisha-Hookah-Crystal-20K-Disposable-Vape-2-247x247.webp 247w, https:\/\/www.vapeswholesaler.com\/wp-content\/uploads\/2025\/03\/Wholesale-Uwin-Shisha-Hookah-Crystal-20K-Disposable-Vape-2-510x510.webp 510w, https:\/\/www.vapeswholesaler.com\/wp-content\/uploads\/2025\/03\/Wholesale-Uwin-Shisha-Hookah-Crystal-20K-Disposable-Vape-2-100x100.webp 100w\" sizes=\"auto, (max-width: 1200px) 100vw, 1200px\" \/><figcaption id=\"caption-attachment-22090\" class=\"wp-caption-text\">Partihandel Uwin Shisha Hookah Crystal 20K Eng\u00e5ngs Vape 2<\/figcaption><\/figure>\n<p>&nbsp;<\/p>","protected":false},"excerpt":{"rendered":"<p>Minsta orderkvantitet: <strong>50 st<\/strong>\u00a0(Blanda smaker) Fri frakt<\/p>\n<p>(<strong>0%,2%, 3%,5% Nic<\/strong>)<\/p>","protected":false},"featured_media":22089,"comment_status":"open","ping_status":"closed","template":"","meta":[],"product_cat":[15],"product_tag":[100,122,386],"class_list":{"0":"post-22107","1":"product","2":"type-product","3":"status-publish","4":"has-post-thumbnail","6":"product_cat-disposable-vape","7":"product_tag-20000-puffs","8":"product_tag-crystal-disposable-vape","9":"product_tag-uwin","10":"product_brand-uwin","12":"first","13":"instock","14":"shipping-taxable","15":"purchasable","16":"product-type-variable","17":"has-default-attributes"},"aioseo_notices":[],"_links":{"self":[{"href":"https:\/\/www.vapeswholesaler.com\/sv\/wp-json\/wp\/v2\/product\/22107","targetHints":{"allow":["GET"]}}],"collection":[{"href":"https:\/\/www.vapeswholesaler.com\/sv\/wp-json\/wp\/v2\/product"}],"about":[{"href":"https:\/\/www.vapeswholesaler.com\/sv\/wp-json\/wp\/v2\/types\/product"}],"replies":[{"embeddable":true,"href":"https:\/\/www.vapeswholesaler.com\/sv\/wp-json\/wp\/v2\/comments?post=22107"}],"wp:featuredmedia":[{"embeddable":true,"href":"https:\/\/www.vapeswholesaler.com\/sv\/wp-json\/wp\/v2\/media\/22089"}],"wp:attachment":[{"href":"https:\/\/www.vapeswholesaler.com\/sv\/wp-json\/wp\/v2\/media?parent=22107"}],"wp:term":[{"taxonomy":"product_cat","embeddable":true,"href":"https:\/\/www.vapeswholesaler.com\/sv\/wp-json\/wp\/v2\/product_cat?post=22107"},{"taxonomy":"product_tag","embeddable":true,"href":"https:\/\/www.vapeswholesaler.com\/sv\/wp-json\/wp\/v2\/product_tag?post=22107"}],"curies":[{"name":"wp","href":"https:\/\/api.w.org\/{rel}","templated":true}]}}