{"id":22077,"date":"2025-03-08T15:56:00","date_gmt":"2025-03-08T07:56:00","guid":{"rendered":"https:\/\/www.vapeswholesaler.com\/?post_type=product&#038;p=22077"},"modified":"2025-05-08T14:44:18","modified_gmt":"2025-05-08T06:44:18","slug":"wholesale-uwin-twins-crystal-40k-disposable-vape","status":"publish","type":"product","link":"https:\/\/www.vapeswholesaler.com\/sv\/produkt\/wholesale-uwin-twins-crystal-40k-disposable-vape","title":{"rendered":"Partihandel Uwin Twins Crystal 40k eng\u00e5ngsvape"},"content":{"rendered":"<p><a href=\"https:\/\/www.vapeswholesaler.com\/sv\/produkt_varumarke\/uwin\/\">Uwin<\/a> Twins Crystal 40k delivers an extended vaping experience, ensuring every inhale is packed with rich flavor and ultimate satisfaction. the screen display is clear and easy to read, users can monitor the battery power and e-liquid usage in real time. it come with 850 mAh Rechargeable cobalt type-c port, experience up to about 40000 puffs with its high capacity 32ml pre-filled e-liquid.<\/p>\n<p>It is seamlessly blends metallic luster with an acrylic finish, ergonomic, compact, and stylish, designed for both comfort and aesthetics, delivering a striking visual appeal. Every use offers a refined and unique sensory experience.<\/p>\n<p>And this product come with 12 Kinds of dual flavors at your disposal, select from a range of options to perfectly match your mood and enhance your vaping pleasure. Welcome to become a customer of <a href=\"https:\/\/www.vapeswholesaler.com\/sv\/\">vapesgrossist<\/a> \u00e4r v\u00e5r service aggressiv och skickar ut varje paket fr\u00e5n v\u00e5ra kunder s\u00e5 snabbt som m\u00f6jligt.<\/p>\n<h2><strong><a href=\"https:\/\/www.facebook.com\/fred.luo.58\/\">Uwin<\/a> Twins Crystal 40k details:<\/strong><\/h2>\n<ul>\n<li>Model name: Uwin Twins Crystal 40k<\/li>\n<li>0% 2% 3% 5% Nikotin<\/li>\n<li>Puffs:40K<\/li>\n<li>Capacity:32ml<\/li>\n<li>10*2 flavors available<\/li>\n<li>850 mAh Rechargeable cobalt type-c port<\/li>\n<li>Spole :N\u00e4tspole<\/li>\n<\/ul>\n<h2><strong>Flavors List :<\/strong><\/h2>\n<ol>\n<li>Blueberry On Ice &amp; Summer Peach Ice<\/li>\n<li>Kiwi Passion Fruit Guava &amp; Blueberry Raspberry<\/li>\n<li>Jordgubb Kiwi &amp; Druva Is<\/li>\n<li>Kiwi Passion Fruit Guava &amp; Two Apple<\/li>\n<li>Strawberry Watermelon *Lemon Lime<\/li>\n<li>Blueberry Raspberry &amp; Cherry Ice<\/li>\n<li>Strawberry Raspberry Cherry &amp; Mr Blue<\/li>\n<li>Peach Mango Pineapple &amp; Red Bull<\/li>\n<li>Watermelon Ice &amp; Mixed Berries<\/li>\n<li>Strawberry Banana &amp; Love 66\uff08Passion Fruit Melon Ice\uff09<\/li>\n<\/ol>\n<h2><strong>F\u00f6rpackningslista:<\/strong><\/h2>\n<p>1 st per styck Enstaka l\u00e5da<br \/>\n10 st \/Box<br \/>\n200 st \/Kartong<br \/>\neach carton: 22.5kg<\/p>\n<figure id=\"attachment_22058\" aria-describedby=\"caption-attachment-22058\" style=\"width: 1200px\" class=\"wp-caption alignnone\"><img loading=\"lazy\" decoding=\"async\" class=\"wp-image-22058 size-full\" title=\"Wholesale Uwin Twins Crystal 40k Disposable Vape 4\" src=\"https:\/\/www.vapeswholesaler.com\/wp-content\/uploads\/2025\/03\/Wholesale-Uwin-Twins-Crystal-40k-Disposable-Vape-4.webp\" alt=\"Wholesale Uwin Twins Crystal 40k Disposable Vape 4\" width=\"1200\" height=\"1200\" srcset=\"https:\/\/www.vapeswholesaler.com\/wp-content\/uploads\/2025\/03\/Wholesale-Uwin-Twins-Crystal-40k-Disposable-Vape-4.webp 1200w, https:\/\/www.vapeswholesaler.com\/wp-content\/uploads\/2025\/03\/Wholesale-Uwin-Twins-Crystal-40k-Disposable-Vape-4-300x300.webp 300w, https:\/\/www.vapeswholesaler.com\/wp-content\/uploads\/2025\/03\/Wholesale-Uwin-Twins-Crystal-40k-Disposable-Vape-4-1024x1024.webp 1024w, https:\/\/www.vapeswholesaler.com\/wp-content\/uploads\/2025\/03\/Wholesale-Uwin-Twins-Crystal-40k-Disposable-Vape-4-150x150.webp 150w, https:\/\/www.vapeswholesaler.com\/wp-content\/uploads\/2025\/03\/Wholesale-Uwin-Twins-Crystal-40k-Disposable-Vape-4-768x768.webp 768w, https:\/\/www.vapeswholesaler.com\/wp-content\/uploads\/2025\/03\/Wholesale-Uwin-Twins-Crystal-40k-Disposable-Vape-4-12x12.webp 12w, https:\/\/www.vapeswholesaler.com\/wp-content\/uploads\/2025\/03\/Wholesale-Uwin-Twins-Crystal-40k-Disposable-Vape-4-247x247.webp 247w, https:\/\/www.vapeswholesaler.com\/wp-content\/uploads\/2025\/03\/Wholesale-Uwin-Twins-Crystal-40k-Disposable-Vape-4-510x510.webp 510w, https:\/\/www.vapeswholesaler.com\/wp-content\/uploads\/2025\/03\/Wholesale-Uwin-Twins-Crystal-40k-Disposable-Vape-4-100x100.webp 100w\" sizes=\"auto, (max-width: 1200px) 100vw, 1200px\" \/><figcaption id=\"caption-attachment-22058\" class=\"wp-caption-text\">Partihandel Uwin Twins Crystal 40k eng\u00e5ngsvape<\/figcaption><\/figure>\n<figure id=\"attachment_22064\" aria-describedby=\"caption-attachment-22064\" style=\"width: 1200px\" class=\"wp-caption alignnone\"><img loading=\"lazy\" decoding=\"async\" class=\"wp-image-22064 size-full\" title=\"Wholesale Uwin Twins Crystal 40k Disposable Vape 10\" src=\"https:\/\/www.vapeswholesaler.com\/wp-content\/uploads\/2025\/03\/Wholesale-Uwin-Twins-Crystal-40k-Disposable-Vape-10.webp\" alt=\"Wholesale Uwin Twins Crystal 40k Disposable Vape 10\" width=\"1200\" height=\"1200\" srcset=\"https:\/\/www.vapeswholesaler.com\/wp-content\/uploads\/2025\/03\/Wholesale-Uwin-Twins-Crystal-40k-Disposable-Vape-10.webp 1200w, https:\/\/www.vapeswholesaler.com\/wp-content\/uploads\/2025\/03\/Wholesale-Uwin-Twins-Crystal-40k-Disposable-Vape-10-300x300.webp 300w, https:\/\/www.vapeswholesaler.com\/wp-content\/uploads\/2025\/03\/Wholesale-Uwin-Twins-Crystal-40k-Disposable-Vape-10-1024x1024.webp 1024w, https:\/\/www.vapeswholesaler.com\/wp-content\/uploads\/2025\/03\/Wholesale-Uwin-Twins-Crystal-40k-Disposable-Vape-10-150x150.webp 150w, https:\/\/www.vapeswholesaler.com\/wp-content\/uploads\/2025\/03\/Wholesale-Uwin-Twins-Crystal-40k-Disposable-Vape-10-768x768.webp 768w, https:\/\/www.vapeswholesaler.com\/wp-content\/uploads\/2025\/03\/Wholesale-Uwin-Twins-Crystal-40k-Disposable-Vape-10-12x12.webp 12w, https:\/\/www.vapeswholesaler.com\/wp-content\/uploads\/2025\/03\/Wholesale-Uwin-Twins-Crystal-40k-Disposable-Vape-10-247x247.webp 247w, https:\/\/www.vapeswholesaler.com\/wp-content\/uploads\/2025\/03\/Wholesale-Uwin-Twins-Crystal-40k-Disposable-Vape-10-510x510.webp 510w, https:\/\/www.vapeswholesaler.com\/wp-content\/uploads\/2025\/03\/Wholesale-Uwin-Twins-Crystal-40k-Disposable-Vape-10-100x100.webp 100w\" sizes=\"auto, (max-width: 1200px) 100vw, 1200px\" \/><figcaption id=\"caption-attachment-22064\" class=\"wp-caption-text\">Partihandel Uwin Twins Crystal 40k eng\u00e5ngsvape<\/figcaption><\/figure>\n<figure id=\"attachment_22056\" aria-describedby=\"caption-attachment-22056\" style=\"width: 1200px\" class=\"wp-caption alignnone\"><img loading=\"lazy\" decoding=\"async\" class=\"wp-image-22056 size-full\" title=\"Wholesale Uwin Twins Crystal 40k Disposable Vape 2\" src=\"https:\/\/www.vapeswholesaler.com\/wp-content\/uploads\/2025\/03\/Wholesale-Uwin-Twins-Crystal-40k-Disposable-Vape-2.webp\" alt=\"Wholesale Uwin Twins Crystal 40k Disposable Vape 2\" width=\"1200\" height=\"1358\" srcset=\"https:\/\/www.vapeswholesaler.com\/wp-content\/uploads\/2025\/03\/Wholesale-Uwin-Twins-Crystal-40k-Disposable-Vape-2.webp 1200w, https:\/\/www.vapeswholesaler.com\/wp-content\/uploads\/2025\/03\/Wholesale-Uwin-Twins-Crystal-40k-Disposable-Vape-2-265x300.webp 265w, https:\/\/www.vapeswholesaler.com\/wp-content\/uploads\/2025\/03\/Wholesale-Uwin-Twins-Crystal-40k-Disposable-Vape-2-905x1024.webp 905w, https:\/\/www.vapeswholesaler.com\/wp-content\/uploads\/2025\/03\/Wholesale-Uwin-Twins-Crystal-40k-Disposable-Vape-2-768x869.webp 768w, https:\/\/www.vapeswholesaler.com\/wp-content\/uploads\/2025\/03\/Wholesale-Uwin-Twins-Crystal-40k-Disposable-Vape-2-11x12.webp 11w, https:\/\/www.vapeswholesaler.com\/wp-content\/uploads\/2025\/03\/Wholesale-Uwin-Twins-Crystal-40k-Disposable-Vape-2-510x577.webp 510w\" sizes=\"auto, (max-width: 1200px) 100vw, 1200px\" \/><figcaption id=\"caption-attachment-22056\" class=\"wp-caption-text\">Partihandel Uwin Twins Crystal 40k eng\u00e5ngsvape<\/figcaption><\/figure>","protected":false},"excerpt":{"rendered":"<p>Minsta orderkvantitet: <strong>50 st<\/strong>\u00a0(Blanda smaker) Fri frakt<\/p>\n<p>(<strong>0%,2%, 3%,5% Nic<\/strong>)<\/p>","protected":false},"featured_media":22055,"comment_status":"open","ping_status":"closed","template":"","meta":[],"product_cat":[15],"product_tag":[365,369,386],"class_list":{"0":"post-22077","1":"product","2":"type-product","3":"status-publish","4":"has-post-thumbnail","6":"product_cat-disposable-vape","7":"product_tag-40000-puffs","8":"product_tag-dual-flavors","9":"product_tag-uwin","10":"product_brand-uwin","12":"first","13":"instock","14":"shipping-taxable","15":"purchasable","16":"product-type-variable","17":"has-default-attributes"},"aioseo_notices":[],"_links":{"self":[{"href":"https:\/\/www.vapeswholesaler.com\/sv\/wp-json\/wp\/v2\/product\/22077","targetHints":{"allow":["GET"]}}],"collection":[{"href":"https:\/\/www.vapeswholesaler.com\/sv\/wp-json\/wp\/v2\/product"}],"about":[{"href":"https:\/\/www.vapeswholesaler.com\/sv\/wp-json\/wp\/v2\/types\/product"}],"replies":[{"embeddable":true,"href":"https:\/\/www.vapeswholesaler.com\/sv\/wp-json\/wp\/v2\/comments?post=22077"}],"wp:featuredmedia":[{"embeddable":true,"href":"https:\/\/www.vapeswholesaler.com\/sv\/wp-json\/wp\/v2\/media\/22055"}],"wp:attachment":[{"href":"https:\/\/www.vapeswholesaler.com\/sv\/wp-json\/wp\/v2\/media?parent=22077"}],"wp:term":[{"taxonomy":"product_cat","embeddable":true,"href":"https:\/\/www.vapeswholesaler.com\/sv\/wp-json\/wp\/v2\/product_cat?post=22077"},{"taxonomy":"product_tag","embeddable":true,"href":"https:\/\/www.vapeswholesaler.com\/sv\/wp-json\/wp\/v2\/product_tag?post=22077"}],"curies":[{"name":"wp","href":"https:\/\/api.w.org\/{rel}","templated":true}]}}