{"id":21975,"date":"2025-03-07T16:53:32","date_gmt":"2025-03-07T08:53:32","guid":{"rendered":"https:\/\/www.vapeswholesaler.com\/?post_type=product&#038;p=21975"},"modified":"2025-04-22T11:12:34","modified_gmt":"2025-04-22T03:12:34","slug":"grossist-bang-ledare-32000-puffar-dubbel-smak-engangs-vape","status":"publish","type":"product","link":"https:\/\/www.vapeswholesaler.com\/sv\/produkt\/grossist-bang-ledare-32000-puffar-dubbel-smak-engangs-vape","title":{"rendered":"Partihandel Bang Leader 32000 Puffs Dual Flavor Eng\u00e5ngs Vape"},"content":{"rendered":"<p><a href=\"https:\/\/www.vapeswholesaler.com\/sv\/produkt_varumarke\/bang\/\">Pang<\/a> Leader 32000 Puffs \u00e4r en ny produkt med dubbla smaker. Du beh\u00f6ver bara k\u00f6pa en produkt f\u00f6r att njuta av tv\u00e5 olika smaker. Anv\u00e4nd munstycket f\u00f6r att flytta det fr\u00e5n v\u00e4nster till h\u00f6ger och v\u00e4xla mellan smakerna. Det \u00e4r mycket bekv\u00e4mare att byta smak \u00e4n den tidigare 360-graders rotationen. Dessutom har Bang Leader 32000 Puffs tv\u00e5 kapslar (28 ml + 28 ml) och nikotinalternativ som str\u00e4cker sig fr\u00e5n 0% till 5%, vilket m\u00f6jligg\u00f6r upp till 32 000 puffar av j\u00e4mn och uts\u00f6kt \u00e5nga. Perfekt f\u00f6r vapers som vill ha l\u00e5ngvarig prestanda och m\u00e5ngsidighet.<\/p>\n<p>Den kommer ocks\u00e5 med dubbla smaker. Den \u00e4r utrustad med ett 650 mAh-batteri och Type-C-laddningsport och erbjuder 12 smaker att v\u00e4lja mellan. V\u00e4xla mellan tv\u00e5 smaker utan anstr\u00e4ngning, vilket ger en m\u00e5ngsidig och njutbar vape-upplevelse. Dess dubbla mesh-design \u00f6kar \u00e5ngproduktionen och f\u00f6rb\u00e4ttrar smaken, vilket ger e-cigarettentusiaster en mer tillfredsst\u00e4llande och behaglig upplevelse.<\/p>\n<p>Sammanfattningsvis f\u00f6r n\u00e4rvarande Bang Leader 32000 Puffs vi har tillr\u00e4ckligt med lager, fulla smaker, v\u00e5ra produkter minsta best\u00e4llning f\u00f6r 50 stycken, det pris som anges p\u00e5 webbplatsen \u00e4r enhetspriset f\u00f6r varje produktpaket, s\u00e5 l\u00e4nge vi f\u00e5r kundens betalning kan vi omedelbart ordna paketf\u00f6rs\u00e4ndelsen, vanligtvis skickar vi till st\u00f6rre l\u00e4nder i Europa det tar bara cirka 2 veckor!<\/p>\n<h2><strong><a href=\"https:\/\/www.facebook.com\/fred.luo.58\">Pang<\/a> Leader 32000 Puffs Funktioner:<\/strong><\/h2>\n<ul>\n<li>Nikotin:0% 2% 3% 5%<\/li>\n<li>Kapacitet:28ml+28ml<\/li>\n<li>Puffar:32000<\/li>\n<li>Dubbla kapslar Dubbla smaker<\/li>\n<li>12 tillg\u00e4ngliga smaker<\/li>\n<li>650mah Uppladdningsbar<\/li>\n<li>Spole med dubbla maskor<\/li>\n<\/ul>\n<h2><strong>Smaklista:<\/strong><\/h2>\n<ol>\n<li>Jordgubbs- och vattenmelon- och druvis<\/li>\n<li>Vattenmelonis &amp; Jordgubbar och mango<\/li>\n<li>Jordgubb och vattenmelon &amp; kiwi passionsfrukt guava<\/li>\n<li>Bl\u00e5b\u00e4r Hallon &amp; Persika Mango Watermeon<\/li>\n<li>Vattenmelon Ice &amp; Bl\u00e5b\u00e4r Mint<\/li>\n<li>Bl\u00e5b\u00e4r Vattenmelon &amp; Jordgubb Mango<\/li>\n<li>Bl\u00e5b\u00e4rsis &amp; Svart drakis<\/li>\n<li>Jordgubb Kiwi &amp;Persika Is<\/li>\n<li>Bl\u00e5b\u00e4rsis &amp; jordgubb och banan<\/li>\n<li>Red Bull &amp; bl\u00e5b\u00e4rsvattenmeon<\/li>\n<li>Red Bull &amp; Watermeon bubbelgodis<\/li>\n<li>Jordgubb Kiwi &amp; Surt \u00e4pple Hallon<\/li>\n<\/ol>\n<h2><strong>F\u00f6rpackningslista:<\/strong><\/h2>\n<p>1 st i varje l\u00e5da<br \/>\n10 st varje mellanl\u00e5da<br \/>\n200 st per kartong<br \/>\nVarje kartong 21KG<\/p>\n<figure id=\"attachment_21961\" aria-describedby=\"caption-attachment-21961\" style=\"width: 800px\" class=\"wp-caption alignleft\"><a href=\"https:\/\/www.vapeswholesaler.com\/wp-content\/uploads\/2025\/03\/Wholesale-Bang-Leader-32000-Puffs-Double-Flavor-Disposable-Vape-4.webp\"><img loading=\"lazy\" decoding=\"async\" class=\"wp-image-21961 size-full\" title=\"Partihandel Bang Leader 32000 Puffs Double Flavor Eng\u00e5ngs Vape 4\" src=\"https:\/\/www.vapeswholesaler.com\/wp-content\/uploads\/2025\/03\/Wholesale-Bang-Leader-32000-Puffs-Double-Flavor-Disposable-Vape-4.webp\" alt=\"Partihandel Bang Leader 32000 Puffs Double Flavor Eng\u00e5ngs Vape 4\" width=\"800\" height=\"450\" srcset=\"https:\/\/www.vapeswholesaler.com\/wp-content\/uploads\/2025\/03\/Wholesale-Bang-Leader-32000-Puffs-Double-Flavor-Disposable-Vape-4.webp 800w, https:\/\/www.vapeswholesaler.com\/wp-content\/uploads\/2025\/03\/Wholesale-Bang-Leader-32000-Puffs-Double-Flavor-Disposable-Vape-4-300x169.webp 300w, https:\/\/www.vapeswholesaler.com\/wp-content\/uploads\/2025\/03\/Wholesale-Bang-Leader-32000-Puffs-Double-Flavor-Disposable-Vape-4-768x432.webp 768w, https:\/\/www.vapeswholesaler.com\/wp-content\/uploads\/2025\/03\/Wholesale-Bang-Leader-32000-Puffs-Double-Flavor-Disposable-Vape-4-18x10.webp 18w, https:\/\/www.vapeswholesaler.com\/wp-content\/uploads\/2025\/03\/Wholesale-Bang-Leader-32000-Puffs-Double-Flavor-Disposable-Vape-4-510x287.webp 510w\" sizes=\"auto, (max-width: 800px) 100vw, 800px\" \/><\/a><figcaption id=\"caption-attachment-21961\" class=\"wp-caption-text\">Partihandel Bang Leader 32000 Puffs Dual Flavor Eng\u00e5ngs Vape<\/figcaption><\/figure>\n<figure id=\"attachment_21958\" aria-describedby=\"caption-attachment-21958\" style=\"width: 1200px\" class=\"wp-caption alignnone\"><img loading=\"lazy\" decoding=\"async\" class=\"wp-image-21958 size-full\" title=\"Partihandel Bang Leader 32000 Puffs Dubbel Smak Eng\u00e5ngs Vape 1\" src=\"https:\/\/www.vapeswholesaler.com\/wp-content\/uploads\/2025\/03\/Wholesale-Bang-Leader-32000-Puffs-Double-Flavor-Disposable-Vape-1.webp\" alt=\"Partihandel Bang Leader 32000 Puffs Dubbel Smak Eng\u00e5ngs Vape 1\" width=\"1200\" height=\"800\" srcset=\"https:\/\/www.vapeswholesaler.com\/wp-content\/uploads\/2025\/03\/Wholesale-Bang-Leader-32000-Puffs-Double-Flavor-Disposable-Vape-1.webp 1200w, https:\/\/www.vapeswholesaler.com\/wp-content\/uploads\/2025\/03\/Wholesale-Bang-Leader-32000-Puffs-Double-Flavor-Disposable-Vape-1-300x200.webp 300w, https:\/\/www.vapeswholesaler.com\/wp-content\/uploads\/2025\/03\/Wholesale-Bang-Leader-32000-Puffs-Double-Flavor-Disposable-Vape-1-1024x683.webp 1024w, https:\/\/www.vapeswholesaler.com\/wp-content\/uploads\/2025\/03\/Wholesale-Bang-Leader-32000-Puffs-Double-Flavor-Disposable-Vape-1-768x512.webp 768w, https:\/\/www.vapeswholesaler.com\/wp-content\/uploads\/2025\/03\/Wholesale-Bang-Leader-32000-Puffs-Double-Flavor-Disposable-Vape-1-18x12.webp 18w, https:\/\/www.vapeswholesaler.com\/wp-content\/uploads\/2025\/03\/Wholesale-Bang-Leader-32000-Puffs-Double-Flavor-Disposable-Vape-1-510x340.webp 510w\" sizes=\"auto, (max-width: 1200px) 100vw, 1200px\" \/><figcaption id=\"caption-attachment-21958\" class=\"wp-caption-text\">Partihandel Bang Leader 32000 Puffs Dual Flavor Eng\u00e5ngs Vape<\/figcaption><\/figure>","protected":false},"excerpt":{"rendered":"<p>Minsta orderkvantitet: <strong>50 st<\/strong>\u00a0(Blanda smaker) <strong>Fri frakt<\/strong><\/p>\n<p>(0%, 2%, 3%, 5% Nic)<\/p>","protected":false},"featured_media":21973,"comment_status":"open","ping_status":"closed","template":"","meta":[],"product_cat":[15],"product_tag":[368,369,370],"class_list":{"0":"post-21975","1":"product","2":"type-product","3":"status-publish","4":"has-post-thumbnail","6":"product_cat-disposable-vape","7":"product_tag-bang-king","8":"product_tag-dual-flavors","9":"product_tag-32000-puffs","10":"product_brand-bang","12":"first","13":"instock","14":"shipping-taxable","15":"purchasable","16":"product-type-variable","17":"has-default-attributes"},"aioseo_notices":[],"_links":{"self":[{"href":"https:\/\/www.vapeswholesaler.com\/sv\/wp-json\/wp\/v2\/product\/21975","targetHints":{"allow":["GET"]}}],"collection":[{"href":"https:\/\/www.vapeswholesaler.com\/sv\/wp-json\/wp\/v2\/product"}],"about":[{"href":"https:\/\/www.vapeswholesaler.com\/sv\/wp-json\/wp\/v2\/types\/product"}],"replies":[{"embeddable":true,"href":"https:\/\/www.vapeswholesaler.com\/sv\/wp-json\/wp\/v2\/comments?post=21975"}],"wp:featuredmedia":[{"embeddable":true,"href":"https:\/\/www.vapeswholesaler.com\/sv\/wp-json\/wp\/v2\/media\/21973"}],"wp:attachment":[{"href":"https:\/\/www.vapeswholesaler.com\/sv\/wp-json\/wp\/v2\/media?parent=21975"}],"wp:term":[{"taxonomy":"product_cat","embeddable":true,"href":"https:\/\/www.vapeswholesaler.com\/sv\/wp-json\/wp\/v2\/product_cat?post=21975"},{"taxonomy":"product_tag","embeddable":true,"href":"https:\/\/www.vapeswholesaler.com\/sv\/wp-json\/wp\/v2\/product_tag?post=21975"}],"curies":[{"name":"wp","href":"https:\/\/api.w.org\/{rel}","templated":true}]}}