{"id":21725,"date":"2025-02-21T11:48:47","date_gmt":"2025-02-21T03:48:47","guid":{"rendered":"https:\/\/www.vapeswholesaler.com\/?post_type=product&#038;p=21725"},"modified":"2025-03-31T22:37:23","modified_gmt":"2025-03-31T14:37:23","slug":"grossist-kanger-subox-50000-puffar-engangs-vape-40-ml-2","status":"publish","type":"product","link":"https:\/\/www.vapeswholesaler.com\/sv\/produkt\/grossist-kanger-subox-50000-puffar-engangs-vape-40-ml-2","title":{"rendered":"Partihandel Kanger SUBOX 50000 Puffs Eng\u00e5ngs Vape 40ml"},"content":{"rendered":"<p><a title=\"Kanger\" href=\"https:\/\/www.vapeswholesaler.com\/sv\/produkt_varumarke\/kanger-arymi\/\">Kanger<\/a> SUBOX 50000 Puffs Disposable Vape 40ml har inte bara upp till 50000 puffar utan f\u00f6rbluffar ocks\u00e5 alla vapers med tv\u00e5 smaker i en vape. Det \u00e4r den f\u00f6rsta 50000-puffars eng\u00e5ngsvape som designats av KangerTech. Det kommer att forts\u00e4tta att forts\u00e4tta med den solida kvaliteten p\u00e5 kanger-tekniken, s\u00e5 att kunderna kan vara s\u00e4kra p\u00e5 att produkten \u00e4r s\u00e4ker att anv\u00e4nda.<\/p>\n<p>Kanger SUBOX 50000 Puffs Disposable Vape med 40ml e-juice med en l\u00e5g nikotinstyrka p\u00e5 0,35% s\u00e5 att du kan v\u00e4xla fr\u00e5n MTL till DL fritt. Det finns ocks\u00e5 tv\u00e5 utg\u00e5ngsl\u00e4gen, n\u00e4mligen Normal och Boost Modes f\u00f6r f\u00f6rb\u00e4ttring av smak och \u00e5ngproduktion. F\u00f6r att \u00e4ndra vapingl\u00e4gena beh\u00f6ver du bara klicka p\u00e5 laddningsporten tv\u00e5 g\u00e5nger och vrida hjulet l\u00e4ngst ner f\u00f6r att kontrollera luftfl\u00f6det. Kanger SUBOX 50000 Puffs \u00e4r en l\u00e4ttanv\u00e4nd och h\u00e5llbar vape f\u00f6r vardaglig vaping.<\/p>\n<h2><strong>Kanger SUBOX 50000 Puffs Funktioner:<\/strong><\/h2>\n<ul>\n<li>Puffar: 50000 Puffar<\/li>\n<li>Smaker: 18 tillg\u00e4ngliga smaker<\/li>\n<li>Dubbla smaker i en och samma vapor<\/li>\n<li>Rita-aktiverad<\/li>\n<li>MTL Vaping<\/li>\n<li>0,35%(3,5mg\/ml) Nikotinstyrka<\/li>\n<li>Laddning via USB typ C (kabel ing\u00e5r ej)<\/li>\n<li>Inbyggt 900mAh uppladdningsbart batteri<\/li>\n<li>Antal puffar: Cirka 50000 puffar (normal)<\/li>\n<li>Stor juicetank med 40 ml Vape Juice<\/li>\n<li>LC- och HB-spoldesign: L\u00e5g f\u00f6rbrukning och h\u00f6g burst<\/li>\n<li>Digital sk\u00e4rm med batteri-, e-juice- och l\u00e4gesindikatorer<\/li>\n<li>Hjulkontroll f\u00f6r luftfl\u00f6de i botten: St\u00f6d f\u00f6r MTL\/DL-vaping<\/li>\n<li>Tv\u00e5 vapingl\u00e4gen (Normal\/Burst): Klicka tv\u00e5 g\u00e5nger p\u00e5 laddningsporten f\u00f6r att byta l\u00e4ge<\/li>\n<\/ul>\n<h2><strong>Smak\u00e4mnen:<\/strong><\/h2>\n<ol>\n<li>Vattenmelon Mint<\/li>\n<li>Bubbelgum<\/li>\n<li>Tv\u00e5 \u00e4pplen Shisha<\/li>\n<li>Citronmynta<\/li>\n<li>Grape Ice<\/li>\n<li>Persika Mango Vattenmelon<\/li>\n<li>Mango Apelsin Guava<\/li>\n<li>Miami Mint<\/li>\n<li>Lush Ice<\/li>\n<li>Jordgubb Pitaya<\/li>\n<li>K\u00f6rsb\u00e4r Citron<\/li>\n<li>Bl\u00e5b\u00e4r Razz Citron<\/li>\n<li>Persika is<\/li>\n<li>Kiwi Passionsfrukt Guava<\/li>\n<li>Blandade b\u00e4r<\/li>\n<li>Jordgubb Kiwi<\/li>\n<li>Mango Freeze<\/li>\n<li>Lucid dr\u00f6m<\/li>\n<\/ol>\n<h2><strong>F\u00f6rpackningslista:<\/strong><\/h2>\n<ul>\n<li>145g\/f\u00f6rpackning<\/li>\n<li>5-pack\/mellanf\u00f6rpackning<\/li>\n<li>20 mellanf\u00f6rpackningar\/kartong<\/li>\n<li>15,5 kg\/kartong<\/li>\n<li>Kartongstorlek:<\/li>\n<li>532x330x225 mm<\/li>\n<\/ul>\n<p><img loading=\"lazy\" decoding=\"async\" class=\"alignnone wp-image-21722 size-full\" title=\"Partihandel Kanger SUBOX 50000 Puffs Eng\u00e5ngs Vape 40ml 11\" src=\"https:\/\/www.vapeswholesaler.com\/wp-content\/uploads\/2025\/02\/Wholesale-Kanger-SUBOX-50000-Puffs-Disposable-Vape-40ml-11.webp\" alt=\"Partihandel Kanger SUBOX 50000 Puffs Eng\u00e5ngs Vape 40ml 11\" width=\"800\" height=\"800\" srcset=\"https:\/\/www.vapeswholesaler.com\/wp-content\/uploads\/2025\/02\/Wholesale-Kanger-SUBOX-50000-Puffs-Disposable-Vape-40ml-11.webp 800w, https:\/\/www.vapeswholesaler.com\/wp-content\/uploads\/2025\/02\/Wholesale-Kanger-SUBOX-50000-Puffs-Disposable-Vape-40ml-11-300x300.webp 300w, https:\/\/www.vapeswholesaler.com\/wp-content\/uploads\/2025\/02\/Wholesale-Kanger-SUBOX-50000-Puffs-Disposable-Vape-40ml-11-150x150.webp 150w, https:\/\/www.vapeswholesaler.com\/wp-content\/uploads\/2025\/02\/Wholesale-Kanger-SUBOX-50000-Puffs-Disposable-Vape-40ml-11-768x768.webp 768w, https:\/\/www.vapeswholesaler.com\/wp-content\/uploads\/2025\/02\/Wholesale-Kanger-SUBOX-50000-Puffs-Disposable-Vape-40ml-11-12x12.webp 12w, https:\/\/www.vapeswholesaler.com\/wp-content\/uploads\/2025\/02\/Wholesale-Kanger-SUBOX-50000-Puffs-Disposable-Vape-40ml-11-247x247.webp 247w, https:\/\/www.vapeswholesaler.com\/wp-content\/uploads\/2025\/02\/Wholesale-Kanger-SUBOX-50000-Puffs-Disposable-Vape-40ml-11-510x510.webp 510w, https:\/\/www.vapeswholesaler.com\/wp-content\/uploads\/2025\/02\/Wholesale-Kanger-SUBOX-50000-Puffs-Disposable-Vape-40ml-11-100x100.webp 100w\" sizes=\"auto, (max-width: 800px) 100vw, 800px\" \/><img loading=\"lazy\" decoding=\"async\" class=\"alignnone wp-image-21721 size-full\" title=\"Partihandel Kanger SUBOX 50000 Puffs Eng\u00e5ngs Vape 40ml 10\" src=\"https:\/\/www.vapeswholesaler.com\/wp-content\/uploads\/2025\/02\/Wholesale-Kanger-SUBOX-50000-Puffs-Disposable-Vape-40ml-10.webp\" alt=\"Partihandel Kanger SUBOX 50000 Puffs Eng\u00e5ngs Vape 40ml 10\" width=\"800\" height=\"1131\" srcset=\"https:\/\/www.vapeswholesaler.com\/wp-content\/uploads\/2025\/02\/Wholesale-Kanger-SUBOX-50000-Puffs-Disposable-Vape-40ml-10.webp 800w, https:\/\/www.vapeswholesaler.com\/wp-content\/uploads\/2025\/02\/Wholesale-Kanger-SUBOX-50000-Puffs-Disposable-Vape-40ml-10-212x300.webp 212w, https:\/\/www.vapeswholesaler.com\/wp-content\/uploads\/2025\/02\/Wholesale-Kanger-SUBOX-50000-Puffs-Disposable-Vape-40ml-10-724x1024.webp 724w, https:\/\/www.vapeswholesaler.com\/wp-content\/uploads\/2025\/02\/Wholesale-Kanger-SUBOX-50000-Puffs-Disposable-Vape-40ml-10-768x1086.webp 768w, https:\/\/www.vapeswholesaler.com\/wp-content\/uploads\/2025\/02\/Wholesale-Kanger-SUBOX-50000-Puffs-Disposable-Vape-40ml-10-8x12.webp 8w, https:\/\/www.vapeswholesaler.com\/wp-content\/uploads\/2025\/02\/Wholesale-Kanger-SUBOX-50000-Puffs-Disposable-Vape-40ml-10-510x721.webp 510w\" sizes=\"auto, (max-width: 800px) 100vw, 800px\" \/><img loading=\"lazy\" decoding=\"async\" class=\"alignnone wp-image-21714 size-full\" title=\"Partihandel Kanger SUBOX 50000 Puffs Eng\u00e5ngs Vape 40ml 3\" src=\"https:\/\/www.vapeswholesaler.com\/wp-content\/uploads\/2025\/02\/Wholesale-Kanger-SUBOX-50000-Puffs-Disposable-Vape-40ml-3.webp\" alt=\"Partihandel Kanger SUBOX 50000 Puffs Eng\u00e5ngs Vape 40ml 3\" width=\"800\" height=\"450\" srcset=\"https:\/\/www.vapeswholesaler.com\/wp-content\/uploads\/2025\/02\/Wholesale-Kanger-SUBOX-50000-Puffs-Disposable-Vape-40ml-3.webp 800w, https:\/\/www.vapeswholesaler.com\/wp-content\/uploads\/2025\/02\/Wholesale-Kanger-SUBOX-50000-Puffs-Disposable-Vape-40ml-3-300x169.webp 300w, https:\/\/www.vapeswholesaler.com\/wp-content\/uploads\/2025\/02\/Wholesale-Kanger-SUBOX-50000-Puffs-Disposable-Vape-40ml-3-768x432.webp 768w, https:\/\/www.vapeswholesaler.com\/wp-content\/uploads\/2025\/02\/Wholesale-Kanger-SUBOX-50000-Puffs-Disposable-Vape-40ml-3-18x10.webp 18w, https:\/\/www.vapeswholesaler.com\/wp-content\/uploads\/2025\/02\/Wholesale-Kanger-SUBOX-50000-Puffs-Disposable-Vape-40ml-3-510x287.webp 510w\" sizes=\"auto, (max-width: 800px) 100vw, 800px\" \/><img loading=\"lazy\" decoding=\"async\" class=\"alignnone wp-image-21716 size-full\" title=\"Partihandel Kanger SUBOX 50000 Puffs Eng\u00e5ngs Vape 40ml 5\" src=\"https:\/\/www.vapeswholesaler.com\/wp-content\/uploads\/2025\/02\/Wholesale-Kanger-SUBOX-50000-Puffs-Disposable-Vape-40ml-5.webp\" alt=\"Partihandel Kanger SUBOX 50000 Puffs Eng\u00e5ngs Vape 40ml 5\" width=\"800\" height=\"450\" srcset=\"https:\/\/www.vapeswholesaler.com\/wp-content\/uploads\/2025\/02\/Wholesale-Kanger-SUBOX-50000-Puffs-Disposable-Vape-40ml-5.webp 800w, https:\/\/www.vapeswholesaler.com\/wp-content\/uploads\/2025\/02\/Wholesale-Kanger-SUBOX-50000-Puffs-Disposable-Vape-40ml-5-300x169.webp 300w, https:\/\/www.vapeswholesaler.com\/wp-content\/uploads\/2025\/02\/Wholesale-Kanger-SUBOX-50000-Puffs-Disposable-Vape-40ml-5-768x432.webp 768w, https:\/\/www.vapeswholesaler.com\/wp-content\/uploads\/2025\/02\/Wholesale-Kanger-SUBOX-50000-Puffs-Disposable-Vape-40ml-5-18x10.webp 18w, https:\/\/www.vapeswholesaler.com\/wp-content\/uploads\/2025\/02\/Wholesale-Kanger-SUBOX-50000-Puffs-Disposable-Vape-40ml-5-510x287.webp 510w\" sizes=\"auto, (max-width: 800px) 100vw, 800px\" \/><img loading=\"lazy\" decoding=\"async\" class=\"alignnone wp-image-21720 size-full\" title=\"Partihandel Kanger SUBOX 50000 Puffs Eng\u00e5ngs Vape 40ml 9\" src=\"https:\/\/www.vapeswholesaler.com\/wp-content\/uploads\/2025\/02\/Wholesale-Kanger-SUBOX-50000-Puffs-Disposable-Vape-40ml-9.webp\" alt=\"Partihandel Kanger SUBOX 50000 Puffs Eng\u00e5ngs Vape 40ml 9\" width=\"800\" height=\"450\" srcset=\"https:\/\/www.vapeswholesaler.com\/wp-content\/uploads\/2025\/02\/Wholesale-Kanger-SUBOX-50000-Puffs-Disposable-Vape-40ml-9.webp 800w, https:\/\/www.vapeswholesaler.com\/wp-content\/uploads\/2025\/02\/Wholesale-Kanger-SUBOX-50000-Puffs-Disposable-Vape-40ml-9-300x169.webp 300w, https:\/\/www.vapeswholesaler.com\/wp-content\/uploads\/2025\/02\/Wholesale-Kanger-SUBOX-50000-Puffs-Disposable-Vape-40ml-9-768x432.webp 768w, https:\/\/www.vapeswholesaler.com\/wp-content\/uploads\/2025\/02\/Wholesale-Kanger-SUBOX-50000-Puffs-Disposable-Vape-40ml-9-18x10.webp 18w, https:\/\/www.vapeswholesaler.com\/wp-content\/uploads\/2025\/02\/Wholesale-Kanger-SUBOX-50000-Puffs-Disposable-Vape-40ml-9-510x287.webp 510w\" sizes=\"auto, (max-width: 800px) 100vw, 800px\" \/><img loading=\"lazy\" decoding=\"async\" class=\"alignnone wp-image-21715 size-full\" title=\"Partihandel Kanger SUBOX 50000 Puffs Eng\u00e5ngs Vape 40ml 4\" src=\"https:\/\/www.vapeswholesaler.com\/wp-content\/uploads\/2025\/02\/Wholesale-Kanger-SUBOX-50000-Puffs-Disposable-Vape-40ml-4.webp\" alt=\"Partihandel Kanger SUBOX 50000 Puffs Eng\u00e5ngs Vape 40ml 4\" width=\"800\" height=\"450\" srcset=\"https:\/\/www.vapeswholesaler.com\/wp-content\/uploads\/2025\/02\/Wholesale-Kanger-SUBOX-50000-Puffs-Disposable-Vape-40ml-4.webp 800w, https:\/\/www.vapeswholesaler.com\/wp-content\/uploads\/2025\/02\/Wholesale-Kanger-SUBOX-50000-Puffs-Disposable-Vape-40ml-4-300x169.webp 300w, https:\/\/www.vapeswholesaler.com\/wp-content\/uploads\/2025\/02\/Wholesale-Kanger-SUBOX-50000-Puffs-Disposable-Vape-40ml-4-768x432.webp 768w, https:\/\/www.vapeswholesaler.com\/wp-content\/uploads\/2025\/02\/Wholesale-Kanger-SUBOX-50000-Puffs-Disposable-Vape-40ml-4-18x10.webp 18w, https:\/\/www.vapeswholesaler.com\/wp-content\/uploads\/2025\/02\/Wholesale-Kanger-SUBOX-50000-Puffs-Disposable-Vape-40ml-4-510x287.webp 510w\" sizes=\"auto, (max-width: 800px) 100vw, 800px\" \/><img loading=\"lazy\" decoding=\"async\" class=\"alignnone wp-image-21719 size-full\" title=\"Partihandel Kanger SUBOX 50000 Puffs Eng\u00e5ngs Vape 40ml 8\" src=\"https:\/\/www.vapeswholesaler.com\/wp-content\/uploads\/2025\/02\/Wholesale-Kanger-SUBOX-50000-Puffs-Disposable-Vape-40ml-8.webp\" alt=\"Partihandel Kanger SUBOX 50000 Puffs Eng\u00e5ngs Vape 40ml 8\" width=\"800\" height=\"450\" srcset=\"https:\/\/www.vapeswholesaler.com\/wp-content\/uploads\/2025\/02\/Wholesale-Kanger-SUBOX-50000-Puffs-Disposable-Vape-40ml-8.webp 800w, https:\/\/www.vapeswholesaler.com\/wp-content\/uploads\/2025\/02\/Wholesale-Kanger-SUBOX-50000-Puffs-Disposable-Vape-40ml-8-300x169.webp 300w, https:\/\/www.vapeswholesaler.com\/wp-content\/uploads\/2025\/02\/Wholesale-Kanger-SUBOX-50000-Puffs-Disposable-Vape-40ml-8-768x432.webp 768w, https:\/\/www.vapeswholesaler.com\/wp-content\/uploads\/2025\/02\/Wholesale-Kanger-SUBOX-50000-Puffs-Disposable-Vape-40ml-8-18x10.webp 18w, https:\/\/www.vapeswholesaler.com\/wp-content\/uploads\/2025\/02\/Wholesale-Kanger-SUBOX-50000-Puffs-Disposable-Vape-40ml-8-510x287.webp 510w\" sizes=\"auto, (max-width: 800px) 100vw, 800px\" \/><\/p>","protected":false},"excerpt":{"rendered":"<p>Minsta orderkvantitet: <strong>100 ST.<\/strong> (Blanda smaker)<\/p>\n<p>\uff082%\uff0c3%\uff0c5%\uff09<strong>Fri frakt<\/strong><\/p>","protected":false},"featured_media":21712,"comment_status":"open","ping_status":"closed","template":"","meta":[],"product_cat":[15],"product_tag":[366,367],"class_list":{"0":"post-21725","1":"product","2":"type-product","3":"status-publish","4":"has-post-thumbnail","6":"product_cat-disposable-vape","7":"product_tag-50000-puffs","8":"product_tag-kanger","9":"product_brand-kanger-arymi","11":"first","12":"instock","13":"shipping-taxable","14":"purchasable","15":"product-type-variable","16":"has-default-attributes"},"aioseo_notices":[],"_links":{"self":[{"href":"https:\/\/www.vapeswholesaler.com\/sv\/wp-json\/wp\/v2\/product\/21725","targetHints":{"allow":["GET"]}}],"collection":[{"href":"https:\/\/www.vapeswholesaler.com\/sv\/wp-json\/wp\/v2\/product"}],"about":[{"href":"https:\/\/www.vapeswholesaler.com\/sv\/wp-json\/wp\/v2\/types\/product"}],"replies":[{"embeddable":true,"href":"https:\/\/www.vapeswholesaler.com\/sv\/wp-json\/wp\/v2\/comments?post=21725"}],"wp:featuredmedia":[{"embeddable":true,"href":"https:\/\/www.vapeswholesaler.com\/sv\/wp-json\/wp\/v2\/media\/21712"}],"wp:attachment":[{"href":"https:\/\/www.vapeswholesaler.com\/sv\/wp-json\/wp\/v2\/media?parent=21725"}],"wp:term":[{"taxonomy":"product_cat","embeddable":true,"href":"https:\/\/www.vapeswholesaler.com\/sv\/wp-json\/wp\/v2\/product_cat?post=21725"},{"taxonomy":"product_tag","embeddable":true,"href":"https:\/\/www.vapeswholesaler.com\/sv\/wp-json\/wp\/v2\/product_tag?post=21725"}],"curies":[{"name":"wp","href":"https:\/\/api.w.org\/{rel}","templated":true}]}}