{"id":21655,"date":"2025-02-18T11:57:16","date_gmt":"2025-02-18T03:57:16","guid":{"rendered":"https:\/\/www.vapeswholesaler.com\/?post_type=product&#038;p=21655"},"modified":"2025-03-26T11:01:24","modified_gmt":"2025-03-26T03:01:24","slug":"grossist-poco-sv25000-engangs-vape-eu-lager-2","status":"publish","type":"product","link":"https:\/\/www.vapeswholesaler.com\/sv\/produkt\/grossist-poco-sv25000-engangs-vape-eu-lager-2","title":{"rendered":"Partihandel POCO SV25000 Eng\u00e5ngs Vape EU lager"},"content":{"rendered":"<p>Poco SV25000 \u00e4r en ny eng\u00e5ngsvape fr\u00e5n v\u00e5rt f\u00f6retag, upp till 25 000 pufs f\u00f6r en ut\u00f6kad och njutbar vapingupplevelse. F\u00f6rberedd med 26 ml e-v\u00e4tska och anikotinstyrka p\u00e5 5%, ger den dj\u00e4rv f\u00f6rdel och tillfredsst\u00e4llande tr\u00e4ffar, vilket g\u00f6r det till ett utm\u00e4rkt alternativ f\u00f6r vanliga vapers som s\u00f6ker bekv\u00e4mlighet och prestanda. Viktigast av allt \u00e4r att v\u00e5ra produkter kommer fr\u00e5n europeiska lager och leveranstiden \u00e4r bara 3-7 arbetsdagar.<\/p>\n<p>Poco SV25000 drivs av ett 650mAh uppladdningsbart batteri, vilket garanterar konsekvent och p\u00e5litlig anv\u00e4ndning under hela dess livsl\u00e4ngd. Typ-C-laddningsporten erbjuder snabb och effektiv laddning, vilket minimerar stillest\u00e5ndstiden och g\u00f6r att du kan vape med l\u00e4tthet. Med ett motst\u00e5nd p\u00e5 0,7 ohm kan vi leverera 15 falvor. Poco SV25000 f\u00f6rb\u00e4ttrar smak- och \u00e5ngproduktionen och ger mjuka dragningar och rika, t\u00e4ta moln.<\/p>\n<h2><strong><a href=\"https:\/\/www.vapeswholesaler.com\/sv\/produkt_varumarke\/poco\/\">Poco SV25000 Detaljer<\/a>:<\/strong><\/h2>\n<ul>\n<li>Puffar: Cirka 25000<\/li>\n<li>Batteri: 650 mAh<\/li>\n<li>Port f\u00f6r laddning: Typ C<\/li>\n<li>Kapacitet f\u00f6r E-v\u00e4tska: 26ML<\/li>\n<li>Nikotin: 5%<\/li>\n<li>Spole Mesh-spole 0,7ohm<\/li>\n<li>Puffar p\u00e5 f\u00f6rpackningen: 18000puffar<\/li>\n<\/ul>\n<h2><strong>Poco SV25000 Smaker:<\/strong><\/h2>\n<ol>\n<li>Hallon Persika Lime<\/li>\n<li>Black Ice Drakfrukt Jordgubb<\/li>\n<li>Hallon Vattenmelon Ychee<\/li>\n<li>Persika Bl\u00e5b\u00e4r Mjukt Godis<\/li>\n<li>Mango Pneappe<\/li>\n<li>Jordgubbar Vattenmelon<\/li>\n<li>Bl\u00e5b\u00e4r Jordgubb<\/li>\n<li>Jordgubbar Hallon K\u00f6rsb\u00e4r<\/li>\n<li>Persika Mango Vattenmelon<\/li>\n<li>Jordgubbar Bananer<\/li>\n<li>Surt \u00e4pple<\/li>\n<li>Bl\u00e5b\u00e4r Kiwi<\/li>\n<li>Aloe Druva<\/li>\n<li>Vattenmelon Lime<\/li>\n<li>Bj\u00f6rnb\u00e4r Druva<\/li>\n<\/ol>\n<h2><strong>F\u00f6rpackningslista:<\/strong><\/h2>\n<p>1 st varje liten l\u00e5da<br \/>\n10 st varje displayl\u00e5da<br \/>\n200 st per kartong<\/p>\n<p><img loading=\"lazy\" decoding=\"async\" class=\"wp-image-21654 size-full\" title=\"Partihandel POCO SV25000 Eng\u00e5ngs Vape 10\" src=\"https:\/\/www.vapeswholesaler.com\/wp-content\/uploads\/2025\/02\/Wholesale-POCO-SV25000-Disposable-Vape-10.webp\" alt=\"Partihandel POCO SV25000 Eng\u00e5ngs Vape 10\" width=\"800\" height=\"800\" srcset=\"https:\/\/www.vapeswholesaler.com\/wp-content\/uploads\/2025\/02\/Wholesale-POCO-SV25000-Disposable-Vape-10.webp 800w, https:\/\/www.vapeswholesaler.com\/wp-content\/uploads\/2025\/02\/Wholesale-POCO-SV25000-Disposable-Vape-10-300x300.webp 300w, https:\/\/www.vapeswholesaler.com\/wp-content\/uploads\/2025\/02\/Wholesale-POCO-SV25000-Disposable-Vape-10-150x150.webp 150w, https:\/\/www.vapeswholesaler.com\/wp-content\/uploads\/2025\/02\/Wholesale-POCO-SV25000-Disposable-Vape-10-768x768.webp 768w, https:\/\/www.vapeswholesaler.com\/wp-content\/uploads\/2025\/02\/Wholesale-POCO-SV25000-Disposable-Vape-10-12x12.webp 12w, https:\/\/www.vapeswholesaler.com\/wp-content\/uploads\/2025\/02\/Wholesale-POCO-SV25000-Disposable-Vape-10-247x247.webp 247w, https:\/\/www.vapeswholesaler.com\/wp-content\/uploads\/2025\/02\/Wholesale-POCO-SV25000-Disposable-Vape-10-510x510.webp 510w, https:\/\/www.vapeswholesaler.com\/wp-content\/uploads\/2025\/02\/Wholesale-POCO-SV25000-Disposable-Vape-10-100x100.webp 100w\" sizes=\"auto, (max-width: 800px) 100vw, 800px\" \/><\/p>\n<p><img loading=\"lazy\" decoding=\"async\" class=\"alignnone wp-image-21652 size-full\" title=\"Partihandel POCO SV25000 Eng\u00e5ngs Vape 8\" src=\"https:\/\/www.vapeswholesaler.com\/wp-content\/uploads\/2025\/02\/Wholesale-POCO-SV25000-Disposable-Vape-8.webp\" alt=\"Partihandel POCO SV25000 Eng\u00e5ngs Vape 8\" width=\"800\" height=\"800\" srcset=\"https:\/\/www.vapeswholesaler.com\/wp-content\/uploads\/2025\/02\/Wholesale-POCO-SV25000-Disposable-Vape-8.webp 800w, https:\/\/www.vapeswholesaler.com\/wp-content\/uploads\/2025\/02\/Wholesale-POCO-SV25000-Disposable-Vape-8-300x300.webp 300w, https:\/\/www.vapeswholesaler.com\/wp-content\/uploads\/2025\/02\/Wholesale-POCO-SV25000-Disposable-Vape-8-150x150.webp 150w, https:\/\/www.vapeswholesaler.com\/wp-content\/uploads\/2025\/02\/Wholesale-POCO-SV25000-Disposable-Vape-8-768x768.webp 768w, https:\/\/www.vapeswholesaler.com\/wp-content\/uploads\/2025\/02\/Wholesale-POCO-SV25000-Disposable-Vape-8-12x12.webp 12w, https:\/\/www.vapeswholesaler.com\/wp-content\/uploads\/2025\/02\/Wholesale-POCO-SV25000-Disposable-Vape-8-247x247.webp 247w, https:\/\/www.vapeswholesaler.com\/wp-content\/uploads\/2025\/02\/Wholesale-POCO-SV25000-Disposable-Vape-8-510x510.webp 510w, https:\/\/www.vapeswholesaler.com\/wp-content\/uploads\/2025\/02\/Wholesale-POCO-SV25000-Disposable-Vape-8-100x100.webp 100w\" sizes=\"auto, (max-width: 800px) 100vw, 800px\" \/><\/p>\n<p><img loading=\"lazy\" decoding=\"async\" class=\"alignnone wp-image-21651 size-full\" title=\"Partihandel POCO SV25000 Eng\u00e5ngs Vape 7\" src=\"https:\/\/www.vapeswholesaler.com\/wp-content\/uploads\/2025\/02\/Wholesale-POCO-SV25000-Disposable-Vape-7.webp\" alt=\"Partihandel POCO SV25000 Eng\u00e5ngs Vape 7\" width=\"800\" height=\"800\" srcset=\"https:\/\/www.vapeswholesaler.com\/wp-content\/uploads\/2025\/02\/Wholesale-POCO-SV25000-Disposable-Vape-7.webp 800w, https:\/\/www.vapeswholesaler.com\/wp-content\/uploads\/2025\/02\/Wholesale-POCO-SV25000-Disposable-Vape-7-300x300.webp 300w, https:\/\/www.vapeswholesaler.com\/wp-content\/uploads\/2025\/02\/Wholesale-POCO-SV25000-Disposable-Vape-7-150x150.webp 150w, https:\/\/www.vapeswholesaler.com\/wp-content\/uploads\/2025\/02\/Wholesale-POCO-SV25000-Disposable-Vape-7-768x768.webp 768w, https:\/\/www.vapeswholesaler.com\/wp-content\/uploads\/2025\/02\/Wholesale-POCO-SV25000-Disposable-Vape-7-12x12.webp 12w, https:\/\/www.vapeswholesaler.com\/wp-content\/uploads\/2025\/02\/Wholesale-POCO-SV25000-Disposable-Vape-7-247x247.webp 247w, https:\/\/www.vapeswholesaler.com\/wp-content\/uploads\/2025\/02\/Wholesale-POCO-SV25000-Disposable-Vape-7-510x510.webp 510w, https:\/\/www.vapeswholesaler.com\/wp-content\/uploads\/2025\/02\/Wholesale-POCO-SV25000-Disposable-Vape-7-100x100.webp 100w\" sizes=\"auto, (max-width: 800px) 100vw, 800px\" \/><\/p>","protected":false},"excerpt":{"rendered":"<p>Minsta orderkvantitet: <strong>100<\/strong> PCS (blanda smaker)<\/p>\n<p>\uff08<strong>5%<\/strong>\uff09 EU-lager gratis frakt<\/p>","protected":false},"featured_media":21645,"comment_status":"open","ping_status":"closed","template":"","meta":[],"product_cat":[15],"product_tag":[130,131,132,133,134],"class_list":{"0":"post-21655","1":"product","2":"type-product","3":"status-publish","4":"has-post-thumbnail","6":"product_cat-disposable-vape","7":"product_tag-poco-disposable","8":"product_tag-poco-25000-puffs","9":"product_tag-poco-sv25000","10":"product_tag-poco-sv25000-disposable-vape","11":"product_tag-poco-sv25000-eu","12":"product_brand-poco","14":"first","15":"instock","16":"shipping-taxable","17":"purchasable","18":"product-type-variable","19":"has-default-attributes"},"aioseo_notices":[],"_links":{"self":[{"href":"https:\/\/www.vapeswholesaler.com\/sv\/wp-json\/wp\/v2\/product\/21655","targetHints":{"allow":["GET"]}}],"collection":[{"href":"https:\/\/www.vapeswholesaler.com\/sv\/wp-json\/wp\/v2\/product"}],"about":[{"href":"https:\/\/www.vapeswholesaler.com\/sv\/wp-json\/wp\/v2\/types\/product"}],"replies":[{"embeddable":true,"href":"https:\/\/www.vapeswholesaler.com\/sv\/wp-json\/wp\/v2\/comments?post=21655"}],"wp:featuredmedia":[{"embeddable":true,"href":"https:\/\/www.vapeswholesaler.com\/sv\/wp-json\/wp\/v2\/media\/21645"}],"wp:attachment":[{"href":"https:\/\/www.vapeswholesaler.com\/sv\/wp-json\/wp\/v2\/media?parent=21655"}],"wp:term":[{"taxonomy":"product_cat","embeddable":true,"href":"https:\/\/www.vapeswholesaler.com\/sv\/wp-json\/wp\/v2\/product_cat?post=21655"},{"taxonomy":"product_tag","embeddable":true,"href":"https:\/\/www.vapeswholesaler.com\/sv\/wp-json\/wp\/v2\/product_tag?post=21655"}],"curies":[{"name":"wp","href":"https:\/\/api.w.org\/{rel}","templated":true}]}}