{"id":21630,"date":"2025-02-17T14:35:47","date_gmt":"2025-02-17T06:35:47","guid":{"rendered":"https:\/\/www.vapeswholesaler.com\/?post_type=product&#038;p=21630"},"modified":"2025-03-25T20:43:23","modified_gmt":"2025-03-25T12:43:23","slug":"grossist-zooy-stjarnor-30000-puffar-engangs-vape-2","status":"publish","type":"product","link":"https:\/\/www.vapeswholesaler.com\/sv\/produkt\/grossist-zooy-stjarnor-30000-puffar-engangs-vape-2","title":{"rendered":"Partihandel Zooy Stars 30000 Puffs Eng\u00e5ngs Vape"},"content":{"rendered":"<p><a href=\"https:\/\/www.vapeswholesaler.com\/sv\/produkt_varumarke\/djurpark\/\">Zooy<\/a> Stars 30000 Puffs \u00e4r en helt ny produkt som anv\u00e4nder den nya 3D-b\u00f6jda LED-sk\u00e4rmdesignen, prestanda \u00e4r stabilare, sk\u00e4rmen \u00e4r mer f\u00e4rgstark, n\u00e4r du anv\u00e4nder den, oavsett var \u00e4r det vackraste landskapet, v\u00e5ra produkter \u00e4r v\u00e4ldigt heta, vi har ett lager i Europa, kan anv\u00e4ndas f\u00f6r snabb frakt, de flesta av de europeiska de flesta europeiska l\u00e4nderna kan g\u00f6ras inom en vecka f\u00f6r att komma fram.<\/p>\n<p>Produktstorleken \u00e4r 29 * 53 * 92 mm, vi kan anv\u00e4nda Dual mesh-spolen f\u00f6r att g\u00f6ra produktsmaken b\u00e4ttre, vi kan tillhandah\u00e5lla 2%, 3%, 5% nikotininneh\u00e5ll valfritt, f\u00f6r att m\u00f6ta fler kunders val. Det st\u00f6der TYPE-C-kontakt f\u00f6r laddning av produkten och inklusive luftfl\u00f6desjusteringsfunktion.<\/p>\n<h2><strong>Zooy Stars 30000 Puffs Detaljer:<\/strong><\/h2>\n<ul>\n<li>Puffar: Cirka 30000puffar<\/li>\n<li>Vikt: 130g<\/li>\n<li>Produkternas storlek: 29*53*92mm<\/li>\n<li>Spolar: Spole med dubbelt n\u00e4t<\/li>\n<li>Nikotin: 20mg 30mg 50mg nikotinsalt<\/li>\n<li>3D-b\u00f6jd LED-sk\u00e4rm<\/li>\n<li>TYP-C uppladdningsbar<\/li>\n<li>Justerbart luftfl\u00f6de<\/li>\n<li>Batterikapacitet: 850mah<\/li>\n<li>F\u00f6rfylld e-v\u00e4tska: 20 ml<\/li>\n<\/ul>\n<h2><strong>Smak\u00e4mnen:<\/strong><\/h2>\n<ol>\n<li>Redbull Energi<\/li>\n<li>Blue Razz Ice<\/li>\n<li>Vattenmelon-is<\/li>\n<li>Jordgubbar Vattenmelon<\/li>\n<li>Persikosaft<\/li>\n<li>Jordgubbsbanan-is<\/li>\n<li>Bl\u00e5b\u00e4rsis<\/li>\n<li>Trippelb\u00e4rsis<\/li>\n<li>Jordgubb Kiwi<\/li>\n<li>Bl\u00e5b\u00e4r K\u00f6rsb\u00e4r Tranb\u00e4r<\/li>\n<\/ol>\n<h2><strong>F\u00f6rpackningslista:<\/strong><\/h2>\n<p>1 st Enstaka l\u00e5da<br \/>\n10 st varje Mellanl\u00e5da<br \/>\n200 st per kartong<\/p>\n<p><img loading=\"lazy\" decoding=\"async\" class=\"alignnone wp-image-21617 size-full\" title=\"Partihandel Zooy Stars 30000 Puffs Eng\u00e5ngs Vape 7\" src=\"https:\/\/www.vapeswholesaler.com\/wp-content\/uploads\/2025\/02\/Wholesale-Zooy-Stars-30000-Puffs-Disposable-Vape-7.webp\" alt=\"Partihandel Zooy Stars 30000 Puffs Eng\u00e5ngs Vape 7\" width=\"800\" height=\"800\" srcset=\"https:\/\/www.vapeswholesaler.com\/wp-content\/uploads\/2025\/02\/Wholesale-Zooy-Stars-30000-Puffs-Disposable-Vape-7.webp 800w, https:\/\/www.vapeswholesaler.com\/wp-content\/uploads\/2025\/02\/Wholesale-Zooy-Stars-30000-Puffs-Disposable-Vape-7-300x300.webp 300w, https:\/\/www.vapeswholesaler.com\/wp-content\/uploads\/2025\/02\/Wholesale-Zooy-Stars-30000-Puffs-Disposable-Vape-7-150x150.webp 150w, https:\/\/www.vapeswholesaler.com\/wp-content\/uploads\/2025\/02\/Wholesale-Zooy-Stars-30000-Puffs-Disposable-Vape-7-768x768.webp 768w, https:\/\/www.vapeswholesaler.com\/wp-content\/uploads\/2025\/02\/Wholesale-Zooy-Stars-30000-Puffs-Disposable-Vape-7-12x12.webp 12w, https:\/\/www.vapeswholesaler.com\/wp-content\/uploads\/2025\/02\/Wholesale-Zooy-Stars-30000-Puffs-Disposable-Vape-7-247x247.webp 247w, https:\/\/www.vapeswholesaler.com\/wp-content\/uploads\/2025\/02\/Wholesale-Zooy-Stars-30000-Puffs-Disposable-Vape-7-510x510.webp 510w, https:\/\/www.vapeswholesaler.com\/wp-content\/uploads\/2025\/02\/Wholesale-Zooy-Stars-30000-Puffs-Disposable-Vape-7-100x100.webp 100w\" sizes=\"auto, (max-width: 800px) 100vw, 800px\" \/><\/p>\n<p><img loading=\"lazy\" decoding=\"async\" class=\"alignnone wp-image-21616 size-full\" title=\"Partihandel Zooy Stars 30000 Puffs Eng\u00e5ngs Vape 6\" src=\"https:\/\/www.vapeswholesaler.com\/wp-content\/uploads\/2025\/02\/Wholesale-Zooy-Stars-30000-Puffs-Disposable-Vape-6.webp\" alt=\"Partihandel Zooy Stars 30000 Puffs Eng\u00e5ngs Vape 6\" width=\"800\" height=\"600\" srcset=\"https:\/\/www.vapeswholesaler.com\/wp-content\/uploads\/2025\/02\/Wholesale-Zooy-Stars-30000-Puffs-Disposable-Vape-6.webp 800w, https:\/\/www.vapeswholesaler.com\/wp-content\/uploads\/2025\/02\/Wholesale-Zooy-Stars-30000-Puffs-Disposable-Vape-6-300x225.webp 300w, https:\/\/www.vapeswholesaler.com\/wp-content\/uploads\/2025\/02\/Wholesale-Zooy-Stars-30000-Puffs-Disposable-Vape-6-768x576.webp 768w, https:\/\/www.vapeswholesaler.com\/wp-content\/uploads\/2025\/02\/Wholesale-Zooy-Stars-30000-Puffs-Disposable-Vape-6-16x12.webp 16w, https:\/\/www.vapeswholesaler.com\/wp-content\/uploads\/2025\/02\/Wholesale-Zooy-Stars-30000-Puffs-Disposable-Vape-6-510x383.webp 510w\" sizes=\"auto, (max-width: 800px) 100vw, 800px\" \/><\/p>\n<p><img loading=\"lazy\" decoding=\"async\" class=\"wp-image-21615 size-full\" title=\"Partihandel Zooy Stars 30000 Puffs Eng\u00e5ngs Vape 5\" src=\"https:\/\/www.vapeswholesaler.com\/wp-content\/uploads\/2025\/02\/Wholesale-Zooy-Stars-30000-Puffs-Disposable-Vape-5.webp\" alt=\"Partihandel Zooy Stars 30000 Puffs Eng\u00e5ngs Vape 5\" width=\"800\" height=\"600\" srcset=\"https:\/\/www.vapeswholesaler.com\/wp-content\/uploads\/2025\/02\/Wholesale-Zooy-Stars-30000-Puffs-Disposable-Vape-5.webp 800w, https:\/\/www.vapeswholesaler.com\/wp-content\/uploads\/2025\/02\/Wholesale-Zooy-Stars-30000-Puffs-Disposable-Vape-5-300x225.webp 300w, https:\/\/www.vapeswholesaler.com\/wp-content\/uploads\/2025\/02\/Wholesale-Zooy-Stars-30000-Puffs-Disposable-Vape-5-768x576.webp 768w, https:\/\/www.vapeswholesaler.com\/wp-content\/uploads\/2025\/02\/Wholesale-Zooy-Stars-30000-Puffs-Disposable-Vape-5-16x12.webp 16w, https:\/\/www.vapeswholesaler.com\/wp-content\/uploads\/2025\/02\/Wholesale-Zooy-Stars-30000-Puffs-Disposable-Vape-5-510x383.webp 510w\" sizes=\"auto, (max-width: 800px) 100vw, 800px\" \/><\/p>","protected":false},"excerpt":{"rendered":"<p>Minsta orderkvantitet:\u00a0<strong>50 ST.<\/strong>\u00a0(Blanda smaker)\u00a0\u00a0<strong>Fri frakt<\/strong><\/p>\n<p>(<strong>2%, 5% Nic<\/strong>) EU Warehouse Leveranstid 5-6 arbetsdagar<\/p>","protected":false},"featured_media":21641,"comment_status":"open","ping_status":"closed","template":"","meta":[],"product_cat":[15],"product_tag":[371,373,374],"class_list":{"0":"post-21630","1":"product","2":"type-product","3":"status-publish","4":"has-post-thumbnail","6":"product_cat-disposable-vape","7":"product_tag-zooy","8":"product_tag-europe-warehouse","9":"product_tag-30000-puffs","10":"product_brand-zooy","12":"first","13":"instock","14":"shipping-taxable","15":"purchasable","16":"product-type-variable","17":"has-default-attributes"},"aioseo_notices":[],"_links":{"self":[{"href":"https:\/\/www.vapeswholesaler.com\/sv\/wp-json\/wp\/v2\/product\/21630","targetHints":{"allow":["GET"]}}],"collection":[{"href":"https:\/\/www.vapeswholesaler.com\/sv\/wp-json\/wp\/v2\/product"}],"about":[{"href":"https:\/\/www.vapeswholesaler.com\/sv\/wp-json\/wp\/v2\/types\/product"}],"replies":[{"embeddable":true,"href":"https:\/\/www.vapeswholesaler.com\/sv\/wp-json\/wp\/v2\/comments?post=21630"}],"wp:featuredmedia":[{"embeddable":true,"href":"https:\/\/www.vapeswholesaler.com\/sv\/wp-json\/wp\/v2\/media\/21641"}],"wp:attachment":[{"href":"https:\/\/www.vapeswholesaler.com\/sv\/wp-json\/wp\/v2\/media?parent=21630"}],"wp:term":[{"taxonomy":"product_cat","embeddable":true,"href":"https:\/\/www.vapeswholesaler.com\/sv\/wp-json\/wp\/v2\/product_cat?post=21630"},{"taxonomy":"product_tag","embeddable":true,"href":"https:\/\/www.vapeswholesaler.com\/sv\/wp-json\/wp\/v2\/product_tag?post=21630"}],"curies":[{"name":"wp","href":"https:\/\/api.w.org\/{rel}","templated":true}]}}