{"id":21580,"date":"2025-02-14T20:39:46","date_gmt":"2025-02-14T12:39:46","guid":{"rendered":"https:\/\/www.vapeswholesaler.com\/?post_type=product&#038;p=21580"},"modified":"2025-03-14T16:27:55","modified_gmt":"2025-03-14T08:27:55","slug":"grossist-waspe-kristall-40000-puffar-engangs-vape-2","status":"publish","type":"product","link":"https:\/\/www.vapeswholesaler.com\/sv\/produkt\/grossist-waspe-kristall-40000-puffar-engangs-vape-2","title":{"rendered":"Partihandel Waspe Crystal 40000 puffar Eng\u00e5ngs Vape"},"content":{"rendered":"<p><a href=\"https:\/\/www.vapeswholesaler.com\/sv\/produkt_varumarke\/waspe\/\">Waspe<\/a> Crystal 40000 puffs och Waspe Fihp 40K Puffs \u00e4r tv\u00e5 systerprodukter. Vi har anv\u00e4nt de mest popul\u00e4ra kristallmaterialen f\u00f6r att tillverka dem f\u00f6r att tillfredsst\u00e4lla olika kundpreferenser, s\u00e5 att vi kan s\u00e4nka vissa produktkostnader och ge v\u00e5ra kunder och distribut\u00f6rer fler rabatter.<\/p>\n<p>V\u00e5r enhet har ett inbyggt 850 mAh-batteri f\u00f6r f\u00f6rb\u00e4ttrad produktlivsl\u00e4ngd, och det \u00e4r en stor f\u00f6rdel som v\u00e5ra kunder \u00e4r entusiastiska \u00f6ver. Som produkt med dubbla smaker anv\u00e4nder vi 0,9ohm mesh Coils, v\u00e4rmer j\u00e4mnare, den totala kapaciteten f\u00f6r v\u00e5ra produkter \u00e4r 32 ml, st\u00f6rre kapacitet, l\u00e4ngre livsl\u00e4ngd.<\/p>\n<p>Det finns 12 smaker att v\u00e4lja mellan, var och en med en annorlunda och underbar upplevelse, och kunderna kan v\u00e4lja olika nikotinniv\u00e5er f\u00f6r att passa deras preferenser.<\/p>\n<h2><strong><a href=\"https:\/\/www.facebook.com\/fred.luo.58\/\">Waspe<\/a> Kristall 40000 puffar Dubbel Smak Detaljer:<\/strong><\/h2>\n<ul>\n<li>Puffar: 40000 Puffar<\/li>\n<li>Dubbel smak<\/li>\n<li>Mesh-spole: 0,9ohm+0,9ohm<\/li>\n<li>E-v\u00e4tska:32ml<\/li>\n<li>Nicotine:0%\/2%\/5%<\/li>\n<li>Batteri:850mah<\/li>\n<li>Laddningsbar:Typ-C<\/li>\n<li>LED-display<\/li>\n<\/ul>\n<h2><strong>Smaklista:<\/strong><\/h2>\n<ol>\n<li>Vattenmelonis och citron-lime<\/li>\n<li>Red Bull Ice &amp; Jordgubb Mango<\/li>\n<li>Strawberry Red Bull &amp; Blueberry Cherry<\/li>\n<li>Bl\u00e5b\u00e4rsgodis &amp; Jordgubbsvattenmelon<\/li>\n<li>Jordgubb Kiwi &amp; Jordgubb K\u00f6rsb\u00e4r<\/li>\n<li>Bl\u00e5b\u00e4r Hallon &amp; Persika B\u00e4r Is<\/li>\n<li>Jordgubb Hallon K\u00f6rsb\u00e4r &amp; K\u00e4rlek 666<\/li>\n<li>Persika Ice &amp; Vattenmelon Mango Persika<\/li>\n<li>Jordgubbsbanan &amp; ananas kokosn\u00f6tsglass<\/li>\n<li>Grape Ice &amp; Black Dragon Ice<\/li>\n<li>Blandade b\u00e4r &amp; hallonlemonad<\/li>\n<li>Bl\u00e5b\u00e4rsis &amp; K\u00f6rsb\u00e4rs-Cola-is<\/li>\n<\/ol>\n<h2><strong>F\u00f6rpackningslista:<\/strong><\/h2>\n<p>Produktvikt: 105g\/st<br \/>\nProduktstorlek: 61*31*115mm<br \/>\nANTAL: 200st\/ctn, 10st\/box<br \/>\nVikt: 22,5 kg<\/p>\n<figure id=\"attachment_21567\" aria-describedby=\"caption-attachment-21567\" style=\"width: 800px\" class=\"wp-caption alignnone\"><img loading=\"lazy\" decoding=\"async\" class=\"wp-image-21567 size-full\" title=\"Partihandel Waspe Crystal 40000 puffar Eng\u00e5ngs Vape 5\" src=\"https:\/\/www.vapeswholesaler.com\/wp-content\/uploads\/2025\/02\/Wholesale-Waspe-Crystal-40000-puffs-Disposable-Vape-5.webp\" alt=\"Partihandel Waspe Crystal 40000 puffar Eng\u00e5ngs Vape 5\" width=\"800\" height=\"2127\" srcset=\"https:\/\/www.vapeswholesaler.com\/wp-content\/uploads\/2025\/02\/Wholesale-Waspe-Crystal-40000-puffs-Disposable-Vape-5.webp 800w, https:\/\/www.vapeswholesaler.com\/wp-content\/uploads\/2025\/02\/Wholesale-Waspe-Crystal-40000-puffs-Disposable-Vape-5-113x300.webp 113w, https:\/\/www.vapeswholesaler.com\/wp-content\/uploads\/2025\/02\/Wholesale-Waspe-Crystal-40000-puffs-Disposable-Vape-5-385x1024.webp 385w, https:\/\/www.vapeswholesaler.com\/wp-content\/uploads\/2025\/02\/Wholesale-Waspe-Crystal-40000-puffs-Disposable-Vape-5-768x2042.webp 768w, https:\/\/www.vapeswholesaler.com\/wp-content\/uploads\/2025\/02\/Wholesale-Waspe-Crystal-40000-puffs-Disposable-Vape-5-578x1536.webp 578w, https:\/\/www.vapeswholesaler.com\/wp-content\/uploads\/2025\/02\/Wholesale-Waspe-Crystal-40000-puffs-Disposable-Vape-5-770x2048.webp 770w, https:\/\/www.vapeswholesaler.com\/wp-content\/uploads\/2025\/02\/Wholesale-Waspe-Crystal-40000-puffs-Disposable-Vape-5-5x12.webp 5w, https:\/\/www.vapeswholesaler.com\/wp-content\/uploads\/2025\/02\/Wholesale-Waspe-Crystal-40000-puffs-Disposable-Vape-5-510x1356.webp 510w\" sizes=\"auto, (max-width: 800px) 100vw, 800px\" \/><figcaption id=\"caption-attachment-21567\" class=\"wp-caption-text\">Partihandel Waspe Crystal 40000 puffar Eng\u00e5ngs Vape<\/figcaption><\/figure>","protected":false},"excerpt":{"rendered":"<div class=\"product-short-description\">\n<p>Minsta orderkvantitet:\u00a0<strong>50 st<\/strong>\u00a0(Blanda smaker)<\/p>\n<p>\uff08<strong>0%\uff0c2%\uff0c5%<\/strong>\uff09<strong>Fri frakt<\/strong><\/p>\n<\/div>\n<div class=\"wsppc_div_block woocommerce_before_add_to_cart_form\"><\/div>","protected":false},"featured_media":21563,"comment_status":"open","ping_status":"closed","template":"","meta":[],"product_cat":[15],"product_tag":[365,369,383],"class_list":{"0":"post-21580","1":"product","2":"type-product","3":"status-publish","4":"has-post-thumbnail","6":"product_cat-disposable-vape","7":"product_tag-40000-puffs","8":"product_tag-dual-flavors","9":"product_tag-waspe","10":"product_brand-waspe","12":"first","13":"instock","14":"shipping-taxable","15":"purchasable","16":"product-type-variable","17":"has-default-attributes"},"aioseo_notices":[],"_links":{"self":[{"href":"https:\/\/www.vapeswholesaler.com\/sv\/wp-json\/wp\/v2\/product\/21580","targetHints":{"allow":["GET"]}}],"collection":[{"href":"https:\/\/www.vapeswholesaler.com\/sv\/wp-json\/wp\/v2\/product"}],"about":[{"href":"https:\/\/www.vapeswholesaler.com\/sv\/wp-json\/wp\/v2\/types\/product"}],"replies":[{"embeddable":true,"href":"https:\/\/www.vapeswholesaler.com\/sv\/wp-json\/wp\/v2\/comments?post=21580"}],"wp:featuredmedia":[{"embeddable":true,"href":"https:\/\/www.vapeswholesaler.com\/sv\/wp-json\/wp\/v2\/media\/21563"}],"wp:attachment":[{"href":"https:\/\/www.vapeswholesaler.com\/sv\/wp-json\/wp\/v2\/media?parent=21580"}],"wp:term":[{"taxonomy":"product_cat","embeddable":true,"href":"https:\/\/www.vapeswholesaler.com\/sv\/wp-json\/wp\/v2\/product_cat?post=21580"},{"taxonomy":"product_tag","embeddable":true,"href":"https:\/\/www.vapeswholesaler.com\/sv\/wp-json\/wp\/v2\/product_tag?post=21580"}],"curies":[{"name":"wp","href":"https:\/\/api.w.org\/{rel}","templated":true}]}}