{"id":21446,"date":"2025-01-12T14:16:37","date_gmt":"2025-01-12T06:16:37","guid":{"rendered":"https:\/\/www.vapeswholesaler.com\/?post_type=product&#038;p=21446"},"modified":"2025-03-05T15:47:04","modified_gmt":"2025-03-05T07:47:04","slug":"grossist-mr-nic-trevlig-45000-puffar-engangs-vape-2","status":"publish","type":"product","link":"https:\/\/www.vapeswholesaler.com\/sv\/produkt\/grossist-mr-nic-trevlig-45000-puffar-engangs-vape-2","title":{"rendered":"Partihandel Mr Nic Nice 45000 Puffs Eng\u00e5ngs Vape"},"content":{"rendered":"<p>Mr Nic Nice 45000 Puffs \u00e4r den senaste e-cigaretten p\u00e5 marknaden idag, och den \u00e4r ocks\u00e5 popul\u00e4r i Europa och USA, med banbrytande vapingteknik och strikt kvalitetskontroll som distribut\u00f6rer och vapingk\u00f6pare \u00f6ver hela v\u00e4rlden litar p\u00e5.<\/p>\n<p>Mr Nic Nice 45000 Puffs \u00e4r en uppladdningsbar eng\u00e5ngs vape-enhet som levereras med digital displaysk\u00e4rm som visar NICE Take Off When Vaping, Power Light Rise Up When Charging. Den inneh\u00e5ller 45 ml 0\/2\/3\/5% nikotinsalt e-juice och vape upp till 45000 puffar. Det finns 10 smaker f\u00f6r dig att v\u00e4lja. Den uppladdningsbara porten l\u00e4ngst ner p\u00e5 enheten garanterar att du avslutar den sista droppen av e-juice i tanken hela tiden.<\/p>\n<h2><strong><a href=\"https:\/\/www.vapeswholesaler.com\/sv\/produkt_varumarke\/mr-nic\/\">Mr Nic<\/a> Nice 45000 Puffs Funktioner:<\/strong><\/h2>\n<ul>\n<li>Digital sk\u00e4rm: Visning av batteriprocent<\/li>\n<li>Laddningsport: USB-C-laddning p\u00e5 sidan<\/li>\n<li>F\u00f6rv\u00e4rmningsfunktion: Ja<\/li>\n<li>Smak\u00e4mnen: 10 smak\u00e4mnen<\/li>\n<li>Automatiskt fl\u00f6de: Ja<\/li>\n<li>Batterikapacitet: 650mAH<\/li>\n<li>Puffar: 45000 Puffar<\/li>\n<\/ul>\n<h2><strong>Mr Nic Nice 45000 Puffs Smaker:<\/strong><\/h2>\n<ol>\n<li>Blue Razz Ice<\/li>\n<li>Bl\u00e5b\u00e4r Vattenmelon<\/li>\n<li>K\u00f6rsb\u00e4r Cqla Ice<\/li>\n<li>Citrus Mynta<\/li>\n<li>Dubbla \u00e4pplen<\/li>\n<li>Grape Ice<\/li>\n<li>Juice persika<\/li>\n<li>Blandade b\u00e4r<\/li>\n<li>Jordgubbsis<\/li>\n<li>Vattenmelon-is<\/li>\n<\/ol>\n<h2><strong>F\u00f6rpackningslista:<\/strong><\/h2>\n<p>1 st per styck Enstaka l\u00e5da<br \/>\n10 st vardera Displayl\u00e5da<br \/>\n200 st per kartong<\/p>\n<p><img loading=\"lazy\" decoding=\"async\" class=\"wp-image-21435 size-full\" title=\"Partihandel Mr Nic Nice 45000 Puffs Eng\u00e5ngs Vape 2\" src=\"https:\/\/www.vapeswholesaler.com\/wp-content\/uploads\/2025\/01\/Wholesale-Mr-Nic-Nice-45000-Puffs-Disposable-Vape-2.webp\" alt=\"Partihandel Mr Nic Nice 45000 Puffs Eng\u00e5ngs Vape 2\" width=\"800\" height=\"902\" srcset=\"https:\/\/www.vapeswholesaler.com\/wp-content\/uploads\/2025\/01\/Wholesale-Mr-Nic-Nice-45000-Puffs-Disposable-Vape-2.webp 800w, https:\/\/www.vapeswholesaler.com\/wp-content\/uploads\/2025\/01\/Wholesale-Mr-Nic-Nice-45000-Puffs-Disposable-Vape-2-266x300.webp 266w, https:\/\/www.vapeswholesaler.com\/wp-content\/uploads\/2025\/01\/Wholesale-Mr-Nic-Nice-45000-Puffs-Disposable-Vape-2-768x866.webp 768w, https:\/\/www.vapeswholesaler.com\/wp-content\/uploads\/2025\/01\/Wholesale-Mr-Nic-Nice-45000-Puffs-Disposable-Vape-2-11x12.webp 11w, https:\/\/www.vapeswholesaler.com\/wp-content\/uploads\/2025\/01\/Wholesale-Mr-Nic-Nice-45000-Puffs-Disposable-Vape-2-510x575.webp 510w\" sizes=\"auto, (max-width: 800px) 100vw, 800px\" \/><\/p>","protected":false},"excerpt":{"rendered":"<p>Minsta orderkvantitet:\u00a0<strong>50 STYCKEN<\/strong>\u00a0(Blanda smaker)\u00a0\u00a0<strong>Fri frakt<\/strong><\/p>\n<p>(<strong>2%, 5% Nic<\/strong>)<\/p>","protected":false},"featured_media":21443,"comment_status":"open","ping_status":"closed","template":"","meta":[],"product_cat":[15],"product_tag":[116,113,114,115],"class_list":{"0":"post-21446","1":"product","2":"type-product","3":"status-publish","4":"has-post-thumbnail","6":"product_cat-disposable-vape","7":"product_tag-buy-45k-vapes","8":"product_tag-45k-puffs","9":"product_tag-45k-disposable-vape","10":"product_tag-45000-puffs-vapes","11":"product_brand-mr-nic","13":"first","14":"instock","15":"shipping-taxable","16":"purchasable","17":"product-type-variable","18":"has-default-attributes"},"aioseo_notices":[],"_links":{"self":[{"href":"https:\/\/www.vapeswholesaler.com\/sv\/wp-json\/wp\/v2\/product\/21446","targetHints":{"allow":["GET"]}}],"collection":[{"href":"https:\/\/www.vapeswholesaler.com\/sv\/wp-json\/wp\/v2\/product"}],"about":[{"href":"https:\/\/www.vapeswholesaler.com\/sv\/wp-json\/wp\/v2\/types\/product"}],"replies":[{"embeddable":true,"href":"https:\/\/www.vapeswholesaler.com\/sv\/wp-json\/wp\/v2\/comments?post=21446"}],"wp:featuredmedia":[{"embeddable":true,"href":"https:\/\/www.vapeswholesaler.com\/sv\/wp-json\/wp\/v2\/media\/21443"}],"wp:attachment":[{"href":"https:\/\/www.vapeswholesaler.com\/sv\/wp-json\/wp\/v2\/media?parent=21446"}],"wp:term":[{"taxonomy":"product_cat","embeddable":true,"href":"https:\/\/www.vapeswholesaler.com\/sv\/wp-json\/wp\/v2\/product_cat?post=21446"},{"taxonomy":"product_tag","embeddable":true,"href":"https:\/\/www.vapeswholesaler.com\/sv\/wp-json\/wp\/v2\/product_tag?post=21446"}],"curies":[{"name":"wp","href":"https:\/\/api.w.org\/{rel}","templated":true}]}}