{"id":21293,"date":"2025-01-07T18:57:13","date_gmt":"2025-01-07T10:57:13","guid":{"rendered":"https:\/\/www.vapeswholesaler.com\/?post_type=product&#038;p=21293"},"modified":"2025-07-30T08:17:17","modified_gmt":"2025-07-30T00:17:17","slug":"grossist-happ-bar-20000-puffar-engangs-vape-eu-lager","status":"publish","type":"product","link":"https:\/\/www.vapeswholesaler.com\/sv\/produkt\/grossist-happ-bar-20000-puffar-engangs-vape-eu-lager","title":{"rendered":"Partihandel Happ bar 20000 Puffs Eng\u00e5ngs Vape Eu Warehouse"},"content":{"rendered":"<p><a href=\"https:\/\/www.vapeswholesaler.com\/sv\/produkt_varumarke\/happ-bar\/\">Happ bar<\/a> 20000 Puffs Disposable Vape \u00e4r en p\u00e5litlig produkt fr\u00e5n varum\u00e4rkets exklusiva privata m\u00f6gelprodukter, f\u00f6r att eliminera medelm\u00e5ttighet, utseendet p\u00e5 det akryltransparenta materialet, s\u00e5 att produkten blir mer uppfriskande, renare och mer hygienisk.<\/p>\n<p>\u00c5 andra sidan \u00e4r det uppgraderat fr\u00e5n 15000 Puffs, vi har \u00f6kat kapaciteten hos vapejuice p\u00e5 originalbasis, s\u00e5 att kunderna kan f\u00e5 mer l\u00e5ngvarig vapingupplevelse, V\u00e5ra produkter har erk\u00e4nts av majoriteten av kunderna, och var och en av dem har gett oss bra kommentarer, vi \u00e4r \u00f6vertygade om att denna utveckling kommer att skapa en annan lysande framtid, s\u00e5 att v\u00e5ra partners kan f\u00e5 mer anv\u00e4ndarupplevelse och aff\u00e4rsv\u00e4rde.<\/p>\n<p>Enheten levereras med 25 ml f\u00f6rfylld ejuice och 650 mAh batteri, det finns 18 smaker tillg\u00e4ngliga och kan st\u00f6dja typ C-port f\u00f6r laddning, s\u00e5 vi oroar oss inte l\u00e4ngre f\u00f6r str\u00f6m\u00e5ngest. Vi anv\u00e4nde 1,0 ohm mesh-spolar, som kan vaping och m\u00f6jligg\u00f6r en trevligare upplevelse f\u00f6r kunden. Dessutom \u00e4r v\u00e5ra produkter utrustade med en elektronisk display, som g\u00f6r att du kan \u00f6vervaka produktens status n\u00e4r som helst.<\/p>\n<h2><strong><a href=\"https:\/\/www.facebook.com\/fred.luo.58\">Happ bar<\/a> 20000 Puffs Eng\u00e5ngs Vape Funktioner:<\/strong><\/h2>\n<ul>\n<li>Puff: 20000puffarNikotinhalt: 2%, 5%<\/li>\n<li>Batterikapacitet: 650mAh<\/li>\n<li>Uppladdningsbar eller inte: TYPE-C laddningsport<\/li>\n<li>Resistans: 1,0 ohm<\/li>\n<li>Kapacitet: 25ml *Smak: 18 smaker,<\/li>\n<\/ul>\n<h2><strong>Listning av smaker:<\/strong><\/h2>\n<ol>\n<li>Blue Razz Gummibj\u00f6rn<\/li>\n<li>Bl\u00e5b\u00e4r K\u00f6rsb\u00e4r Tranb\u00e4r<\/li>\n<li>Bl\u00e5b\u00e4rsis<\/li>\n<li>Bl\u00e5b\u00e4r Hallon<\/li>\n<li>K\u00f6rsb\u00e4rsis<\/li>\n<li>Kokosn\u00f6t Citron<\/li>\n<li>Hami Melon<\/li>\n<li>Kiwi Passionsfrukt Guava<\/li>\n<li>Citron hagel<\/li>\n<li>Monster Mango<\/li>\n<li>Ananas kokosn\u00f6t<\/li>\n<li>Hallon Vattenmelon<\/li>\n<li>Jordgubbar Bananer<\/li>\n<li>Jordgubbsis<\/li>\n<li>Jordgubb Kiwi<\/li>\n<li>Jordgubbar Hallon<\/li>\n<li>Jordgubb Vanilj Cola<\/li>\n<li>Vattenmelon-is<\/li>\n<\/ol>\n<h2>F\u00f6rpackningslista:<\/h2>\n<p>1 st i varje l\u00e5da<br \/>\n10 st varje displayl\u00e5da<br \/>\n200 st per kartong<\/p>\n<figure id=\"attachment_21268\" aria-describedby=\"caption-attachment-21268\" style=\"width: 800px\" class=\"wp-caption alignnone\"><img loading=\"lazy\" decoding=\"async\" class=\"wp-image-21268 size-full\" title=\"Partihandel Happbar GR 20000 Puffs Eng\u00e5ngs Vape 7\" src=\"https:\/\/www.vapeswholesaler.com\/wp-content\/uploads\/2025\/01\/Wholesale-Happbar-GR-20000-Puffs-Disposable-Vape-7.webp\" alt=\"Partihandel Happbar GR 20000 Puffs Eng\u00e5ngs Vape 7\" width=\"800\" height=\"396\" srcset=\"https:\/\/www.vapeswholesaler.com\/wp-content\/uploads\/2025\/01\/Wholesale-Happbar-GR-20000-Puffs-Disposable-Vape-7.webp 800w, https:\/\/www.vapeswholesaler.com\/wp-content\/uploads\/2025\/01\/Wholesale-Happbar-GR-20000-Puffs-Disposable-Vape-7-300x149.webp 300w, https:\/\/www.vapeswholesaler.com\/wp-content\/uploads\/2025\/01\/Wholesale-Happbar-GR-20000-Puffs-Disposable-Vape-7-768x380.webp 768w, https:\/\/www.vapeswholesaler.com\/wp-content\/uploads\/2025\/01\/Wholesale-Happbar-GR-20000-Puffs-Disposable-Vape-7-18x9.webp 18w, https:\/\/www.vapeswholesaler.com\/wp-content\/uploads\/2025\/01\/Wholesale-Happbar-GR-20000-Puffs-Disposable-Vape-7-510x252.webp 510w\" sizes=\"auto, (max-width: 800px) 100vw, 800px\" \/><figcaption id=\"caption-attachment-21268\" class=\"wp-caption-text\">Partihandel Happ bar GR 20000 Puffs Eng\u00e5ngs Vape<\/figcaption><\/figure>\n<figure id=\"attachment_21269\" aria-describedby=\"caption-attachment-21269\" style=\"width: 800px\" class=\"wp-caption alignnone\"><img loading=\"lazy\" decoding=\"async\" class=\"wp-image-21269 size-full\" title=\"Partihandel Happbar GR 20000 Puffs Eng\u00e5ngs Vape 8\" src=\"https:\/\/www.vapeswholesaler.com\/wp-content\/uploads\/2025\/01\/Wholesale-Happbar-GR-20000-Puffs-Disposable-Vape-8.webp\" alt=\"Partihandel Happbar GR 20000 Puffs Eng\u00e5ngs Vape 8\" width=\"800\" height=\"800\" srcset=\"https:\/\/www.vapeswholesaler.com\/wp-content\/uploads\/2025\/01\/Wholesale-Happbar-GR-20000-Puffs-Disposable-Vape-8.webp 800w, https:\/\/www.vapeswholesaler.com\/wp-content\/uploads\/2025\/01\/Wholesale-Happbar-GR-20000-Puffs-Disposable-Vape-8-300x300.webp 300w, https:\/\/www.vapeswholesaler.com\/wp-content\/uploads\/2025\/01\/Wholesale-Happbar-GR-20000-Puffs-Disposable-Vape-8-150x150.webp 150w, https:\/\/www.vapeswholesaler.com\/wp-content\/uploads\/2025\/01\/Wholesale-Happbar-GR-20000-Puffs-Disposable-Vape-8-768x768.webp 768w, https:\/\/www.vapeswholesaler.com\/wp-content\/uploads\/2025\/01\/Wholesale-Happbar-GR-20000-Puffs-Disposable-Vape-8-12x12.webp 12w, https:\/\/www.vapeswholesaler.com\/wp-content\/uploads\/2025\/01\/Wholesale-Happbar-GR-20000-Puffs-Disposable-Vape-8-247x247.webp 247w, https:\/\/www.vapeswholesaler.com\/wp-content\/uploads\/2025\/01\/Wholesale-Happbar-GR-20000-Puffs-Disposable-Vape-8-510x510.webp 510w, https:\/\/www.vapeswholesaler.com\/wp-content\/uploads\/2025\/01\/Wholesale-Happbar-GR-20000-Puffs-Disposable-Vape-8-100x100.webp 100w\" sizes=\"auto, (max-width: 800px) 100vw, 800px\" \/><figcaption id=\"caption-attachment-21269\" class=\"wp-caption-text\">Partihandel Happ bar GR 20000 Puffs Eng\u00e5ngs Vape<\/figcaption><\/figure>\n<p>&nbsp;<\/p>\n<figure id=\"attachment_21273\" aria-describedby=\"caption-attachment-21273\" style=\"width: 800px\" class=\"wp-caption alignnone\"><img loading=\"lazy\" decoding=\"async\" class=\"wp-image-21273 size-full\" title=\"Partihandel Happbar GR 20000 Puffs Eng\u00e5ngs Vape 12\" src=\"https:\/\/www.vapeswholesaler.com\/wp-content\/uploads\/2025\/01\/Wholesale-Happbar-GR-20000-Puffs-Disposable-Vape-12.webp\" alt=\"Partihandel Happbar GR 20000 Puffs Eng\u00e5ngs Vape 12\" width=\"800\" height=\"800\" srcset=\"https:\/\/www.vapeswholesaler.com\/wp-content\/uploads\/2025\/01\/Wholesale-Happbar-GR-20000-Puffs-Disposable-Vape-12.webp 800w, https:\/\/www.vapeswholesaler.com\/wp-content\/uploads\/2025\/01\/Wholesale-Happbar-GR-20000-Puffs-Disposable-Vape-12-300x300.webp 300w, https:\/\/www.vapeswholesaler.com\/wp-content\/uploads\/2025\/01\/Wholesale-Happbar-GR-20000-Puffs-Disposable-Vape-12-150x150.webp 150w, https:\/\/www.vapeswholesaler.com\/wp-content\/uploads\/2025\/01\/Wholesale-Happbar-GR-20000-Puffs-Disposable-Vape-12-768x768.webp 768w, https:\/\/www.vapeswholesaler.com\/wp-content\/uploads\/2025\/01\/Wholesale-Happbar-GR-20000-Puffs-Disposable-Vape-12-12x12.webp 12w, https:\/\/www.vapeswholesaler.com\/wp-content\/uploads\/2025\/01\/Wholesale-Happbar-GR-20000-Puffs-Disposable-Vape-12-247x247.webp 247w, https:\/\/www.vapeswholesaler.com\/wp-content\/uploads\/2025\/01\/Wholesale-Happbar-GR-20000-Puffs-Disposable-Vape-12-510x510.webp 510w, https:\/\/www.vapeswholesaler.com\/wp-content\/uploads\/2025\/01\/Wholesale-Happbar-GR-20000-Puffs-Disposable-Vape-12-100x100.webp 100w\" sizes=\"auto, (max-width: 800px) 100vw, 800px\" \/><figcaption id=\"caption-attachment-21273\" class=\"wp-caption-text\">Partihandel Happ bar GR 20000 Puffs Eng\u00e5ngs Vape<\/figcaption><\/figure>\n<p>&nbsp;<\/p>","protected":false},"excerpt":{"rendered":"<p>Minsta orderkvantitet:\u00a0<strong>50 st<\/strong>\u00a0(Blanda smaker)\u00a0\u00a0<strong>Fri frakt<\/strong><\/p>\n<p>(<strong>2%, 5% Nic<\/strong>) EU Warehouse Leveranstid 5-6 arbetsdagar \"<em><strong>Det finns inga ventas i Espa\u00f1a\"<\/strong><\/em><\/p>","protected":false},"featured_media":21262,"comment_status":"open","ping_status":"closed","template":"","meta":[],"product_cat":[15],"product_tag":[100,373,380],"class_list":{"0":"post-21293","1":"product","2":"type-product","3":"status-publish","4":"has-post-thumbnail","6":"product_cat-disposable-vape","7":"product_tag-20000-puffs","8":"product_tag-europe-warehouse","9":"product_tag-happ-bar","10":"product_brand-happ-bar","12":"first","13":"outofstock","14":"shipping-taxable","15":"purchasable","16":"product-type-variable","17":"has-default-attributes"},"aioseo_notices":[],"_links":{"self":[{"href":"https:\/\/www.vapeswholesaler.com\/sv\/wp-json\/wp\/v2\/product\/21293","targetHints":{"allow":["GET"]}}],"collection":[{"href":"https:\/\/www.vapeswholesaler.com\/sv\/wp-json\/wp\/v2\/product"}],"about":[{"href":"https:\/\/www.vapeswholesaler.com\/sv\/wp-json\/wp\/v2\/types\/product"}],"replies":[{"embeddable":true,"href":"https:\/\/www.vapeswholesaler.com\/sv\/wp-json\/wp\/v2\/comments?post=21293"}],"wp:featuredmedia":[{"embeddable":true,"href":"https:\/\/www.vapeswholesaler.com\/sv\/wp-json\/wp\/v2\/media\/21262"}],"wp:attachment":[{"href":"https:\/\/www.vapeswholesaler.com\/sv\/wp-json\/wp\/v2\/media?parent=21293"}],"wp:term":[{"taxonomy":"product_cat","embeddable":true,"href":"https:\/\/www.vapeswholesaler.com\/sv\/wp-json\/wp\/v2\/product_cat?post=21293"},{"taxonomy":"product_tag","embeddable":true,"href":"https:\/\/www.vapeswholesaler.com\/sv\/wp-json\/wp\/v2\/product_tag?post=21293"}],"curies":[{"name":"wp","href":"https:\/\/api.w.org\/{rel}","templated":true}]}}