{"id":21174,"date":"2024-12-29T20:11:32","date_gmt":"2024-12-29T12:11:32","guid":{"rendered":"https:\/\/www.vapeswholesaler.com\/?post_type=product&#038;p=21174"},"modified":"2025-09-16T15:16:55","modified_gmt":"2025-09-16T07:16:55","slug":"grossist-jnr-alien-10000-puffar-engangs-vape","status":"publish","type":"product","link":"https:\/\/www.vapeswholesaler.com\/sv\/produkt\/grossist-jnr-alien-10000-puffar-engangs-vape","title":{"rendered":"Partihandel JNR Alien 10000 Puffs Eng\u00e5ngs Vape"},"content":{"rendered":"<p>Den <a title=\"JNR\" href=\"https:\/\/www.vapeswholesaler.com\/sv\/produkt_varumarke\/jnr-engangsvapen\/\"><strong>JNR<\/strong><\/a> Alien 10000 Puffs Disposable Vape ger en j\u00e4mn dragning och smakfull \u00e5nga med en 1,2\u03a9-spole, och den har en imponerande kapacitet p\u00e5 cirka 10000 puffar, som drivs av ett 850mAh-batteri. Med f\u00f6rfylld 20 ml e-v\u00e4tska ger den ett varierat utbud av \u00f6ver 30 smaker, fr\u00e5n uppfriskande is till h\u00e4rliga frukter. Bekv\u00e4mligheten med en typ C-laddningsport s\u00e4kerst\u00e4ller snabb och problemfri laddning.<\/p>\n<h2><strong>JNR Alien 10000 Puffs Features:<\/strong><\/h2>\n<ul>\n<li>Sportig design<\/li>\n<li>LED-lampor (RGB),<\/li>\n<li>Ungef\u00e4r 10.000 puffar<\/li>\n<li>Imponerande smaker<\/li>\n<li>Smidig vapingupplevelse<\/li>\n<li>\u00d6kad tillfredsst\u00e4llelse<\/li>\n<li>Mode Stil<\/li>\n<li>Med sling f\u00f6r bekv\u00e4m transport p\u00e5 spr\u00e5ng<\/li>\n<li>Nikotin: 0% 2% 5%<\/li>\n<li>Kapacitet f\u00f6r e-v\u00e4tska: 20 ml<\/li>\n<li>Batterikapacitet:850mah<\/li>\n<li>K\u00e4rna: 1,2ohm Mesh-spolar<\/li>\n<\/ul>\n<h2><strong>\u00a0<\/strong><strong>Flavors Available\uff1a<\/strong><\/h2>\n<ol>\n<li>Svart drake is<\/li>\n<li>Bl\u00e5 Razz K\u00f6rsb\u00e4r<\/li>\n<li>Blue Razz Ice<\/li>\n<li>Bubble Gum med bl\u00e5b\u00e4r<\/li>\n<li>Bl\u00e5b\u00e4r K\u00f6rsb\u00e4r Tranb\u00e4r<\/li>\n<li>Bl\u00e5b\u00e4r p\u00e5 is<\/li>\n<li>Bl\u00e5b\u00e4r Sura Hallon<\/li>\n<li>Fizzy Cherry Cola<\/li>\n<li>Grape Ice<\/li>\n<li>Guava lce<\/li>\n<li>Kiwi Passionsfrukt Guava<\/li>\n<li>Jordgubb Kiwi<\/li>\n<li>Blandade b\u00e4r<\/li>\n<li>Herr Bl\u00e5<\/li>\n<li>Passionsfrukt<\/li>\n<li>Persika B\u00e4r<\/li>\n<li>Persika bl\u00e5b\u00e4r godis<\/li>\n<li>Persika is<\/li>\n<li>Persika Mango Ananas<\/li>\n<li>Surt \u00e4pple<\/li>\n<li>Jordgubbar Bananer<\/li>\n<li>Jordgubbsis<\/li>\n<li>Jordgubbar Hallon K\u00f6rsb\u00e4r Is<\/li>\n<li>Jordgubbs- och vattenmelonis<\/li>\n<li>Jordgubbs- och vattenmelonlimonad<\/li>\n<li>Vattenmelon Bubble Gum<\/li>\n<li>Vattenmelon-is<\/li>\n<li>Banan is<\/li>\n<li>Bl\u00e5b\u00e4r Kiwi<\/li>\n<li>K\u00f6rsb\u00e4rsb\u00e4r<\/li>\n<li>Cola is<\/li>\n<li>Cool Mint<\/li>\n<li>Dubbla \u00e4pplen<\/li>\n<li>Gummibj\u00f6rn<\/li>\n<li>Lush Ice<\/li>\n<li>Hallon Vattenmelon<\/li>\n<li>Jordgubbsgodisis<\/li>\n<li>Pinacolada med jordgubbar<\/li>\n<li>Jordgubbe Pommegranat<\/li>\n<li>Jordgubbs-hallon-is<\/li>\n<li>Tropisk b\u00e5l<\/li>\n<li>Vattenmelon Brazz Ice<\/li>\n<li>Vattenmelon Lychee<\/li>\n<\/ol>\n<h2><strong>F\u00f6rpackningslista:<\/strong><\/h2>\n<p>1 st per styck Enstaka l\u00e5da<br \/>\n10 st vardera Displayl\u00e5da<br \/>\n200 st per kartong<\/p>\n<p><img loading=\"lazy\" decoding=\"async\" class=\"alignnone wp-image-21176 size-full\" title=\"Partihandel JNR Alien 10000 Puffs Eng\u00e5ngs Vape 12\" src=\"https:\/\/www.vapeswholesaler.com\/wp-content\/uploads\/2024\/12\/Wholesale-JNR-Alien-10000-Puffs-Disposable-Vape-12.webp\" alt=\"Partihandel JNR Alien 10000 Puffs Eng\u00e5ngs Vape 12\" width=\"800\" height=\"800\" srcset=\"https:\/\/www.vapeswholesaler.com\/wp-content\/uploads\/2024\/12\/Wholesale-JNR-Alien-10000-Puffs-Disposable-Vape-12.webp 800w, https:\/\/www.vapeswholesaler.com\/wp-content\/uploads\/2024\/12\/Wholesale-JNR-Alien-10000-Puffs-Disposable-Vape-12-300x300.webp 300w, https:\/\/www.vapeswholesaler.com\/wp-content\/uploads\/2024\/12\/Wholesale-JNR-Alien-10000-Puffs-Disposable-Vape-12-150x150.webp 150w, https:\/\/www.vapeswholesaler.com\/wp-content\/uploads\/2024\/12\/Wholesale-JNR-Alien-10000-Puffs-Disposable-Vape-12-768x768.webp 768w, https:\/\/www.vapeswholesaler.com\/wp-content\/uploads\/2024\/12\/Wholesale-JNR-Alien-10000-Puffs-Disposable-Vape-12-12x12.webp 12w, https:\/\/www.vapeswholesaler.com\/wp-content\/uploads\/2024\/12\/Wholesale-JNR-Alien-10000-Puffs-Disposable-Vape-12-247x247.webp 247w, https:\/\/www.vapeswholesaler.com\/wp-content\/uploads\/2024\/12\/Wholesale-JNR-Alien-10000-Puffs-Disposable-Vape-12-510x510.webp 510w, https:\/\/www.vapeswholesaler.com\/wp-content\/uploads\/2024\/12\/Wholesale-JNR-Alien-10000-Puffs-Disposable-Vape-12-100x100.webp 100w\" sizes=\"auto, (max-width: 800px) 100vw, 800px\" \/> <img loading=\"lazy\" decoding=\"async\" class=\"alignnone wp-image-21177 size-full\" title=\"Partihandel JNR Alien 10000 Puffs Eng\u00e5ngs Vape 13\" src=\"https:\/\/www.vapeswholesaler.com\/wp-content\/uploads\/2024\/12\/Wholesale-JNR-Alien-10000-Puffs-Disposable-Vape-13.webp\" alt=\"Partihandel JNR Alien 10000 Puffs Eng\u00e5ngs Vape 13\" width=\"800\" height=\"450\" srcset=\"https:\/\/www.vapeswholesaler.com\/wp-content\/uploads\/2024\/12\/Wholesale-JNR-Alien-10000-Puffs-Disposable-Vape-13.webp 800w, https:\/\/www.vapeswholesaler.com\/wp-content\/uploads\/2024\/12\/Wholesale-JNR-Alien-10000-Puffs-Disposable-Vape-13-300x169.webp 300w, https:\/\/www.vapeswholesaler.com\/wp-content\/uploads\/2024\/12\/Wholesale-JNR-Alien-10000-Puffs-Disposable-Vape-13-768x432.webp 768w, https:\/\/www.vapeswholesaler.com\/wp-content\/uploads\/2024\/12\/Wholesale-JNR-Alien-10000-Puffs-Disposable-Vape-13-18x10.webp 18w, https:\/\/www.vapeswholesaler.com\/wp-content\/uploads\/2024\/12\/Wholesale-JNR-Alien-10000-Puffs-Disposable-Vape-13-510x287.webp 510w\" sizes=\"auto, (max-width: 800px) 100vw, 800px\" \/><\/p>\n<p>&nbsp;<\/p>\n<p>&nbsp;<\/p>","protected":false},"excerpt":{"rendered":"<p>Minsta orderkvantitet:\u00a0<strong>50 st<\/strong>\u00a0(Blanda smaker)<\/p>\n<p>\uff082%\uff0c5%\uff09<strong>Fri frakt<\/strong><\/p>","protected":false},"featured_media":21172,"comment_status":"open","ping_status":"closed","template":"","meta":[],"product_cat":[15],"product_tag":[427,428,429],"class_list":{"0":"post-21174","1":"product","2":"type-product","3":"status-publish","4":"has-post-thumbnail","6":"product_cat-disposable-vape","7":"product_tag-jnr-10000-puffs","8":"product_tag-jnr-10000-vapes","9":"product_tag-jnr-10000-disposable-vape","10":"product_brand-jnr-disposable-vape","12":"first","13":"instock","14":"shipping-taxable","15":"purchasable","16":"product-type-variable","17":"has-default-attributes"},"aioseo_notices":[],"_links":{"self":[{"href":"https:\/\/www.vapeswholesaler.com\/sv\/wp-json\/wp\/v2\/product\/21174","targetHints":{"allow":["GET"]}}],"collection":[{"href":"https:\/\/www.vapeswholesaler.com\/sv\/wp-json\/wp\/v2\/product"}],"about":[{"href":"https:\/\/www.vapeswholesaler.com\/sv\/wp-json\/wp\/v2\/types\/product"}],"replies":[{"embeddable":true,"href":"https:\/\/www.vapeswholesaler.com\/sv\/wp-json\/wp\/v2\/comments?post=21174"}],"wp:featuredmedia":[{"embeddable":true,"href":"https:\/\/www.vapeswholesaler.com\/sv\/wp-json\/wp\/v2\/media\/21172"}],"wp:attachment":[{"href":"https:\/\/www.vapeswholesaler.com\/sv\/wp-json\/wp\/v2\/media?parent=21174"}],"wp:term":[{"taxonomy":"product_cat","embeddable":true,"href":"https:\/\/www.vapeswholesaler.com\/sv\/wp-json\/wp\/v2\/product_cat?post=21174"},{"taxonomy":"product_tag","embeddable":true,"href":"https:\/\/www.vapeswholesaler.com\/sv\/wp-json\/wp\/v2\/product_tag?post=21174"}],"curies":[{"name":"wp","href":"https:\/\/api.w.org\/{rel}","templated":true}]}}