{"id":21120,"date":"2024-12-26T22:55:43","date_gmt":"2024-12-26T14:55:43","guid":{"rendered":"https:\/\/www.vapeswholesaler.com\/?post_type=product&#038;p=21120"},"modified":"2025-12-06T10:33:16","modified_gmt":"2025-12-06T02:33:16","slug":"grossist-feemo-alps-30000-puffar-engangs-vape","status":"publish","type":"product","link":"https:\/\/www.vapeswholesaler.com\/sv\/produkt\/grossist-feemo-alps-30000-puffar-engangs-vape","title":{"rendered":"Partihandel Feemo Alps 30000 Puffs Eng\u00e5ngs Vape"},"content":{"rendered":"<p>Feemo Alps 30000 Puffs Disposable E-Cigarette \u00e4r en helt ny, Du kan nu njuta av upp till 30 000 puffar samtidigt som du f\u00e5r alla de fantastiska smaker och funktioner som eng\u00e5ngs e-cigaretter har att erbjuda. Med ett brett utbud av smaker och justerbara inst\u00e4llningar kan Feemo Alps 30000 Disposable E-Cigarette uppfylla alla dina vapingbehov.<\/p>\n<p>Feemo Alps 30000 Puffs Disposable E-Cigarette, en banbrytande, l\u00e5ngvarig enhet som rymmer hela 35 milliliter 2% nikotin-e-v\u00e4tska och kan ge upp till 30 000 puffar.Denna e-cigarett har ett 850mAh uppladdningsbart batteri, st\u00f6der USB Type-C-laddning och har dubbla n\u00e4tspolar, ett justerbart luftfl\u00f6dessystem och en tydlig LCD-sk\u00e4rm f\u00f6r en personlig vapingupplevelse. Skaffa den h\u00e4r funktionsrika gadgeten med h\u00f6g kapacitet f\u00f6r att njuta av informerad och tillfredsst\u00e4llande vaping.<\/p>\n<p>Med en Sub Ohm 0,5 ohm-spole levererar Cloud Mountain ALPS 30000 Puffs robusta moln och intensiv smak med varje bloss, vilket garanterar en tillfredsst\u00e4llande vapingupplevelse. Feemo Alps 30000 eng\u00e5ngs e-cigarett har en starkare smak och erbjuder utm\u00e4rkt balans. f\u00e5 dig att utveckla en djup tillgivenhet f\u00f6r denna artikel.<\/p>\n<h2><strong><a href=\"https:\/\/www.vapeswholesaler.com\/sv\/produkt_varumarke\/feemo\/\">Feemo<\/a> Alps 30000 Puffs Eng\u00e5ngsvape Funktioner:<\/strong><\/h2>\n<ul>\n<li>850mAh uppladdningsbart batteri<\/li>\n<li>35 ml f\u00f6rfylld e-juice<\/li>\n<li>2% nikotinstyrka<\/li>\n<li>N\u00e5 upp till 30000 puffar<\/li>\n<li>0,5 ohm mesh-spole<\/li>\n<li>Typ C-laddningsport<\/li>\n<li>10 olika smaker tillg\u00e4ngliga<\/li>\n<\/ul>\n<h2><strong>Feemo Alps 30000 Puffs Eng\u00e5ngs Vape Smaker:<\/strong><\/h2>\n<ol>\n<li>Dragon Melon<\/li>\n<li>Black Ice Drakfrukt Jordgubb<\/li>\n<li>Rosa lemonad<\/li>\n<li>Jordgubbar Vattenmelon<\/li>\n<li>Aloe Druva<\/li>\n<li>Jordgubbar Bananer<\/li>\n<li>Bl\u00e5b\u00e4r K\u00f6rsb\u00e4r Cola<\/li>\n<li>Vattenmelon<\/li>\n<li>Passionsfrukt Kiwi<\/li>\n<li>Mango<\/li>\n<\/ol>\n<h2><strong>F\u00f6rpackningslista:<\/strong><\/h2>\n<p>1 st varje enskild l\u00e5da<br \/>\n10 st varje displayl\u00e5da<br \/>\n200 st per kartong<\/p>\n<p><img loading=\"lazy\" decoding=\"async\" class=\"alignnone wp-image-21117 size-full\" title=\"Partihandel Feemo Alps 30000 Puffs Eng\u00e5ngs Vape 8\" src=\"https:\/\/www.vapeswholesaler.com\/wp-content\/uploads\/2024\/12\/Wholesale-Feemo-Alps-30000-Puffs-Disposable-Vape-8.webp\" alt=\"Partihandel Feemo Alps 30000 Puffs Eng\u00e5ngs Vape 8\" width=\"800\" height=\"800\" srcset=\"https:\/\/www.vapeswholesaler.com\/wp-content\/uploads\/2024\/12\/Wholesale-Feemo-Alps-30000-Puffs-Disposable-Vape-8.webp 800w, https:\/\/www.vapeswholesaler.com\/wp-content\/uploads\/2024\/12\/Wholesale-Feemo-Alps-30000-Puffs-Disposable-Vape-8-300x300.webp 300w, https:\/\/www.vapeswholesaler.com\/wp-content\/uploads\/2024\/12\/Wholesale-Feemo-Alps-30000-Puffs-Disposable-Vape-8-150x150.webp 150w, https:\/\/www.vapeswholesaler.com\/wp-content\/uploads\/2024\/12\/Wholesale-Feemo-Alps-30000-Puffs-Disposable-Vape-8-768x768.webp 768w, https:\/\/www.vapeswholesaler.com\/wp-content\/uploads\/2024\/12\/Wholesale-Feemo-Alps-30000-Puffs-Disposable-Vape-8-12x12.webp 12w, https:\/\/www.vapeswholesaler.com\/wp-content\/uploads\/2024\/12\/Wholesale-Feemo-Alps-30000-Puffs-Disposable-Vape-8-247x247.webp 247w, https:\/\/www.vapeswholesaler.com\/wp-content\/uploads\/2024\/12\/Wholesale-Feemo-Alps-30000-Puffs-Disposable-Vape-8-510x510.webp 510w, https:\/\/www.vapeswholesaler.com\/wp-content\/uploads\/2024\/12\/Wholesale-Feemo-Alps-30000-Puffs-Disposable-Vape-8-100x100.webp 100w\" sizes=\"auto, (max-width: 800px) 100vw, 800px\" \/> <img loading=\"lazy\" decoding=\"async\" class=\"alignnone wp-image-21115 size-full\" title=\"Partihandel Feemo Alps 30000 Puffs Eng\u00e5ngs Vape 6\" src=\"https:\/\/www.vapeswholesaler.com\/wp-content\/uploads\/2024\/12\/Wholesale-Feemo-Alps-30000-Puffs-Disposable-Vape-6.webp\" alt=\"Partihandel Feemo Alps 30000 Puffs Eng\u00e5ngs Vape 6\" width=\"800\" height=\"800\" srcset=\"https:\/\/www.vapeswholesaler.com\/wp-content\/uploads\/2024\/12\/Wholesale-Feemo-Alps-30000-Puffs-Disposable-Vape-6.webp 800w, https:\/\/www.vapeswholesaler.com\/wp-content\/uploads\/2024\/12\/Wholesale-Feemo-Alps-30000-Puffs-Disposable-Vape-6-300x300.webp 300w, https:\/\/www.vapeswholesaler.com\/wp-content\/uploads\/2024\/12\/Wholesale-Feemo-Alps-30000-Puffs-Disposable-Vape-6-150x150.webp 150w, https:\/\/www.vapeswholesaler.com\/wp-content\/uploads\/2024\/12\/Wholesale-Feemo-Alps-30000-Puffs-Disposable-Vape-6-768x768.webp 768w, https:\/\/www.vapeswholesaler.com\/wp-content\/uploads\/2024\/12\/Wholesale-Feemo-Alps-30000-Puffs-Disposable-Vape-6-12x12.webp 12w, https:\/\/www.vapeswholesaler.com\/wp-content\/uploads\/2024\/12\/Wholesale-Feemo-Alps-30000-Puffs-Disposable-Vape-6-247x247.webp 247w, https:\/\/www.vapeswholesaler.com\/wp-content\/uploads\/2024\/12\/Wholesale-Feemo-Alps-30000-Puffs-Disposable-Vape-6-510x510.webp 510w, https:\/\/www.vapeswholesaler.com\/wp-content\/uploads\/2024\/12\/Wholesale-Feemo-Alps-30000-Puffs-Disposable-Vape-6-100x100.webp 100w\" sizes=\"auto, (max-width: 800px) 100vw, 800px\" \/> <img loading=\"lazy\" decoding=\"async\" class=\"alignnone wp-image-21116 size-full\" title=\"Partihandel Feemo Alps 30000 Puffs Eng\u00e5ngs Vape 7\" src=\"https:\/\/www.vapeswholesaler.com\/wp-content\/uploads\/2024\/12\/Wholesale-Feemo-Alps-30000-Puffs-Disposable-Vape-7.webp\" alt=\"Partihandel Feemo Alps 30000 Puffs Eng\u00e5ngs Vape 7\" width=\"800\" height=\"800\" srcset=\"https:\/\/www.vapeswholesaler.com\/wp-content\/uploads\/2024\/12\/Wholesale-Feemo-Alps-30000-Puffs-Disposable-Vape-7.webp 800w, https:\/\/www.vapeswholesaler.com\/wp-content\/uploads\/2024\/12\/Wholesale-Feemo-Alps-30000-Puffs-Disposable-Vape-7-300x300.webp 300w, https:\/\/www.vapeswholesaler.com\/wp-content\/uploads\/2024\/12\/Wholesale-Feemo-Alps-30000-Puffs-Disposable-Vape-7-150x150.webp 150w, https:\/\/www.vapeswholesaler.com\/wp-content\/uploads\/2024\/12\/Wholesale-Feemo-Alps-30000-Puffs-Disposable-Vape-7-768x768.webp 768w, https:\/\/www.vapeswholesaler.com\/wp-content\/uploads\/2024\/12\/Wholesale-Feemo-Alps-30000-Puffs-Disposable-Vape-7-12x12.webp 12w, https:\/\/www.vapeswholesaler.com\/wp-content\/uploads\/2024\/12\/Wholesale-Feemo-Alps-30000-Puffs-Disposable-Vape-7-247x247.webp 247w, https:\/\/www.vapeswholesaler.com\/wp-content\/uploads\/2024\/12\/Wholesale-Feemo-Alps-30000-Puffs-Disposable-Vape-7-510x510.webp 510w, https:\/\/www.vapeswholesaler.com\/wp-content\/uploads\/2024\/12\/Wholesale-Feemo-Alps-30000-Puffs-Disposable-Vape-7-100x100.webp 100w\" sizes=\"auto, (max-width: 800px) 100vw, 800px\" \/> <img loading=\"lazy\" decoding=\"async\" class=\"alignnone wp-image-21118 size-full\" title=\"Partihandel Feemo Alps 30000 Puffs Eng\u00e5ngs Vape 9\" src=\"https:\/\/www.vapeswholesaler.com\/wp-content\/uploads\/2024\/12\/Wholesale-Feemo-Alps-30000-Puffs-Disposable-Vape-9.webp\" alt=\"Partihandel Feemo Alps 30000 Puffs Eng\u00e5ngs Vape 9\" width=\"800\" height=\"800\" srcset=\"https:\/\/www.vapeswholesaler.com\/wp-content\/uploads\/2024\/12\/Wholesale-Feemo-Alps-30000-Puffs-Disposable-Vape-9.webp 800w, https:\/\/www.vapeswholesaler.com\/wp-content\/uploads\/2024\/12\/Wholesale-Feemo-Alps-30000-Puffs-Disposable-Vape-9-300x300.webp 300w, https:\/\/www.vapeswholesaler.com\/wp-content\/uploads\/2024\/12\/Wholesale-Feemo-Alps-30000-Puffs-Disposable-Vape-9-150x150.webp 150w, https:\/\/www.vapeswholesaler.com\/wp-content\/uploads\/2024\/12\/Wholesale-Feemo-Alps-30000-Puffs-Disposable-Vape-9-768x768.webp 768w, https:\/\/www.vapeswholesaler.com\/wp-content\/uploads\/2024\/12\/Wholesale-Feemo-Alps-30000-Puffs-Disposable-Vape-9-12x12.webp 12w, https:\/\/www.vapeswholesaler.com\/wp-content\/uploads\/2024\/12\/Wholesale-Feemo-Alps-30000-Puffs-Disposable-Vape-9-247x247.webp 247w, https:\/\/www.vapeswholesaler.com\/wp-content\/uploads\/2024\/12\/Wholesale-Feemo-Alps-30000-Puffs-Disposable-Vape-9-510x510.webp 510w, https:\/\/www.vapeswholesaler.com\/wp-content\/uploads\/2024\/12\/Wholesale-Feemo-Alps-30000-Puffs-Disposable-Vape-9-100x100.webp 100w\" sizes=\"auto, (max-width: 800px) 100vw, 800px\" \/> <img loading=\"lazy\" decoding=\"async\" class=\"alignnone wp-image-21119 size-full\" title=\"Partihandel Feemo Alps 30000 Puffs Eng\u00e5ngs Vape 10\" src=\"https:\/\/www.vapeswholesaler.com\/wp-content\/uploads\/2024\/12\/Wholesale-Feemo-Alps-30000-Puffs-Disposable-Vape-10.webp\" alt=\"Partihandel Feemo Alps 30000 Puffs Eng\u00e5ngs Vape 10\" width=\"800\" height=\"800\" srcset=\"https:\/\/www.vapeswholesaler.com\/wp-content\/uploads\/2024\/12\/Wholesale-Feemo-Alps-30000-Puffs-Disposable-Vape-10.webp 800w, https:\/\/www.vapeswholesaler.com\/wp-content\/uploads\/2024\/12\/Wholesale-Feemo-Alps-30000-Puffs-Disposable-Vape-10-300x300.webp 300w, https:\/\/www.vapeswholesaler.com\/wp-content\/uploads\/2024\/12\/Wholesale-Feemo-Alps-30000-Puffs-Disposable-Vape-10-150x150.webp 150w, https:\/\/www.vapeswholesaler.com\/wp-content\/uploads\/2024\/12\/Wholesale-Feemo-Alps-30000-Puffs-Disposable-Vape-10-768x768.webp 768w, https:\/\/www.vapeswholesaler.com\/wp-content\/uploads\/2024\/12\/Wholesale-Feemo-Alps-30000-Puffs-Disposable-Vape-10-12x12.webp 12w, https:\/\/www.vapeswholesaler.com\/wp-content\/uploads\/2024\/12\/Wholesale-Feemo-Alps-30000-Puffs-Disposable-Vape-10-247x247.webp 247w, https:\/\/www.vapeswholesaler.com\/wp-content\/uploads\/2024\/12\/Wholesale-Feemo-Alps-30000-Puffs-Disposable-Vape-10-510x510.webp 510w, https:\/\/www.vapeswholesaler.com\/wp-content\/uploads\/2024\/12\/Wholesale-Feemo-Alps-30000-Puffs-Disposable-Vape-10-100x100.webp 100w\" sizes=\"auto, (max-width: 800px) 100vw, 800px\" \/><\/p>","protected":false},"excerpt":{"rendered":"<p>Minsta orderkvantitet: <strong>100 ST.<\/strong> (Blanda smaker)\u00a0 <strong>\u00a0Fri frakt<\/strong><br \/>\n\uff082%\uff09<strong>EU Warehouse Leveranstid 4-5 arbetsdagar<\/strong><\/p>","protected":false},"featured_media":21113,"comment_status":"open","ping_status":"closed","template":"","meta":[],"product_cat":[15],"product_tag":[],"class_list":{"0":"post-21120","1":"product","2":"type-product","3":"status-publish","4":"has-post-thumbnail","6":"product_cat-disposable-vape","7":"product_brand-feemo","9":"first","10":"instock","11":"shipping-taxable","12":"purchasable","13":"product-type-variable","14":"has-default-attributes"},"aioseo_notices":[],"_links":{"self":[{"href":"https:\/\/www.vapeswholesaler.com\/sv\/wp-json\/wp\/v2\/product\/21120","targetHints":{"allow":["GET"]}}],"collection":[{"href":"https:\/\/www.vapeswholesaler.com\/sv\/wp-json\/wp\/v2\/product"}],"about":[{"href":"https:\/\/www.vapeswholesaler.com\/sv\/wp-json\/wp\/v2\/types\/product"}],"replies":[{"embeddable":true,"href":"https:\/\/www.vapeswholesaler.com\/sv\/wp-json\/wp\/v2\/comments?post=21120"}],"wp:featuredmedia":[{"embeddable":true,"href":"https:\/\/www.vapeswholesaler.com\/sv\/wp-json\/wp\/v2\/media\/21113"}],"wp:attachment":[{"href":"https:\/\/www.vapeswholesaler.com\/sv\/wp-json\/wp\/v2\/media?parent=21120"}],"wp:term":[{"taxonomy":"product_cat","embeddable":true,"href":"https:\/\/www.vapeswholesaler.com\/sv\/wp-json\/wp\/v2\/product_cat?post=21120"},{"taxonomy":"product_tag","embeddable":true,"href":"https:\/\/www.vapeswholesaler.com\/sv\/wp-json\/wp\/v2\/product_tag?post=21120"}],"curies":[{"name":"wp","href":"https:\/\/api.w.org\/{rel}","templated":true}]}}