{"id":21079,"date":"2024-12-26T21:39:17","date_gmt":"2024-12-26T13:39:17","guid":{"rendered":"https:\/\/www.vapeswholesaler.com\/?post_type=product&#038;p=21079"},"modified":"2025-09-16T15:38:26","modified_gmt":"2025-09-16T07:38:26","slug":"wholesale-jnr-falcon-x-18000-puffs-disposable-vape","status":"publish","type":"product","link":"https:\/\/www.vapeswholesaler.com\/sv\/produkt\/wholesale-jnr-falcon-x-18000-puffs-disposable-vape","title":{"rendered":"Partihandel JNR Falcon-X 18000 Puffs Eng\u00e5ngs Vape"},"content":{"rendered":"<p><a href=\"https:\/\/www.vapeswholesaler.com\/sv\/produkt_varumarke\/jnr-engangsvapen\/\">JNR<\/a> Falcon-X 18000 Puffs come with 950mAh battery capacity, 24ml E-liquid. This device including the digital Display, keeping track of battery life and e-liquid information anytime. With dual-core control and alternating mesh coils, our product ensures consistent high flavor even when the battery is low.<\/p>\n<p>JNR Falcon-X 18000 Puffs experience uninterrupted satisfaction with every puff! Boasting an impressive capacity of approximately 18000 puffs. Large capacity e-liquid with 24ml, 950mAh battery capacity, it provides a diverse range of over 20 flavors, from refreshing ice to delightful fruits. The convenience of a Type-C charging port ensures quick and hassle-free recharging anytime with our full-screen display.<\/p>\n<h2><strong>JNR Falcon-X 18000 Puffs Features:<\/strong><\/h2>\n<ul>\n<li>Puffs:18000 Puffs<\/li>\n<li>Battery Capacity: 950 mAh<\/li>\n<li>E-liquid Capacity: 24ml<\/li>\n<li>Long-Lasting Rechargeable Battery<\/li>\n<li>Display For Battery and E-liquid levels<\/li>\n<li>Variety of premium flavours<\/li>\n<li>Crystal Clear design<\/li>\n<\/ul>\n<h2><strong>JNR Falcon-X 18000 Puffs Flavors:<\/strong><\/h2>\n<ol>\n<li>Blue Razz Ice<\/li>\n<li>Bl\u00e5b\u00e4r Hallon<\/li>\n<li>Cool Mint<\/li>\n<li>Kiwi Watermelon Ice<\/li>\n<li>Grape Ice<\/li>\n<li>Jordgubb Kiwi<\/li>\n<li>Jordgubbs- och vattenmelonis<\/li>\n<li>Vattenmelon-is<\/li>\n<li>Jordgubbsis<\/li>\n<li>Blandade b\u00e4r<\/li>\n<li>Vattenmelon Bubblegum<\/li>\n<li>Sur \u00e4pple-is<\/li>\n<li>Persika is<\/li>\n<li>Berry Burst<\/li>\n<li>Bl\u00e5b\u00e4r Hallon K\u00f6rsb\u00e4r<\/li>\n<li>K\u00f6rsb\u00e4rsb\u00e4r<\/li>\n<li>Jordgubbar Bananer<\/li>\n<li>Bl\u00e5b\u00e4r Kiwi<\/li>\n<li>Passionsfrukt Kiwi<\/li>\n<li>White Peach Razz<\/li>\n<li>Bl\u00e5 Razz K\u00f6rsb\u00e4r<\/li>\n<li>Cherry Watermelon Freeze<\/li>\n<li>Cherry Cola<\/li>\n<li>Banan is<\/li>\n<li>Skittles<\/li>\n<li>Triple Melon<\/li>\n<li>Herr Bl\u00e5<\/li>\n<li>K\u00f6rsb\u00e4rsis<\/li>\n<li>Vattenmelon Lychee<\/li>\n<\/ol>\n<h2><strong>F\u00f6rpackningslista:<\/strong><\/h2>\n<p>1 st varje enskild l\u00e5da<br \/>\n10 st varje displayl\u00e5da<br \/>\n200 st per kartong<\/p>\n<figure id=\"attachment_24196\" aria-describedby=\"caption-attachment-24196\" style=\"width: 1000px\" class=\"wp-caption alignnone\"><img loading=\"lazy\" decoding=\"async\" class=\"wp-image-24196 size-full\" title=\"Wholesale JNR Falcon X 18000 Puffs Disposable Vape 13\" src=\"https:\/\/www.vapeswholesaler.com\/wp-content\/uploads\/2024\/12\/Wholesale-JNR-Falcon-X-18000-Puffs-Disposable-Vape-13.jpg\" alt=\"Wholesale JNR Falcon X 18000 Puffs Disposable Vape 13\" width=\"1000\" height=\"1000\" srcset=\"https:\/\/www.vapeswholesaler.com\/wp-content\/uploads\/2024\/12\/Wholesale-JNR-Falcon-X-18000-Puffs-Disposable-Vape-13.jpg 1000w, https:\/\/www.vapeswholesaler.com\/wp-content\/uploads\/2024\/12\/Wholesale-JNR-Falcon-X-18000-Puffs-Disposable-Vape-13-300x300.jpg 300w, https:\/\/www.vapeswholesaler.com\/wp-content\/uploads\/2024\/12\/Wholesale-JNR-Falcon-X-18000-Puffs-Disposable-Vape-13-150x150.jpg 150w, https:\/\/www.vapeswholesaler.com\/wp-content\/uploads\/2024\/12\/Wholesale-JNR-Falcon-X-18000-Puffs-Disposable-Vape-13-768x768.jpg 768w, https:\/\/www.vapeswholesaler.com\/wp-content\/uploads\/2024\/12\/Wholesale-JNR-Falcon-X-18000-Puffs-Disposable-Vape-13-12x12.jpg 12w, https:\/\/www.vapeswholesaler.com\/wp-content\/uploads\/2024\/12\/Wholesale-JNR-Falcon-X-18000-Puffs-Disposable-Vape-13-247x247.jpg 247w, https:\/\/www.vapeswholesaler.com\/wp-content\/uploads\/2024\/12\/Wholesale-JNR-Falcon-X-18000-Puffs-Disposable-Vape-13-510x510.jpg 510w, https:\/\/www.vapeswholesaler.com\/wp-content\/uploads\/2024\/12\/Wholesale-JNR-Falcon-X-18000-Puffs-Disposable-Vape-13-100x100.jpg 100w\" sizes=\"auto, (max-width: 1000px) 100vw, 1000px\" \/><figcaption id=\"caption-attachment-24196\" class=\"wp-caption-text\">Wholesale JNR Falcon X 18000 Puffs Disposable Vape<\/figcaption><\/figure>","protected":false},"excerpt":{"rendered":"<p>Minsta orderkvantitet:\u00a0<strong>50 ST.<\/strong>\u00a0(Blanda smaker)\u00a0\u00a0<strong>Fri frakt<\/strong><\/p>\n<p>(<strong>2%, 5% Nic<\/strong>)<\/p>","protected":false},"featured_media":21078,"comment_status":"open","ping_status":"closed","template":"","meta":[],"product_cat":[15],"product_tag":[430,431,432],"class_list":{"0":"post-21079","1":"product","2":"type-product","3":"status-publish","4":"has-post-thumbnail","6":"product_cat-disposable-vape","7":"product_tag-jnr-disposable-vapes","8":"product_tag-jnr-vapes","9":"product_tag-jnr-18000-puffs","10":"product_brand-jnr-disposable-vape","12":"first","13":"instock","14":"shipping-taxable","15":"purchasable","16":"product-type-variable","17":"has-default-attributes"},"aioseo_notices":[],"_links":{"self":[{"href":"https:\/\/www.vapeswholesaler.com\/sv\/wp-json\/wp\/v2\/product\/21079","targetHints":{"allow":["GET"]}}],"collection":[{"href":"https:\/\/www.vapeswholesaler.com\/sv\/wp-json\/wp\/v2\/product"}],"about":[{"href":"https:\/\/www.vapeswholesaler.com\/sv\/wp-json\/wp\/v2\/types\/product"}],"replies":[{"embeddable":true,"href":"https:\/\/www.vapeswholesaler.com\/sv\/wp-json\/wp\/v2\/comments?post=21079"}],"wp:featuredmedia":[{"embeddable":true,"href":"https:\/\/www.vapeswholesaler.com\/sv\/wp-json\/wp\/v2\/media\/21078"}],"wp:attachment":[{"href":"https:\/\/www.vapeswholesaler.com\/sv\/wp-json\/wp\/v2\/media?parent=21079"}],"wp:term":[{"taxonomy":"product_cat","embeddable":true,"href":"https:\/\/www.vapeswholesaler.com\/sv\/wp-json\/wp\/v2\/product_cat?post=21079"},{"taxonomy":"product_tag","embeddable":true,"href":"https:\/\/www.vapeswholesaler.com\/sv\/wp-json\/wp\/v2\/product_tag?post=21079"}],"curies":[{"name":"wp","href":"https:\/\/api.w.org\/{rel}","templated":true}]}}