{"id":20809,"date":"2024-12-05T19:16:10","date_gmt":"2024-12-05T11:16:10","guid":{"rendered":"https:\/\/www.vapeswholesaler.com\/?post_type=product&#038;p=20809"},"modified":"2026-04-16T14:02:45","modified_gmt":"2026-04-16T06:02:45","slug":"grossist-razz-bar-tvillingar-40k-puffar-dubbel-smak-engangs-vape","status":"publish","type":"product","link":"https:\/\/www.vapeswholesaler.com\/sv\/produkt\/grossist-razz-bar-tvillingar-40k-puffar-dubbel-smak-engangs-vape","title":{"rendered":"Partihandel Razz bar Twins 40K puffar Dual Flavor Eng\u00e5ngs Vape"},"content":{"rendered":"<p><a href=\"https:\/\/www.vapeswholesaler.com\/sv\/produkt_varumarke\/razzbar\/\">Razz bar <\/a>Twins 40K puffs-enhet har en imponerande 25ML e-juice (Oil Refillable ) kapacitet och ett robust 650MAH-batteri, uppladdningsbart via en typ-C-port. Denna kombination m\u00f6jligg\u00f6r upp till 30000 puffar, vilket avsev\u00e4rt minskar behovet av frekvent laddning eller p\u00e5fyllning. Den 1,0\u03a9 mesh coil-tekniken s\u00e4kerst\u00e4ller konsekvent \u00e5ngproduktion och \u00f6verl\u00e4gsen smak, vilket g\u00f6r varje bloss tillfredsst\u00e4llande. den integrerade LED-displayen \u00e4r en framst\u00e5ende funktion, s\u00e5 att anv\u00e4ndarna enkelt kan \u00f6vervaka anv\u00e4ndning och batteritid. Dessutom erbjuder det justerbara luftfl\u00f6det en skr\u00e4ddarsydd vapingupplevelse som tillgodoser olika preferenser, oavsett om du f\u00f6redrar en t\u00e4t dragning eller en mer \u00f6ppen inandning.<\/p>\n<p>P\u00e5 grund av sin h\u00f6ga kapacitet \u00e4r v\u00e5r produkt n\u00e5got st\u00f6rre \u00e4n en vanlig eng\u00e5ngsprodukt, men den \u00e4r \u00e4nd\u00e5 l\u00e4mplig att b\u00e4ra med sig varje dag. Eftersom det \u00e4r en premiumprodukt kostar den mer \u00e4n produkter med l\u00e4gre kapacitet, men den l\u00e5nga livsl\u00e4ngden kompenserar f\u00f6r denna nackdel f\u00f6r m\u00e5nga anv\u00e4ndare. Den h\u00e4r produkten omdefinierar bekv\u00e4mlighet och prestanda i kategorin eng\u00e5ngs e-cigaretter. Dess o\u00f6vertr\u00e4ffade antal dragningar, utm\u00e4rkta smakalternativ och anv\u00e4ndarv\u00e4nliga design g\u00f6r den till ett enast\u00e5ende val f\u00f6r seri\u00f6s eng\u00e5ngs-Vape<\/p>\n<h2><strong><a href=\"https:\/\/www.facebook.com\/fred.luo.58\/\">Razz bar<\/a> Twins 40K puffs Funktioner:<\/strong><\/h2>\n<ul>\n<li>Saltnikotin:2%\/5%<\/li>\n<li>Puffar:30000 puffar<\/li>\n<li>Kapacitet:P\u00e5fyllningsbar olja<\/li>\n<li>650mah Uppladdningsbar<\/li>\n<li>N\u00e4tspole<\/li>\n<li>Typ-c<\/li>\n<\/ul>\n<h2><strong>Listning av smaker:<\/strong><\/h2>\n<p>1.Lemon Lime \/ Lush Ice<br \/>\n2.Strawberry Ice \/ Mixed Berries<br \/>\n3.Blue Razz Ice \/ Strawberry Watermelon Bubble Gum<br \/>\n4.Mixed Berries \/ Watermelon Ice<br \/>\n5.Strawberry Banana \/ Red Bull Ice<br \/>\n6.Blueberry Ice \/ Love 66<br \/>\n7.Peach Ice \/ Blueberry Ice<br \/>\n8.Strawberry Kiwi \/ Blueberry Sour Raspberry<br \/>\n9.Watermelon Ice \/ Cola Ice<br \/>\n10.Strawberry Watermelon \/ Grape Ice<br \/>\n11.Lemon Lime \/ Strawberry Kiwi<br \/>\n12.Pink Lemonade \/ Blackberry Ice<br \/>\n13.Juicy Peach Ice \/ Pineapple Ice<br \/>\n14.Kiwi Passion Fruit Guava \/ Pineapple Coconut<br \/>\n15.Skittles \/ Grape Burst<br \/>\n16.Black Ice Dragon Fruit Strawberry \/ Triple Melon<br \/>\n17.Summer Dream \/ Strawberry Banana<br \/>\n18.Cherry Lemon \/ Blueberry Sour Raspberry<br \/>\n19.Love 66 \/ Sour Apple<br \/>\n20.Lemon Lime \/ Fresh Mint<\/p>\n<h2><strong>F\u00f6rpackningslista:<\/strong><\/h2>\n<p>1 st per styck Enstaka l\u00e5da<br \/>\n10 st varje Mellanl\u00e5da<br \/>\n20st per kartong 25kg<\/p>\n<figure id=\"attachment_20806\" aria-describedby=\"caption-attachment-20806\" style=\"width: 800px\" class=\"wp-caption alignnone\"><img loading=\"lazy\" decoding=\"async\" class=\"wp-image-20806 size-full\" title=\"Wholesae Razz bar Twins 40000 puffar Dubbel smak Eng\u00e5ngs Vape 7\" src=\"https:\/\/www.vapeswholesaler.com\/wp-content\/uploads\/2024\/12\/Wholesae-Razz-bar-Twins-40000-puffs-Double-Flavor-Disposable-Vape-7.webp\" alt=\"Wholesae Razz bar Twins 40000 puffar Dubbel smak Eng\u00e5ngs Vape 7\" width=\"800\" height=\"800\" srcset=\"https:\/\/www.vapeswholesaler.com\/wp-content\/uploads\/2024\/12\/Wholesae-Razz-bar-Twins-40000-puffs-Double-Flavor-Disposable-Vape-7.webp 800w, https:\/\/www.vapeswholesaler.com\/wp-content\/uploads\/2024\/12\/Wholesae-Razz-bar-Twins-40000-puffs-Double-Flavor-Disposable-Vape-7-300x300.webp 300w, https:\/\/www.vapeswholesaler.com\/wp-content\/uploads\/2024\/12\/Wholesae-Razz-bar-Twins-40000-puffs-Double-Flavor-Disposable-Vape-7-150x150.webp 150w, https:\/\/www.vapeswholesaler.com\/wp-content\/uploads\/2024\/12\/Wholesae-Razz-bar-Twins-40000-puffs-Double-Flavor-Disposable-Vape-7-768x768.webp 768w, https:\/\/www.vapeswholesaler.com\/wp-content\/uploads\/2024\/12\/Wholesae-Razz-bar-Twins-40000-puffs-Double-Flavor-Disposable-Vape-7-12x12.webp 12w, https:\/\/www.vapeswholesaler.com\/wp-content\/uploads\/2024\/12\/Wholesae-Razz-bar-Twins-40000-puffs-Double-Flavor-Disposable-Vape-7-247x247.webp 247w, https:\/\/www.vapeswholesaler.com\/wp-content\/uploads\/2024\/12\/Wholesae-Razz-bar-Twins-40000-puffs-Double-Flavor-Disposable-Vape-7-510x510.webp 510w, https:\/\/www.vapeswholesaler.com\/wp-content\/uploads\/2024\/12\/Wholesae-Razz-bar-Twins-40000-puffs-Double-Flavor-Disposable-Vape-7-100x100.webp 100w\" sizes=\"auto, (max-width: 800px) 100vw, 800px\" \/><figcaption id=\"caption-attachment-20806\" class=\"wp-caption-text\">Wholesae Razz bar Twins 40K puffar Dubbel smak Eng\u00e5ngs Vape<\/figcaption><\/figure>","protected":false},"excerpt":{"rendered":"<p>Minsta orderkvantitet:\u00a0<strong>50 st<\/strong>\u00a0(Blanda smaker) \uff08<strong>2%,5%<\/strong>)<\/p>\n<p><strong>Fri frakt<\/strong><\/p>\n<p><em><strong>Notera<\/strong><\/em>: Vi skickar fr\u00e5n europeiska lager, och leveranstiden kommer att ta ungef\u00e4r\u00a0<strong>5-6<\/strong>\u00a0dagar. Produktavgiften och fraktavgiften m\u00e5ste betalas separat till olika betalkonton. N\u00e4r du har skickat best\u00e4llningen, skicka mig ett meddelande via WhatsApp s\u00e5 ber\u00e4ttar jag hur du betalar best\u00e4llningen. Jag tackar dig f\u00f6r din hj\u00e4lp.<\/p>","protected":false},"featured_media":20808,"comment_status":"open","ping_status":"closed","template":"","meta":[],"product_cat":[15],"product_tag":[365,369,373,384],"class_list":{"0":"post-20809","1":"product","2":"type-product","3":"status-publish","4":"has-post-thumbnail","6":"product_cat-disposable-vape","7":"product_tag-40000-puffs","8":"product_tag-dual-flavors","9":"product_tag-europe-warehouse","10":"product_tag-razz-bar","11":"product_brand-razzbar","13":"first","14":"instock","15":"shipping-taxable","16":"purchasable","17":"product-type-variable","18":"has-default-attributes"},"aioseo_notices":[],"_links":{"self":[{"href":"https:\/\/www.vapeswholesaler.com\/sv\/wp-json\/wp\/v2\/product\/20809","targetHints":{"allow":["GET"]}}],"collection":[{"href":"https:\/\/www.vapeswholesaler.com\/sv\/wp-json\/wp\/v2\/product"}],"about":[{"href":"https:\/\/www.vapeswholesaler.com\/sv\/wp-json\/wp\/v2\/types\/product"}],"replies":[{"embeddable":true,"href":"https:\/\/www.vapeswholesaler.com\/sv\/wp-json\/wp\/v2\/comments?post=20809"}],"wp:featuredmedia":[{"embeddable":true,"href":"https:\/\/www.vapeswholesaler.com\/sv\/wp-json\/wp\/v2\/media\/20808"}],"wp:attachment":[{"href":"https:\/\/www.vapeswholesaler.com\/sv\/wp-json\/wp\/v2\/media?parent=20809"}],"wp:term":[{"taxonomy":"product_cat","embeddable":true,"href":"https:\/\/www.vapeswholesaler.com\/sv\/wp-json\/wp\/v2\/product_cat?post=20809"},{"taxonomy":"product_tag","embeddable":true,"href":"https:\/\/www.vapeswholesaler.com\/sv\/wp-json\/wp\/v2\/product_tag?post=20809"}],"curies":[{"name":"wp","href":"https:\/\/api.w.org\/{rel}","templated":true}]}}