{"id":20705,"date":"2024-12-01T16:29:29","date_gmt":"2024-12-01T08:29:29","guid":{"rendered":"https:\/\/www.vapeswholesaler.com\/?post_type=product&#038;p=20705"},"modified":"2025-11-03T17:42:10","modified_gmt":"2025-11-03T09:42:10","slug":"grossist-waspe-fihp-40k-puffar-dubbel-smak-engangs-vape","status":"publish","type":"product","link":"https:\/\/www.vapeswholesaler.com\/sv\/produkt\/grossist-waspe-fihp-40k-puffar-dubbel-smak-engangs-vape","title":{"rendered":"Partihandel Waspe Fihp 40K Puffs Dubbel smak Eng\u00e5ngs Vape"},"content":{"rendered":"<p><a href=\"https:\/\/www.vapeswholesaler.com\/sv\/produkt_varumarke\/waspe\/\">Waspe<\/a> Fihp 40K Puffs Double Flavor Disposable Vape \u00e4r en banbrytande vaping-enhet designad f\u00f6r dem som s\u00f6ker b\u00e5de innovation och exceptionell prestanda. Med f\u00f6rm\u00e5gan att leverera upp till 40000 puffar erbjuder denna vape ut\u00f6kad anv\u00e4ndning och konsekvent tillfredsst\u00e4llelse med varje dragning. med dubbla 0,9ohm mesh-spolar garanterar v\u00e5r produkt smidig och smakfull \u00e5ngproduktion, vilket ger rik smak och en tillfredsst\u00e4llande halshit. De dubbla spolarna s\u00e4kerst\u00e4ller att varje puff \u00e4r fyllig och smakfull, vilket f\u00f6rb\u00e4ttrar din vapingupplevelse.<\/p>\n<p>The device 36mL e-liquid capacity ensures a long-lasting vape session, reducing the need for frequent refills, while the 650mAh rechargeable battery provides ample power for extended use. Thanks to Type-C fast charging, recharging is quick and convenient, so you\u2019ll always be ready for your next vape. the smart LED display gives you real-time updates on battery life and e-liquid levels, keeping you informed about your device\u2019s status at all times. The dual flavor experience feature allows you to switch between two different flavors, providing a customizable vaping experience with endless possibilities. available in 2% and 5% nicotine strengths, with 20 different flavors to choose from, you\u2019ll have plenty of options to suit your taste preferences.<\/p>\n<p>Waspe Fihp 40K Puffs Double Flavor Double Taste LCD Display Disposable Vape f\u00f6r en innovativ, smakfull och problemfri vapingupplevelse. Med sina kraftfulla funktioner och snygga design \u00e4r denna vape byggd f\u00f6r att lyfta dina vaping-sessioner till en ny niv\u00e5 av njutning.<\/p>\n<h2><strong><a href=\"https:\/\/www.facebook.com\/fred.luo.58\/\">Waspe<\/a> Fihp 40K Puffs Double Smakdetaljer:<\/strong><\/h2>\n<ul>\n<li>Puffar: 40000 Puffar<\/li>\n<li>Dubbel smak<\/li>\n<li>Mesh-spole: 0,9ohm+0,9ohm<\/li>\n<li>E-v\u00e4tska:36ml<\/li>\n<li>Nikotin: 2%\/5%<\/li>\n<li>Batteri:650mah<\/li>\n<li>Laddningsbar:Typ-C<\/li>\n<li>LED-display<\/li>\n<li>Produktstorlek: 61*31*115mm<\/li>\n<\/ul>\n<h2><strong>Waspe Fihp 40K Puffs Double Flavor Smaker:<\/strong><\/h2>\n<ol>\n<li>Vattenmelonis och citron-lime<\/li>\n<li>Fizzy Cherry Ice &amp; Blueberry Cotton Candy<\/li>\n<li>Jordgubb Vattenmelon &amp; Bl\u00e5b\u00e4r Hallon<\/li>\n<li>Red Bull Ice &amp; Jordgubb Mango<\/li>\n<li>Persika Is &amp; Ananas Mango Persika<\/li>\n<li>Grape Ice &amp; Strawberry Kiwi<\/li>\n<li>Blandade b\u00e4r &amp; dubbel \u00e4pple-is<\/li>\n<li>Blue Razz Lemonade &amp; Watermelon Bubblegum<\/li>\n<li>Jordgubb Hallon K\u00f6rsb\u00e4r &amp; K\u00e4rlek 666<\/li>\n<li>Jordgubbsbanan &amp; ananas kokosn\u00f6tsglass<\/li>\n<li>Jordgubb Vattenmelon Bubblegum &amp; Blandad frukt<\/li>\n<li>Cherry Cola Ice &amp; Strawberry Raspberry Candy<\/li>\n<li>Surt \u00e4pple hallon &amp; jordgubbe Big Bang<\/li>\n<li>Persika B\u00e4r &amp; Vattenmelon Mango Persika<\/li>\n<li>Bl\u00e5b\u00e4rsis &amp; Svart drakis<\/li>\n<li>Jordgubb K\u00f6rsb\u00e4r &amp; Kiwi Passionsfrukt<\/li>\n<li>Gummibj\u00f6rn &amp; Jordgubbscola<\/li>\n<li>Banan Ananas Ice &amp; Red Bull Ice<\/li>\n<li>Red Bull Strwaberry &amp; Blackcurrant Ice<\/li>\n<li>Triple Melon Ice &amp; Raspberry Watermelon<\/li>\n<\/ol>\n<h2><strong>F\u00f6rpackningslista:<\/strong><\/h2>\n<p>1 st per styck Enstaka l\u00e5da<br \/>\n10 st varje mellanl\u00e5da<br \/>\n160 st per kartong<br \/>\nProduktvikt: 120 g\/st<br \/>\nVikt: 20 kg<\/p>\n<p><img loading=\"lazy\" decoding=\"async\" class=\"alignnone wp-image-20687 size-large\" title=\"Partihandel Waspe Fihp 40K Puffs Dubbel Smak Eng\u00e5ngs Vape 1\" src=\"https:\/\/www.vapeswholesaler.com\/wp-content\/uploads\/2024\/12\/Wholesale-Waspe-Fihp-40K-Puffs-Double-Flavor-Disposable-Vape-1-1024x1024.webp\" alt=\"Partihandel Waspe Fihp 40K Puffs Dubbel Smak Eng\u00e5ngs Vape 1\" width=\"1020\" height=\"1020\" srcset=\"https:\/\/www.vapeswholesaler.com\/wp-content\/uploads\/2024\/12\/Wholesale-Waspe-Fihp-40K-Puffs-Double-Flavor-Disposable-Vape-1-1024x1024.webp 1024w, https:\/\/www.vapeswholesaler.com\/wp-content\/uploads\/2024\/12\/Wholesale-Waspe-Fihp-40K-Puffs-Double-Flavor-Disposable-Vape-1-300x300.webp 300w, https:\/\/www.vapeswholesaler.com\/wp-content\/uploads\/2024\/12\/Wholesale-Waspe-Fihp-40K-Puffs-Double-Flavor-Disposable-Vape-1-150x150.webp 150w, https:\/\/www.vapeswholesaler.com\/wp-content\/uploads\/2024\/12\/Wholesale-Waspe-Fihp-40K-Puffs-Double-Flavor-Disposable-Vape-1-768x768.webp 768w, https:\/\/www.vapeswholesaler.com\/wp-content\/uploads\/2024\/12\/Wholesale-Waspe-Fihp-40K-Puffs-Double-Flavor-Disposable-Vape-1-12x12.webp 12w, https:\/\/www.vapeswholesaler.com\/wp-content\/uploads\/2024\/12\/Wholesale-Waspe-Fihp-40K-Puffs-Double-Flavor-Disposable-Vape-1-247x247.webp 247w, https:\/\/www.vapeswholesaler.com\/wp-content\/uploads\/2024\/12\/Wholesale-Waspe-Fihp-40K-Puffs-Double-Flavor-Disposable-Vape-1-510x510.webp 510w, https:\/\/www.vapeswholesaler.com\/wp-content\/uploads\/2024\/12\/Wholesale-Waspe-Fihp-40K-Puffs-Double-Flavor-Disposable-Vape-1-100x100.webp 100w, https:\/\/www.vapeswholesaler.com\/wp-content\/uploads\/2024\/12\/Wholesale-Waspe-Fihp-40K-Puffs-Double-Flavor-Disposable-Vape-1.webp 1200w\" sizes=\"auto, (max-width: 1020px) 100vw, 1020px\" \/> <img loading=\"lazy\" decoding=\"async\" class=\"alignnone wp-image-20688 size-large\" title=\"Partihandel Waspe Fihp 40K Puffs Dubbel Smak Eng\u00e5ngs Vape 2\" src=\"https:\/\/www.vapeswholesaler.com\/wp-content\/uploads\/2024\/12\/Wholesale-Waspe-Fihp-40K-Puffs-Double-Flavor-Disposable-Vape-2-1024x1024.webp\" alt=\"Partihandel Waspe Fihp 40K Puffs Dubbel Smak Eng\u00e5ngs Vape 2\" width=\"1020\" height=\"1020\" srcset=\"https:\/\/www.vapeswholesaler.com\/wp-content\/uploads\/2024\/12\/Wholesale-Waspe-Fihp-40K-Puffs-Double-Flavor-Disposable-Vape-2-1024x1024.webp 1024w, https:\/\/www.vapeswholesaler.com\/wp-content\/uploads\/2024\/12\/Wholesale-Waspe-Fihp-40K-Puffs-Double-Flavor-Disposable-Vape-2-300x300.webp 300w, https:\/\/www.vapeswholesaler.com\/wp-content\/uploads\/2024\/12\/Wholesale-Waspe-Fihp-40K-Puffs-Double-Flavor-Disposable-Vape-2-150x150.webp 150w, https:\/\/www.vapeswholesaler.com\/wp-content\/uploads\/2024\/12\/Wholesale-Waspe-Fihp-40K-Puffs-Double-Flavor-Disposable-Vape-2-768x768.webp 768w, https:\/\/www.vapeswholesaler.com\/wp-content\/uploads\/2024\/12\/Wholesale-Waspe-Fihp-40K-Puffs-Double-Flavor-Disposable-Vape-2-12x12.webp 12w, https:\/\/www.vapeswholesaler.com\/wp-content\/uploads\/2024\/12\/Wholesale-Waspe-Fihp-40K-Puffs-Double-Flavor-Disposable-Vape-2-247x247.webp 247w, https:\/\/www.vapeswholesaler.com\/wp-content\/uploads\/2024\/12\/Wholesale-Waspe-Fihp-40K-Puffs-Double-Flavor-Disposable-Vape-2-510x510.webp 510w, https:\/\/www.vapeswholesaler.com\/wp-content\/uploads\/2024\/12\/Wholesale-Waspe-Fihp-40K-Puffs-Double-Flavor-Disposable-Vape-2-100x100.webp 100w, https:\/\/www.vapeswholesaler.com\/wp-content\/uploads\/2024\/12\/Wholesale-Waspe-Fihp-40K-Puffs-Double-Flavor-Disposable-Vape-2.webp 1200w\" sizes=\"auto, (max-width: 1020px) 100vw, 1020px\" \/><\/p>\n<p>&nbsp;<\/p>","protected":false},"excerpt":{"rendered":"<p>Minsta orderkvantitet: <strong>50 st <\/strong>(Blanda smaker)<\/p>\n<p>\uff082%\uff0c5%\uff09<strong>Fri frakt<\/strong><\/p>","protected":false},"featured_media":20823,"comment_status":"open","ping_status":"closed","template":"","meta":[],"product_cat":[15],"product_tag":[383,365,369],"class_list":{"0":"post-20705","1":"product","2":"type-product","3":"status-publish","4":"has-post-thumbnail","6":"product_cat-disposable-vape","7":"product_tag-waspe","8":"product_tag-40000-puffs","9":"product_tag-dual-flavors","10":"product_brand-waspe","12":"first","13":"instock","14":"shipping-taxable","15":"purchasable","16":"product-type-variable","17":"has-default-attributes"},"aioseo_notices":[],"_links":{"self":[{"href":"https:\/\/www.vapeswholesaler.com\/sv\/wp-json\/wp\/v2\/product\/20705","targetHints":{"allow":["GET"]}}],"collection":[{"href":"https:\/\/www.vapeswholesaler.com\/sv\/wp-json\/wp\/v2\/product"}],"about":[{"href":"https:\/\/www.vapeswholesaler.com\/sv\/wp-json\/wp\/v2\/types\/product"}],"replies":[{"embeddable":true,"href":"https:\/\/www.vapeswholesaler.com\/sv\/wp-json\/wp\/v2\/comments?post=20705"}],"wp:featuredmedia":[{"embeddable":true,"href":"https:\/\/www.vapeswholesaler.com\/sv\/wp-json\/wp\/v2\/media\/20823"}],"wp:attachment":[{"href":"https:\/\/www.vapeswholesaler.com\/sv\/wp-json\/wp\/v2\/media?parent=20705"}],"wp:term":[{"taxonomy":"product_cat","embeddable":true,"href":"https:\/\/www.vapeswholesaler.com\/sv\/wp-json\/wp\/v2\/product_cat?post=20705"},{"taxonomy":"product_tag","embeddable":true,"href":"https:\/\/www.vapeswholesaler.com\/sv\/wp-json\/wp\/v2\/product_tag?post=20705"}],"curies":[{"name":"wp","href":"https:\/\/api.w.org\/{rel}","templated":true}]}}