{"id":20649,"date":"2024-12-01T16:04:04","date_gmt":"2024-12-01T08:04:04","guid":{"rendered":"https:\/\/www.vapeswholesaler.com\/?post_type=product&#038;p=20649"},"modified":"2025-10-11T17:12:40","modified_gmt":"2025-10-11T09:12:40","slug":"grossist-waspe-fx-30000-puffar-lada-engangs-vape","status":"publish","type":"product","link":"https:\/\/www.vapeswholesaler.com\/sv\/produkt\/grossist-waspe-fx-30000-puffar-lada-engangs-vape","title":{"rendered":"Partihandel WASPE FX 30000 PUFFS BOX Eng\u00e5ngs Vape"},"content":{"rendered":"<p><a href=\"https:\/\/www.vapeswholesaler.com\/sv\/produkt_varumarke\/waspe\/\">WASPE<\/a> FX 30000 PUFFS BOX Disposable Vape, designad f\u00f6r vapers som kr\u00e4ver b\u00e5de kvalitet och l\u00e5ng livsl\u00e4ngd. Denna innovativa enhet levererar imponerande 30000 puffar i vanligt l\u00e4ge och 15000 puffar i pulsl\u00e4ge, vilket garanterar en l\u00e5ngvarig vapingupplevelse utan frekventa byten.<\/p>\n<p>Waspe har en betydande 28 ml e-v\u00e4tskekapacitet och erbjuder flexibla nikotinalternativ p\u00e5 0%, 2% och 5%, vilket tillgodoser alla preferenser. Dess dual mesh coil-system (1ohm + 1ohm) f\u00f6rb\u00e4ttrar smakintensiteten och \u00e5ngproduktionen, vilket ger en tillfredsst\u00e4llande inandning varje g\u00e5ng. och drivs av ett 850mAh uppladdningsbart batteri, bekv\u00e4mt laddat via en Type-C-port f\u00f6r snabb och effektiv uppstart. Med justerbart luftfl\u00f6de kan du enkelt anpassa ditt drag f\u00f6r att passa din vaping-stil. Dessutom g\u00f6r den inbyggda LED-displayen det enkelt att \u00f6vervaka din vapingstatistik, medan den kompakta designen s\u00e4kerst\u00e4ller b\u00e4rbarhet.<\/p>\n<h2><strong><a href=\"https:\/\/www.facebook.com\/fred.luo.58\/\">WASPE<\/a> FX 30000 PUFFS BOX Eng\u00e5ngs Vape Detaljer:<\/strong><\/h2>\n<ul>\n<li>Vanlig: 30000 Puffar<\/li>\n<li>Puls: 15000 puffar<\/li>\n<li>Dual Mesh-spole: 1ohm+1ohm<\/li>\n<li>E-v\u00e4tska:28ml<\/li>\n<li>Nicotine:0%\/2%\/5%<\/li>\n<li>Batteri:850mah<\/li>\n<li>Justerbart luftfl\u00f6de<\/li>\n<li>Laddningsbar:Typ-C<\/li>\n<li>LED-display<\/li>\n<li>Produktstorlek: 61*31*115mm<\/li>\n<\/ul>\n<h2><strong>Listning av smaker:<\/strong><\/h2>\n<ol>\n<li>Jordgubb Mango<\/li>\n<li>Blandade b\u00e4r<\/li>\n<li>Vattenmelon-is<\/li>\n<li>Jordgubbar Vattenmelon<\/li>\n<li>Red Bull med jordgubbar<\/li>\n<li>Kiwi Passionsfrukt Guava<\/li>\n<li>Grape Ice<\/li>\n<li>Dubbel \u00e4ppelis<\/li>\n<li>Bl\u00e5b\u00e4r Hallon<\/li>\n<li>Vattenmelon Mango Persika<\/li>\n<li>Bl\u00e5b\u00e4rsis<\/li>\n<li>Persika B\u00e4r<\/li>\n<li>Jordgubb kiwi<\/li>\n<li>K\u00f6rsb\u00e4rsis<\/li>\n<li>Jordgubbar Hallon K\u00f6rsb\u00e4r<\/li>\n<li>Vattenmelon Bubblegum<\/li>\n<\/ol>\n<h2><strong>F\u00f6rpackningslista:<\/strong><\/h2>\n<p>1 st per styck Enstaka l\u00e5da<br \/>\n10 st varje Mellanl\u00e5da<br \/>\nProduktvikt: 107g\/st<br \/>\nQTY: 200 st\/ctn,<br \/>\nKartongstorlek: 650*330*240mm<br \/>\nVikt: 23 kg<\/p>\n<figure id=\"attachment_20651\" aria-describedby=\"caption-attachment-20651\" style=\"width: 800px\" class=\"wp-caption alignnone\"><img loading=\"lazy\" decoding=\"async\" class=\"wp-image-20651 size-full\" title=\"Partihandel WASPE FX 30000 PUFFS BOX Eng\u00e5ngs Vape 2\" src=\"https:\/\/www.vapeswholesaler.com\/wp-content\/uploads\/2024\/12\/Wholesale-WASPE-FX-30000-PUFFS-BOX-Disposable-Vape-2.webp\" alt=\"Partihandel WASPE FX 30000 PUFFS BOX Eng\u00e5ngs Vape 2\" width=\"800\" height=\"800\" srcset=\"https:\/\/www.vapeswholesaler.com\/wp-content\/uploads\/2024\/12\/Wholesale-WASPE-FX-30000-PUFFS-BOX-Disposable-Vape-2.webp 800w, https:\/\/www.vapeswholesaler.com\/wp-content\/uploads\/2024\/12\/Wholesale-WASPE-FX-30000-PUFFS-BOX-Disposable-Vape-2-300x300.webp 300w, https:\/\/www.vapeswholesaler.com\/wp-content\/uploads\/2024\/12\/Wholesale-WASPE-FX-30000-PUFFS-BOX-Disposable-Vape-2-150x150.webp 150w, https:\/\/www.vapeswholesaler.com\/wp-content\/uploads\/2024\/12\/Wholesale-WASPE-FX-30000-PUFFS-BOX-Disposable-Vape-2-768x768.webp 768w, https:\/\/www.vapeswholesaler.com\/wp-content\/uploads\/2024\/12\/Wholesale-WASPE-FX-30000-PUFFS-BOX-Disposable-Vape-2-12x12.webp 12w, https:\/\/www.vapeswholesaler.com\/wp-content\/uploads\/2024\/12\/Wholesale-WASPE-FX-30000-PUFFS-BOX-Disposable-Vape-2-247x247.webp 247w, https:\/\/www.vapeswholesaler.com\/wp-content\/uploads\/2024\/12\/Wholesale-WASPE-FX-30000-PUFFS-BOX-Disposable-Vape-2-510x510.webp 510w, https:\/\/www.vapeswholesaler.com\/wp-content\/uploads\/2024\/12\/Wholesale-WASPE-FX-30000-PUFFS-BOX-Disposable-Vape-2-100x100.webp 100w\" sizes=\"auto, (max-width: 800px) 100vw, 800px\" \/><figcaption id=\"caption-attachment-20651\" class=\"wp-caption-text\">Partihandel WASPE FX 30000 PUFFS BOX Eng\u00e5ngs Vape<\/figcaption><\/figure>\n<figure id=\"attachment_20654\" aria-describedby=\"caption-attachment-20654\" style=\"width: 800px\" class=\"wp-caption alignnone\"><img loading=\"lazy\" decoding=\"async\" class=\"wp-image-20654 size-full\" title=\"Partihandel WASPE FX 30000 PUFFS BOX Eng\u00e5ngs Vape 5\" src=\"https:\/\/www.vapeswholesaler.com\/wp-content\/uploads\/2024\/12\/Wholesale-WASPE-FX-30000-PUFFS-BOX-Disposable-Vape-5.webp\" alt=\"Partihandel WASPE FX 30000 PUFFS BOX Eng\u00e5ngs Vape 5\" width=\"800\" height=\"776\" srcset=\"https:\/\/www.vapeswholesaler.com\/wp-content\/uploads\/2024\/12\/Wholesale-WASPE-FX-30000-PUFFS-BOX-Disposable-Vape-5.webp 800w, https:\/\/www.vapeswholesaler.com\/wp-content\/uploads\/2024\/12\/Wholesale-WASPE-FX-30000-PUFFS-BOX-Disposable-Vape-5-300x291.webp 300w, https:\/\/www.vapeswholesaler.com\/wp-content\/uploads\/2024\/12\/Wholesale-WASPE-FX-30000-PUFFS-BOX-Disposable-Vape-5-768x745.webp 768w, https:\/\/www.vapeswholesaler.com\/wp-content\/uploads\/2024\/12\/Wholesale-WASPE-FX-30000-PUFFS-BOX-Disposable-Vape-5-12x12.webp 12w, https:\/\/www.vapeswholesaler.com\/wp-content\/uploads\/2024\/12\/Wholesale-WASPE-FX-30000-PUFFS-BOX-Disposable-Vape-5-510x495.webp 510w\" sizes=\"auto, (max-width: 800px) 100vw, 800px\" \/><figcaption id=\"caption-attachment-20654\" class=\"wp-caption-text\">Partihandel WASPE FX 30000 PUFFS BOX Eng\u00e5ngs Vape<\/figcaption><\/figure>","protected":false},"excerpt":{"rendered":"<p>Minsta orderkvantitet:\u00a0<strong>50 st <\/strong>(Blanda smaker)<\/p>\n<p>\uff08 <strong>2%\uff0c5%<\/strong>\uff09<strong>Fri frakt<\/strong><\/p>","protected":false},"featured_media":20650,"comment_status":"open","ping_status":"closed","template":"","meta":[],"product_cat":[15],"product_tag":[374,383],"class_list":{"0":"post-20649","1":"product","2":"type-product","3":"status-publish","4":"has-post-thumbnail","6":"product_cat-disposable-vape","7":"product_tag-30000-puffs","8":"product_tag-waspe","9":"product_brand-waspe","11":"first","12":"outofstock","13":"shipping-taxable","14":"purchasable","15":"product-type-variable","16":"has-default-attributes"},"aioseo_notices":[],"_links":{"self":[{"href":"https:\/\/www.vapeswholesaler.com\/sv\/wp-json\/wp\/v2\/product\/20649","targetHints":{"allow":["GET"]}}],"collection":[{"href":"https:\/\/www.vapeswholesaler.com\/sv\/wp-json\/wp\/v2\/product"}],"about":[{"href":"https:\/\/www.vapeswholesaler.com\/sv\/wp-json\/wp\/v2\/types\/product"}],"replies":[{"embeddable":true,"href":"https:\/\/www.vapeswholesaler.com\/sv\/wp-json\/wp\/v2\/comments?post=20649"}],"wp:featuredmedia":[{"embeddable":true,"href":"https:\/\/www.vapeswholesaler.com\/sv\/wp-json\/wp\/v2\/media\/20650"}],"wp:attachment":[{"href":"https:\/\/www.vapeswholesaler.com\/sv\/wp-json\/wp\/v2\/media?parent=20649"}],"wp:term":[{"taxonomy":"product_cat","embeddable":true,"href":"https:\/\/www.vapeswholesaler.com\/sv\/wp-json\/wp\/v2\/product_cat?post=20649"},{"taxonomy":"product_tag","embeddable":true,"href":"https:\/\/www.vapeswholesaler.com\/sv\/wp-json\/wp\/v2\/product_tag?post=20649"}],"curies":[{"name":"wp","href":"https:\/\/api.w.org\/{rel}","templated":true}]}}