{"id":20611,"date":"2024-12-01T13:57:46","date_gmt":"2024-12-01T05:57:46","guid":{"rendered":"https:\/\/www.vapeswholesaler.com\/?post_type=product&#038;p=20611"},"modified":"2025-10-11T17:16:22","modified_gmt":"2025-10-11T09:16:22","slug":"wholesale-waspe-aiviou-25000-puffs-disposable-vape","status":"publish","type":"product","link":"https:\/\/www.vapeswholesaler.com\/sv\/produkt\/wholesale-waspe-aiviou-25000-puffs-disposable-vape","title":{"rendered":"Partihandel WASPE Aiviou 25000 Puffs Eng\u00e5ngs Vape"},"content":{"rendered":"<p><a href=\"https:\/\/www.vapeswholesaler.com\/sv\/produkt_varumarke\/waspe\/\">WASPE<\/a> Aiviou 25000 Puffs Disposable Vape box offers a superior vaping experience with an impressive 25000 puffs per device. Available in 0%, 2%, and 5% nicotine strengths, it caters to a wide range of preferences. This device boasts a 25ml e-liquid capacity, dual mesh coils, an LCD display, and a Type-C charging port. Powered by a 650mAh battery, it ensures long-lasting use.<\/p>\n<p>This product equipped with a clearer electronic display that not only keeps an eye on your e-cigarette&#8217;s battery life, but also shows the status of your oil usage. You can always find out when the product is running out of vape oil, so you can avoid the bad experience of burning when you continue to use it because it is running out of vape oil. We offer 10 different flavors for customers to choose from, different flavors bring different smoking pleasure to customers!<\/p>\n<h2><strong><a href=\"https:\/\/www.facebook.com\/fred.luo.58\/\">WASPE<\/a> Aiviou 25000 Puffs Details:<\/strong><\/h2>\n<ul>\n<li>Puffs: 25000 Puffs<\/li>\n<li>Dual Mesh-spole: 1ohm+1ohm<\/li>\n<li>E-liquid:25ml<\/li>\n<li>Nicotine:0%\/2%\/5%<\/li>\n<li>Batteri:650mah<\/li>\n<li>Laddningsbar:Typ-C<\/li>\n<li>LED-display<\/li>\n<li>Child lock<\/li>\n<li>Product size: 55*31*107mm<\/li>\n<\/ul>\n<h2><strong>Listning av smaker:<\/strong><\/h2>\n<ol>\n<li>Vattenmelon-is<\/li>\n<li>Bl\u00e5b\u00e4r p\u00e5 is<\/li>\n<li>Jordgubbar Vattenmelon<\/li>\n<li>Bl\u00e5b\u00e4r Hallon Lemonad<\/li>\n<li>K\u00f6rsb\u00e4rsis<\/li>\n<li>Persika Mango Vattenmelon<\/li>\n<li>Blandade b\u00e4r<\/li>\n<li>Persika is<\/li>\n<li>Jordgubb Kiwi<\/li>\n<li>Grape Ice<\/li>\n<\/ol>\n<h2><strong>F\u00f6rpackningslista:<\/strong><\/h2>\n<p>1 st varje enskild l\u00e5da<br \/>\n10 st varje Mellanl\u00e5da<br \/>\n200 st per kartong<br \/>\nProduct weight: 92g\/pcs<br \/>\nG.W.: 20.5kg<\/p>\n<figure id=\"attachment_20600\" aria-describedby=\"caption-attachment-20600\" style=\"width: 1020px\" class=\"wp-caption alignnone\"><img loading=\"lazy\" decoding=\"async\" class=\"wp-image-20600 size-large\" title=\"Wholesale WASPE Aiviou 25000 Puffs Disposable Vape 4\" src=\"https:\/\/www.vapeswholesaler.com\/wp-content\/uploads\/2024\/11\/Wholesale-WASPE-Aiviou-25000-Puffs-Disposable-Vape-4-1024x597.webp\" alt=\"Wholesale WASPE Aiviou 25000 Puffs Disposable Vape 4\" width=\"1020\" height=\"595\" srcset=\"https:\/\/www.vapeswholesaler.com\/wp-content\/uploads\/2024\/11\/Wholesale-WASPE-Aiviou-25000-Puffs-Disposable-Vape-4-1024x597.webp 1024w, https:\/\/www.vapeswholesaler.com\/wp-content\/uploads\/2024\/11\/Wholesale-WASPE-Aiviou-25000-Puffs-Disposable-Vape-4-300x175.webp 300w, https:\/\/www.vapeswholesaler.com\/wp-content\/uploads\/2024\/11\/Wholesale-WASPE-Aiviou-25000-Puffs-Disposable-Vape-4-768x448.webp 768w, https:\/\/www.vapeswholesaler.com\/wp-content\/uploads\/2024\/11\/Wholesale-WASPE-Aiviou-25000-Puffs-Disposable-Vape-4-18x12.webp 18w, https:\/\/www.vapeswholesaler.com\/wp-content\/uploads\/2024\/11\/Wholesale-WASPE-Aiviou-25000-Puffs-Disposable-Vape-4-510x298.webp 510w, https:\/\/www.vapeswholesaler.com\/wp-content\/uploads\/2024\/11\/Wholesale-WASPE-Aiviou-25000-Puffs-Disposable-Vape-4.webp 1440w\" sizes=\"auto, (max-width: 1020px) 100vw, 1020px\" \/><figcaption id=\"caption-attachment-20600\" class=\"wp-caption-text\">Partihandel WASPE Aiviou 25000 Puffs Eng\u00e5ngs Vape<\/figcaption><\/figure>\n<p><img loading=\"lazy\" decoding=\"async\" class=\"alignnone wp-image-20597 size-full\" title=\"Wholesale WASPE Aiviou 25000 Puffs Disposable Vape 1\" src=\"https:\/\/www.vapeswholesaler.com\/wp-content\/uploads\/2024\/11\/Wholesale-WASPE-Aiviou-25000-Puffs-Disposable-Vape-1.webp\" alt=\"Wholesale WASPE Aiviou 25000 Puffs Disposable Vape 1\" width=\"800\" height=\"800\" srcset=\"https:\/\/www.vapeswholesaler.com\/wp-content\/uploads\/2024\/11\/Wholesale-WASPE-Aiviou-25000-Puffs-Disposable-Vape-1.webp 800w, https:\/\/www.vapeswholesaler.com\/wp-content\/uploads\/2024\/11\/Wholesale-WASPE-Aiviou-25000-Puffs-Disposable-Vape-1-300x300.webp 300w, https:\/\/www.vapeswholesaler.com\/wp-content\/uploads\/2024\/11\/Wholesale-WASPE-Aiviou-25000-Puffs-Disposable-Vape-1-150x150.webp 150w, https:\/\/www.vapeswholesaler.com\/wp-content\/uploads\/2024\/11\/Wholesale-WASPE-Aiviou-25000-Puffs-Disposable-Vape-1-768x768.webp 768w, https:\/\/www.vapeswholesaler.com\/wp-content\/uploads\/2024\/11\/Wholesale-WASPE-Aiviou-25000-Puffs-Disposable-Vape-1-12x12.webp 12w, https:\/\/www.vapeswholesaler.com\/wp-content\/uploads\/2024\/11\/Wholesale-WASPE-Aiviou-25000-Puffs-Disposable-Vape-1-247x247.webp 247w, https:\/\/www.vapeswholesaler.com\/wp-content\/uploads\/2024\/11\/Wholesale-WASPE-Aiviou-25000-Puffs-Disposable-Vape-1-510x510.webp 510w, https:\/\/www.vapeswholesaler.com\/wp-content\/uploads\/2024\/11\/Wholesale-WASPE-Aiviou-25000-Puffs-Disposable-Vape-1-100x100.webp 100w\" sizes=\"auto, (max-width: 800px) 100vw, 800px\" \/><\/p>","protected":false},"excerpt":{"rendered":"<p>Minsta best\u00e4llningskvantitet: 50 st (blandade smaker)<\/p>\n<p>\uff08<strong>0%,2%,5%<\/strong>\uff09<\/p>","protected":false},"featured_media":20623,"comment_status":"open","ping_status":"closed","template":"","meta":[],"product_cat":[15],"product_tag":[374,383],"class_list":{"0":"post-20611","1":"product","2":"type-product","3":"status-publish","4":"has-post-thumbnail","6":"product_cat-disposable-vape","7":"product_tag-30000-puffs","8":"product_tag-waspe","9":"product_brand-waspe","11":"first","12":"outofstock","13":"shipping-taxable","14":"purchasable","15":"product-type-variable","16":"has-default-attributes"},"aioseo_notices":[],"_links":{"self":[{"href":"https:\/\/www.vapeswholesaler.com\/sv\/wp-json\/wp\/v2\/product\/20611","targetHints":{"allow":["GET"]}}],"collection":[{"href":"https:\/\/www.vapeswholesaler.com\/sv\/wp-json\/wp\/v2\/product"}],"about":[{"href":"https:\/\/www.vapeswholesaler.com\/sv\/wp-json\/wp\/v2\/types\/product"}],"replies":[{"embeddable":true,"href":"https:\/\/www.vapeswholesaler.com\/sv\/wp-json\/wp\/v2\/comments?post=20611"}],"wp:featuredmedia":[{"embeddable":true,"href":"https:\/\/www.vapeswholesaler.com\/sv\/wp-json\/wp\/v2\/media\/20623"}],"wp:attachment":[{"href":"https:\/\/www.vapeswholesaler.com\/sv\/wp-json\/wp\/v2\/media?parent=20611"}],"wp:term":[{"taxonomy":"product_cat","embeddable":true,"href":"https:\/\/www.vapeswholesaler.com\/sv\/wp-json\/wp\/v2\/product_cat?post=20611"},{"taxonomy":"product_tag","embeddable":true,"href":"https:\/\/www.vapeswholesaler.com\/sv\/wp-json\/wp\/v2\/product_tag?post=20611"}],"curies":[{"name":"wp","href":"https:\/\/api.w.org\/{rel}","templated":true}]}}