{"id":20476,"date":"2024-11-25T16:47:24","date_gmt":"2024-11-25T08:47:24","guid":{"rendered":"https:\/\/www.vapeswholesaler.com\/?post_type=product&#038;p=20476"},"modified":"2026-04-16T14:03:46","modified_gmt":"2026-04-16T06:03:46","slug":"grossist-razz-bar-30000-puffar-engangs-vape","status":"publish","type":"product","link":"https:\/\/www.vapeswholesaler.com\/sv\/produkt\/grossist-razz-bar-30000-puffar-engangs-vape","title":{"rendered":"Partihandel RAZZ BAR 30000 Puffs Eng\u00e5ngs Vape"},"content":{"rendered":"<p><a href=\"https:\/\/www.vapeswholesaler.com\/sv\/produkt_varumarke\/razzbar\/\">Razz Bar<\/a> 30000 Puff finns i en m\u00e4ngd olika smaker, fr\u00e5n fruktig till mintig till dessert. Enhetens stora e-v\u00e4tskekapacitet och avancerade spolsystem bibeh\u00e5ller en j\u00e4mn smakintensitet under hela dess livsl\u00e4ngd.<\/p>\n<p>Det \u00e4r en av de mest l\u00e5nglivade eng\u00e5ngs-e-cigaretterna p\u00e5 marknaden. En enhet som kan h\u00e5lla i veckor beroende p\u00e5 anv\u00e4ndning. 30000 puff vape stor kapacitet eng\u00e5ngs e-cigarett \u00e4r utformad f\u00f6r att tillgodose behoven hos tunga anv\u00e4ndare som vill ha en enhet som \u00e4r b\u00e5de h\u00e5llbar och premium. Enheten \u00e4r k\u00e4nd f\u00f6r sin imponerande livsl\u00e4ngd p\u00e5 30 000 puffar och erbjuder en l\u00e4ngre r\u00f6kupplevelse utan besv\u00e4ret med frekventa utbyten, vilket skiljer den fr\u00e5n typiska eng\u00e5ngsprodukter p\u00e5 marknaden.<\/p>\n<h2><strong><a href=\"https:\/\/www.facebook.com\/fred.luo.58\/\">Razz Bar<\/a> 30000 Puff Detaljer:<\/strong><\/h2>\n<ul>\n<li>Salt Nikotin:2\/5%<\/li>\n<li>Puffar:30000 puffar<\/li>\n<li>Kapacitet:P\u00e5fyllningsbar olja<\/li>\n<li>200 st per kartong<\/li>\n<li>16 tillg\u00e4ngliga smaker<\/li>\n<li>650mah Uppladdningsbar<\/li>\n<li>N\u00e4tspole<\/li>\n<li>Typ-c<\/li>\n<\/ul>\n<h2><strong>Listning av smaker:<\/strong><\/h2>\n<ol>\n<li>Triple Melon<\/li>\n<li>Jordgubbsis<\/li>\n<li>Surt \u00e4pple<\/li>\n<li>Mango Persika Vattenmelon<\/li>\n<li>Jordgubbar Bananer<\/li>\n<li>Bl\u00e5b\u00e4rsis<\/li>\n<li>Juicy Peach Ice<\/li>\n<li>Jordgubb Kiwi<\/li>\n<li>Vattenmelon-is<\/li>\n<li>Sommardr\u00f6m<\/li>\n<li>Jordgubbar Vattenmelon<\/li>\n<li>Blandade b\u00e4r<\/li>\n<li>Blue Razz Ice<\/li>\n<li>Citron Lime<\/li>\n<li>Cola is<\/li>\n<li>Bj\u00f6rnb\u00e4rsis<\/li>\n<\/ol>\n<h2><strong>F\u00f6rpackningslista:<\/strong><\/h2>\n<p>1 st varje Liten l\u00e5da<br \/>\n10 st varje displayl\u00e5da<br \/>\n200 st per kartong<\/p>\n<figure id=\"attachment_20470\" aria-describedby=\"caption-attachment-20470\" style=\"width: 800px\" class=\"wp-caption alignnone\"><img loading=\"lazy\" decoding=\"async\" class=\"wp-image-20470 size-full\" title=\"Partihandel RAZZ BAR 30000 Puffs Eng\u00e5ngs Vape 6\" src=\"https:\/\/www.vapeswholesaler.com\/wp-content\/uploads\/2024\/11\/Wholesale-RAZZ-BAR-30000-Puffs-Disposable-Vape-6.webp\" alt=\"Partihandel RAZZ BAR 30000 Puffs Eng\u00e5ngs Vape 6\" width=\"800\" height=\"800\" srcset=\"https:\/\/www.vapeswholesaler.com\/wp-content\/uploads\/2024\/11\/Wholesale-RAZZ-BAR-30000-Puffs-Disposable-Vape-6.webp 800w, https:\/\/www.vapeswholesaler.com\/wp-content\/uploads\/2024\/11\/Wholesale-RAZZ-BAR-30000-Puffs-Disposable-Vape-6-300x300.webp 300w, https:\/\/www.vapeswholesaler.com\/wp-content\/uploads\/2024\/11\/Wholesale-RAZZ-BAR-30000-Puffs-Disposable-Vape-6-150x150.webp 150w, https:\/\/www.vapeswholesaler.com\/wp-content\/uploads\/2024\/11\/Wholesale-RAZZ-BAR-30000-Puffs-Disposable-Vape-6-768x768.webp 768w, https:\/\/www.vapeswholesaler.com\/wp-content\/uploads\/2024\/11\/Wholesale-RAZZ-BAR-30000-Puffs-Disposable-Vape-6-12x12.webp 12w, https:\/\/www.vapeswholesaler.com\/wp-content\/uploads\/2024\/11\/Wholesale-RAZZ-BAR-30000-Puffs-Disposable-Vape-6-247x247.webp 247w, https:\/\/www.vapeswholesaler.com\/wp-content\/uploads\/2024\/11\/Wholesale-RAZZ-BAR-30000-Puffs-Disposable-Vape-6-510x510.webp 510w, https:\/\/www.vapeswholesaler.com\/wp-content\/uploads\/2024\/11\/Wholesale-RAZZ-BAR-30000-Puffs-Disposable-Vape-6-100x100.webp 100w\" sizes=\"auto, (max-width: 800px) 100vw, 800px\" \/><figcaption id=\"caption-attachment-20470\" class=\"wp-caption-text\">Partihandel RAZZ BAR 30000 Puffs Eng\u00e5ngs Vape<\/figcaption><\/figure>\n<figure id=\"attachment_20467\" aria-describedby=\"caption-attachment-20467\" style=\"width: 800px\" class=\"wp-caption alignnone\"><img loading=\"lazy\" decoding=\"async\" class=\"wp-image-20467 size-full\" title=\"Partihandel RAZZ BAR 30000 Puffs Eng\u00e5ngs Vape 3\" src=\"https:\/\/www.vapeswholesaler.com\/wp-content\/uploads\/2024\/11\/Wholesale-RAZZ-BAR-30000-Puffs-Disposable-Vape-3.webp\" alt=\"Partihandel RAZZ BAR 30000 Puffs Eng\u00e5ngs Vape 3\" width=\"800\" height=\"800\" srcset=\"https:\/\/www.vapeswholesaler.com\/wp-content\/uploads\/2024\/11\/Wholesale-RAZZ-BAR-30000-Puffs-Disposable-Vape-3.webp 800w, https:\/\/www.vapeswholesaler.com\/wp-content\/uploads\/2024\/11\/Wholesale-RAZZ-BAR-30000-Puffs-Disposable-Vape-3-300x300.webp 300w, https:\/\/www.vapeswholesaler.com\/wp-content\/uploads\/2024\/11\/Wholesale-RAZZ-BAR-30000-Puffs-Disposable-Vape-3-150x150.webp 150w, https:\/\/www.vapeswholesaler.com\/wp-content\/uploads\/2024\/11\/Wholesale-RAZZ-BAR-30000-Puffs-Disposable-Vape-3-768x768.webp 768w, https:\/\/www.vapeswholesaler.com\/wp-content\/uploads\/2024\/11\/Wholesale-RAZZ-BAR-30000-Puffs-Disposable-Vape-3-12x12.webp 12w, https:\/\/www.vapeswholesaler.com\/wp-content\/uploads\/2024\/11\/Wholesale-RAZZ-BAR-30000-Puffs-Disposable-Vape-3-247x247.webp 247w, https:\/\/www.vapeswholesaler.com\/wp-content\/uploads\/2024\/11\/Wholesale-RAZZ-BAR-30000-Puffs-Disposable-Vape-3-510x510.webp 510w, https:\/\/www.vapeswholesaler.com\/wp-content\/uploads\/2024\/11\/Wholesale-RAZZ-BAR-30000-Puffs-Disposable-Vape-3-100x100.webp 100w\" sizes=\"auto, (max-width: 800px) 100vw, 800px\" \/><figcaption id=\"caption-attachment-20467\" class=\"wp-caption-text\">Partihandel RAZZ BAR 30000 Puffs Eng\u00e5ngs Vape<\/figcaption><\/figure>","protected":false},"excerpt":{"rendered":"<p>Minsta orderkvantitet: <strong>50<\/strong> PCS (Blanda smaker) \uff08<strong>2%,5%<\/strong>)<\/p>\n<p><strong>Fri frakt<\/strong><\/p>\n<p><em><strong>Notera<\/strong><\/em>: Vi skickar fr\u00e5n europeiska lager, och leveranstiden kommer att ta ungef\u00e4r <strong>5-6<\/strong> dagar. Produktavgiften och fraktavgiften m\u00e5ste betalas separat till olika betalkonton. N\u00e4r du har skickat best\u00e4llningen, skicka mig ett meddelande via WhatsApp s\u00e5 ber\u00e4ttar jag hur du betalar best\u00e4llningen. Jag tackar dig f\u00f6r din hj\u00e4lp.<\/p>","protected":false},"featured_media":20473,"comment_status":"open","ping_status":"closed","template":"","meta":[],"product_cat":[15],"product_tag":[373,374,384],"class_list":{"0":"post-20476","1":"product","2":"type-product","3":"status-publish","4":"has-post-thumbnail","6":"product_cat-disposable-vape","7":"product_tag-europe-warehouse","8":"product_tag-30000-puffs","9":"product_tag-razz-bar","10":"product_brand-razzbar","12":"first","13":"instock","14":"shipping-taxable","15":"purchasable","16":"product-type-variable","17":"has-default-attributes"},"aioseo_notices":[],"_links":{"self":[{"href":"https:\/\/www.vapeswholesaler.com\/sv\/wp-json\/wp\/v2\/product\/20476","targetHints":{"allow":["GET"]}}],"collection":[{"href":"https:\/\/www.vapeswholesaler.com\/sv\/wp-json\/wp\/v2\/product"}],"about":[{"href":"https:\/\/www.vapeswholesaler.com\/sv\/wp-json\/wp\/v2\/types\/product"}],"replies":[{"embeddable":true,"href":"https:\/\/www.vapeswholesaler.com\/sv\/wp-json\/wp\/v2\/comments?post=20476"}],"wp:featuredmedia":[{"embeddable":true,"href":"https:\/\/www.vapeswholesaler.com\/sv\/wp-json\/wp\/v2\/media\/20473"}],"wp:attachment":[{"href":"https:\/\/www.vapeswholesaler.com\/sv\/wp-json\/wp\/v2\/media?parent=20476"}],"wp:term":[{"taxonomy":"product_cat","embeddable":true,"href":"https:\/\/www.vapeswholesaler.com\/sv\/wp-json\/wp\/v2\/product_cat?post=20476"},{"taxonomy":"product_tag","embeddable":true,"href":"https:\/\/www.vapeswholesaler.com\/sv\/wp-json\/wp\/v2\/product_tag?post=20476"}],"curies":[{"name":"wp","href":"https:\/\/api.w.org\/{rel}","templated":true}]}}