{"id":20454,"date":"2024-11-25T16:21:53","date_gmt":"2024-11-25T08:21:53","guid":{"rendered":"https:\/\/www.vapeswholesaler.com\/?post_type=product&#038;p=20454"},"modified":"2025-03-14T11:37:33","modified_gmt":"2025-03-14T03:37:33","slug":"grossist-zooy-power-28000-puffs-disposbale-vape","status":"publish","type":"product","link":"https:\/\/www.vapeswholesaler.com\/sv\/produkt\/grossist-zooy-power-28000-puffs-disposbale-vape","title":{"rendered":"Partihandel ZOOY Power 28000 Puffs Disposbale Vape"},"content":{"rendered":"<p>ZOOY Power 28000 Puffs Disposbale Vape \u00e4r en revolutionerande enhet designad f\u00f6r kr\u00e4sna r\u00f6kare. Den har en inbyggd smart displaysk\u00e4rm som presenterar viktig information p\u00e5 ett levande s\u00e4tt. Med TYPE-C snabbuppladdningsbar teknik spenderar du mindre tid p\u00e5 att v\u00e4nta och mer tid p\u00e5 att vaping. Str\u00f6mkontrollen p\u00e5 peksk\u00e4rmen och funktionen f\u00f6r fri v\u00e4xling ger enkel anv\u00e4ndning. Men den verkliga charmen ligger i de justerbara inst\u00e4llningarna. Du kan anpassa vapingupplevelsen efter dina \u00f6nskem\u00e5l, oavsett om du vill ha en starkare tr\u00e4ff eller en mjukare dragning. Det \u00e4r inte bara en e-cigarett; det \u00e4r en personlig vapingkompis som ger bekv\u00e4mlighet och tillfredsst\u00e4llelse f\u00f6r varje puff.<\/p>\n<p>ZOOY Power 28000 Puffs Disposable Electronic Cigarette, en gadget som \u00e4r gjord f\u00f6r att flytta gr\u00e4nserna f\u00f6r eng\u00e5ngsteknik f\u00f6r vaping, kan du b\u00f6rja ditt fantastiska vaping\u00e4ventyr. Med ett robust 6500mAh Type-C uppladdningsbart batteri och en fantastisk 32mL f\u00f6rladdad e-juice, ger denna e-cigarett en o\u00f6vertr\u00e4ffad 28.000 puffar f\u00f6r l\u00e5ngvarig, njutbar r\u00f6kning.<\/p>\n<h2><strong><a href=\"https:\/\/www.vapeswholesaler.com\/sv\/produkt_varumarke\/djurpark\/\">ZOOY<\/a> Power 28000 Puffs Detaljer:Power 28000 Puffs<\/strong><\/h2>\n<ul>\n<li>Puff: Upp till 25000 puffar<\/li>\n<li>Nikotin:2% 5% Nikotin<\/li>\n<li>ECO:28000 Puffs,Boot:14000 Puffs<\/li>\n<li>V\u00e4tska: 32 mL f\u00f6rfylld<\/li>\n<li>Batteri: 650mAh uppladdningsbar typ-c port<\/li>\n<li>Dubbelmaskigt Nickel Krom<\/li>\n<li>K\u00e4rna: N\u00e4tspole 1,0 \u03a9 + 1,0 \u03a9<\/li>\n<li>Justerbart luftfl\u00f6de<\/li>\n<li>B\u00f6jd sk\u00e4rm<\/li>\n<li>Animerad sk\u00e4rm<\/li>\n<\/ul>\n<h2><strong>Smak\u00e4mnen:<\/strong><\/h2>\n<ol>\n<li>Bl\u00e5b\u00e4r Hallon<\/li>\n<li>Bl\u00e5b\u00e4r<\/li>\n<li>Grape Ice<\/li>\n<li>Mexikansk mango<\/li>\n<li>Blandad frukt<\/li>\n<li>Passionsfrukt<\/li>\n<li>Jordgubb Kiwi<\/li>\n<li>Jordgubbsb\u00e5l<\/li>\n<li>Vaniljglass<\/li>\n<li>Vattenmelon-is<\/li>\n<\/ol>\n<h2><strong>F\u00f6rpackningslista:<\/strong><\/h2>\n<p>1 st varje Liten l\u00e5da<br \/>\n10 st vardera Displayl\u00e5da<br \/>\n200 st per kartong<\/p>\n<figure id=\"attachment_20520\" aria-describedby=\"caption-attachment-20520\" style=\"width: 800px\" class=\"wp-caption alignnone\"><img loading=\"lazy\" decoding=\"async\" class=\"wp-image-20520 size-full\" title=\"Partihandel ZOOY Power 28000 Puffs Disposbale Vape 2\" src=\"https:\/\/www.vapeswholesaler.com\/wp-content\/uploads\/2024\/11\/Wholesale-ZOOY-Power-28000-Puffs-Disposbale-Vape-2.webp\" alt=\"Partihandel ZOOY Power 28000 Puffs Disposbale Vape 2\" width=\"800\" height=\"800\" srcset=\"https:\/\/www.vapeswholesaler.com\/wp-content\/uploads\/2024\/11\/Wholesale-ZOOY-Power-28000-Puffs-Disposbale-Vape-2.webp 800w, https:\/\/www.vapeswholesaler.com\/wp-content\/uploads\/2024\/11\/Wholesale-ZOOY-Power-28000-Puffs-Disposbale-Vape-2-300x300.webp 300w, https:\/\/www.vapeswholesaler.com\/wp-content\/uploads\/2024\/11\/Wholesale-ZOOY-Power-28000-Puffs-Disposbale-Vape-2-150x150.webp 150w, https:\/\/www.vapeswholesaler.com\/wp-content\/uploads\/2024\/11\/Wholesale-ZOOY-Power-28000-Puffs-Disposbale-Vape-2-768x768.webp 768w, https:\/\/www.vapeswholesaler.com\/wp-content\/uploads\/2024\/11\/Wholesale-ZOOY-Power-28000-Puffs-Disposbale-Vape-2-12x12.webp 12w, https:\/\/www.vapeswholesaler.com\/wp-content\/uploads\/2024\/11\/Wholesale-ZOOY-Power-28000-Puffs-Disposbale-Vape-2-247x247.webp 247w, https:\/\/www.vapeswholesaler.com\/wp-content\/uploads\/2024\/11\/Wholesale-ZOOY-Power-28000-Puffs-Disposbale-Vape-2-510x510.webp 510w, https:\/\/www.vapeswholesaler.com\/wp-content\/uploads\/2024\/11\/Wholesale-ZOOY-Power-28000-Puffs-Disposbale-Vape-2-100x100.webp 100w\" sizes=\"auto, (max-width: 800px) 100vw, 800px\" \/><figcaption id=\"caption-attachment-20520\" class=\"wp-caption-text\">Partihandel ZOOY Power 28000 Puffs Disposbale Vape<\/figcaption><\/figure>\n<figure id=\"attachment_20521\" aria-describedby=\"caption-attachment-20521\" style=\"width: 800px\" class=\"wp-caption alignnone\"><img loading=\"lazy\" decoding=\"async\" class=\"wp-image-20521 size-full\" title=\"Partihandel ZOOY Power 28000 Puffs Disposbale Vape 3\" src=\"https:\/\/www.vapeswholesaler.com\/wp-content\/uploads\/2024\/11\/Wholesale-ZOOY-Power-28000-Puffs-Disposbale-Vape-3.webp\" alt=\"Partihandel ZOOY Power 28000 Puffs Disposbale Vape 3\" width=\"800\" height=\"800\" srcset=\"https:\/\/www.vapeswholesaler.com\/wp-content\/uploads\/2024\/11\/Wholesale-ZOOY-Power-28000-Puffs-Disposbale-Vape-3.webp 800w, https:\/\/www.vapeswholesaler.com\/wp-content\/uploads\/2024\/11\/Wholesale-ZOOY-Power-28000-Puffs-Disposbale-Vape-3-300x300.webp 300w, https:\/\/www.vapeswholesaler.com\/wp-content\/uploads\/2024\/11\/Wholesale-ZOOY-Power-28000-Puffs-Disposbale-Vape-3-150x150.webp 150w, https:\/\/www.vapeswholesaler.com\/wp-content\/uploads\/2024\/11\/Wholesale-ZOOY-Power-28000-Puffs-Disposbale-Vape-3-768x768.webp 768w, https:\/\/www.vapeswholesaler.com\/wp-content\/uploads\/2024\/11\/Wholesale-ZOOY-Power-28000-Puffs-Disposbale-Vape-3-12x12.webp 12w, https:\/\/www.vapeswholesaler.com\/wp-content\/uploads\/2024\/11\/Wholesale-ZOOY-Power-28000-Puffs-Disposbale-Vape-3-247x247.webp 247w, https:\/\/www.vapeswholesaler.com\/wp-content\/uploads\/2024\/11\/Wholesale-ZOOY-Power-28000-Puffs-Disposbale-Vape-3-510x510.webp 510w, https:\/\/www.vapeswholesaler.com\/wp-content\/uploads\/2024\/11\/Wholesale-ZOOY-Power-28000-Puffs-Disposbale-Vape-3-100x100.webp 100w\" sizes=\"auto, (max-width: 800px) 100vw, 800px\" \/><figcaption id=\"caption-attachment-20521\" class=\"wp-caption-text\">Partihandel ZOOY Power 28000 Puffs Disposbale Vape<\/figcaption><\/figure>\n<p>&nbsp;<\/p>\n<p>&nbsp;<\/p>\n<p>&nbsp;<\/p>\n<p>&nbsp;<\/p>","protected":false},"excerpt":{"rendered":"<p>Minsta orderkvantitet:\u00a0<strong>50 ST.<\/strong>\u00a0(Blanda smaker)\u00a0\u00a0<strong>Fri frakt<\/strong><\/p>\n<p>(<strong>2%, 5% Nic<\/strong>) EU Warehouse Leveranstid 5-6 arbetsdagar<\/p>","protected":false},"featured_media":20523,"comment_status":"open","ping_status":"closed","template":"","meta":[],"product_cat":[15],"product_tag":[183,371,373],"class_list":{"0":"post-20454","1":"product","2":"type-product","3":"status-publish","4":"has-post-thumbnail","6":"product_cat-disposable-vape","7":"product_tag-28000-puffs","8":"product_tag-zooy","9":"product_tag-europe-warehouse","10":"product_brand-zooy","12":"first","13":"instock","14":"shipping-taxable","15":"purchasable","16":"product-type-variable","17":"has-default-attributes"},"aioseo_notices":[],"_links":{"self":[{"href":"https:\/\/www.vapeswholesaler.com\/sv\/wp-json\/wp\/v2\/product\/20454","targetHints":{"allow":["GET"]}}],"collection":[{"href":"https:\/\/www.vapeswholesaler.com\/sv\/wp-json\/wp\/v2\/product"}],"about":[{"href":"https:\/\/www.vapeswholesaler.com\/sv\/wp-json\/wp\/v2\/types\/product"}],"replies":[{"embeddable":true,"href":"https:\/\/www.vapeswholesaler.com\/sv\/wp-json\/wp\/v2\/comments?post=20454"}],"wp:featuredmedia":[{"embeddable":true,"href":"https:\/\/www.vapeswholesaler.com\/sv\/wp-json\/wp\/v2\/media\/20523"}],"wp:attachment":[{"href":"https:\/\/www.vapeswholesaler.com\/sv\/wp-json\/wp\/v2\/media?parent=20454"}],"wp:term":[{"taxonomy":"product_cat","embeddable":true,"href":"https:\/\/www.vapeswholesaler.com\/sv\/wp-json\/wp\/v2\/product_cat?post=20454"},{"taxonomy":"product_tag","embeddable":true,"href":"https:\/\/www.vapeswholesaler.com\/sv\/wp-json\/wp\/v2\/product_tag?post=20454"}],"curies":[{"name":"wp","href":"https:\/\/api.w.org\/{rel}","templated":true}]}}