{"id":20232,"date":"2024-11-11T11:47:36","date_gmt":"2024-11-11T03:47:36","guid":{"rendered":"https:\/\/www.vapeswholesaler.com\/?post_type=product&#038;p=20232"},"modified":"2025-11-30T09:55:26","modified_gmt":"2025-11-30T01:55:26","slug":"grossist-arymi-hookalit-40000-puffar-shisha-engangs-vape","status":"publish","type":"product","link":"https:\/\/www.vapeswholesaler.com\/sv\/produkt\/grossist-arymi-hookalit-40000-puffar-shisha-engangs-vape","title":{"rendered":"Partihandel ARYMI Hookalit 40000 Puffs Shisha Eng\u00e5ngs Vape"},"content":{"rendered":"<p>ARYMI Hookalit 40000 Puffs Shisha Disposable Vape Hookah levereras med 40 ml e-juice med 0,5% nikotinstyrka och fler dekorationer f\u00f6r olika smaker. Denna sylinderliknande eng\u00e5ngsvape \u00e4r mycket portabel, perfekt f\u00f6r daglig anv\u00e4ndning. Den s\u00e4nkta nikotinstyrkan tillgodoser behovet av mjukare smaker. Arymi Hookalit st\u00f6der b\u00e5de MTL- och DL-vaping. Du kan v\u00e4xla till DL-l\u00e4get n\u00e4r som helst och \u00e4ndra luftfl\u00f6desinst\u00e4llningarna f\u00f6r mer \u00e5ngproduktion. H\u00e5ll i Arymi Hookalit 40000 Vape i handen och du kan njuta av shisha-smaker n\u00e4r som helst och var som helst.<\/p>\n<h2><strong><a href=\"https:\/\/www.vapeswholesaler.com\/sv\/produkt\/grossist-kanger-subox-50000-puffar-engangs-vape-40-ml-2\/\">ARYMI Hookalit 40000<\/a> Puffs Funktioner:<\/strong><\/h2>\n<ul>\n<li>40 ml gigantisk kapacitet f\u00f6r e-juice<\/li>\n<li>Integrerat 1300mAh uppladdningsbart batteri<\/li>\n<li>Antal puffar: Cirka 40000 puffar (MTL)\/20000 puffar (DL)<\/li>\n<li>0,6 ohm Lit Mesh-spole<\/li>\n<li>Halmliknande droppspets<\/li>\n<li>Enkel digital sk\u00e4rm<\/li>\n<li>Justerbar luftfl\u00f6deskontroll: MTL\/DL<\/li>\n<li>0,5%(5mg\/ml) Nikotinstyrka<\/li>\n<li>Autentiska Shisha-smaker: Perfekt f\u00f6r DTL<\/li>\n<li>Laddning via USB typ C (kabel ing\u00e5r ej)<\/li>\n<li>Rita-aktiverad<\/li>\n<\/ul>\n<h2><strong>ARYMI Hookalit 40000 Puffs Smaker:<\/strong><\/h2>\n<ol>\n<li>Jordgubb Kiwi<\/li>\n<li>Grape Ice<\/li>\n<li>Mango Freeze<\/li>\n<li>Frodig is<\/li>\n<li>Vattenmelon Jordgubb Melon<\/li>\n<li>Svartvinb\u00e4rsis<\/li>\n<li>Herr Bl\u00e5<\/li>\n<li>K\u00f6rsb\u00e4r Hallon<\/li>\n<li>Citronmynta<\/li>\n<li>Lucid dr\u00f6m<\/li>\n<li>Bubbelgum<\/li>\n<li>K\u00e4rlek 66<\/li>\n<li>Passionsfrukt<\/li>\n<li>Lady Killer<\/li>\n<li>Persika Mango Vattenmelon<\/li>\n<li>Tv\u00e5 \u00e4pplen Shisha<\/li>\n<li>Persika is<\/li>\n<li>Magisk k\u00e4rlek<\/li>\n<li>Blandade b\u00e4r<\/li>\n<li>Blue Razz Lemonade<\/li>\n<\/ol>\n<h2><strong>F\u00f6rpackningslista:<\/strong><\/h2>\n<p>1 st\/f\u00f6rpackning<br \/>\nvarje f\u00f6rpackning 210g<br \/>\n100 st per kartong<br \/>\n21 kg\/kartong<\/p>\n<p>&nbsp;<\/p>\n<p>&nbsp;<\/p>\n<p><img loading=\"lazy\" decoding=\"async\" class=\"alignnone wp-image-20236 size-full\" title=\"Partihandel ARYMI Hookalit 40000 Puffs Shisha Eng\u00e5ngs Vape 4\" src=\"https:\/\/www.vapeswholesaler.com\/wp-content\/uploads\/2024\/11\/Wholesale-ARYMI-Hookalit-40000-Puffs-Shisha-Disposable-Vape-4.webp\" alt=\"Partihandel ARYMI Hookalit 40000 Puffs Shisha Eng\u00e5ngs Vape 4\" width=\"800\" height=\"800\" srcset=\"https:\/\/www.vapeswholesaler.com\/wp-content\/uploads\/2024\/11\/Wholesale-ARYMI-Hookalit-40000-Puffs-Shisha-Disposable-Vape-4.webp 800w, https:\/\/www.vapeswholesaler.com\/wp-content\/uploads\/2024\/11\/Wholesale-ARYMI-Hookalit-40000-Puffs-Shisha-Disposable-Vape-4-300x300.webp 300w, https:\/\/www.vapeswholesaler.com\/wp-content\/uploads\/2024\/11\/Wholesale-ARYMI-Hookalit-40000-Puffs-Shisha-Disposable-Vape-4-150x150.webp 150w, https:\/\/www.vapeswholesaler.com\/wp-content\/uploads\/2024\/11\/Wholesale-ARYMI-Hookalit-40000-Puffs-Shisha-Disposable-Vape-4-768x768.webp 768w, https:\/\/www.vapeswholesaler.com\/wp-content\/uploads\/2024\/11\/Wholesale-ARYMI-Hookalit-40000-Puffs-Shisha-Disposable-Vape-4-12x12.webp 12w, https:\/\/www.vapeswholesaler.com\/wp-content\/uploads\/2024\/11\/Wholesale-ARYMI-Hookalit-40000-Puffs-Shisha-Disposable-Vape-4-247x247.webp 247w, https:\/\/www.vapeswholesaler.com\/wp-content\/uploads\/2024\/11\/Wholesale-ARYMI-Hookalit-40000-Puffs-Shisha-Disposable-Vape-4-510x510.webp 510w, https:\/\/www.vapeswholesaler.com\/wp-content\/uploads\/2024\/11\/Wholesale-ARYMI-Hookalit-40000-Puffs-Shisha-Disposable-Vape-4-100x100.webp 100w\" sizes=\"auto, (max-width: 800px) 100vw, 800px\" \/> <img loading=\"lazy\" decoding=\"async\" class=\"alignnone wp-image-20237 size-full\" title=\"Partihandel ARYMI Hookalit 40000 Puffs Shisha Eng\u00e5ngs Vape 5\" src=\"https:\/\/www.vapeswholesaler.com\/wp-content\/uploads\/2024\/11\/Wholesale-ARYMI-Hookalit-40000-Puffs-Shisha-Disposable-Vape-5.webp\" alt=\"Partihandel ARYMI Hookalit 40000 Puffs Shisha Eng\u00e5ngs Vape 5\" width=\"800\" height=\"849\" srcset=\"https:\/\/www.vapeswholesaler.com\/wp-content\/uploads\/2024\/11\/Wholesale-ARYMI-Hookalit-40000-Puffs-Shisha-Disposable-Vape-5.webp 800w, https:\/\/www.vapeswholesaler.com\/wp-content\/uploads\/2024\/11\/Wholesale-ARYMI-Hookalit-40000-Puffs-Shisha-Disposable-Vape-5-283x300.webp 283w, https:\/\/www.vapeswholesaler.com\/wp-content\/uploads\/2024\/11\/Wholesale-ARYMI-Hookalit-40000-Puffs-Shisha-Disposable-Vape-5-768x815.webp 768w, https:\/\/www.vapeswholesaler.com\/wp-content\/uploads\/2024\/11\/Wholesale-ARYMI-Hookalit-40000-Puffs-Shisha-Disposable-Vape-5-11x12.webp 11w, https:\/\/www.vapeswholesaler.com\/wp-content\/uploads\/2024\/11\/Wholesale-ARYMI-Hookalit-40000-Puffs-Shisha-Disposable-Vape-5-510x541.webp 510w\" sizes=\"auto, (max-width: 800px) 100vw, 800px\" \/> <img loading=\"lazy\" decoding=\"async\" class=\"alignnone wp-image-20238 size-full\" title=\"Partihandel ARYMI Hookalit 40000 Puffs Shisha Eng\u00e5ngs Vape 6\" src=\"https:\/\/www.vapeswholesaler.com\/wp-content\/uploads\/2024\/11\/Wholesale-ARYMI-Hookalit-40000-Puffs-Shisha-Disposable-Vape-6.webp\" alt=\"Partihandel ARYMI Hookalit 40000 Puffs Shisha Eng\u00e5ngs Vape 6\" width=\"800\" height=\"800\" srcset=\"https:\/\/www.vapeswholesaler.com\/wp-content\/uploads\/2024\/11\/Wholesale-ARYMI-Hookalit-40000-Puffs-Shisha-Disposable-Vape-6.webp 800w, https:\/\/www.vapeswholesaler.com\/wp-content\/uploads\/2024\/11\/Wholesale-ARYMI-Hookalit-40000-Puffs-Shisha-Disposable-Vape-6-300x300.webp 300w, https:\/\/www.vapeswholesaler.com\/wp-content\/uploads\/2024\/11\/Wholesale-ARYMI-Hookalit-40000-Puffs-Shisha-Disposable-Vape-6-150x150.webp 150w, https:\/\/www.vapeswholesaler.com\/wp-content\/uploads\/2024\/11\/Wholesale-ARYMI-Hookalit-40000-Puffs-Shisha-Disposable-Vape-6-768x768.webp 768w, https:\/\/www.vapeswholesaler.com\/wp-content\/uploads\/2024\/11\/Wholesale-ARYMI-Hookalit-40000-Puffs-Shisha-Disposable-Vape-6-12x12.webp 12w, https:\/\/www.vapeswholesaler.com\/wp-content\/uploads\/2024\/11\/Wholesale-ARYMI-Hookalit-40000-Puffs-Shisha-Disposable-Vape-6-247x247.webp 247w, https:\/\/www.vapeswholesaler.com\/wp-content\/uploads\/2024\/11\/Wholesale-ARYMI-Hookalit-40000-Puffs-Shisha-Disposable-Vape-6-510x510.webp 510w, https:\/\/www.vapeswholesaler.com\/wp-content\/uploads\/2024\/11\/Wholesale-ARYMI-Hookalit-40000-Puffs-Shisha-Disposable-Vape-6-100x100.webp 100w\" sizes=\"auto, (max-width: 800px) 100vw, 800px\" \/> <img loading=\"lazy\" decoding=\"async\" class=\"alignnone wp-image-20239 size-full\" title=\"Partihandel ARYMI Hookalit 40000 Puffs Shisha Eng\u00e5ngs Vape 7\" src=\"https:\/\/www.vapeswholesaler.com\/wp-content\/uploads\/2024\/11\/Wholesale-ARYMI-Hookalit-40000-Puffs-Shisha-Disposable-Vape-7.webp\" alt=\"Partihandel ARYMI Hookalit 40000 Puffs Shisha Eng\u00e5ngs Vape 7\" width=\"800\" height=\"424\" srcset=\"https:\/\/www.vapeswholesaler.com\/wp-content\/uploads\/2024\/11\/Wholesale-ARYMI-Hookalit-40000-Puffs-Shisha-Disposable-Vape-7.webp 800w, https:\/\/www.vapeswholesaler.com\/wp-content\/uploads\/2024\/11\/Wholesale-ARYMI-Hookalit-40000-Puffs-Shisha-Disposable-Vape-7-300x159.webp 300w, https:\/\/www.vapeswholesaler.com\/wp-content\/uploads\/2024\/11\/Wholesale-ARYMI-Hookalit-40000-Puffs-Shisha-Disposable-Vape-7-768x407.webp 768w, https:\/\/www.vapeswholesaler.com\/wp-content\/uploads\/2024\/11\/Wholesale-ARYMI-Hookalit-40000-Puffs-Shisha-Disposable-Vape-7-18x10.webp 18w, https:\/\/www.vapeswholesaler.com\/wp-content\/uploads\/2024\/11\/Wholesale-ARYMI-Hookalit-40000-Puffs-Shisha-Disposable-Vape-7-510x270.webp 510w\" sizes=\"auto, (max-width: 800px) 100vw, 800px\" \/><\/p>","protected":false},"excerpt":{"rendered":"<p>Minsta orderkvantitet: <strong>100 ST.<\/strong> (Blanda smaker)<\/p>\n<p>\uff085%\uff09<strong>Fri frakt<\/strong><\/p>","protected":false},"featured_media":20210,"comment_status":"open","ping_status":"closed","template":"","meta":[],"product_cat":[15],"product_tag":[150,151,152,153],"class_list":{"0":"post-20232","1":"product","2":"type-product","3":"status-publish","4":"has-post-thumbnail","6":"product_cat-disposable-vape","7":"product_tag-arymi-hookalit-40000-puffs","8":"product_tag-arymi-40000-puffs","9":"product_tag-arymi-40000-puffs-disposable-vape","10":"product_tag-arymi-hookalit-40000-puffs-vapes","11":"product_brand-kanger-arymi","13":"first","14":"instock","15":"shipping-taxable","16":"purchasable","17":"product-type-variable","18":"has-default-attributes"},"aioseo_notices":[],"_links":{"self":[{"href":"https:\/\/www.vapeswholesaler.com\/sv\/wp-json\/wp\/v2\/product\/20232","targetHints":{"allow":["GET"]}}],"collection":[{"href":"https:\/\/www.vapeswholesaler.com\/sv\/wp-json\/wp\/v2\/product"}],"about":[{"href":"https:\/\/www.vapeswholesaler.com\/sv\/wp-json\/wp\/v2\/types\/product"}],"replies":[{"embeddable":true,"href":"https:\/\/www.vapeswholesaler.com\/sv\/wp-json\/wp\/v2\/comments?post=20232"}],"wp:featuredmedia":[{"embeddable":true,"href":"https:\/\/www.vapeswholesaler.com\/sv\/wp-json\/wp\/v2\/media\/20210"}],"wp:attachment":[{"href":"https:\/\/www.vapeswholesaler.com\/sv\/wp-json\/wp\/v2\/media?parent=20232"}],"wp:term":[{"taxonomy":"product_cat","embeddable":true,"href":"https:\/\/www.vapeswholesaler.com\/sv\/wp-json\/wp\/v2\/product_cat?post=20232"},{"taxonomy":"product_tag","embeddable":true,"href":"https:\/\/www.vapeswholesaler.com\/sv\/wp-json\/wp\/v2\/product_tag?post=20232"}],"curies":[{"name":"wp","href":"https:\/\/api.w.org\/{rel}","templated":true}]}}