{"id":19952,"date":"2024-10-27T16:11:34","date_gmt":"2024-10-27T08:11:34","guid":{"rendered":"https:\/\/www.vapeswholesaler.com\/?post_type=product&#038;p=19952"},"modified":"2025-03-18T12:13:21","modified_gmt":"2025-03-18T04:13:21","slug":"grossist-bang-king-30k-pro-30000-puffar-engangs-vape","status":"publish","type":"product","link":"https:\/\/www.vapeswholesaler.com\/sv\/produkt\/grossist-bang-king-30k-pro-30000-puffar-engangs-vape","title":{"rendered":"Wholesle Bang King 30K Pro 30000 Puffs Eng\u00e5ngs vape"},"content":{"rendered":"<p><a href=\"https:\/\/www.vapeswholesaler.com\/sv\/produkt_varumarke\/bang\/\">Pang<\/a> King 30K Pro 30000 Puffs erbjuder upp till 30 000 puffar med en stor 36 ml e-liquid-kapacitet, vilket g\u00f6r den till en av de mest l\u00e5nglivade eng\u00e5ngsvapnen som finns. V\u00e4lj mellan nikotinstyrkorna 0%, 2%, 3% eller 5% f\u00f6r att passa dina \u00f6nskem\u00e5l, vilket garanterar en j\u00e4mn och tillfredsst\u00e4llande vape.<\/p>\n<p>Utrustad med ett uppladdningsbart 850mAh-batteri och Type-C-laddning \u00e4r den h\u00e4r enheten utformad f\u00f6r l\u00e5ng livsl\u00e4ngd och bekv\u00e4mlighet, vilket ger tillf\u00f6rlitlig str\u00f6m under hela dess livscykel. Den 1,0\u03a9 mesh-spolen f\u00f6rb\u00e4ttrar smakleveransen och skapar rik \u00e5nga med varje drag. Bang King 30000 Pro finns i 12 unika smaker och \u00e4r perfekt f\u00f6r anv\u00e4ndare som s\u00f6ker en problemfri vapingl\u00f6sning med h\u00f6g kapacitet. Varje l\u00e5da inneh\u00e5ller 10 eng\u00e5ngsenheter, vilket g\u00f6r det till ett utm\u00e4rkt val f\u00f6r b\u00e5de personligt bruk och detaljhandel, Partihandel p\u00e5 vapeswholesaler.<\/p>\n<h2><strong><a href=\"https:\/\/www.facebook.com\/fred.luo.58\/\">Pang<\/a> King 30K Pro 30000 Puffs Funktioner:<\/strong><\/h2>\n<ul>\n<li>Nicotine:0%\/2%\/3%\/5%<\/li>\n<li>Puffar\uff1a 30000 puffar<\/li>\n<li>Batteri: 850 mah<\/li>\n<li>Kapacitet \uff1a 36ML<\/li>\n<li>Motst\u00e5nd \uff1a 1,0 \u03a9 n\u00e4tspole<\/li>\n<li>Uppladdningsbar \uff1a typ C<\/li>\n<li>Enhet f\u00f6r eng\u00e5ngsbruk<\/li>\n<\/ul>\n<h2><strong>Smak\u00e4mnen:<\/strong><\/h2>\n<ol>\n<li>Jordgubbar Vattenmelon<\/li>\n<li>Bl\u00e5b\u00e4rsis<\/li>\n<li>F\u00e4rsk mynta<\/li>\n<li>Jordgubb Druva<\/li>\n<li>Bl\u00e5b\u00e4r Tranb\u00e4r K\u00f6rsb\u00e4r<\/li>\n<li>Vattenmelon<\/li>\n<li>Jordgubb Kiwi<\/li>\n<li>Mint Blue Razz<\/li>\n<li>Trippelb\u00e4r<\/li>\n<li>Vattenmelon K\u00f6rsb\u00e4r<\/li>\n<li>Raspberry Dark Sparkle<\/li>\n<li>Bl\u00e5b\u00e4r Hallon<\/li>\n<\/ol>\n<h2><strong>F\u00f6rpackningslista:<\/strong><\/h2>\n<p>1 st varje enskild l\u00e5da<br \/>\n10 st varje displayl\u00e5da<br \/>\n200 st per kartong<\/p>\n<figure id=\"attachment_19935\" aria-describedby=\"caption-attachment-19935\" style=\"width: 800px\" class=\"wp-caption alignnone\"><img loading=\"lazy\" decoding=\"async\" class=\"wp-image-19935 size-full\" title=\"Wholesle Bang King 30K Pro 30000 Puffs Eng\u00e5ngs vape 1\" src=\"https:\/\/www.vapeswholesaler.com\/wp-content\/uploads\/2024\/10\/Wholesle-Bang-King-30K-Pro-30000-Puffs-Disposable-vape-1.webp\" alt=\"Wholesle Bang King 30K Pro 30000 Puffs Eng\u00e5ngs vape 1\" width=\"800\" height=\"1200\" srcset=\"https:\/\/www.vapeswholesaler.com\/wp-content\/uploads\/2024\/10\/Wholesle-Bang-King-30K-Pro-30000-Puffs-Disposable-vape-1.webp 800w, https:\/\/www.vapeswholesaler.com\/wp-content\/uploads\/2024\/10\/Wholesle-Bang-King-30K-Pro-30000-Puffs-Disposable-vape-1-200x300.webp 200w, https:\/\/www.vapeswholesaler.com\/wp-content\/uploads\/2024\/10\/Wholesle-Bang-King-30K-Pro-30000-Puffs-Disposable-vape-1-683x1024.webp 683w, https:\/\/www.vapeswholesaler.com\/wp-content\/uploads\/2024\/10\/Wholesle-Bang-King-30K-Pro-30000-Puffs-Disposable-vape-1-768x1152.webp 768w, https:\/\/www.vapeswholesaler.com\/wp-content\/uploads\/2024\/10\/Wholesle-Bang-King-30K-Pro-30000-Puffs-Disposable-vape-1-8x12.webp 8w, https:\/\/www.vapeswholesaler.com\/wp-content\/uploads\/2024\/10\/Wholesle-Bang-King-30K-Pro-30000-Puffs-Disposable-vape-1-510x765.webp 510w\" sizes=\"auto, (max-width: 800px) 100vw, 800px\" \/><figcaption id=\"caption-attachment-19935\" class=\"wp-caption-text\">Wholesle Bang King 30K Pro 30000 Puffs Eng\u00e5ngs vape<\/figcaption><\/figure>","protected":false},"excerpt":{"rendered":"<p>Minsta orderkvantitet:\u00a0<strong>50 st<\/strong>\u00a0(Blanda smaker)\u00a0\u00a0<strong>Fri frakt<\/strong><\/p>\n<p>(<strong>2%, 5% Nic<\/strong>)<\/p>","protected":false},"featured_media":19951,"comment_status":"open","ping_status":"closed","template":"","meta":[],"product_cat":[15],"product_tag":[368,374,388],"class_list":{"0":"post-19952","1":"product","2":"type-product","3":"status-publish","4":"has-post-thumbnail","6":"product_cat-disposable-vape","7":"product_tag-bang-king","8":"product_tag-30000-puffs","9":"product_tag-bang","10":"product_brand-bang","12":"first","13":"instock","14":"shipping-taxable","15":"purchasable","16":"product-type-variable","17":"has-default-attributes"},"aioseo_notices":[],"_links":{"self":[{"href":"https:\/\/www.vapeswholesaler.com\/sv\/wp-json\/wp\/v2\/product\/19952","targetHints":{"allow":["GET"]}}],"collection":[{"href":"https:\/\/www.vapeswholesaler.com\/sv\/wp-json\/wp\/v2\/product"}],"about":[{"href":"https:\/\/www.vapeswholesaler.com\/sv\/wp-json\/wp\/v2\/types\/product"}],"replies":[{"embeddable":true,"href":"https:\/\/www.vapeswholesaler.com\/sv\/wp-json\/wp\/v2\/comments?post=19952"}],"wp:featuredmedia":[{"embeddable":true,"href":"https:\/\/www.vapeswholesaler.com\/sv\/wp-json\/wp\/v2\/media\/19951"}],"wp:attachment":[{"href":"https:\/\/www.vapeswholesaler.com\/sv\/wp-json\/wp\/v2\/media?parent=19952"}],"wp:term":[{"taxonomy":"product_cat","embeddable":true,"href":"https:\/\/www.vapeswholesaler.com\/sv\/wp-json\/wp\/v2\/product_cat?post=19952"},{"taxonomy":"product_tag","embeddable":true,"href":"https:\/\/www.vapeswholesaler.com\/sv\/wp-json\/wp\/v2\/product_tag?post=19952"}],"curies":[{"name":"wp","href":"https:\/\/api.w.org\/{rel}","templated":true}]}}