{"id":19627,"date":"2024-09-22T16:50:54","date_gmt":"2024-09-22T08:50:54","guid":{"rendered":"https:\/\/www.vapeswholesaler.com\/?post_type=product&#038;p=19627"},"modified":"2025-03-14T12:16:06","modified_gmt":"2025-03-14T04:16:06","slug":"wholesale-zooy-blaze-25k-disposable-vape","status":"publish","type":"product","link":"https:\/\/www.vapeswholesaler.com\/sv\/produkt\/wholesale-zooy-blaze-25k-disposable-vape","title":{"rendered":"Partihandel ZOOY Blaze 25k eng\u00e5ngsvape"},"content":{"rendered":"<p><a href=\"https:\/\/www.vapeswholesaler.com\/sv\/produkt_varumarke\/djurpark\/\">ZOOY<\/a> Blaze 25k Disposable Vape sets a new standard for convenience and performance in the vaping world. With a substantial 17ml e-liquid capacity and an impressive puff count of up to 25,000, this disposable vape is engineered for extended use and lasting satisfaction. Each device comes pre-filled with a variety of tantalizing flavors, catering to diverse palate preferences.<\/p>\n<p>ZOOY Blaze 25k prepared for prolonged e-cigarette enjoyment with a fantastic 31 mL pre-filled electronic liquid reservoir and a 5% nicotine content. It&#8217;s ideal for seasoned e-cigarette aficionados and smokers because of its exceptional electronic liquid capacity, which guarantees a smooth and satisfying experience with every sip.<\/p>\n<p>Designed with user convenience in mind, the ZOOY Blaze 25k is compact and easy to carry, making it ideal for on-the-go vaping. The device is fully disposable, eliminating the need for refills or maintenance, and is ready to use straight out of the package. Whether you\u2019re a seasoned vaper or a newcomer, the ZOOY Blaze 25k Disposable Vape promises a hassle-free and enjoyable vaping experience with every puff.<\/p>\n<h2><strong><a href=\"https:\/\/www.facebook.com\/fred.luo.58\">ZOOY<\/a> Blaze 25k Disposable Vape Features:<\/strong><\/h2>\n<ul>\n<li>Battery Capacity : Integrated Rechargeable<\/li>\n<li>Max puffar: 25000<\/li>\n<li>Pod Capacity\uff1a32ML<\/li>\n<li>Nicotine Strength: 2% 3% 5% (20mg,30mg,50mg)<\/li>\n<li>Heating Element: Double Mesh Coils<\/li>\n<li>AirFlow\/Power: Adjustable<\/li>\n<li>Display Screen: Full Screen Display<\/li>\n<li>Charging: USB Type-C Fast Charging<\/li>\n<\/ul>\n<h2><strong>Smak\u00e4mnen:<\/strong><\/h2>\n<ol>\n<li>Vattenmelon-is<\/li>\n<li>Bl\u00e5b\u00e4rsis<\/li>\n<li>Jordgubb Kiwi<\/li>\n<li>Druva Citron<\/li>\n<li>apple peach<\/li>\n<li>Blue Razz Lemonade<\/li>\n<li>Jordgubbar Vattenmelon<\/li>\n<li>blackberry cherry lemon<\/li>\n<li>Blandade b\u00e4r<\/li>\n<li>Bl\u00e5 Mint<\/li>\n<\/ol>\n<h2><strong>F\u00f6rpackningslista:<\/strong><\/h2>\n<p>1 st varje enskild l\u00e5da<br \/>\n10 st varje displayl\u00e5da<br \/>\n200 st per kartong<\/p>\n<h2><strong>Hur levererar man kundens paket?<\/strong><\/h2>\n<div>Vi skickar med speciell leveransmetod, flygplan flyger fr\u00e5n Kina till Tyskland.<\/div>\n<div><\/div>\n<div>Efter att ha n\u00e5tt Tyskland m\u00e5ste paketet f\u00f6rst g\u00f6ra tullklarering och sedan transporteras till DHL Paket eller UPS Express \uff0c detta \u00e4r det b\u00e4sta frakts\u00e4ttet till Europa f\u00f6r n\u00e4rvarande.<\/div>\n<div><\/div>\n<div>Med denna typ av leveransmetod har du inget att g\u00f6ra med tullen och ingen skatt, v\u00e5rt utomeuropeiska tullklareringsf\u00f6retag kommer att l\u00f6sa alla tullfr\u00e5gor och betala n\u00f6dv\u00e4ndiga tullar.<\/div>\n<div><\/div>\n<div>N\u00e4r tullen har rensats kommer den att hanteras till DHL Paket, d\u00e5 kommer kunderna att f\u00e5 uppdateringen fr\u00e5n DHL: s webbplats, och efter att DHL har f\u00e5tt den kommer de att leverera till dig inom 2-3 dagar, 4-5 dagar till andra europeiska l\u00e4nder utom Tyskland.<\/div>\n<div><\/div>\n<div>\n<figure id=\"attachment_19613\" aria-describedby=\"caption-attachment-19613\" style=\"width: 800px\" class=\"wp-caption alignnone\"><img loading=\"lazy\" decoding=\"async\" class=\"wp-image-19613 size-full\" title=\"Wholesale ZOOY Blaze 25k Disposable Vape 5\" src=\"https:\/\/www.vapeswholesaler.com\/wp-content\/uploads\/2024\/09\/Wholesale-ZOOY-Blaze-25k-Disposable-Vape-5.webp\" alt=\"Wholesale ZOOY Blaze 25k Disposable Vape 5\" width=\"800\" height=\"1148\" srcset=\"https:\/\/www.vapeswholesaler.com\/wp-content\/uploads\/2024\/09\/Wholesale-ZOOY-Blaze-25k-Disposable-Vape-5.webp 800w, https:\/\/www.vapeswholesaler.com\/wp-content\/uploads\/2024\/09\/Wholesale-ZOOY-Blaze-25k-Disposable-Vape-5-209x300.webp 209w, https:\/\/www.vapeswholesaler.com\/wp-content\/uploads\/2024\/09\/Wholesale-ZOOY-Blaze-25k-Disposable-Vape-5-714x1024.webp 714w, https:\/\/www.vapeswholesaler.com\/wp-content\/uploads\/2024\/09\/Wholesale-ZOOY-Blaze-25k-Disposable-Vape-5-768x1102.webp 768w, https:\/\/www.vapeswholesaler.com\/wp-content\/uploads\/2024\/09\/Wholesale-ZOOY-Blaze-25k-Disposable-Vape-5-8x12.webp 8w, https:\/\/www.vapeswholesaler.com\/wp-content\/uploads\/2024\/09\/Wholesale-ZOOY-Blaze-25k-Disposable-Vape-5-510x732.webp 510w\" sizes=\"auto, (max-width: 800px) 100vw, 800px\" \/><figcaption id=\"caption-attachment-19613\" class=\"wp-caption-text\">Partihandel ZOOY Blaze 25k eng\u00e5ngsvape<\/figcaption><\/figure>\n<figure id=\"attachment_19615\" aria-describedby=\"caption-attachment-19615\" style=\"width: 1020px\" class=\"wp-caption alignnone\"><img loading=\"lazy\" decoding=\"async\" class=\"wp-image-19615 size-large\" title=\"Wholesale ZOOY Blaze 25k Disposable Vape 7\" src=\"https:\/\/www.vapeswholesaler.com\/wp-content\/uploads\/2024\/09\/Wholesale-ZOOY-Blaze-25k-Disposable-Vape-7-1024x1024.webp\" alt=\"Wholesale ZOOY Blaze 25k Disposable Vape 7\" width=\"1020\" height=\"1020\" srcset=\"https:\/\/www.vapeswholesaler.com\/wp-content\/uploads\/2024\/09\/Wholesale-ZOOY-Blaze-25k-Disposable-Vape-7-1024x1024.webp 1024w, https:\/\/www.vapeswholesaler.com\/wp-content\/uploads\/2024\/09\/Wholesale-ZOOY-Blaze-25k-Disposable-Vape-7-300x300.webp 300w, https:\/\/www.vapeswholesaler.com\/wp-content\/uploads\/2024\/09\/Wholesale-ZOOY-Blaze-25k-Disposable-Vape-7-150x150.webp 150w, https:\/\/www.vapeswholesaler.com\/wp-content\/uploads\/2024\/09\/Wholesale-ZOOY-Blaze-25k-Disposable-Vape-7-768x768.webp 768w, https:\/\/www.vapeswholesaler.com\/wp-content\/uploads\/2024\/09\/Wholesale-ZOOY-Blaze-25k-Disposable-Vape-7-1536x1536.webp 1536w, https:\/\/www.vapeswholesaler.com\/wp-content\/uploads\/2024\/09\/Wholesale-ZOOY-Blaze-25k-Disposable-Vape-7-2048x2048.webp 2048w, https:\/\/www.vapeswholesaler.com\/wp-content\/uploads\/2024\/09\/Wholesale-ZOOY-Blaze-25k-Disposable-Vape-7-12x12.webp 12w, https:\/\/www.vapeswholesaler.com\/wp-content\/uploads\/2024\/09\/Wholesale-ZOOY-Blaze-25k-Disposable-Vape-7-247x247.webp 247w, https:\/\/www.vapeswholesaler.com\/wp-content\/uploads\/2024\/09\/Wholesale-ZOOY-Blaze-25k-Disposable-Vape-7-510x510.webp 510w, https:\/\/www.vapeswholesaler.com\/wp-content\/uploads\/2024\/09\/Wholesale-ZOOY-Blaze-25k-Disposable-Vape-7-100x100.webp 100w\" sizes=\"auto, (max-width: 1020px) 100vw, 1020px\" \/><figcaption id=\"caption-attachment-19615\" class=\"wp-caption-text\">Partihandel ZOOY Blaze 25k eng\u00e5ngsvape<\/figcaption><\/figure>\n<\/div>","protected":false},"excerpt":{"rendered":"<p>Minsta orderkvantitet:\u00a0<strong>50 st<\/strong>\u00a0(Blanda smaker)\u00a0\u00a0<strong>Fri frakt<\/strong><\/p>\n<p>(<strong>2%, 5% Nic<\/strong>) EU Warehouse Leveranstid 5-6 arbetsdagar<\/p>\n<p>&nbsp;<\/p>","protected":false},"featured_media":19639,"comment_status":"open","ping_status":"closed","template":"","meta":[],"product_cat":[15],"product_tag":[371,373,376],"class_list":{"0":"post-19627","1":"product","2":"type-product","3":"status-publish","4":"has-post-thumbnail","6":"product_cat-disposable-vape","7":"product_tag-zooy","8":"product_tag-europe-warehouse","9":"product_tag-25000-puffs","10":"product_brand-zooy","12":"first","13":"instock","14":"shipping-taxable","15":"purchasable","16":"product-type-variable","17":"has-default-attributes"},"aioseo_notices":[],"_links":{"self":[{"href":"https:\/\/www.vapeswholesaler.com\/sv\/wp-json\/wp\/v2\/product\/19627","targetHints":{"allow":["GET"]}}],"collection":[{"href":"https:\/\/www.vapeswholesaler.com\/sv\/wp-json\/wp\/v2\/product"}],"about":[{"href":"https:\/\/www.vapeswholesaler.com\/sv\/wp-json\/wp\/v2\/types\/product"}],"replies":[{"embeddable":true,"href":"https:\/\/www.vapeswholesaler.com\/sv\/wp-json\/wp\/v2\/comments?post=19627"}],"wp:featuredmedia":[{"embeddable":true,"href":"https:\/\/www.vapeswholesaler.com\/sv\/wp-json\/wp\/v2\/media\/19639"}],"wp:attachment":[{"href":"https:\/\/www.vapeswholesaler.com\/sv\/wp-json\/wp\/v2\/media?parent=19627"}],"wp:term":[{"taxonomy":"product_cat","embeddable":true,"href":"https:\/\/www.vapeswholesaler.com\/sv\/wp-json\/wp\/v2\/product_cat?post=19627"},{"taxonomy":"product_tag","embeddable":true,"href":"https:\/\/www.vapeswholesaler.com\/sv\/wp-json\/wp\/v2\/product_tag?post=19627"}],"curies":[{"name":"wp","href":"https:\/\/api.w.org\/{rel}","templated":true}]}}