{"id":19524,"date":"2024-09-13T09:00:22","date_gmt":"2024-09-13T01:00:22","guid":{"rendered":"https:\/\/www.vapeswholesaler.com\/?post_type=product&#038;p=19524"},"modified":"2025-02-23T16:35:47","modified_gmt":"2025-02-23T08:35:47","slug":"grossist-aivono-aim-fatpro-22000-puffar-engangsvapor","status":"publish","type":"product","link":"https:\/\/www.vapeswholesaler.com\/sv\/produkt\/grossist-aivono-aim-fatpro-22000-puffar-engangsvapor","title":{"rendered":"Partihandel AIVONO AIM FATPRO 22000 Puffs eng\u00e5ngs Vapes"},"content":{"rendered":"<p>Den <a href=\"https:\/\/www.vapeswholesaler.com\/sv\/produkt_varumarke\/aivono\/\">AIVONO<\/a> AIM FATPRO 22000 Puffs Vape. Med fantastiska 22 000 puffar garanterar AIVONO AIM FATPRO 22000 en behaglig och l\u00e5ngvarig upplevelse. F\u00f6r att tillgodose olika smaker finns denna e-cigarett i 0% 2% 3% och 5% nikotinsaltvarianter. 28ML e-juice, vilket \u00e4r mer \u00e4n tillr\u00e4ckligt f\u00f6r l\u00e5ngvarig anv\u00e4ndning.<\/p>\n<p>Den 0,6 ohm mesh-spolen i AIVONO AIM FATPRO 22000 Puffs Vape k\u00f6rs p\u00e5 25W f\u00f6r att ge b\u00e4sta smak och \u00e5ngproduktion. Den digitala sk\u00e4rmen g\u00f6r det enkelt att h\u00e5lla ett \u00f6ga p\u00e5 inst\u00e4llningarna och batteritiden. Det robusta 650 mAh-batteriet som driver AIVONO Fatpro 22000 garanterar tillf\u00f6rlitlighet och h\u00e5llbarhet under hela dagen. Snabb och enkel laddning \u00e4r m\u00f6jlig med hj\u00e4lp av TYPE-C-laddningskontakten.<\/p>\n<p>Den ursprungliga LED-displayversionen av AIVONO Fatpro 22000 Puffs eng\u00e5ngspenna f\u00f6r e-cigaretter \u00e4r gjord f\u00f6r att ge en fantastisk e-cigarettupplevelse.<\/p>\n<p>F\u00f6rfyllda e-liquid-patroner med h\u00f6g kapacitet p\u00e5 28 ml ger l\u00e5ngvarig njutning utan behov av frekventa p\u00e5fyllningar och kan ge upp till 22 000 puffar.<\/p>\n<p>&nbsp;<\/p>\n<h2><strong>AIVONO AIM FATPRO 22000 Puffs Funktioner:<\/strong><\/h2>\n<ul>\n<li>Puff: Upp till 22000 puffar<\/li>\n<li>V\u00e4tska: 28 mL f\u00f6rfylld<\/li>\n<li>Nicotine:0%,2%,5%<\/li>\n<li>Batteri: 650 mAh<\/li>\n<li>DTL Vape<\/li>\n<li>K\u00e4rna: N\u00e4tspole 0,6 \u03a9<\/li>\n<li>Smaker:10 smaker<\/li>\n<\/ul>\n<h2><strong>Smak\u00e4mnen:<\/strong><\/h2>\n<ol>\n<li>Tv\u00e5 \u00e4pplen<\/li>\n<li>Druva Mint<\/li>\n<li>Lush Ice<\/li>\n<li>K\u00f6rsb\u00e4r Hallon<\/li>\n<li>Persika is<\/li>\n<li>K\u00e4rlek 66<\/li>\n<li>B\u00e4ris<\/li>\n<li>Bl\u00e5b\u00e4rstuggummi<\/li>\n<li>Lucid dr\u00f6m<\/li>\n<li>Jordgubbsb\u00e5l<\/li>\n<\/ol>\n<h2><strong>F\u00f6rpackningslista:<\/strong><\/h2>\n<p>1 st varje enskild l\u00e5da<br \/>\nVikt: 100 g\/styck<br \/>\nF\u00f6rpackningsl\u00e5da: 10 stycken\/l\u00e5da<br \/>\nAntal\/kartong: 200 st\/kartong<\/p>\n<h2><strong>Hur levererar man kundens paket?<\/strong><\/h2>\n<p>Vi skickar med speciell leveransmetod, flygplan flyger fr\u00e5n Kina till Tyskland.<\/p>\n<p>Efter att ha n\u00e5tt Tyskland m\u00e5ste paketet f\u00f6rst g\u00f6ra tullklarering och sedan transporteras till DHL Paket eller UPS Express \uff0c detta \u00e4r det b\u00e4sta frakts\u00e4ttet till Europa f\u00f6r n\u00e4rvarande.<\/p>\n<p>Med denna typ av leveransmetod har du inget att g\u00f6ra med tullen och ingen skatt, v\u00e5rt utomeuropeiska tullklareringsf\u00f6retag kommer att l\u00f6sa alla tullfr\u00e5gor och betala n\u00f6dv\u00e4ndiga tullar.<\/p>\n<p>N\u00e4r tullen har rensats kommer den att hanteras till DHL Paket, d\u00e5 kommer kunderna att f\u00e5 uppdateringen fr\u00e5n DHL: s webbplats, och efter att DHL har f\u00e5tt den kommer de att leverera till dig inom 2-3 dagar, 4-5 dagar till andra europeiska l\u00e4nder utom Tyskland.<\/p>\n<p>&nbsp;<\/p>\n<p><img loading=\"lazy\" decoding=\"async\" class=\"alignnone wp-image-19525 size-full\" title=\"Partihandel AIVONO AIM FATPRO 22000 Puffs eng\u00e5ngs Vapes 14\" src=\"https:\/\/www.vapeswholesaler.com\/wp-content\/uploads\/2024\/09\/Wholesale-AIVONO-AIM-FATPRO-22000-Puffs-disposable-Vapes-14.webp\" alt=\"Partihandel AIVONO AIM FATPRO 22000 Puffs eng\u00e5ngs Vapes 14\" width=\"800\" height=\"1194\" srcset=\"https:\/\/www.vapeswholesaler.com\/wp-content\/uploads\/2024\/09\/Wholesale-AIVONO-AIM-FATPRO-22000-Puffs-disposable-Vapes-14.webp 800w, https:\/\/www.vapeswholesaler.com\/wp-content\/uploads\/2024\/09\/Wholesale-AIVONO-AIM-FATPRO-22000-Puffs-disposable-Vapes-14-201x300.webp 201w, https:\/\/www.vapeswholesaler.com\/wp-content\/uploads\/2024\/09\/Wholesale-AIVONO-AIM-FATPRO-22000-Puffs-disposable-Vapes-14-686x1024.webp 686w, https:\/\/www.vapeswholesaler.com\/wp-content\/uploads\/2024\/09\/Wholesale-AIVONO-AIM-FATPRO-22000-Puffs-disposable-Vapes-14-768x1146.webp 768w, https:\/\/www.vapeswholesaler.com\/wp-content\/uploads\/2024\/09\/Wholesale-AIVONO-AIM-FATPRO-22000-Puffs-disposable-Vapes-14-8x12.webp 8w, https:\/\/www.vapeswholesaler.com\/wp-content\/uploads\/2024\/09\/Wholesale-AIVONO-AIM-FATPRO-22000-Puffs-disposable-Vapes-14-510x761.webp 510w\" sizes=\"auto, (max-width: 800px) 100vw, 800px\" \/><\/p>\n<p><img loading=\"lazy\" decoding=\"async\" class=\"alignnone wp-image-19505 size-full\" title=\"Partihandel AIVONO AIM FATPRO 22000 Puffs eng\u00e5ngs Vapes 1\" src=\"https:\/\/www.vapeswholesaler.com\/wp-content\/uploads\/2024\/09\/Wholesale-AIVONO-AIM-FATPRO-22000-Puffs-disposable-Vapes-1.webp\" alt=\"Partihandel AIVONO AIM FATPRO 22000 Puffs eng\u00e5ngs Vapes 1\" width=\"800\" height=\"639\" srcset=\"https:\/\/www.vapeswholesaler.com\/wp-content\/uploads\/2024\/09\/Wholesale-AIVONO-AIM-FATPRO-22000-Puffs-disposable-Vapes-1.webp 800w, https:\/\/www.vapeswholesaler.com\/wp-content\/uploads\/2024\/09\/Wholesale-AIVONO-AIM-FATPRO-22000-Puffs-disposable-Vapes-1-300x240.webp 300w, https:\/\/www.vapeswholesaler.com\/wp-content\/uploads\/2024\/09\/Wholesale-AIVONO-AIM-FATPRO-22000-Puffs-disposable-Vapes-1-768x613.webp 768w, https:\/\/www.vapeswholesaler.com\/wp-content\/uploads\/2024\/09\/Wholesale-AIVONO-AIM-FATPRO-22000-Puffs-disposable-Vapes-1-15x12.webp 15w, https:\/\/www.vapeswholesaler.com\/wp-content\/uploads\/2024\/09\/Wholesale-AIVONO-AIM-FATPRO-22000-Puffs-disposable-Vapes-1-510x407.webp 510w\" sizes=\"auto, (max-width: 800px) 100vw, 800px\" \/> <img loading=\"lazy\" decoding=\"async\" class=\"alignnone wp-image-19506 size-full\" title=\"Partihandel AIVONO AIM FATPRO 22000 Puffs eng\u00e5ngs Vapes 2\" src=\"https:\/\/www.vapeswholesaler.com\/wp-content\/uploads\/2024\/09\/Wholesale-AIVONO-AIM-FATPRO-22000-Puffs-disposable-Vapes-2.webp\" alt=\"Partihandel AIVONO AIM FATPRO 22000 Puffs eng\u00e5ngs Vapes 2\" width=\"800\" height=\"381\" srcset=\"https:\/\/www.vapeswholesaler.com\/wp-content\/uploads\/2024\/09\/Wholesale-AIVONO-AIM-FATPRO-22000-Puffs-disposable-Vapes-2.webp 800w, https:\/\/www.vapeswholesaler.com\/wp-content\/uploads\/2024\/09\/Wholesale-AIVONO-AIM-FATPRO-22000-Puffs-disposable-Vapes-2-300x143.webp 300w, https:\/\/www.vapeswholesaler.com\/wp-content\/uploads\/2024\/09\/Wholesale-AIVONO-AIM-FATPRO-22000-Puffs-disposable-Vapes-2-768x366.webp 768w, https:\/\/www.vapeswholesaler.com\/wp-content\/uploads\/2024\/09\/Wholesale-AIVONO-AIM-FATPRO-22000-Puffs-disposable-Vapes-2-18x9.webp 18w, https:\/\/www.vapeswholesaler.com\/wp-content\/uploads\/2024\/09\/Wholesale-AIVONO-AIM-FATPRO-22000-Puffs-disposable-Vapes-2-510x243.webp 510w\" sizes=\"auto, (max-width: 800px) 100vw, 800px\" \/><\/p>","protected":false},"excerpt":{"rendered":"<p>Minsta orderkvantitet:\u00a0<strong>50 STYCKEN<\/strong>\u00a0(Blanda smaker)\u00a0\u00a0<strong>Fri frakt<\/strong><\/p>\n<p>(<strong>2%, 5% Nic<\/strong>)<\/p>","protected":false},"featured_media":19518,"comment_status":"open","ping_status":"closed","template":"","meta":[],"product_cat":[15],"product_tag":[],"class_list":{"0":"post-19524","1":"product","2":"type-product","3":"status-publish","4":"has-post-thumbnail","6":"product_cat-disposable-vape","7":"product_brand-aivono","9":"first","10":"instock","11":"shipping-taxable","12":"purchasable","13":"product-type-variable","14":"has-default-attributes"},"aioseo_notices":[],"_links":{"self":[{"href":"https:\/\/www.vapeswholesaler.com\/sv\/wp-json\/wp\/v2\/product\/19524","targetHints":{"allow":["GET"]}}],"collection":[{"href":"https:\/\/www.vapeswholesaler.com\/sv\/wp-json\/wp\/v2\/product"}],"about":[{"href":"https:\/\/www.vapeswholesaler.com\/sv\/wp-json\/wp\/v2\/types\/product"}],"replies":[{"embeddable":true,"href":"https:\/\/www.vapeswholesaler.com\/sv\/wp-json\/wp\/v2\/comments?post=19524"}],"wp:featuredmedia":[{"embeddable":true,"href":"https:\/\/www.vapeswholesaler.com\/sv\/wp-json\/wp\/v2\/media\/19518"}],"wp:attachment":[{"href":"https:\/\/www.vapeswholesaler.com\/sv\/wp-json\/wp\/v2\/media?parent=19524"}],"wp:term":[{"taxonomy":"product_cat","embeddable":true,"href":"https:\/\/www.vapeswholesaler.com\/sv\/wp-json\/wp\/v2\/product_cat?post=19524"},{"taxonomy":"product_tag","embeddable":true,"href":"https:\/\/www.vapeswholesaler.com\/sv\/wp-json\/wp\/v2\/product_tag?post=19524"}],"curies":[{"name":"wp","href":"https:\/\/api.w.org\/{rel}","templated":true}]}}