{"id":19395,"date":"2024-08-28T12:13:30","date_gmt":"2024-08-28T04:13:30","guid":{"rendered":"https:\/\/www.vapeswholesaler.com\/?post_type=product&#038;p=19395"},"modified":"2025-07-01T14:25:50","modified_gmt":"2025-07-01T06:25:50","slug":"grossist-mrvi-ror-sig-25000-puffar-engangs-vape","status":"publish","type":"product","link":"https:\/\/www.vapeswholesaler.com\/sv\/produkt\/grossist-mrvi-ror-sig-25000-puffar-engangs-vape","title":{"rendered":"Partihandel MRVI Moving 25000 Puffs Eng\u00e5ngs Vape"},"content":{"rendered":"<p><a href=\"https:\/\/www.vapeswholesaler.com\/sv\/produkt_varumarke\/mrvi\/\">MRVI<\/a> Moving 25000 Puffs Disposable Vape Led Display Disposable E-Cigaretter, en h\u00f6gpresterande enhet designad f\u00f6r vapers som s\u00f6ker b\u00e5de kvalitet och bekv\u00e4mlighet. Med en imponerande kapacitet p\u00e5 25000 puffar garanterar denna eng\u00e5ngs e-cigarett ut\u00f6kad njutning utan frekventa utbyten.<\/p>\n<p>Denna eng\u00e5ngsvape \u00e4r utrustad med en avancerad dubbel mesh-spole 0,4\/0,8 ohm, varje puff ger j\u00e4mn och smakfull \u00e5nga. Den gener\u00f6sa 30 ml e-v\u00e4tskekapaciteten m\u00f6jligg\u00f6r l\u00e5ngvariga vaping-sessioner, vilket ger dig gott om m\u00f6jligheter att njuta av dina favoritsmaker.<\/p>\n<p>V\u00e5r produkts inbyggda LED-display ger information i realtid om dina inst\u00e4llningar och batteritid, vilket s\u00e4kerst\u00e4ller en s\u00f6ml\u00f6s och informerad r\u00f6kupplevelse. Med en vikt p\u00e5 ca 110 g \u00e4r denna e-cigarett l\u00e4tt och b\u00e4rbar, vilket g\u00f6r den perfekt f\u00f6r vaping p\u00e5 resan.<\/p>\n<p>Upplev MRVI Moving 25000 Puffs Disposable Vape LED Display Disposable E-Cigarettes och h\u00f6j din vapingresa med dess exceptionella prestanda, bekv\u00e4mlighet och anpassningsbara funktioner. Njut av den perfekta kombinationen av teknik och smak med denna innovativa e-cigarett f\u00f6r eng\u00e5ngsbruk.<\/p>\n<h2><strong><a href=\"https:\/\/www.facebook.com\/fred.luo.58\/\">MRVI<\/a> Flytta 25000 Puffs eng\u00e5ngs vape Funktioner:<\/strong><\/h2>\n<ul>\n<li>Storlek: 52,2*26*99mm<\/li>\n<li>Effekt:40W<\/li>\n<li>Resistans: 0,4\/0,8ohm<\/li>\n<li>Batteri: 1000mah<\/li>\n<li>Kapacitet:30ml<\/li>\n<li>Puffar: upp till 25000<\/li>\n<li>Spole: Spole med dubbelt n\u00e4t<\/li>\n<li>Material: PC<\/li>\n<li>MTL mini fr\u00e5n 15-20W<\/li>\n<li>DTL Max fr\u00e5n 25-40w<\/li>\n<li>Visning av effekt och laddning<\/li>\n<\/ul>\n<h2><strong>Smaklista:<\/strong><\/h2>\n<ol>\n<li>Banan is<\/li>\n<li>Blue Razz Ice<\/li>\n<li>Tranb\u00e4r \u00c4pple<\/li>\n<li>Blandade b\u00e4r<\/li>\n<li>Passionsfrukt Apelsinjuice<\/li>\n<li>Persika is<\/li>\n<li>Ananas-is<\/li>\n<li>Jordgubbe K\u00f6rsb\u00e4r<\/li>\n<li>Jordgubbsmilkshake<\/li>\n<li>Vattenmelon-is<\/li>\n<\/ol>\n<h2><strong>F\u00f6rpackningslista:<\/strong><\/h2>\n<p>1 st varje enskild l\u00e5da<br \/>\n10 st vardera i mitten av displayboxen<br \/>\n200 st per kartong<\/p>\n<figure id=\"attachment_19383\" aria-describedby=\"caption-attachment-19383\" style=\"width: 800px\" class=\"wp-caption alignnone\"><img loading=\"lazy\" decoding=\"async\" class=\"wp-image-19383 size-full\" title=\"Partihandel MRVI Moving 25000 Puffs Eng\u00e5ngs Vape 4\" src=\"https:\/\/www.vapeswholesaler.com\/wp-content\/uploads\/2024\/08\/Wholesale-MRVI-Moving-25000-Puffs-Disposable-Vape-4.webp\" alt=\"Partihandel MRVI Moving 25000 Puffs Eng\u00e5ngs Vape 4\" width=\"800\" height=\"1250\" srcset=\"https:\/\/www.vapeswholesaler.com\/wp-content\/uploads\/2024\/08\/Wholesale-MRVI-Moving-25000-Puffs-Disposable-Vape-4.webp 800w, https:\/\/www.vapeswholesaler.com\/wp-content\/uploads\/2024\/08\/Wholesale-MRVI-Moving-25000-Puffs-Disposable-Vape-4-192x300.webp 192w, https:\/\/www.vapeswholesaler.com\/wp-content\/uploads\/2024\/08\/Wholesale-MRVI-Moving-25000-Puffs-Disposable-Vape-4-655x1024.webp 655w, https:\/\/www.vapeswholesaler.com\/wp-content\/uploads\/2024\/08\/Wholesale-MRVI-Moving-25000-Puffs-Disposable-Vape-4-768x1200.webp 768w, https:\/\/www.vapeswholesaler.com\/wp-content\/uploads\/2024\/08\/Wholesale-MRVI-Moving-25000-Puffs-Disposable-Vape-4-8x12.webp 8w, https:\/\/www.vapeswholesaler.com\/wp-content\/uploads\/2024\/08\/Wholesale-MRVI-Moving-25000-Puffs-Disposable-Vape-4-510x797.webp 510w\" sizes=\"auto, (max-width: 800px) 100vw, 800px\" \/><figcaption id=\"caption-attachment-19383\" class=\"wp-caption-text\">Partihandel MRVI Moving 25000 Puffs Eng\u00e5ngs Vape<\/figcaption><\/figure>","protected":false},"excerpt":{"rendered":"<p>Minsta orderkvantitet: <strong>100 st<\/strong>\u00a0(Blanda smaker)\u00a0\u00a0<strong>Fri frakt<\/strong><\/p>\n<p>(<strong>2%, 5% Nic<\/strong>)\u00a0 EU Warehouse Shipping time 5-6 working days<\/p>","protected":false},"featured_media":19384,"comment_status":"open","ping_status":"closed","template":"","meta":[],"product_cat":[15],"product_tag":[373,376,387],"class_list":{"0":"post-19395","1":"product","2":"type-product","3":"status-publish","4":"has-post-thumbnail","6":"product_cat-disposable-vape","7":"product_tag-europe-warehouse","8":"product_tag-25000-puffs","9":"product_tag-mrvi","10":"product_brand-mrvi","12":"first","13":"instock","14":"shipping-taxable","15":"purchasable","16":"product-type-variable","17":"has-default-attributes"},"aioseo_notices":[],"_links":{"self":[{"href":"https:\/\/www.vapeswholesaler.com\/sv\/wp-json\/wp\/v2\/product\/19395","targetHints":{"allow":["GET"]}}],"collection":[{"href":"https:\/\/www.vapeswholesaler.com\/sv\/wp-json\/wp\/v2\/product"}],"about":[{"href":"https:\/\/www.vapeswholesaler.com\/sv\/wp-json\/wp\/v2\/types\/product"}],"replies":[{"embeddable":true,"href":"https:\/\/www.vapeswholesaler.com\/sv\/wp-json\/wp\/v2\/comments?post=19395"}],"wp:featuredmedia":[{"embeddable":true,"href":"https:\/\/www.vapeswholesaler.com\/sv\/wp-json\/wp\/v2\/media\/19384"}],"wp:attachment":[{"href":"https:\/\/www.vapeswholesaler.com\/sv\/wp-json\/wp\/v2\/media?parent=19395"}],"wp:term":[{"taxonomy":"product_cat","embeddable":true,"href":"https:\/\/www.vapeswholesaler.com\/sv\/wp-json\/wp\/v2\/product_cat?post=19395"},{"taxonomy":"product_tag","embeddable":true,"href":"https:\/\/www.vapeswholesaler.com\/sv\/wp-json\/wp\/v2\/product_tag?post=19395"}],"curies":[{"name":"wp","href":"https:\/\/api.w.org\/{rel}","templated":true}]}}