{"id":19271,"date":"2024-08-20T18:19:28","date_gmt":"2024-08-20T10:19:28","guid":{"rendered":"https:\/\/www.vapeswholesaler.com\/?post_type=product&#038;p=19271"},"modified":"2025-09-16T16:46:13","modified_gmt":"2025-09-16T08:46:13","slug":"grossist-vookbar-cyber-pro-30000-puffar-engangs-vape","status":"publish","type":"product","link":"https:\/\/www.vapeswholesaler.com\/sv\/produkt\/grossist-vookbar-cyber-pro-30000-puffar-engangs-vape","title":{"rendered":"Partihandel Vookbar Cyber Pro 30000 Puffs Eng\u00e5ngs Vape"},"content":{"rendered":"<p>Vookbar Cyber Pro 30000 Puffs \u00e4r en Bluetooth-ansluten, WEARINOS APP-styrd eng\u00e5ngsapparat med en 2,01 tums peksk\u00e4rm som kombinerar innovativa och praktiska funktioner. Anv\u00e4ndare kan \u00e4ndra bakgrundsbilden p\u00e5 Cyber Pro via WEARINOS APP p\u00e5 telefonen var som helst n\u00e4r som helst. Cyber Pro kan ge upp till 30 000 puffar, har en inbyggd 22ML 5% Nic Salt e-juice och \u00e4r tillg\u00e4nglig f\u00f6r 20 smaker. Den kan ocks\u00e5 v\u00e4xla mellan POWER-l\u00e4ge och NORM-l\u00e4ge, vilket ger en ny typ av vapingupplevelse f\u00f6r anv\u00e4ndarna.<\/p>\n<h2><strong>Bluetooth-anslutning:<\/strong><\/h2>\n<p>Bl\u00e4ddra ner p\u00e5 hemsidan f\u00f6r Cyber Pro, menyn har Bluetooth-ikonen. Tryck p\u00e5 den och Bluetooth-anslutning skulle vara tillg\u00e4nglig. D\u00e5 kommer Cyber Pro att l\u00e4nka till din telefon via Bluetooth.<\/p>\n<h2><strong>Interaktion med WEARINOS APP:<\/strong><\/h2>\n<p>Anv\u00e4ndare kan ladda ner WEARINOS APP genom att skanna QR-koden fr\u00e5n Cyber Pros hemsida. Dessutom kan WEARINOS APP ocks\u00e5 laddas ner fr\u00e5n Google Play eller Apple Store. S\u00e5 l\u00e4nge WEARINOS APP finns i anv\u00e4ndarens telefon kan anv\u00e4ndare styra Cyber Pro fr\u00e5n WEARINOS app f\u00f6r att g\u00f6ra funktionen verklig, t.ex. anpassad bakgrundsbild och selfie-l\u00e4ge f\u00f6r kontroll av l\u00e5ngt avst\u00e5nd, \u00e4ven r\u00f6relsesp\u00e5rning.<\/p>\n<h2><strong>Anpassad tapet:<\/strong><\/h2>\n<p>Anv\u00e4ndare kan \u00e4ndra bakgrundsbilden f\u00f6r Cyber Pro via WEARINOS APP. Eller v\u00e4lj bakgrundsbild f\u00f6r Cyber Pro fr\u00e5n menyn. Anpassad tapet \u00e4r l\u00e4tt och v\u00e4lkommen av de flesta anv\u00e4ndare. Anv\u00e4ndare \u00e4lskar den h\u00e4r typen av funktion eftersom det ger mer sp\u00e4nning f\u00f6r dem. Anv\u00e4ndare kunde k\u00e4nna igen Cyber Pro som tillh\u00f6r dem enkelt enligt den anpassade tapeten de st\u00e4llde in.<\/p>\n<h2><strong>Slappna av Spel<\/strong><\/h2>\n<p>Det roliga spelet \u00e4r f\u00f6rinstallerat i Cyber Pro och anv\u00e4ndare kan rulla h\u00f6ger sida av Cyber Pro f\u00f6r att f\u00e5 det att starta. Anv\u00e4ndare kan dela med sina v\u00e4nner och se vem som kan f\u00e5 de h\u00f6gsta po\u00e4ngen.<\/p>\n<h2><strong>Vookbar Cyber Pro 30000 Puffs Funktioner:<\/strong><\/h2>\n<ul>\n<li>Uppladdningsbar eng\u00e5ngsartikel<\/li>\n<li>Antal puffar:Upp till 30000 puffar<\/li>\n<li>Nikotinstyrka:50 Mg (5%)<\/li>\n<li>Batteristorlek :Inbyggt 850 mAh<\/li>\n<li>2,01-tums peksk\u00e4rm<\/li>\n<li>Anpassningsbara bakgrundsalternativ<\/li>\n<li>Bluetooth-anslutning<\/li>\n<li>Selfie-l\u00e4ge med fj\u00e4rrkontroll<\/li>\n<li>Samtalsfunktionalitet och meddelanden<\/li>\n<li>Relax-spelfunktion<\/li>\n<li>Hitta min telefon-funktion<\/li>\n<li>Spr\u00e5kinst\u00e4llningar<\/li>\n<li>Kalender-app<\/li>\n<li>Kontakthantering<\/li>\n<li>R\u00f6relsel\u00e4ge och kalkylator<\/li>\n<li>L\u00e4ge f\u00f6r flera sporter<\/li>\n<li>On\/Off sidoknapp<\/li>\n<li>Barnl\u00e5s<\/li>\n<li>Justerbart luftfl\u00f6de<\/li>\n<li>Spole med dubbla n\u00e4t<\/li>\n<li>Drivs av Wearin Os<\/li>\n<li>2 Vaping Modes:<\/li>\n<li>Norml\u00e4ge: (30000)Puffar, Powerl\u00e4ge: (15000)Puffar<\/li>\n<\/ul>\n<h2><strong>Vookbar Cyber Pro 30000 Puffs Smaker:<\/strong><\/h2>\n<ol>\n<li>Bl\u00e5 razzia-is<\/li>\n<li>Persika is<\/li>\n<li>Druv-is<\/li>\n<li>Jordgubbar vattenmelon<\/li>\n<li>Jordgubbar och bananer<\/li>\n<li>K\u00f6rsb\u00e4r vattenmelon<\/li>\n<li>Vattenmelon-is<\/li>\n<li>Persika mango<\/li>\n<li>Jordgubb kiwi<\/li>\n<li>Vit jordgubbsis<\/li>\n<li>Vit gummi-is<\/li>\n<li>Fryst pinacolada<\/li>\n<li>J\u00e4vligt bra<\/li>\n<li>Mojito blandade b\u00e4r<\/li>\n<\/ol>\n<h2><strong>F\u00f6rpackningslista:<\/strong><\/h2>\n<p>1 st per styck Enstaka l\u00e5da<br \/>\n10 st i varje mellanl\u00e5da<br \/>\n200 st per kartong<\/p>\n<figure id=\"attachment_19249\" aria-describedby=\"caption-attachment-19249\" style=\"width: 661px\" class=\"wp-caption alignnone\"><img loading=\"lazy\" decoding=\"async\" class=\"wp-image-19249 size-full\" title=\"Partihandel Vookbar Cyber Pro 30000 Puffs Eng\u00e5ngs Vape 1\" src=\"https:\/\/www.vapeswholesaler.com\/wp-content\/uploads\/2024\/08\/Wholesale-Vookbar-Cyber-Pro-30000-Puffs-Disposable-Vape-1-scaled.webp\" alt=\"Partihandel Vookbar Cyber Pro 30000 Puffs Eng\u00e5ngs Vape 1\" width=\"661\" height=\"2560\" srcset=\"https:\/\/www.vapeswholesaler.com\/wp-content\/uploads\/2024\/08\/Wholesale-Vookbar-Cyber-Pro-30000-Puffs-Disposable-Vape-1-scaled.webp 661w, https:\/\/www.vapeswholesaler.com\/wp-content\/uploads\/2024\/08\/Wholesale-Vookbar-Cyber-Pro-30000-Puffs-Disposable-Vape-1-529x2048.webp 529w, https:\/\/www.vapeswholesaler.com\/wp-content\/uploads\/2024\/08\/Wholesale-Vookbar-Cyber-Pro-30000-Puffs-Disposable-Vape-1-3x12.webp 3w, https:\/\/www.vapeswholesaler.com\/wp-content\/uploads\/2024\/08\/Wholesale-Vookbar-Cyber-Pro-30000-Puffs-Disposable-Vape-1-510x1974.webp 510w\" sizes=\"auto, (max-width: 661px) 100vw, 661px\" \/><figcaption id=\"caption-attachment-19249\" class=\"wp-caption-text\">Partihandel Vookbar Cyber Pro 30000 Puffs Eng\u00e5ngs Vape<\/figcaption><\/figure>","protected":false},"excerpt":{"rendered":"<p>Minsta best\u00e4llningskvantitet: 100 st (blandade smaker)<\/p>\n<p>\uff08<strong>2% Nic<\/strong>\uff09<\/p>","protected":false},"featured_media":19268,"comment_status":"open","ping_status":"closed","template":"","meta":[],"product_cat":[15],"product_tag":[],"class_list":{"0":"post-19271","1":"product","2":"type-product","3":"status-publish","4":"has-post-thumbnail","6":"product_cat-disposable-vape","8":"first","9":"outofstock","10":"shipping-taxable","11":"purchasable","12":"product-type-variable","13":"has-default-attributes"},"aioseo_notices":[],"_links":{"self":[{"href":"https:\/\/www.vapeswholesaler.com\/sv\/wp-json\/wp\/v2\/product\/19271","targetHints":{"allow":["GET"]}}],"collection":[{"href":"https:\/\/www.vapeswholesaler.com\/sv\/wp-json\/wp\/v2\/product"}],"about":[{"href":"https:\/\/www.vapeswholesaler.com\/sv\/wp-json\/wp\/v2\/types\/product"}],"replies":[{"embeddable":true,"href":"https:\/\/www.vapeswholesaler.com\/sv\/wp-json\/wp\/v2\/comments?post=19271"}],"wp:featuredmedia":[{"embeddable":true,"href":"https:\/\/www.vapeswholesaler.com\/sv\/wp-json\/wp\/v2\/media\/19268"}],"wp:attachment":[{"href":"https:\/\/www.vapeswholesaler.com\/sv\/wp-json\/wp\/v2\/media?parent=19271"}],"wp:term":[{"taxonomy":"product_cat","embeddable":true,"href":"https:\/\/www.vapeswholesaler.com\/sv\/wp-json\/wp\/v2\/product_cat?post=19271"},{"taxonomy":"product_tag","embeddable":true,"href":"https:\/\/www.vapeswholesaler.com\/sv\/wp-json\/wp\/v2\/product_tag?post=19271"}],"curies":[{"name":"wp","href":"https:\/\/api.w.org\/{rel}","templated":true}]}}