{"id":19237,"date":"2024-08-20T12:21:27","date_gmt":"2024-08-20T04:21:27","guid":{"rendered":"https:\/\/www.vapeswholesaler.com\/?post_type=product&#038;p=19237"},"modified":"2025-07-01T14:28:00","modified_gmt":"2025-07-01T06:28:00","slug":"wholesale-mrvi-arting-18000-puffs-disposable-vape","status":"publish","type":"product","link":"https:\/\/www.vapeswholesaler.com\/sv\/produkt\/wholesale-mrvi-arting-18000-puffs-disposable-vape","title":{"rendered":"Partihandel MRVI Arting 18000 Puffs Eng\u00e5ngs vape"},"content":{"rendered":"<p>MRVI Arting 18000 Puffs 4 Heating Modes ,ECO:regual model ,PLUS: regual model, PRO :dual mesh coil-low power, MAX: dual mesh coil -high power), Each time the bottom button is pressed, a mode is changed. The first two modes are regual modes (single mesh core heating wire, softer taste, suitable for novice smokers), and the last two modes are dual mesh ciol (double mesh core heating wire, mainstream in the market, strong taste, high burst, suitable for old smokers) low power (output voltage around 10W, smooth and soft taste) high power (output voltage around 20W, strong taste, with throat hit).<\/p>\n<p>Our products offer 4 heating modes for the ultimate e-cigarette customization experience.The ECO and PLUS are available in regular models with a single mesh core heating wire, perfect for novice smokers looking for a softer taste. For seasoned e-cigarette enthusiasts, the PRO and MAX feature dual mesh coils for rich flavor and high bursts of power.The PRO runs on low power for a smooth, soft taste, while the MAX delivers high power for a rich flavor and throat hit. Simply press the bottom button to switch between modes and enhance your e-cigarette experience.<\/p>\n<h2><strong><a href=\"https:\/\/www.vapeswholesaler.com\/sv\/produkt_varumarke\/mrvi\/\">MRVI<\/a> Arting 18000 Puffs Features:<\/strong><\/h2>\n<ul>\n<li>HD Full Screen<\/li>\n<li>QuadrupleIt model<\/li>\n<li>600mAh Rechargeable Battery<\/li>\n<li>26ml pre-filled e-liquid<\/li>\n<li>0\/2%\/3%\/5% nikotinstyrka<\/li>\n<li>N\u00e5 upp till 18000 puffar<\/li>\n<li>1,0 ohm mesh-spole<\/li>\n<li>Typ C-laddningsport<\/li>\n<li>10 olika smaker tillg\u00e4ngliga<\/li>\n<\/ul>\n<h2><strong>Smak\u00e4mnen:<\/strong><\/h2>\n<ol>\n<li>Bj\u00f6rnb\u00e4r Tranb\u00e4r<\/li>\n<li>Blue Razz Ice<\/li>\n<li>Cherry Watermelon<\/li>\n<li>Fuji Ice<\/li>\n<li>Grape Ice<\/li>\n<li>Citron Lime<\/li>\n<li>Persika Mango<\/li>\n<li>Ananas Jordgubbar Banan<\/li>\n<li>Strawberry Kiwi Ice<\/li>\n<li>Vattenmelon-is<\/li>\n<\/ol>\n<h2><strong>F\u00f6rpackningslista:<\/strong><\/h2>\n<p>1 st varje enskild l\u00e5da<br \/>\n10 st i en mediuml\u00e5da<br \/>\n200 st per kartong<\/p>\n<p>&nbsp;<\/p>\n<figure id=\"attachment_19226\" aria-describedby=\"caption-attachment-19226\" style=\"width: 800px\" class=\"wp-caption alignnone\"><img loading=\"lazy\" decoding=\"async\" class=\"wp-image-19226 size-full\" title=\"Wholesale MRVI Arting 18000 Puffs Disposable vape 3\" src=\"https:\/\/www.vapeswholesaler.com\/wp-content\/uploads\/2024\/08\/Wholesale-MRVI-Arting-18000-Puffs-Disposable-vape-3.webp\" alt=\"Wholesale MRVI Arting 18000 Puffs Disposable vape 3\" width=\"800\" height=\"1007\" srcset=\"https:\/\/www.vapeswholesaler.com\/wp-content\/uploads\/2024\/08\/Wholesale-MRVI-Arting-18000-Puffs-Disposable-vape-3.webp 800w, https:\/\/www.vapeswholesaler.com\/wp-content\/uploads\/2024\/08\/Wholesale-MRVI-Arting-18000-Puffs-Disposable-vape-3-238x300.webp 238w, https:\/\/www.vapeswholesaler.com\/wp-content\/uploads\/2024\/08\/Wholesale-MRVI-Arting-18000-Puffs-Disposable-vape-3-768x967.webp 768w, https:\/\/www.vapeswholesaler.com\/wp-content\/uploads\/2024\/08\/Wholesale-MRVI-Arting-18000-Puffs-Disposable-vape-3-10x12.webp 10w, https:\/\/www.vapeswholesaler.com\/wp-content\/uploads\/2024\/08\/Wholesale-MRVI-Arting-18000-Puffs-Disposable-vape-3-510x642.webp 510w\" sizes=\"auto, (max-width: 800px) 100vw, 800px\" \/><figcaption id=\"caption-attachment-19226\" class=\"wp-caption-text\">Partihandel MRVI Arting 18000 Puffs Eng\u00e5ngs vape<\/figcaption><\/figure>","protected":false},"excerpt":{"rendered":"<p>Minsta orderkvantitet: <strong>100 st<\/strong>\u00a0(Blanda smaker)\u00a0\u00a0<strong>Fri frakt<\/strong><\/p>\n<p>(<strong>2%, 5% Nic<\/strong>)<\/p>","protected":false},"featured_media":19234,"comment_status":"open","ping_status":"closed","template":"","meta":[],"product_cat":[15],"product_tag":[55,373,387],"class_list":{"0":"post-19237","1":"product","2":"type-product","3":"status-publish","4":"has-post-thumbnail","6":"product_cat-disposable-vape","7":"product_tag-18000-puffs","8":"product_tag-europe-warehouse","9":"product_tag-mrvi","10":"product_brand-mrvi","12":"first","13":"instock","14":"shipping-taxable","15":"purchasable","16":"product-type-variable","17":"has-default-attributes"},"aioseo_notices":[],"_links":{"self":[{"href":"https:\/\/www.vapeswholesaler.com\/sv\/wp-json\/wp\/v2\/product\/19237","targetHints":{"allow":["GET"]}}],"collection":[{"href":"https:\/\/www.vapeswholesaler.com\/sv\/wp-json\/wp\/v2\/product"}],"about":[{"href":"https:\/\/www.vapeswholesaler.com\/sv\/wp-json\/wp\/v2\/types\/product"}],"replies":[{"embeddable":true,"href":"https:\/\/www.vapeswholesaler.com\/sv\/wp-json\/wp\/v2\/comments?post=19237"}],"wp:featuredmedia":[{"embeddable":true,"href":"https:\/\/www.vapeswholesaler.com\/sv\/wp-json\/wp\/v2\/media\/19234"}],"wp:attachment":[{"href":"https:\/\/www.vapeswholesaler.com\/sv\/wp-json\/wp\/v2\/media?parent=19237"}],"wp:term":[{"taxonomy":"product_cat","embeddable":true,"href":"https:\/\/www.vapeswholesaler.com\/sv\/wp-json\/wp\/v2\/product_cat?post=19237"},{"taxonomy":"product_tag","embeddable":true,"href":"https:\/\/www.vapeswholesaler.com\/sv\/wp-json\/wp\/v2\/product_tag?post=19237"}],"curies":[{"name":"wp","href":"https:\/\/api.w.org\/{rel}","templated":true}]}}