{"id":19127,"date":"2024-08-16T12:08:06","date_gmt":"2024-08-16T04:08:06","guid":{"rendered":"https:\/\/www.vapeswholesaler.com\/?post_type=product&#038;p=19127"},"modified":"2025-04-09T10:50:13","modified_gmt":"2025-04-09T02:50:13","slug":"grossist-vaploso-king-10000-puffar-engangs-vape","status":"publish","type":"product","link":"https:\/\/www.vapeswholesaler.com\/sv\/produkt\/grossist-vaploso-king-10000-puffar-engangs-vape","title":{"rendered":"Partihandel Vaploso King 10000 Puffs Eng\u00e5ngs vape"},"content":{"rendered":"<p><a href=\"https:\/\/www.vapeswholesaler.com\/sv\/produkt_varumarke\/vapsolo\/\">Vaploso<\/a> King 10000 Puffs \u00e4r som en vape penna som \u00e4r kompakt och b\u00e4rbar. Dess avancerade vape-l\u00f6sningar, i kombination med innovativ prestanda och bekv\u00e4mlighet, g\u00f6r King 10000 till det perfekta valet f\u00f6r b\u00e5de enskilda entusiaster och grossister.<\/p>\n<p>Vaploso King 10000 Puffs har en imponerande kapacitet p\u00e5 10 000 puffar per enhet, vilket garanterar l\u00e5ngvarig anv\u00e4ndning utan frekventa byten. Den har en gener\u00f6s 20 ml e-v\u00e4tskekapacitet och ett p\u00e5litligt 650 mAh uppladdningsbart batteri, komplett med en typ-C-laddningsport f\u00f6r snabb laddning. Den avancerade 1,0\u03a9 mesh-spoltekniken garanterar j\u00e4mn \u00e5ngproduktion, vilket f\u00f6rb\u00e4ttrar<\/p>\n<h2><strong><a href=\"https:\/\/www.facebook.com\/fred.luo.58\">Vapsolo<\/a> King 10000 Puffs Funktioner:<\/strong><\/h2>\n<ul>\n<li>650mah uppladdningsbart batteri<\/li>\n<li>20 ml f\u00f6rfylld e-juice<\/li>\n<li>2%\/5% nikotinstyrka<\/li>\n<li>N\u00e5 upp till 10000 puffar<\/li>\n<li>1,0 ohm mesh-spole<\/li>\n<li>Typ C-laddningsport<\/li>\n<li>20 tillg\u00e4ngliga smaker<\/li>\n<\/ul>\n<h2><strong>Smak\u00e4mnen:<\/strong><\/h2>\n<ol>\n<li>Bl\u00e5b\u00e4r Hallon<\/li>\n<li>Blue Razz<\/li>\n<li>Banan is<\/li>\n<li>Bl\u00e5b\u00e4rsis<\/li>\n<li>Fizzy Cherry<\/li>\n<li>Kiwi Passionsfrukt Guava<\/li>\n<li>Citron Lime<\/li>\n<li>Blandade b\u00e4r<\/li>\n<li>Herr Bl\u00e5<\/li>\n<li>Persika Mango Ananas<\/li>\n<li>Purple Rain<\/li>\n<li>Prime Jordgubb Vattenmelon<\/li>\n<li>R\u00f6tt \u00e4pple<\/li>\n<li>Jordgubb Kiwi<\/li>\n<li>Sour Pineapple Ice<\/li>\n<li>Jordgubbar Bananer<\/li>\n<li>Jordgubbar Hallon K\u00f6rsb\u00e4r Is<\/li>\n<li>Jordgubbsis<\/li>\n<li>Red Bull<\/li>\n<li>Vattenmelon-is<\/li>\n<\/ol>\n<h2><strong>F\u00f6rpackningslista:<\/strong><\/h2>\n<p>1 st varje liten displayl\u00e5da<br \/>\n10 st i en mediuml\u00e5da<br \/>\n200 st per kartong<\/p>\n<p>&nbsp;<\/p>\n<figure id=\"attachment_19109\" aria-describedby=\"caption-attachment-19109\" style=\"width: 800px\" class=\"wp-caption alignnone\"><img loading=\"lazy\" decoding=\"async\" class=\"wp-image-19109 size-full\" title=\"Partihandel Vaploso King 10000 Puffs Eng\u00e5ngs vape 1\" src=\"https:\/\/www.vapeswholesaler.com\/wp-content\/uploads\/2024\/08\/Wholesale-Vaploso-King-10000-Puffs-Disposable-vape-1.jpg\" alt=\"Partihandel Vaploso King 10000 Puffs Eng\u00e5ngs vape 1\" width=\"800\" height=\"800\" srcset=\"https:\/\/www.vapeswholesaler.com\/wp-content\/uploads\/2024\/08\/Wholesale-Vaploso-King-10000-Puffs-Disposable-vape-1.jpg 800w, https:\/\/www.vapeswholesaler.com\/wp-content\/uploads\/2024\/08\/Wholesale-Vaploso-King-10000-Puffs-Disposable-vape-1-300x300.jpg 300w, https:\/\/www.vapeswholesaler.com\/wp-content\/uploads\/2024\/08\/Wholesale-Vaploso-King-10000-Puffs-Disposable-vape-1-150x150.jpg 150w, https:\/\/www.vapeswholesaler.com\/wp-content\/uploads\/2024\/08\/Wholesale-Vaploso-King-10000-Puffs-Disposable-vape-1-768x768.jpg 768w, https:\/\/www.vapeswholesaler.com\/wp-content\/uploads\/2024\/08\/Wholesale-Vaploso-King-10000-Puffs-Disposable-vape-1-12x12.jpg 12w, https:\/\/www.vapeswholesaler.com\/wp-content\/uploads\/2024\/08\/Wholesale-Vaploso-King-10000-Puffs-Disposable-vape-1-247x247.jpg 247w, https:\/\/www.vapeswholesaler.com\/wp-content\/uploads\/2024\/08\/Wholesale-Vaploso-King-10000-Puffs-Disposable-vape-1-510x510.jpg 510w, https:\/\/www.vapeswholesaler.com\/wp-content\/uploads\/2024\/08\/Wholesale-Vaploso-King-10000-Puffs-Disposable-vape-1-100x100.jpg 100w\" sizes=\"auto, (max-width: 800px) 100vw, 800px\" \/><figcaption id=\"caption-attachment-19109\" class=\"wp-caption-text\">Partihandel Vaploso King 10000 Puffs Eng\u00e5ngs vape<\/figcaption><\/figure>","protected":false},"excerpt":{"rendered":"<p>Minsta orderkvantitet: <strong>50 st <\/strong>(Blanda smaker) Fri frakt<\/p>\n<p>(<strong>2%, 5% Nic<\/strong>) EU Warehouse Leveranstid 5-6 arbetsdagar<\/p>","protected":false},"featured_media":19126,"comment_status":"open","ping_status":"closed","template":"","meta":[],"product_cat":[15],"product_tag":[87,373,378],"class_list":{"0":"post-19127","1":"product","2":"type-product","3":"status-publish","4":"has-post-thumbnail","6":"product_cat-disposable-vape","7":"product_tag-vapsolo","8":"product_tag-europe-warehouse","9":"product_tag-10000-puffs","10":"product_brand-vapsolo","12":"first","13":"outofstock","14":"shipping-taxable","15":"purchasable","16":"product-type-variable","17":"has-default-attributes"},"aioseo_notices":[],"_links":{"self":[{"href":"https:\/\/www.vapeswholesaler.com\/sv\/wp-json\/wp\/v2\/product\/19127","targetHints":{"allow":["GET"]}}],"collection":[{"href":"https:\/\/www.vapeswholesaler.com\/sv\/wp-json\/wp\/v2\/product"}],"about":[{"href":"https:\/\/www.vapeswholesaler.com\/sv\/wp-json\/wp\/v2\/types\/product"}],"replies":[{"embeddable":true,"href":"https:\/\/www.vapeswholesaler.com\/sv\/wp-json\/wp\/v2\/comments?post=19127"}],"wp:featuredmedia":[{"embeddable":true,"href":"https:\/\/www.vapeswholesaler.com\/sv\/wp-json\/wp\/v2\/media\/19126"}],"wp:attachment":[{"href":"https:\/\/www.vapeswholesaler.com\/sv\/wp-json\/wp\/v2\/media?parent=19127"}],"wp:term":[{"taxonomy":"product_cat","embeddable":true,"href":"https:\/\/www.vapeswholesaler.com\/sv\/wp-json\/wp\/v2\/product_cat?post=19127"},{"taxonomy":"product_tag","embeddable":true,"href":"https:\/\/www.vapeswholesaler.com\/sv\/wp-json\/wp\/v2\/product_tag?post=19127"}],"curies":[{"name":"wp","href":"https:\/\/api.w.org\/{rel}","templated":true}]}}