{"id":18664,"date":"2024-07-19T17:05:29","date_gmt":"2024-07-19T09:05:29","guid":{"rendered":"https:\/\/www.vapeswholesaler.com\/?post_type=product&#038;p=18664"},"modified":"2026-04-16T14:05:13","modified_gmt":"2026-04-16T06:05:13","slug":"grossist-razz-bar-15000-puffar-engangs-vape","status":"publish","type":"product","link":"https:\/\/www.vapeswholesaler.com\/sv\/produkt\/grossist-razz-bar-15000-puffar-engangs-vape","title":{"rendered":"Partihandel RAZZ BAR 15000 Puffs Eng\u00e5ngs vape"},"content":{"rendered":"<div><a href=\"https:\/\/www.vapeswholesaler.com\/sv\/produkt_varumarke\/razzbar\/\">RAZZ BAR<\/a> 15000 Puffs \u00e4r en revolutionerande elektronisk eng\u00e5ngscigarett utrustad med en uppladdningsbar enhet via USB typ C-port. Med sitt kraftfulla 650 mAh-batteri och sin 26 ml tank erbjuder den upp till 15 000 puffar av vapingn\u00f6je. V\u00e4lj bland v\u00e5ra 10 uts\u00f6kta dofter f\u00f6r en personlig upplevelse vid varje inandning. Njut av ultimat funktionalitet i kombination med exceptionell prestanda med Razz bar 15000 Puffs.<\/div>\n<div><\/div>\n<div>Den \u00e4r f\u00f6rfylld med en banbrytande elektronisk juice som perfekt kapslar in smaken och s\u00f6tman f\u00f6r en smidig och tillfredsst\u00e4llande vapingupplevelse. Dess l\u00e4ckages\u00e4kra design begr\u00e4nsar pandemonium s\u00e5 mycket som m\u00f6jligt, och dess transparenta f\u00f6nster l\u00e5ter anv\u00e4ndarna se hur mycket elektronisk v\u00e4tska som finns kvar i e-cigaretterna, vilket garanterar kontinuerlig e-cigarettgl\u00e4dje.<\/div>\n<div><\/div>\n<h2><strong><a href=\"https:\/\/www.facebook.com\/fred.luo.58\/\">RAZZ BAR<\/a> 15000 Puffs Funktion:<\/strong><\/h2>\n<ul>\n<li>Puffar: Upp till 15000 puffar<\/li>\n<li>V\u00e4tska: 26 mL f\u00f6rfylld<\/li>\n<li>Nikotin: 0% 2% 3% 5%<\/li>\n<li>K\u00e4rna: N\u00e4tspole 0,8\u03a9<\/li>\n<li>Batteri: 650mAh uppladdningsbart typ-c<\/li>\n<\/ul>\n<h2><strong>Smak\u00e4mnen:<\/strong><\/h2>\n<div>1. hallonfudge<br \/>\n2. jordgubbsis<br \/>\n3. Red Bull is<br \/>\n4. kiwi passionsfrukt guava<br \/>\n5. Mamba<br \/>\n6. bl\u00e5b\u00e4r p\u00e5 is<br \/>\n7.Persika is<br \/>\n8. jordgubb kiwi<br \/>\n9. vattenmelon-is<br \/>\n10. persika mango ananas<br \/>\n11.Vattenmelon tuggummi<br \/>\n12.Blandade b\u00e4r<br \/>\n13.Bl\u00e5b\u00e4r Hallon Citron<br \/>\n14. Citron Lime<br \/>\n15.Cola is<br \/>\n16.Dubbelt \u00e4pple<\/div>\n<h2><strong>F\u00f6rpackningslista:<\/strong><\/h2>\n<div><\/div>\n<div>1 st per styck Enstaka l\u00e5da<\/div>\n<div>10 st varje mellanl\u00e5da<\/div>\n<div>200 st per kartong<\/div>\n<div><\/div>\n<div>\n<figure id=\"attachment_18663\" aria-describedby=\"caption-attachment-18663\" style=\"width: 800px\" class=\"wp-caption alignnone\"><img loading=\"lazy\" decoding=\"async\" class=\"wp-image-18663 size-full\" title=\"Partihandel RAZZ BAR 15000 Puffs Eng\u00e5ngs vape 10\" src=\"https:\/\/www.vapeswholesaler.com\/wp-content\/uploads\/2024\/07\/Wholesale-RAZZ-BAR-15000-Puffs-Disposable-vape-10.webp\" alt=\"Partihandel RAZZ BAR 15000 Puffs Eng\u00e5ngs vape 10\" width=\"800\" height=\"800\" srcset=\"https:\/\/www.vapeswholesaler.com\/wp-content\/uploads\/2024\/07\/Wholesale-RAZZ-BAR-15000-Puffs-Disposable-vape-10.webp 800w, https:\/\/www.vapeswholesaler.com\/wp-content\/uploads\/2024\/07\/Wholesale-RAZZ-BAR-15000-Puffs-Disposable-vape-10-300x300.webp 300w, https:\/\/www.vapeswholesaler.com\/wp-content\/uploads\/2024\/07\/Wholesale-RAZZ-BAR-15000-Puffs-Disposable-vape-10-150x150.webp 150w, https:\/\/www.vapeswholesaler.com\/wp-content\/uploads\/2024\/07\/Wholesale-RAZZ-BAR-15000-Puffs-Disposable-vape-10-768x768.webp 768w, https:\/\/www.vapeswholesaler.com\/wp-content\/uploads\/2024\/07\/Wholesale-RAZZ-BAR-15000-Puffs-Disposable-vape-10-12x12.webp 12w, https:\/\/www.vapeswholesaler.com\/wp-content\/uploads\/2024\/07\/Wholesale-RAZZ-BAR-15000-Puffs-Disposable-vape-10-247x247.webp 247w, https:\/\/www.vapeswholesaler.com\/wp-content\/uploads\/2024\/07\/Wholesale-RAZZ-BAR-15000-Puffs-Disposable-vape-10-510x510.webp 510w, https:\/\/www.vapeswholesaler.com\/wp-content\/uploads\/2024\/07\/Wholesale-RAZZ-BAR-15000-Puffs-Disposable-vape-10-100x100.webp 100w\" sizes=\"auto, (max-width: 800px) 100vw, 800px\" \/><figcaption id=\"caption-attachment-18663\" class=\"wp-caption-text\">Partihandel RAZZ BAR 15000 Puffs Eng\u00e5ngs vape<\/figcaption><\/figure>\n<\/div>","protected":false},"excerpt":{"rendered":"<p>Minsta orderkvantitet: <strong>50 st<\/strong>\u00a0(Blanda smaker) (<strong>2%,5% Nic<\/strong>)<\/p>\n<p><strong>Fri frakt<\/strong><\/p>\n<p><em><strong>Notera<\/strong><\/em>: We ship from China warehouses, and the shipping time will be takes about 1<strong>5-16<\/strong> dagar. Produktavgiften och fraktavgiften m\u00e5ste betalas separat till olika betalkonton. N\u00e4r du har skickat best\u00e4llningen, skicka mig ett meddelande via WhatsApp s\u00e5 ber\u00e4ttar jag hur du betalar best\u00e4llningen. Jag tackar dig f\u00f6r din hj\u00e4lp.<\/p>","protected":false},"featured_media":18654,"comment_status":"open","ping_status":"closed","template":"","meta":[],"product_cat":[15],"product_tag":[375,384,414],"class_list":{"0":"post-18664","1":"product","2":"type-product","3":"status-publish","4":"has-post-thumbnail","6":"product_cat-disposable-vape","7":"product_tag-15000-puffs","8":"product_tag-razz-bar","9":"product_tag-razz-bar-15k","10":"product_brand-razzbar","12":"first","13":"outofstock","14":"shipping-taxable","15":"purchasable","16":"product-type-variable","17":"has-default-attributes"},"aioseo_notices":[],"_links":{"self":[{"href":"https:\/\/www.vapeswholesaler.com\/sv\/wp-json\/wp\/v2\/product\/18664","targetHints":{"allow":["GET"]}}],"collection":[{"href":"https:\/\/www.vapeswholesaler.com\/sv\/wp-json\/wp\/v2\/product"}],"about":[{"href":"https:\/\/www.vapeswholesaler.com\/sv\/wp-json\/wp\/v2\/types\/product"}],"replies":[{"embeddable":true,"href":"https:\/\/www.vapeswholesaler.com\/sv\/wp-json\/wp\/v2\/comments?post=18664"}],"wp:featuredmedia":[{"embeddable":true,"href":"https:\/\/www.vapeswholesaler.com\/sv\/wp-json\/wp\/v2\/media\/18654"}],"wp:attachment":[{"href":"https:\/\/www.vapeswholesaler.com\/sv\/wp-json\/wp\/v2\/media?parent=18664"}],"wp:term":[{"taxonomy":"product_cat","embeddable":true,"href":"https:\/\/www.vapeswholesaler.com\/sv\/wp-json\/wp\/v2\/product_cat?post=18664"},{"taxonomy":"product_tag","embeddable":true,"href":"https:\/\/www.vapeswholesaler.com\/sv\/wp-json\/wp\/v2\/product_tag?post=18664"}],"curies":[{"name":"wp","href":"https:\/\/api.w.org\/{rel}","templated":true}]}}