{"id":18629,"date":"2024-07-17T17:47:08","date_gmt":"2024-07-17T09:47:08","guid":{"rendered":"https:\/\/www.vapeswholesaler.com\/?post_type=product&#038;p=18629"},"modified":"2025-03-14T17:10:57","modified_gmt":"2025-03-14T09:10:57","slug":"grossist-razz-bar-12000-puffar-engangs-vape","status":"publish","type":"product","link":"https:\/\/www.vapeswholesaler.com\/sv\/produkt\/grossist-razz-bar-12000-puffar-engangs-vape","title":{"rendered":"Partihandel RAZZ BAR 12000 Puffs eng\u00e5ngs vape"},"content":{"rendered":"<div><a href=\"https:\/\/www.vapeswholesaler.com\/sv\/produkt_varumarke\/razzbar\/\">RAZZ BAR<\/a> 12000 Puffs levererar mer genuin smak och stark produktion \u00e4n n\u00e5gonsin tidigare. Dess flip Integrated med upp till 22W effekt och sp\u00e4nningskontroll och ventilation. 22 ml kapacitet och ett uppladdningsbart batteri med 650 mAh Dina f\u00f6rv\u00e4ntningar p\u00e5 robusthet och enhetlighet. Det i\u00f6gonfallande genomskinliga skalet och den fantastiska designen, som s\u00e4tter nya standarder, f\u00e5ngar \u00f6gat. Det b\u00e4sta s\u00e4ttet att f\u00f6rb\u00e4ttra din e-cigarettupplevelse \u00e4r att anv\u00e4nda v\u00e5r produkt.<\/div>\n<div><\/div>\n<div>RAZZ BAR 12000 Puffs laddningsbara eng\u00e5ngsvape har ett f\u00f6rfyllt 20 mg\/mL nikotinsalt och en twin mesh coil med ett motst\u00e5nd p\u00e5 0,8 ohm. RAZZ BAR 12000 Puffs har en 22mL E-Juice-kapacitet och ett 650mAh batteri. Den genomskinliga kammaren g\u00f6r att du alltid kan se den elektroniska v\u00e4tskan som finns kvar i den.<\/div>\n<div><\/div>\n<div>Syftet med RAZZ BAR 12000 Puffs \u00e4r att leverera en smidig och njutbar e-cigarettupplevelse. Dess distinkta smak erbjuder en cool f\u00f6r\u00e4ndring fr\u00e5n klassiska fruktsmaker. Du kommer att uppleva den uppfriskande och s\u00f6ta blandningen av mentol med varje drink.<\/div>\n<div><\/div>\n<h2><strong>RAZZ BAR 12000 Puffs Funktioner:<\/strong><\/h2>\n<ul>\n<li>Puffar: 12000 puffar<\/li>\n<li>V\u00e4tska: 22 mL f\u00f6rfylld<\/li>\n<li>Nikotin: 2% 5%<\/li>\n<li>K\u00e4rna: N\u00e4tspole 0,8\u03a9<\/li>\n<li>Batteri: 650mAh uppladdningsbart typ-c<\/li>\n<\/ul>\n<h2><strong>Smak\u00e4mnen:<\/strong><\/h2>\n<ol>\n<li>Blandade b\u00e4r<\/li>\n<li>Jordgubbsis<\/li>\n<li>Red Bull Ice<\/li>\n<li>Kiwi Rassion Frukt Guava<\/li>\n<li>Mamba<\/li>\n<li>Bl\u00e5b\u00e4rsis<\/li>\n<li>Persika is<\/li>\n<li>K\u00f6rsb\u00e4rsis<\/li>\n<li>Vattenmelon-is<\/li>\n<li>Blue Razz Lemonade<\/li>\n<li>Mango is<\/li>\n<li>Jordgubb Kiwi<\/li>\n<\/ol>\n<div><\/div>\n<h2><strong>F\u00f6rpackningslista:<\/strong><\/h2>\n<div>1 st varje enskild l\u00e5da<\/div>\n<div>10 st varje mellanl\u00e5da<\/div>\n<div>200 st per kartong<\/div>\n<div><\/div>\n<div>\n<figure id=\"attachment_18626\" aria-describedby=\"caption-attachment-18626\" style=\"width: 800px\" class=\"wp-caption alignnone\"><img loading=\"lazy\" decoding=\"async\" class=\"wp-image-18626 size-full\" title=\"Partihandel RAZZ BAR 12000 Puffs eng\u00e5ngs vape 5\" src=\"https:\/\/www.vapeswholesaler.com\/wp-content\/uploads\/2024\/07\/Wholesale-RAZZ-BAR-12000-Puffs-disposable-vape-5.webp\" alt=\"Partihandel RAZZ BAR 12000 Puffs eng\u00e5ngs vape 5\" width=\"800\" height=\"800\" srcset=\"https:\/\/www.vapeswholesaler.com\/wp-content\/uploads\/2024\/07\/Wholesale-RAZZ-BAR-12000-Puffs-disposable-vape-5.webp 800w, https:\/\/www.vapeswholesaler.com\/wp-content\/uploads\/2024\/07\/Wholesale-RAZZ-BAR-12000-Puffs-disposable-vape-5-300x300.webp 300w, https:\/\/www.vapeswholesaler.com\/wp-content\/uploads\/2024\/07\/Wholesale-RAZZ-BAR-12000-Puffs-disposable-vape-5-150x150.webp 150w, https:\/\/www.vapeswholesaler.com\/wp-content\/uploads\/2024\/07\/Wholesale-RAZZ-BAR-12000-Puffs-disposable-vape-5-768x768.webp 768w, https:\/\/www.vapeswholesaler.com\/wp-content\/uploads\/2024\/07\/Wholesale-RAZZ-BAR-12000-Puffs-disposable-vape-5-12x12.webp 12w, https:\/\/www.vapeswholesaler.com\/wp-content\/uploads\/2024\/07\/Wholesale-RAZZ-BAR-12000-Puffs-disposable-vape-5-247x247.webp 247w, https:\/\/www.vapeswholesaler.com\/wp-content\/uploads\/2024\/07\/Wholesale-RAZZ-BAR-12000-Puffs-disposable-vape-5-510x510.webp 510w, https:\/\/www.vapeswholesaler.com\/wp-content\/uploads\/2024\/07\/Wholesale-RAZZ-BAR-12000-Puffs-disposable-vape-5-100x100.webp 100w\" sizes=\"auto, (max-width: 800px) 100vw, 800px\" \/><figcaption id=\"caption-attachment-18626\" class=\"wp-caption-text\">Partihandel RAZZ BAR 12000 Puffs eng\u00e5ngs vape<\/figcaption><\/figure>\n<\/div>","protected":false},"excerpt":{"rendered":"<p>Minsta orderkvantitet: <strong>50 st <\/strong>(Blanda smaker) (<strong>2%,5% Nic<\/strong>)<\/p>\n<p><strong>Fri frakt<\/strong><\/p>\n<p><em><strong>Obs!<\/strong><\/em> Vi skickar fr\u00e5n europeiska lager, och leveranstiden tar cirka <strong>5-6<\/strong> dagar. Produktavgiften och fraktavgiften m\u00e5ste betalas separat till olika betalkonton. N\u00e4r du har skickat best\u00e4llningen, skicka mig ett meddelande via WhatsApp s\u00e5 ber\u00e4ttar jag hur du betalar best\u00e4llningen. Jag tackar dig f\u00f6r din hj\u00e4lp.<\/p>","protected":false},"featured_media":18622,"comment_status":"open","ping_status":"closed","template":"","meta":[],"product_cat":[15],"product_tag":[373,379,384],"class_list":{"0":"post-18629","1":"product","2":"type-product","3":"status-publish","4":"has-post-thumbnail","6":"product_cat-disposable-vape","7":"product_tag-europe-warehouse","8":"product_tag-12000-puffs","9":"product_tag-razz-bar","10":"product_brand-razzbar","12":"first","13":"outofstock","14":"shipping-taxable","15":"purchasable","16":"product-type-variable","17":"has-default-attributes"},"aioseo_notices":[],"_links":{"self":[{"href":"https:\/\/www.vapeswholesaler.com\/sv\/wp-json\/wp\/v2\/product\/18629","targetHints":{"allow":["GET"]}}],"collection":[{"href":"https:\/\/www.vapeswholesaler.com\/sv\/wp-json\/wp\/v2\/product"}],"about":[{"href":"https:\/\/www.vapeswholesaler.com\/sv\/wp-json\/wp\/v2\/types\/product"}],"replies":[{"embeddable":true,"href":"https:\/\/www.vapeswholesaler.com\/sv\/wp-json\/wp\/v2\/comments?post=18629"}],"wp:featuredmedia":[{"embeddable":true,"href":"https:\/\/www.vapeswholesaler.com\/sv\/wp-json\/wp\/v2\/media\/18622"}],"wp:attachment":[{"href":"https:\/\/www.vapeswholesaler.com\/sv\/wp-json\/wp\/v2\/media?parent=18629"}],"wp:term":[{"taxonomy":"product_cat","embeddable":true,"href":"https:\/\/www.vapeswholesaler.com\/sv\/wp-json\/wp\/v2\/product_cat?post=18629"},{"taxonomy":"product_tag","embeddable":true,"href":"https:\/\/www.vapeswholesaler.com\/sv\/wp-json\/wp\/v2\/product_tag?post=18629"}],"curies":[{"name":"wp","href":"https:\/\/api.w.org\/{rel}","templated":true}]}}