{"id":18486,"date":"2024-07-12T16:42:38","date_gmt":"2024-07-12T08:42:38","guid":{"rendered":"https:\/\/www.vapeswholesaler.com\/?post_type=product&#038;p=18486"},"modified":"2025-02-26T12:43:34","modified_gmt":"2025-02-26T04:43:34","slug":"grossist-feemo-kanon-15000-puffar-engangs-vape-lager-i-euusa","status":"publish","type":"product","link":"https:\/\/www.vapeswholesaler.com\/sv\/produkt\/grossist-feemo-kanon-15000-puffar-engangs-vape-lager-i-euusa","title":{"rendered":"Partihandel Feemo Cannon 15000 Puffs eng\u00e5ngs vape Lager i EU, USA"},"content":{"rendered":"<p>Feemo Cannon 15000 Puffs \u00e4r den b\u00e4sta uppladdningsbara eng\u00e5ngsvapen f\u00f6r lunganv\u00e4ndare, den levereras med en 18 ml oljekapacitet och 0,5 ohm motst\u00e5nd, vilket g\u00f6r molnet \u00e4nnu st\u00f6rre, har lager i Europa och USA och kan skicka best\u00e4llningen inom 24 timmar.<\/p>\n<p>Feemo Cannon 15000 Puffs har en betydande 18 ml e-liquid-kapacitet, vilket garanterar en l\u00e5ng anv\u00e4ndningstid. Vi har omdefinierat standardspolmotst\u00e5ndet med ett intervall p\u00e5 0,5ohm f\u00f6r allm\u00e4n anv\u00e4ndning, mesh-spolen i Feemo Cannon har ett motst\u00e5nd p\u00e5 0,5ohm. Detta tekniska underverk garanterar ett vape-moln som \u00e4r minst dubbelt s\u00e5 stort som f\u00f6r konventionella produkter och tillgodoser specifikt lunganv\u00e4ndarnas preferenser.<\/p>\n<h2><strong><a href=\"https:\/\/www.vapeswholesaler.com\/sv\/produkt_varumarke\/feemo\/\">Feemo<\/a> Cannon 15000 Puffs Funktioner:<\/strong><\/h2>\n<ul>\n<li>15000 PUFFS Absorberbar m\u00e4ngd<\/li>\n<li>0,8% Nikotinsalt<\/li>\n<li>Typ-C laddningsbar<\/li>\n<li>850mAh Batterikapacitet<\/li>\n<li>18ML kapacitet f\u00f6r e-v\u00e4tska<\/li>\n<li>0,5\u03a9 Resistans<\/li>\n<\/ul>\n<h2><strong>Smak\u00e4mnen:<\/strong><\/h2>\n<ol>\n<li>Aloe Mango Melon<\/li>\n<li>Rosa lemonad<\/li>\n<li>Persika is<\/li>\n<li>Druva<\/li>\n<li>Jordgubbsglass<\/li>\n<li>Miami Mint<\/li>\n<li>Mango<\/li>\n<li>Bl\u00e5b\u00e4r<\/li>\n<li>Vattenmelon<\/li>\n<li>Passionsfrukt<\/li>\n<\/ol>\n<h2><strong>F\u00f6rpackningslista:<\/strong><\/h2>\n<p>1 st i en liten l\u00e5da<br \/>\n10 st i en mittl\u00e5da<br \/>\n160 st per l\u00e5da\/18,5 kg<\/p>\n<figure id=\"attachment_18483\" aria-describedby=\"caption-attachment-18483\" style=\"width: 800px\" class=\"wp-caption alignnone\"><img loading=\"lazy\" decoding=\"async\" class=\"wp-image-18483 size-full\" title=\"Partihandel Feemo Cannon 15000 Puffs eng\u00e5ngs vape Lager i EU, USA 10\" src=\"https:\/\/www.vapeswholesaler.com\/wp-content\/uploads\/2024\/07\/Wholesale-Feemo-Cannon-15000-Puffs-disposable-vape-Stock-in-EUUSA-10.webp\" alt=\"Partihandel Feemo Cannon 15000 Puffs eng\u00e5ngs vape Lager i EU, USA 10\" width=\"800\" height=\"2030\" srcset=\"https:\/\/www.vapeswholesaler.com\/wp-content\/uploads\/2024\/07\/Wholesale-Feemo-Cannon-15000-Puffs-disposable-vape-Stock-in-EUUSA-10.webp 800w, https:\/\/www.vapeswholesaler.com\/wp-content\/uploads\/2024\/07\/Wholesale-Feemo-Cannon-15000-Puffs-disposable-vape-Stock-in-EUUSA-10-118x300.webp 118w, https:\/\/www.vapeswholesaler.com\/wp-content\/uploads\/2024\/07\/Wholesale-Feemo-Cannon-15000-Puffs-disposable-vape-Stock-in-EUUSA-10-404x1024.webp 404w, https:\/\/www.vapeswholesaler.com\/wp-content\/uploads\/2024\/07\/Wholesale-Feemo-Cannon-15000-Puffs-disposable-vape-Stock-in-EUUSA-10-768x1949.webp 768w, https:\/\/www.vapeswholesaler.com\/wp-content\/uploads\/2024\/07\/Wholesale-Feemo-Cannon-15000-Puffs-disposable-vape-Stock-in-EUUSA-10-605x1536.webp 605w, https:\/\/www.vapeswholesaler.com\/wp-content\/uploads\/2024\/07\/Wholesale-Feemo-Cannon-15000-Puffs-disposable-vape-Stock-in-EUUSA-10-5x12.webp 5w, https:\/\/www.vapeswholesaler.com\/wp-content\/uploads\/2024\/07\/Wholesale-Feemo-Cannon-15000-Puffs-disposable-vape-Stock-in-EUUSA-10-510x1294.webp 510w\" sizes=\"auto, (max-width: 800px) 100vw, 800px\" \/><figcaption id=\"caption-attachment-18483\" class=\"wp-caption-text\">Partihandel Feemo Cannon 15000 Puffs eng\u00e5ngs vape<\/figcaption><\/figure>\n<p><img loading=\"lazy\" decoding=\"async\" class=\"alignnone wp-image-18482 size-full\" title=\"Partihandel Feemo Cannon 15000 Puffs eng\u00e5ngs vape Lager i EU, USA 9\" src=\"https:\/\/www.vapeswholesaler.com\/wp-content\/uploads\/2024\/07\/Wholesale-Feemo-Cannon-15000-Puffs-disposable-vape-Stock-in-EUUSA-9.webp\" alt=\"Partihandel Feemo Cannon 15000 Puffs eng\u00e5ngs vape Lager i EU, USA 9\" width=\"800\" height=\"800\" srcset=\"https:\/\/www.vapeswholesaler.com\/wp-content\/uploads\/2024\/07\/Wholesale-Feemo-Cannon-15000-Puffs-disposable-vape-Stock-in-EUUSA-9.webp 800w, https:\/\/www.vapeswholesaler.com\/wp-content\/uploads\/2024\/07\/Wholesale-Feemo-Cannon-15000-Puffs-disposable-vape-Stock-in-EUUSA-9-300x300.webp 300w, https:\/\/www.vapeswholesaler.com\/wp-content\/uploads\/2024\/07\/Wholesale-Feemo-Cannon-15000-Puffs-disposable-vape-Stock-in-EUUSA-9-150x150.webp 150w, https:\/\/www.vapeswholesaler.com\/wp-content\/uploads\/2024\/07\/Wholesale-Feemo-Cannon-15000-Puffs-disposable-vape-Stock-in-EUUSA-9-768x768.webp 768w, https:\/\/www.vapeswholesaler.com\/wp-content\/uploads\/2024\/07\/Wholesale-Feemo-Cannon-15000-Puffs-disposable-vape-Stock-in-EUUSA-9-12x12.webp 12w, https:\/\/www.vapeswholesaler.com\/wp-content\/uploads\/2024\/07\/Wholesale-Feemo-Cannon-15000-Puffs-disposable-vape-Stock-in-EUUSA-9-247x247.webp 247w, https:\/\/www.vapeswholesaler.com\/wp-content\/uploads\/2024\/07\/Wholesale-Feemo-Cannon-15000-Puffs-disposable-vape-Stock-in-EUUSA-9-510x510.webp 510w, https:\/\/www.vapeswholesaler.com\/wp-content\/uploads\/2024\/07\/Wholesale-Feemo-Cannon-15000-Puffs-disposable-vape-Stock-in-EUUSA-9-100x100.webp 100w\" sizes=\"auto, (max-width: 800px) 100vw, 800px\" \/><\/p>","protected":false},"excerpt":{"rendered":"<p>Minsta orderkvantitet: <strong>100 STYCKEN<\/strong>\u00a0(Blanda smaker)\u00a0\u00a0<strong>Fri frakt<\/strong><\/p>\n<p>(<strong>2%, 5% Nic<\/strong>) EU Warehouse Leveranstid 5-6 arbetsdagar<\/p>","protected":false},"featured_media":18477,"comment_status":"open","ping_status":"closed","template":"","meta":[],"product_cat":[15],"product_tag":[],"class_list":{"0":"post-18486","1":"product","2":"type-product","3":"status-publish","4":"has-post-thumbnail","6":"product_cat-disposable-vape","7":"product_brand-feemo","9":"first","10":"instock","11":"shipping-taxable","12":"purchasable","13":"product-type-variable","14":"has-default-attributes"},"aioseo_notices":[],"_links":{"self":[{"href":"https:\/\/www.vapeswholesaler.com\/sv\/wp-json\/wp\/v2\/product\/18486","targetHints":{"allow":["GET"]}}],"collection":[{"href":"https:\/\/www.vapeswholesaler.com\/sv\/wp-json\/wp\/v2\/product"}],"about":[{"href":"https:\/\/www.vapeswholesaler.com\/sv\/wp-json\/wp\/v2\/types\/product"}],"replies":[{"embeddable":true,"href":"https:\/\/www.vapeswholesaler.com\/sv\/wp-json\/wp\/v2\/comments?post=18486"}],"wp:featuredmedia":[{"embeddable":true,"href":"https:\/\/www.vapeswholesaler.com\/sv\/wp-json\/wp\/v2\/media\/18477"}],"wp:attachment":[{"href":"https:\/\/www.vapeswholesaler.com\/sv\/wp-json\/wp\/v2\/media?parent=18486"}],"wp:term":[{"taxonomy":"product_cat","embeddable":true,"href":"https:\/\/www.vapeswholesaler.com\/sv\/wp-json\/wp\/v2\/product_cat?post=18486"},{"taxonomy":"product_tag","embeddable":true,"href":"https:\/\/www.vapeswholesaler.com\/sv\/wp-json\/wp\/v2\/product_tag?post=18486"}],"curies":[{"name":"wp","href":"https:\/\/api.w.org\/{rel}","templated":true}]}}