{"id":18445,"date":"2024-07-11T14:26:34","date_gmt":"2024-07-11T06:26:34","guid":{"rendered":"https:\/\/www.vapeswholesaler.com\/?post_type=product&#038;p=18445"},"modified":"2025-02-23T16:19:29","modified_gmt":"2025-02-23T08:19:29","slug":"grossist-maskking-super-cc-2500-puffar-engangs-vape","status":"publish","type":"product","link":"https:\/\/www.vapeswholesaler.com\/sv\/produkt\/grossist-maskking-super-cc-2500-puffar-engangs-vape","title":{"rendered":"Partihandel Maskking Super CC 2500 puffar Eng\u00e5ngs Vape"},"content":{"rendered":"<p><a href=\"https:\/\/www.vapeswholesaler.com\/sv\/produkt_varumarke\/maskering\/\">Maskning<\/a> Super CC 2500 puffs \u00e4r en pennformad, popul\u00e4r eng\u00e5ngsvapentablett, det ultimata valet f\u00f6r dig som vill ha en p\u00e5litlig och l\u00e5ngvarig vapingupplevelse. Med en imponerande kapacitet p\u00e5 2500 puffar garanterar denna uppladdningsbara eng\u00e5ngspod l\u00e5ngvarig njutning utan besv\u00e4ret med frekventa byten.<\/p>\n<p>V\u00e4lj mellan en rad olika nikotinalternativ, inklusive 2%, 5%, f\u00f6r att tillgodose olika preferenser och m\u00f6jligg\u00f6ra en skr\u00e4ddarsydd vapingupplevelse anpassad till individuella behov.<\/p>\n<p>Maskking Super CC 2500 puffar Eng\u00e5ngs vape 16 smaker att v\u00e4lja, rika smaker ger kunderna fler val\u3002<\/p>\n<h2><strong>Maskking Super CC 2500 puffar Funktion:<\/strong><\/h2>\n<ul>\n<li>Storlek: 23*23,5*114,5<\/li>\n<li>Puffar: 2500<\/li>\n<li>E-Liqud Kapacitet: 8,5 ml<\/li>\n<li>Motst\u00e5nd: 1,2\u03a9<\/li>\n<li>Sp\u00e4nning: 4,2V<\/li>\n<li>Nikotin: 5%<\/li>\n<li>Batterikapacitet: 1500mAh<\/li>\n<\/ul>\n<h2><strong>Smak\u00e4mnen:<\/strong><\/h2>\n<ol>\n<li>Vaniljglass<\/li>\n<li>Cappuccino<\/li>\n<li>Lime Pomelo<\/li>\n<li>Bl\u00e5 hallon<\/li>\n<li>Is Mango<\/li>\n<li>Isk\u00f6rsb\u00e4r<\/li>\n<li>Jordgubbe Lychee<\/li>\n<li>Cool Mint<\/li>\n<li>Isdruva<\/li>\n<li>Mojito<\/li>\n<li>Is persika<\/li>\n<li>Isvattenmelon<\/li>\n<li>Acai-b\u00e4r<\/li>\n<li>Hallon Apelsin<\/li>\n<li>Tall\u00e4pple Grapefrukt<\/li>\n<li>Is passionsfrukt<\/li>\n<\/ol>\n<h2><strong>F\u00f6rpackningslista:<\/strong><\/h2>\n<p>1 st varje enskild l\u00e5da<br \/>\n10st per styck per styck Mellanl\u00e5da<br \/>\n200 st per ccartong 16.5KG<\/p>\n<p><img loading=\"lazy\" decoding=\"async\" class=\"alignnone wp-image-18426 size-full\" title=\"Partihandel Maskking Super CC 2500 puffar Eng\u00e5ngs Vape 10\" src=\"https:\/\/www.vapeswholesaler.com\/wp-content\/uploads\/2024\/07\/Wholesale-Maskking-Super-CC-2500-puffs-Disposable-Vape-10.webp\" alt=\"Partihandel Maskking Super CC 2500 puffar Eng\u00e5ngs Vape 10\" width=\"800\" height=\"800\" srcset=\"https:\/\/www.vapeswholesaler.com\/wp-content\/uploads\/2024\/07\/Wholesale-Maskking-Super-CC-2500-puffs-Disposable-Vape-10.webp 800w, https:\/\/www.vapeswholesaler.com\/wp-content\/uploads\/2024\/07\/Wholesale-Maskking-Super-CC-2500-puffs-Disposable-Vape-10-300x300.webp 300w, https:\/\/www.vapeswholesaler.com\/wp-content\/uploads\/2024\/07\/Wholesale-Maskking-Super-CC-2500-puffs-Disposable-Vape-10-150x150.webp 150w, https:\/\/www.vapeswholesaler.com\/wp-content\/uploads\/2024\/07\/Wholesale-Maskking-Super-CC-2500-puffs-Disposable-Vape-10-768x768.webp 768w, https:\/\/www.vapeswholesaler.com\/wp-content\/uploads\/2024\/07\/Wholesale-Maskking-Super-CC-2500-puffs-Disposable-Vape-10-12x12.webp 12w, https:\/\/www.vapeswholesaler.com\/wp-content\/uploads\/2024\/07\/Wholesale-Maskking-Super-CC-2500-puffs-Disposable-Vape-10-247x247.webp 247w, https:\/\/www.vapeswholesaler.com\/wp-content\/uploads\/2024\/07\/Wholesale-Maskking-Super-CC-2500-puffs-Disposable-Vape-10-510x510.webp 510w, https:\/\/www.vapeswholesaler.com\/wp-content\/uploads\/2024\/07\/Wholesale-Maskking-Super-CC-2500-puffs-Disposable-Vape-10-100x100.webp 100w\" sizes=\"auto, (max-width: 800px) 100vw, 800px\" \/> <img loading=\"lazy\" decoding=\"async\" class=\"alignnone wp-image-18420 size-full\" title=\"Partihandel Maskking Super CC 2500 puffar Eng\u00e5ngs Vape 1\" src=\"https:\/\/www.vapeswholesaler.com\/wp-content\/uploads\/2024\/07\/Wholesale-Maskking-Super-CC-2500-puffs-Disposable-Vape-1.webp\" alt=\"Partihandel Maskking Super CC 2500 puffar Eng\u00e5ngs Vape 1\" width=\"800\" height=\"800\" srcset=\"https:\/\/www.vapeswholesaler.com\/wp-content\/uploads\/2024\/07\/Wholesale-Maskking-Super-CC-2500-puffs-Disposable-Vape-1.webp 800w, https:\/\/www.vapeswholesaler.com\/wp-content\/uploads\/2024\/07\/Wholesale-Maskking-Super-CC-2500-puffs-Disposable-Vape-1-300x300.webp 300w, https:\/\/www.vapeswholesaler.com\/wp-content\/uploads\/2024\/07\/Wholesale-Maskking-Super-CC-2500-puffs-Disposable-Vape-1-150x150.webp 150w, https:\/\/www.vapeswholesaler.com\/wp-content\/uploads\/2024\/07\/Wholesale-Maskking-Super-CC-2500-puffs-Disposable-Vape-1-768x768.webp 768w, https:\/\/www.vapeswholesaler.com\/wp-content\/uploads\/2024\/07\/Wholesale-Maskking-Super-CC-2500-puffs-Disposable-Vape-1-12x12.webp 12w, https:\/\/www.vapeswholesaler.com\/wp-content\/uploads\/2024\/07\/Wholesale-Maskking-Super-CC-2500-puffs-Disposable-Vape-1-247x247.webp 247w, https:\/\/www.vapeswholesaler.com\/wp-content\/uploads\/2024\/07\/Wholesale-Maskking-Super-CC-2500-puffs-Disposable-Vape-1-510x510.webp 510w, https:\/\/www.vapeswholesaler.com\/wp-content\/uploads\/2024\/07\/Wholesale-Maskking-Super-CC-2500-puffs-Disposable-Vape-1-100x100.webp 100w\" sizes=\"auto, (max-width: 800px) 100vw, 800px\" \/> <img loading=\"lazy\" decoding=\"async\" class=\"alignnone wp-image-18428 size-full\" title=\"Partihandel Maskking Super CC 2500 puffar Eng\u00e5ngs Vape 14\" src=\"https:\/\/www.vapeswholesaler.com\/wp-content\/uploads\/2024\/07\/Wholesale-Maskking-Super-CC-2500-puffs-Disposable-Vape-14.webp\" alt=\"Partihandel Maskking Super CC 2500 puffar Eng\u00e5ngs Vape 14\" width=\"800\" height=\"800\" srcset=\"https:\/\/www.vapeswholesaler.com\/wp-content\/uploads\/2024\/07\/Wholesale-Maskking-Super-CC-2500-puffs-Disposable-Vape-14.webp 800w, https:\/\/www.vapeswholesaler.com\/wp-content\/uploads\/2024\/07\/Wholesale-Maskking-Super-CC-2500-puffs-Disposable-Vape-14-300x300.webp 300w, https:\/\/www.vapeswholesaler.com\/wp-content\/uploads\/2024\/07\/Wholesale-Maskking-Super-CC-2500-puffs-Disposable-Vape-14-150x150.webp 150w, https:\/\/www.vapeswholesaler.com\/wp-content\/uploads\/2024\/07\/Wholesale-Maskking-Super-CC-2500-puffs-Disposable-Vape-14-768x768.webp 768w, https:\/\/www.vapeswholesaler.com\/wp-content\/uploads\/2024\/07\/Wholesale-Maskking-Super-CC-2500-puffs-Disposable-Vape-14-12x12.webp 12w, https:\/\/www.vapeswholesaler.com\/wp-content\/uploads\/2024\/07\/Wholesale-Maskking-Super-CC-2500-puffs-Disposable-Vape-14-247x247.webp 247w, https:\/\/www.vapeswholesaler.com\/wp-content\/uploads\/2024\/07\/Wholesale-Maskking-Super-CC-2500-puffs-Disposable-Vape-14-510x510.webp 510w, https:\/\/www.vapeswholesaler.com\/wp-content\/uploads\/2024\/07\/Wholesale-Maskking-Super-CC-2500-puffs-Disposable-Vape-14-100x100.webp 100w\" sizes=\"auto, (max-width: 800px) 100vw, 800px\" \/><\/p>","protected":false},"excerpt":{"rendered":"<p>Minsta best\u00e4llningskvantitet: 500 st (blandade smaker)\u00a0 <strong>\u00a0Fri frakt<\/strong><\/p>\n<p>(<strong>2%,5% Nic<\/strong>)<\/p>","protected":false},"featured_media":18422,"comment_status":"open","ping_status":"closed","template":"","meta":[],"product_cat":[15],"product_tag":[],"class_list":{"0":"post-18445","1":"product","2":"type-product","3":"status-publish","4":"has-post-thumbnail","6":"product_cat-disposable-vape","7":"product_brand-maskking","9":"first","10":"instock","11":"shipping-taxable","12":"purchasable","13":"product-type-variable","14":"has-default-attributes"},"aioseo_notices":[],"_links":{"self":[{"href":"https:\/\/www.vapeswholesaler.com\/sv\/wp-json\/wp\/v2\/product\/18445","targetHints":{"allow":["GET"]}}],"collection":[{"href":"https:\/\/www.vapeswholesaler.com\/sv\/wp-json\/wp\/v2\/product"}],"about":[{"href":"https:\/\/www.vapeswholesaler.com\/sv\/wp-json\/wp\/v2\/types\/product"}],"replies":[{"embeddable":true,"href":"https:\/\/www.vapeswholesaler.com\/sv\/wp-json\/wp\/v2\/comments?post=18445"}],"wp:featuredmedia":[{"embeddable":true,"href":"https:\/\/www.vapeswholesaler.com\/sv\/wp-json\/wp\/v2\/media\/18422"}],"wp:attachment":[{"href":"https:\/\/www.vapeswholesaler.com\/sv\/wp-json\/wp\/v2\/media?parent=18445"}],"wp:term":[{"taxonomy":"product_cat","embeddable":true,"href":"https:\/\/www.vapeswholesaler.com\/sv\/wp-json\/wp\/v2\/product_cat?post=18445"},{"taxonomy":"product_tag","embeddable":true,"href":"https:\/\/www.vapeswholesaler.com\/sv\/wp-json\/wp\/v2\/product_tag?post=18445"}],"curies":[{"name":"wp","href":"https:\/\/api.w.org\/{rel}","templated":true}]}}