{"id":18278,"date":"2024-07-09T23:08:14","date_gmt":"2024-07-09T15:08:14","guid":{"rendered":"https:\/\/www.vapeswholesaler.com\/?post_type=product&#038;p=18278"},"modified":"2025-03-18T14:04:55","modified_gmt":"2025-03-18T06:04:55","slug":"wholesale-bang-30000-puffs-double-flavors-disposable-vape","status":"publish","type":"product","link":"https:\/\/www.vapeswholesaler.com\/sv\/produkt\/wholesale-bang-30000-puffs-double-flavors-disposable-vape","title":{"rendered":"Partihandel Bang 30000 Puffs Dubbla smaker Eng\u00e5ngs Vape"},"content":{"rendered":"<p><a href=\"https:\/\/www.vapeswholesaler.com\/sv\/produkt_varumarke\/bang\/\">Pang<\/a> 30000 Puffs Double flavors LCD Display Disposable Vape Vape box, a premium choice for extended vaping satisfaction. Experience up to 30000 puffs with its high-capacity 36ml Pre-filled e-liquid.<\/p>\n<p>The double flavors Enhance flavor and vapor production with the 1.0 ohm Mesh Coil and adjustable airflow design. Not only does the Bang King 30K offer exceptional performance, but it also comes at a competitive price point, making it an excellent choice for those looking for value without sacrificing quality.<\/p>\n<p>V\u00e5ra grossistalternativ s\u00e4kerst\u00e4ller att f\u00f6retag kan fylla p\u00e5 lager av denna popul\u00e4ra enhet och tillgodose sina kunders krav p\u00e5 ett effektivt s\u00e4tt.<\/p>\n<p>Experience the convenience of fast shipping, allowing you to enjoy your disposable Vape without delay. Whether you\u2019re a vaping enthusiast, a retailer or a wholesaler looking to expand your product range.<\/p>\n<h2><strong><a href=\"https:\/\/www.facebook.com\/fred.luo.58\/\">Pang<\/a> 30000 Puffs Double flavors Details:<\/strong><\/h2>\n<ul>\n<li>Puffar: Upp till 30000 puffar<\/li>\n<li>V\u00e4tska: 36 ml F\u00f6rfylld<\/li>\n<li>Nikotin: 0% 2% 3% 5%<\/li>\n<li>K\u00e4rna: Mesh-spole 1,0 ohm<\/li>\n<li>Batteri: 550 mAh uppladdningsbart typ-c<\/li>\n<li>Leveranss\u00e4tt: DHL<\/li>\n<li>10 st\/f\u00f6rpackning<\/li>\n<li>1 l\u00e5da\/200 st(22 KG)<\/li>\n<\/ul>\n<h2><strong>Tillg\u00e4ngliga smaker:<\/strong><\/h2>\n<ol>\n<li>Vattenmelon Ice &amp; Bl\u00e5b\u00e4r Mint<\/li>\n<li>Vattenmelon Ice &amp; Jordgubbar och Mango<\/li>\n<li>Jordgubb Vattenmelon &amp; Kiwi Passionsfrukt Guava<\/li>\n<li>Jordgubbs- och vattenmelon- och druvis<\/li>\n<li>Bl\u00e5b\u00e4rsis &amp; Svart drakis<\/li>\n<li>Bl\u00e5b\u00e4rsis &amp; jordgubb och banan<\/li>\n<li>Red Bull &amp; bl\u00e5b\u00e4rsvattenmelon<\/li>\n<li>Red Bull &amp; vattenmelon bubbelgodis<\/li>\n<li>Bl\u00e5b\u00e4r Hallon &amp; Persika Mango Vattenmelon<\/li>\n<li>Bl\u00e5b\u00e4r Hallon &amp; Blandad m\u00f6glig frukt<\/li>\n<li>Jordgubb Kiwi &amp; Persika Is<\/li>\n<li>Jordgubb Kiwi &amp; Surt \u00e4pple Hallon<\/li>\n<\/ol>\n<h2><strong>F\u00f6rpackningsdetaljer:<\/strong><\/h2>\n<p>Enstaka bit med godisf\u00f6rpackning<br \/>\nVarje l\u00e5da inneh\u00e5ller 10 stycken<br \/>\nEach carton contains 200 pieces 22KG<\/p>\n<figure id=\"attachment_18264\" aria-describedby=\"caption-attachment-18264\" style=\"width: 800px\" class=\"wp-caption alignnone\"><img loading=\"lazy\" decoding=\"async\" class=\"wp-image-18264 size-full\" title=\"Wholesale Bang 30000 Puffs Double flavors Disposable Vape 3\" src=\"https:\/\/www.vapeswholesaler.com\/wp-content\/uploads\/2024\/07\/Wholesale-Bang-30000-Puffs-Double-flavors-Disposable-Vape-3.webp\" alt=\"Wholesale Bang 30000 Puffs Double flavors Disposable Vape 3\" width=\"800\" height=\"1747\" srcset=\"https:\/\/www.vapeswholesaler.com\/wp-content\/uploads\/2024\/07\/Wholesale-Bang-30000-Puffs-Double-flavors-Disposable-Vape-3.webp 800w, https:\/\/www.vapeswholesaler.com\/wp-content\/uploads\/2024\/07\/Wholesale-Bang-30000-Puffs-Double-flavors-Disposable-Vape-3-137x300.webp 137w, https:\/\/www.vapeswholesaler.com\/wp-content\/uploads\/2024\/07\/Wholesale-Bang-30000-Puffs-Double-flavors-Disposable-Vape-3-469x1024.webp 469w, https:\/\/www.vapeswholesaler.com\/wp-content\/uploads\/2024\/07\/Wholesale-Bang-30000-Puffs-Double-flavors-Disposable-Vape-3-768x1677.webp 768w, https:\/\/www.vapeswholesaler.com\/wp-content\/uploads\/2024\/07\/Wholesale-Bang-30000-Puffs-Double-flavors-Disposable-Vape-3-703x1536.webp 703w, https:\/\/www.vapeswholesaler.com\/wp-content\/uploads\/2024\/07\/Wholesale-Bang-30000-Puffs-Double-flavors-Disposable-Vape-3-5x12.webp 5w, https:\/\/www.vapeswholesaler.com\/wp-content\/uploads\/2024\/07\/Wholesale-Bang-30000-Puffs-Double-flavors-Disposable-Vape-3-510x1114.webp 510w\" sizes=\"auto, (max-width: 800px) 100vw, 800px\" \/><figcaption id=\"caption-attachment-18264\" class=\"wp-caption-text\">Partihandel Bang 30000 Puffs Dubbla smaker Eng\u00e5ngs Vape<\/figcaption><\/figure>","protected":false},"excerpt":{"rendered":"<p>Minsta orderkvantitet:\u00a0<strong>50 st<\/strong>\u00a0(Blanda smaker)\u00a0\u00a0<strong>Fri frakt<\/strong><\/p>\n<p>(<strong>0%\uff0c2%, 3%\uff0c5% Nic<\/strong>)<\/p>","protected":false},"featured_media":19301,"comment_status":"open","ping_status":"closed","template":"","meta":[],"product_cat":[15],"product_tag":[388,368,374],"class_list":{"0":"post-18278","1":"product","2":"type-product","3":"status-publish","4":"has-post-thumbnail","6":"product_cat-disposable-vape","7":"product_tag-bang","8":"product_tag-bang-king","9":"product_tag-30000-puffs","10":"product_brand-bang","12":"first","13":"instock","14":"shipping-taxable","15":"purchasable","16":"product-type-variable","17":"has-default-attributes"},"aioseo_notices":[],"_links":{"self":[{"href":"https:\/\/www.vapeswholesaler.com\/sv\/wp-json\/wp\/v2\/product\/18278","targetHints":{"allow":["GET"]}}],"collection":[{"href":"https:\/\/www.vapeswholesaler.com\/sv\/wp-json\/wp\/v2\/product"}],"about":[{"href":"https:\/\/www.vapeswholesaler.com\/sv\/wp-json\/wp\/v2\/types\/product"}],"replies":[{"embeddable":true,"href":"https:\/\/www.vapeswholesaler.com\/sv\/wp-json\/wp\/v2\/comments?post=18278"}],"wp:featuredmedia":[{"embeddable":true,"href":"https:\/\/www.vapeswholesaler.com\/sv\/wp-json\/wp\/v2\/media\/19301"}],"wp:attachment":[{"href":"https:\/\/www.vapeswholesaler.com\/sv\/wp-json\/wp\/v2\/media?parent=18278"}],"wp:term":[{"taxonomy":"product_cat","embeddable":true,"href":"https:\/\/www.vapeswholesaler.com\/sv\/wp-json\/wp\/v2\/product_cat?post=18278"},{"taxonomy":"product_tag","embeddable":true,"href":"https:\/\/www.vapeswholesaler.com\/sv\/wp-json\/wp\/v2\/product_tag?post=18278"}],"curies":[{"name":"wp","href":"https:\/\/api.w.org\/{rel}","templated":true}]}}