{"id":18227,"date":"2024-07-09T18:55:47","date_gmt":"2024-07-09T10:55:47","guid":{"rendered":"https:\/\/www.vapeswholesaler.com\/?post_type=product&#038;p=18227"},"modified":"2025-04-09T10:48:50","modified_gmt":"2025-04-09T02:48:50","slug":"grossist-vapsolo-matningsbar-shisha15000-puffar-engangs-vape","status":"publish","type":"product","link":"https:\/\/www.vapeswholesaler.com\/sv\/produkt\/grossist-vapsolo-matningsbar-shisha15000-puffar-engangs-vape","title":{"rendered":"Partihandel Vapsolo Feed Bar Shisha15000 Puffs Eng\u00e5ngs vape"},"content":{"rendered":"<p><a href=\"https:\/\/www.vapeswholesaler.com\/sv\/produkt_varumarke\/vapsolo\/\">Vapsolo<\/a> Feed Bar Shisha 15000 Puffs \u00e4r en perfekt vape penna stil Disposable Vapes, Designad f\u00f6r kr\u00e4sna vapers, erbjuder dessa premium eng\u00e5ngsvapor en exceptionell vapingupplevelse med en m\u00e4ngd avancerade funktioner och en m\u00e4ngd uts\u00f6kta smaker.<\/p>\n<p>V\u00e5r produkt har en gener\u00f6s kapacitet p\u00e5 25 ml e-v\u00e4tska, vilket garanterar l\u00e5ngvarig njutning utan behov av frekventa p\u00e5fyllningar. Denna vape pen drivs av ett robust 650mAh uppladdningsbart batteri och \u00e4r utrustad med en typ-C-port, vilket garanterar upp till 15000 puffar, vilket g\u00f6r den perfekt f\u00f6r l\u00e5ngvarig anv\u00e4ndning. Den avancerade mesh-spoltekniken med ett motst\u00e5nd p\u00e5 0,6\u03a9 ger j\u00e4mn uppv\u00e4rmning och smidig \u00e5ngproduktion, vilket f\u00f6rb\u00e4ttrar smaken och den totala tillfredsst\u00e4llelsen.<\/p>\n<p>Den inbyggda LED-displayen ger information i realtid om dina inst\u00e4llningar och batteritid, vilket ger en s\u00f6ml\u00f6s och v\u00e4linformerad r\u00f6kupplevelse. Med en vikt p\u00e5 endast 92 g \u00e4r denna e-cigarett l\u00e4tt och b\u00e4rbar, vilket g\u00f6r den perfekt f\u00f6r att r\u00f6ka p\u00e5 resan.<\/p>\n<h2><strong><a href=\"https:\/\/www.facebook.com\/fred.luo.58\">Vapsolo<\/a> Feed Bar Shisha 15000 Puffs Funktioner:<\/strong><\/h2>\n<ul>\n<li>650mAh inbyggt batteri<\/li>\n<li>Uppladdningsbar<\/li>\n<li>Juicekapacitet: 25 ml<\/li>\n<li>Effektiv och konsekvent str\u00f6mf\u00f6rs\u00f6rjning<\/li>\n<li>0% , 5% Nikotinniv\u00e5<\/li>\n<li>Tillfredsst\u00e4ller n\u00e4stan 15000 puffar<\/li>\n<li>N\u00e4tspole<\/li>\n<li>Dubbla kapslar<\/li>\n<li>Skydd: \u00d6verhettning, kortslutning<\/li>\n<\/ul>\n<h2><strong>Smak\u00e4mnen:<\/strong><\/h2>\n<ol>\n<li>Tv\u00e5 \u00e4pplen<\/li>\n<li>Blue razz lemonad<\/li>\n<li>Persika is<\/li>\n<li>Mango is<\/li>\n<li>Frodig is<\/li>\n<li>Citronmynta<\/li>\n<li>magisk k\u00e4rlek<\/li>\n<li>Druva mynta<\/li>\n<li>Jordgubbsb\u00e5l<\/li>\n<li>Bl\u00e5b\u00e4rstuggummi<\/li>\n<\/ol>\n<h2><strong>F\u00f6rpackningslista:<\/strong><\/h2>\n<p>1 st varje enskild l\u00e5da<br \/>\n10 st varje mellanl\u00e5da<br \/>\n200 st per kartong.<\/p>\n<figure id=\"attachment_18210\" aria-describedby=\"caption-attachment-18210\" style=\"width: 800px\" class=\"wp-caption alignnone\"><img loading=\"lazy\" decoding=\"async\" class=\"wp-image-18210 size-full\" title=\"Partihandel Vapsolo Feed Bar Shisha15000 Puffs Eng\u00e5ngs vape 2\" src=\"https:\/\/www.vapeswholesaler.com\/wp-content\/uploads\/2024\/07\/Wholesale-Vapsolo-Feed-Bar-Shisha15000-Puffs-Disposable-vape-2.webp\" alt=\"Partihandel Vapsolo Feed Bar Shisha15000 Puffs Eng\u00e5ngs vape 2\" width=\"800\" height=\"800\" srcset=\"https:\/\/www.vapeswholesaler.com\/wp-content\/uploads\/2024\/07\/Wholesale-Vapsolo-Feed-Bar-Shisha15000-Puffs-Disposable-vape-2.webp 800w, https:\/\/www.vapeswholesaler.com\/wp-content\/uploads\/2024\/07\/Wholesale-Vapsolo-Feed-Bar-Shisha15000-Puffs-Disposable-vape-2-300x300.webp 300w, https:\/\/www.vapeswholesaler.com\/wp-content\/uploads\/2024\/07\/Wholesale-Vapsolo-Feed-Bar-Shisha15000-Puffs-Disposable-vape-2-150x150.webp 150w, https:\/\/www.vapeswholesaler.com\/wp-content\/uploads\/2024\/07\/Wholesale-Vapsolo-Feed-Bar-Shisha15000-Puffs-Disposable-vape-2-768x768.webp 768w, https:\/\/www.vapeswholesaler.com\/wp-content\/uploads\/2024\/07\/Wholesale-Vapsolo-Feed-Bar-Shisha15000-Puffs-Disposable-vape-2-12x12.webp 12w, https:\/\/www.vapeswholesaler.com\/wp-content\/uploads\/2024\/07\/Wholesale-Vapsolo-Feed-Bar-Shisha15000-Puffs-Disposable-vape-2-247x247.webp 247w, https:\/\/www.vapeswholesaler.com\/wp-content\/uploads\/2024\/07\/Wholesale-Vapsolo-Feed-Bar-Shisha15000-Puffs-Disposable-vape-2-510x510.webp 510w, https:\/\/www.vapeswholesaler.com\/wp-content\/uploads\/2024\/07\/Wholesale-Vapsolo-Feed-Bar-Shisha15000-Puffs-Disposable-vape-2-100x100.webp 100w\" sizes=\"auto, (max-width: 800px) 100vw, 800px\" \/><figcaption id=\"caption-attachment-18210\" class=\"wp-caption-text\">Partihandel Vapsolo Feed Bar Shisha15000 Puffs Eng\u00e5ngs vape<\/figcaption><\/figure>\n<p>&nbsp;<\/p>","protected":false},"excerpt":{"rendered":"<p>Minsta orderkvantitet: <strong>50 st<\/strong>\u00a0(Blanda smaker) Fri frakt<\/p>\n<p>(<strong>2%, 5% Nic<\/strong>) EU Warehouse Leveranstid 5-6 arbetsdagar<\/p>","protected":false},"featured_media":18209,"comment_status":"open","ping_status":"closed","template":"","meta":[],"product_cat":[15],"product_tag":[87,373,375],"class_list":{"0":"post-18227","1":"product","2":"type-product","3":"status-publish","4":"has-post-thumbnail","6":"product_cat-disposable-vape","7":"product_tag-vapsolo","8":"product_tag-europe-warehouse","9":"product_tag-15000-puffs","10":"product_brand-vapsolo","12":"first","13":"outofstock","14":"shipping-taxable","15":"purchasable","16":"product-type-variable","17":"has-default-attributes"},"aioseo_notices":[],"_links":{"self":[{"href":"https:\/\/www.vapeswholesaler.com\/sv\/wp-json\/wp\/v2\/product\/18227","targetHints":{"allow":["GET"]}}],"collection":[{"href":"https:\/\/www.vapeswholesaler.com\/sv\/wp-json\/wp\/v2\/product"}],"about":[{"href":"https:\/\/www.vapeswholesaler.com\/sv\/wp-json\/wp\/v2\/types\/product"}],"replies":[{"embeddable":true,"href":"https:\/\/www.vapeswholesaler.com\/sv\/wp-json\/wp\/v2\/comments?post=18227"}],"wp:featuredmedia":[{"embeddable":true,"href":"https:\/\/www.vapeswholesaler.com\/sv\/wp-json\/wp\/v2\/media\/18209"}],"wp:attachment":[{"href":"https:\/\/www.vapeswholesaler.com\/sv\/wp-json\/wp\/v2\/media?parent=18227"}],"wp:term":[{"taxonomy":"product_cat","embeddable":true,"href":"https:\/\/www.vapeswholesaler.com\/sv\/wp-json\/wp\/v2\/product_cat?post=18227"},{"taxonomy":"product_tag","embeddable":true,"href":"https:\/\/www.vapeswholesaler.com\/sv\/wp-json\/wp\/v2\/product_tag?post=18227"}],"curies":[{"name":"wp","href":"https:\/\/api.w.org\/{rel}","templated":true}]}}