{"id":18011,"date":"2024-07-05T17:31:55","date_gmt":"2024-07-05T09:31:55","guid":{"rendered":"https:\/\/www.vapeswholesaler.com\/?post_type=product&#038;p=18011"},"modified":"2025-11-07T10:39:15","modified_gmt":"2025-11-07T02:39:15","slug":"grossist-vozol-stjarna-20000-puffar-engangs-vape","status":"publish","type":"product","link":"https:\/\/www.vapeswholesaler.com\/sv\/produkt\/grossist-vozol-stjarna-20000-puffar-engangs-vape","title":{"rendered":"Partihandel Vozol Star 20000 Puffs Eng\u00e5ngs Vape"},"content":{"rendered":"<p><a href=\"https:\/\/www.vapeswholesaler.com\/sv\/produkt_varumarke\/vozol\/\">Vozol<\/a> Star 20000 Puffs Disposable Vape inleder en ny era av vaping med sina innovativa justerbara l\u00e4gen, dual mesh coil-system och en levande platt sk\u00e4rm. Upplev vaping som aldrig f\u00f6rr med upp till 20000 puffar och ett urval av 20 frestande smaker.<\/p>\n<p>Dubbla vapingl\u00e4gen: V\u00e4lj mellan Boost Mode f\u00f6r intensiv smak eller Smooth Mode f\u00f6r fler puffar. Avancerad spole med dubbla n\u00e4t: Upplev j\u00e4mn, riklig \u00e5nga med varje bloss.<\/p>\n<p>Anv\u00e4ndarv\u00e4nlig platt sk\u00e4rm: Navigera bland inst\u00e4llningar och preferenser med ett intuitivt och f\u00e4rgglatt anv\u00e4ndargr\u00e4nssnitt. Indikatorer i realtid: H\u00e5ll dig informerad med tydliga displayer f\u00f6r batteri- och e-v\u00e4tskeniv\u00e5. Expansiv smakvariation: Njut av ett spektrum av 20 olika smaker som \u00e4r skr\u00e4ddarsydda f\u00f6r att passa alla smaker.<\/p>\n<h2><strong><a href=\"https:\/\/www.facebook.com\/fred.luo.58\/\">VOZOL<\/a> Star 20000 Puffs Funktioner:<\/strong><\/h2>\n<ul>\n<li>Varum\u00e4rke: VOZOL<\/li>\n<li>Modell: Star 20000 Puffs<\/li>\n<li>LED-sk\u00e4rm som visar batteri- och e-v\u00e4tskeniv\u00e5<\/li>\n<li>20000+ puffar<\/li>\n<li>N\u00e4tspole<\/li>\n<li>Skydd f\u00f6r munstycke<\/li>\n<li>Fulladdad p\u00e5 30 minuter<\/li>\n<li>MTL Vape<\/li>\n<li>Nyb\u00f6rjarv\u00e4nlig<\/li>\n<\/ul>\n<h2><strong>Smak\u00e4mnen:<\/strong><\/h2>\n<ol>\n<li>Blue Razz Ice<\/li>\n<li>Bl\u00e5b\u00e4rsstorm<\/li>\n<li>Cherry Cola<\/li>\n<li>Dubbel \u00e4ppelis<\/li>\n<li>Draken Strawnana<\/li>\n<li>Grape Ice<\/li>\n<li>Juicy Peach Ice<\/li>\n<li>Citron Lime<\/li>\n<li>K\u00e4rlek 777<\/li>\n<li>Mango is<\/li>\n<li>Blandade b\u00e4r<\/li>\n<li>Apelsin Ananas Lychee<\/li>\n<li>Persika Mango Vattenmelon<\/li>\n<li>Parfym citron<\/li>\n<li>Hallon \u00c4pple Vattenmelon Ananas<\/li>\n<li>Hallon Vattenmelon<\/li>\n<li>Jordgubb Kiwi<\/li>\n<li>Jordgubb Mango<\/li>\n<li>Tropical Blast<\/li>\n<li>Vattenmelon-is<\/li>\n<\/ol>\n<h2><strong>F\u00f6rpackningslista:<\/strong><\/h2>\n<p>1 st varje liten l\u00e5da<br \/>\n10 st varje mellanl\u00e5da<br \/>\n200 st per kartong<\/p>\n<figure id=\"attachment_18009\" aria-describedby=\"caption-attachment-18009\" style=\"width: 800px\" class=\"wp-caption alignnone\"><img loading=\"lazy\" decoding=\"async\" class=\"wp-image-18009 size-full\" title=\"Partihandel Vozol Star 20000 Puffs Eng\u00e5ngs Vape Tropical Blast\" src=\"https:\/\/www.vapeswholesaler.com\/wp-content\/uploads\/2024\/07\/Wholesale-Vozol-Star-20000-Puffs-Disposable-Vape-Tropical-Blast.webp\" alt=\"Partihandel Vozol Star 20000 Puffs Eng\u00e5ngs Vape Tropical Blast\" width=\"800\" height=\"800\" srcset=\"https:\/\/www.vapeswholesaler.com\/wp-content\/uploads\/2024\/07\/Wholesale-Vozol-Star-20000-Puffs-Disposable-Vape-Tropical-Blast.webp 800w, https:\/\/www.vapeswholesaler.com\/wp-content\/uploads\/2024\/07\/Wholesale-Vozol-Star-20000-Puffs-Disposable-Vape-Tropical-Blast-300x300.webp 300w, https:\/\/www.vapeswholesaler.com\/wp-content\/uploads\/2024\/07\/Wholesale-Vozol-Star-20000-Puffs-Disposable-Vape-Tropical-Blast-150x150.webp 150w, https:\/\/www.vapeswholesaler.com\/wp-content\/uploads\/2024\/07\/Wholesale-Vozol-Star-20000-Puffs-Disposable-Vape-Tropical-Blast-768x768.webp 768w, https:\/\/www.vapeswholesaler.com\/wp-content\/uploads\/2024\/07\/Wholesale-Vozol-Star-20000-Puffs-Disposable-Vape-Tropical-Blast-12x12.webp 12w, https:\/\/www.vapeswholesaler.com\/wp-content\/uploads\/2024\/07\/Wholesale-Vozol-Star-20000-Puffs-Disposable-Vape-Tropical-Blast-247x247.webp 247w, https:\/\/www.vapeswholesaler.com\/wp-content\/uploads\/2024\/07\/Wholesale-Vozol-Star-20000-Puffs-Disposable-Vape-Tropical-Blast-510x510.webp 510w, https:\/\/www.vapeswholesaler.com\/wp-content\/uploads\/2024\/07\/Wholesale-Vozol-Star-20000-Puffs-Disposable-Vape-Tropical-Blast-100x100.webp 100w\" sizes=\"auto, (max-width: 800px) 100vw, 800px\" \/><figcaption id=\"caption-attachment-18009\" class=\"wp-caption-text\">Partihandel Vozol Star 20000 Puffs Eng\u00e5ngs Vape<\/figcaption><\/figure>","protected":false},"excerpt":{"rendered":"<p>Minsta orderkvantitet:\u00a0<strong>50 st<\/strong>\u00a0(Blanda smaker)\u00a0\u00a0<strong>Fri frakt<\/strong><\/p>\n<p>(<strong>2%, 5% Nic<\/strong>) EU Warehouse Leveranstid 5-6 arbetsdagar<\/p>","protected":false},"featured_media":17992,"comment_status":"open","ping_status":"closed","template":"","meta":[],"product_cat":[15],"product_tag":[373,392,100],"class_list":{"0":"post-18011","1":"product","2":"type-product","3":"status-publish","4":"has-post-thumbnail","6":"product_cat-disposable-vape","7":"product_tag-europe-warehouse","8":"product_tag-vozol","9":"product_tag-20000-puffs","10":"product_brand-vozol","12":"first","13":"instock","14":"shipping-taxable","15":"purchasable","16":"product-type-variable","17":"has-default-attributes"},"aioseo_notices":[],"_links":{"self":[{"href":"https:\/\/www.vapeswholesaler.com\/sv\/wp-json\/wp\/v2\/product\/18011","targetHints":{"allow":["GET"]}}],"collection":[{"href":"https:\/\/www.vapeswholesaler.com\/sv\/wp-json\/wp\/v2\/product"}],"about":[{"href":"https:\/\/www.vapeswholesaler.com\/sv\/wp-json\/wp\/v2\/types\/product"}],"replies":[{"embeddable":true,"href":"https:\/\/www.vapeswholesaler.com\/sv\/wp-json\/wp\/v2\/comments?post=18011"}],"wp:featuredmedia":[{"embeddable":true,"href":"https:\/\/www.vapeswholesaler.com\/sv\/wp-json\/wp\/v2\/media\/17992"}],"wp:attachment":[{"href":"https:\/\/www.vapeswholesaler.com\/sv\/wp-json\/wp\/v2\/media?parent=18011"}],"wp:term":[{"taxonomy":"product_cat","embeddable":true,"href":"https:\/\/www.vapeswholesaler.com\/sv\/wp-json\/wp\/v2\/product_cat?post=18011"},{"taxonomy":"product_tag","embeddable":true,"href":"https:\/\/www.vapeswholesaler.com\/sv\/wp-json\/wp\/v2\/product_tag?post=18011"}],"curies":[{"name":"wp","href":"https:\/\/api.w.org\/{rel}","templated":true}]}}