{"id":17886,"date":"2024-07-04T22:25:22","date_gmt":"2024-07-04T14:25:22","guid":{"rendered":"https:\/\/www.vapeswholesaler.com\/?post_type=product&#038;p=17886"},"modified":"2025-02-23T16:39:23","modified_gmt":"2025-02-23T08:39:23","slug":"grossist-aivono-aim-boom-25000-puffar-engangs-vape","status":"publish","type":"product","link":"https:\/\/www.vapeswholesaler.com\/sv\/produkt\/grossist-aivono-aim-boom-25000-puffar-engangs-vape","title":{"rendered":"Partihandel Aivono Aim Boom 25000 Puffs Eng\u00e5ngs Vape"},"content":{"rendered":"<p><a href=\"https:\/\/www.vapeswholesaler.com\/sv\/produkt_varumarke\/aivono\/\">Aivono<\/a> Aim Boom 25000 Puffs \u00e4r en nyaste tre-sidig sk\u00e4rmdisplay eng\u00e5ngs vape, det \u00e4r ocks\u00e5 en toppniv\u00e5 enhet konstruerad f\u00f6r en exceptionell vapingupplevelse. Den levereras med 18 ml elv\u00e4tska och 0,1,0 ohm-spole, v\u00e4lj mellan 0%\/2%\/5% nikotinkoncentration f\u00f6r att passa dina personliga preferenser och behov. med imponerande 25000 puffar erbjuder denna eng\u00e5ngs vape o\u00f6vertr\u00e4ffad livsl\u00e4ngd och bekv\u00e4mlighet.<\/p>\n<p>Aivono Aim Boom 25000 Puffs drivs av ett p\u00e5litligt 760mAh-batteri, vilket garanterar stabil prestanda under hela dess livsl\u00e4ngd. Den uppladdningsbara Type-C-funktionen s\u00e4kerst\u00e4ller snabb och effektiv laddning, vilket minimerar stillest\u00e5ndstiden. En avancerad tresidig sk\u00e4rmdisplay h\u00e5ller dig informerad om batteritid och e-v\u00e4tskeniv\u00e5er, vilket ger en s\u00f6ml\u00f6s och anv\u00e4ndarv\u00e4nlig upplevelse.<\/p>\n<p>Aivono Aim Boom 25000 Puffs Disposable Vape \u00e4r utformad f\u00f6r b\u00e5de nyb\u00f6rjare och erfarna vapers och kombinerar h\u00f6g kapacitet, anv\u00e4ndarv\u00e4nlighet och avancerad teknik. Dess exceptionella smakleverans och anv\u00e4ndarv\u00e4nliga design g\u00f6r den till ett f\u00f6rstklassigt val p\u00e5 vapingmarknaden.<\/p>\n<h2><strong>Aivono Aim Boom 25000 Puffs Funktion:<\/strong><\/h2>\n<ul>\n<li>Max puffar: 25000<\/li>\n<li>25000 Regulj\u00e4rt l\u00e4ge<\/li>\n<li>15000 Pulsl\u00e4ge<\/li>\n<li>Uppladdningsbart batteri<\/li>\n<li>Kapacitet f\u00f6r e-v\u00e4tska: 28 ml<\/li>\n<li>V\u00e4rldens f\u00f6rsta 3D-kurvade sk\u00e4rm<\/li>\n<li>USB-laddningsport av typ C<\/li>\n<li>0\/2%\/3%\/5% Nic Saltbaserad E-v\u00e4tska<\/li>\n<li>10 l\u00e4ckra smaker<\/li>\n<li>Spole med dubbla n\u00e4t<\/li>\n<\/ul>\n<h2><strong>Smak\u00e4mnen:<\/strong><\/h2>\n<ol>\n<li>Blue Rancher<\/li>\n<li>Blue Razz Ice<\/li>\n<li>Gr\u00f6nt \u00e4pple Druva<\/li>\n<li>Iced Vattenmelon K\u00f6rsb\u00e4r<\/li>\n<li>Melon Citron<\/li>\n<li>Miami Mint<\/li>\n<li>Hallon Persika Lime<\/li>\n<li>Sur Mango Ananas<\/li>\n<li>Jordgubb B-Pop<\/li>\n<li>Vattenmelon-is<\/li>\n<\/ol>\n<h2><strong>F\u00f6rpackningslista:<\/strong><\/h2>\n<p>Singel med litet paket<br \/>\n10 st i en mediuml\u00e5da<br \/>\n200 st per kartong<\/p>\n<p>&nbsp;<\/p>\n<p><img loading=\"lazy\" decoding=\"async\" class=\"alignnone wp-image-17885 size-full\" title=\"Partihandel Aivono Aim Boom 25000 Puffs Eng\u00e5ngs Vape\" src=\"https:\/\/www.vapeswholesaler.com\/wp-content\/uploads\/2024\/07\/Wholesale-Aivono-Aim-Boom-25000-Puffs-Disposable-Vape.webp\" alt=\"Partihandel Aivono Aim Boom 25000 Puffs Eng\u00e5ngs Vape\" width=\"800\" height=\"800\" srcset=\"https:\/\/www.vapeswholesaler.com\/wp-content\/uploads\/2024\/07\/Wholesale-Aivono-Aim-Boom-25000-Puffs-Disposable-Vape.webp 800w, https:\/\/www.vapeswholesaler.com\/wp-content\/uploads\/2024\/07\/Wholesale-Aivono-Aim-Boom-25000-Puffs-Disposable-Vape-300x300.webp 300w, https:\/\/www.vapeswholesaler.com\/wp-content\/uploads\/2024\/07\/Wholesale-Aivono-Aim-Boom-25000-Puffs-Disposable-Vape-150x150.webp 150w, https:\/\/www.vapeswholesaler.com\/wp-content\/uploads\/2024\/07\/Wholesale-Aivono-Aim-Boom-25000-Puffs-Disposable-Vape-768x768.webp 768w, https:\/\/www.vapeswholesaler.com\/wp-content\/uploads\/2024\/07\/Wholesale-Aivono-Aim-Boom-25000-Puffs-Disposable-Vape-12x12.webp 12w, https:\/\/www.vapeswholesaler.com\/wp-content\/uploads\/2024\/07\/Wholesale-Aivono-Aim-Boom-25000-Puffs-Disposable-Vape-247x247.webp 247w, https:\/\/www.vapeswholesaler.com\/wp-content\/uploads\/2024\/07\/Wholesale-Aivono-Aim-Boom-25000-Puffs-Disposable-Vape-510x510.webp 510w, https:\/\/www.vapeswholesaler.com\/wp-content\/uploads\/2024\/07\/Wholesale-Aivono-Aim-Boom-25000-Puffs-Disposable-Vape-100x100.webp 100w\" sizes=\"auto, (max-width: 800px) 100vw, 800px\" \/><\/p>","protected":false},"excerpt":{"rendered":"<p>Minsta orderkvantitet:\u00a0<strong>50 STYCKEN<\/strong>\u00a0(Blanda smaker)\u00a0\u00a0<strong>Fri frakt<\/strong><\/p>\n<p>(<strong>2%, 5% Nic<\/strong>)<\/p>","protected":false},"featured_media":18052,"comment_status":"open","ping_status":"closed","template":"","meta":[],"product_cat":[15],"product_tag":[],"class_list":{"0":"post-17886","1":"product","2":"type-product","3":"status-publish","4":"has-post-thumbnail","6":"product_cat-disposable-vape","7":"product_brand-aivono","9":"first","10":"instock","11":"shipping-taxable","12":"purchasable","13":"product-type-variable","14":"has-default-attributes"},"aioseo_notices":[],"_links":{"self":[{"href":"https:\/\/www.vapeswholesaler.com\/sv\/wp-json\/wp\/v2\/product\/17886","targetHints":{"allow":["GET"]}}],"collection":[{"href":"https:\/\/www.vapeswholesaler.com\/sv\/wp-json\/wp\/v2\/product"}],"about":[{"href":"https:\/\/www.vapeswholesaler.com\/sv\/wp-json\/wp\/v2\/types\/product"}],"replies":[{"embeddable":true,"href":"https:\/\/www.vapeswholesaler.com\/sv\/wp-json\/wp\/v2\/comments?post=17886"}],"wp:featuredmedia":[{"embeddable":true,"href":"https:\/\/www.vapeswholesaler.com\/sv\/wp-json\/wp\/v2\/media\/18052"}],"wp:attachment":[{"href":"https:\/\/www.vapeswholesaler.com\/sv\/wp-json\/wp\/v2\/media?parent=17886"}],"wp:term":[{"taxonomy":"product_cat","embeddable":true,"href":"https:\/\/www.vapeswholesaler.com\/sv\/wp-json\/wp\/v2\/product_cat?post=17886"},{"taxonomy":"product_tag","embeddable":true,"href":"https:\/\/www.vapeswholesaler.com\/sv\/wp-json\/wp\/v2\/product_tag?post=17886"}],"curies":[{"name":"wp","href":"https:\/\/api.w.org\/{rel}","templated":true}]}}