{"id":17842,"date":"2024-07-03T11:28:04","date_gmt":"2024-07-03T03:28:04","guid":{"rendered":"https:\/\/www.vapeswholesaler.com\/?post_type=product&#038;p=17842"},"modified":"2026-04-12T21:17:18","modified_gmt":"2026-04-12T13:17:18","slug":"grossist-vapsolo-super-15000-puffar-engangs-vape","status":"publish","type":"product","link":"https:\/\/www.vapeswholesaler.com\/sv\/produkt\/grossist-vapsolo-super-15000-puffar-engangs-vape","title":{"rendered":"Partihandel Vapsolo Super 15000 Puffs Eng\u00e5ngs Vape"},"content":{"rendered":"<p><a href=\"https:\/\/www.vapeswholesaler.com\/sv\/produkt_varumarke\/vapsolo\/\">Vapsolo<\/a> Super 15000 Puffs \u00e4r en eng\u00e5ngsvape i pennstil, utformad f\u00f6r b\u00e5de nyb\u00f6rjare och erfarna vapare, som kombinerar h\u00f6g kapacitet, anv\u00e4ndarv\u00e4nlighet och avancerad teknik. Dess exceptionella smakleverans och anv\u00e4ndarv\u00e4nliga design g\u00f6r den till ett premiumval p\u00e5 vapingmarknaden.<\/p>\n<p>Enheten inneh\u00f6ll 25 ml e-cigarettjuice och 20 b\u00e4sts\u00e4ljande smaker. Den levereras med ett uppladdningsbart 650mAh batteri och du kan \u00e5nga all din nikotinjuice, en munstycksdesign som g\u00f6r att du kan \u00e5nga v\u00e4tskor med h\u00f6gre nikotininneh\u00e5ll f\u00f6r en fantastisk upplevelse, nikotininneh\u00e5llsniv\u00e5er: 2% 5% f\u00f6r att ge dig en m\u00e4ngd olika alternativ!<\/p>\n<p>Vapsolo hela sortimentet av produkter, vi har lager i Europa, de flesta av de produkter vi har i lager, fulla smaker, till europeiska l\u00e4nder leveranstiden \u00e4r bara 5-6 arbetsdagar, v\u00e4lkommen att vara v\u00e5r partner!<\/p>\n<h2><strong><a href=\"https:\/\/www.facebook.com\/fred.luo.58\">Vapsolo<\/a> Super 15000 puffar Funktioner:<\/strong><\/h2>\n<ul>\n<li>Puffar: 15000 Puffar<\/li>\n<li>4 niv\u00e5er luftfl\u00f6de<\/li>\n<li>Kapacitet f\u00f6r e-v\u00e4tska: 25 ML<\/li>\n<li>Batterikapacitet: 650MAH<\/li>\n<li>N\u00e4tspole<\/li>\n<li>Spolmotst\u00e5nd: 1,0\u03a9<\/li>\n<li>typ-c-port, uppladdningsbar<\/li>\n<\/ul>\n<h2><strong>Smak\u00e4mnen:<\/strong><\/h2>\n<ol>\n<li>Blue Razz<\/li>\n<li>Bl\u00e5b\u00e4rsis<\/li>\n<li>Dubbla \u00e4pplen<\/li>\n<li>Vattenmelon-is<\/li>\n<li>Jordgubb Kiwi<\/li>\n<li>Blandade b\u00e4r<\/li>\n<li>Red Bull<\/li>\n<li>Bl\u00e5b\u00e4r K\u00f6rsb\u00e4r Tranb\u00e4r<\/li>\n<li>Citron Lime<\/li>\n<li>Skittles<\/li>\n<li>Sommardr\u00f6m<\/li>\n<li>Jordgubbar Bananer<\/li>\n<li>Hallon Vattenmelon<\/li>\n<li>Bl\u00e5b\u00e4r K\u00f6rsb\u00e4r Cola<\/li>\n<li>Black Ice Drakfrukt Jordgubb<\/li>\n<li>Jordgubb Vanilj Cola<\/li>\n<li>Rosa lemonad<\/li>\n<li>Jordgubbsis<\/li>\n<li>Persika Mango Ananas<\/li>\n<li>Bl\u00e5b\u00e4rs- och svartvinb\u00e4rsis<\/li>\n<li>K\u00e4rlek 66<\/li>\n<li>Cool Mint<\/li>\n<li>Grape Burst<\/li>\n<\/ol>\n<h2><strong>F\u00f6rpackningslista<\/strong><\/h2>\n<p>10cs\/l\u00e5da Vikt<br \/>\n103 g\/st<br \/>\n200 st\/ctn; 21,9 kg\/ctn<br \/>\nKartongstorlek: 44 * 43 * 26.5CM<\/p>\n<p>&nbsp;<\/p>\n<figure id=\"attachment_17823\" aria-describedby=\"caption-attachment-17823\" style=\"width: 800px\" class=\"wp-caption alignnone\"><img loading=\"lazy\" decoding=\"async\" class=\"wp-image-17823 size-full\" title=\"Partihandel Vapsolo Super 15000 Puffs Eng\u00e5ngs Vape 1\" src=\"https:\/\/www.vapeswholesaler.com\/wp-content\/uploads\/2024\/07\/Wholesale-Vapsolo-Super-15000-Puffs-Disposable-Vape-1.webp\" alt=\"Partihandel Vapsolo Super 15000 Puffs Eng\u00e5ngs Vape 1\" width=\"800\" height=\"800\" srcset=\"https:\/\/www.vapeswholesaler.com\/wp-content\/uploads\/2024\/07\/Wholesale-Vapsolo-Super-15000-Puffs-Disposable-Vape-1.webp 800w, https:\/\/www.vapeswholesaler.com\/wp-content\/uploads\/2024\/07\/Wholesale-Vapsolo-Super-15000-Puffs-Disposable-Vape-1-300x300.webp 300w, https:\/\/www.vapeswholesaler.com\/wp-content\/uploads\/2024\/07\/Wholesale-Vapsolo-Super-15000-Puffs-Disposable-Vape-1-150x150.webp 150w, https:\/\/www.vapeswholesaler.com\/wp-content\/uploads\/2024\/07\/Wholesale-Vapsolo-Super-15000-Puffs-Disposable-Vape-1-768x768.webp 768w, https:\/\/www.vapeswholesaler.com\/wp-content\/uploads\/2024\/07\/Wholesale-Vapsolo-Super-15000-Puffs-Disposable-Vape-1-12x12.webp 12w, https:\/\/www.vapeswholesaler.com\/wp-content\/uploads\/2024\/07\/Wholesale-Vapsolo-Super-15000-Puffs-Disposable-Vape-1-247x247.webp 247w, https:\/\/www.vapeswholesaler.com\/wp-content\/uploads\/2024\/07\/Wholesale-Vapsolo-Super-15000-Puffs-Disposable-Vape-1-510x510.webp 510w, https:\/\/www.vapeswholesaler.com\/wp-content\/uploads\/2024\/07\/Wholesale-Vapsolo-Super-15000-Puffs-Disposable-Vape-1-100x100.webp 100w\" sizes=\"auto, (max-width: 800px) 100vw, 800px\" \/><figcaption id=\"caption-attachment-17823\" class=\"wp-caption-text\">Partihandel Vapsolo Super 15000 Puffs Eng\u00e5ngs Vape<\/figcaption><\/figure>","protected":false},"excerpt":{"rendered":"<p>Minsta orderkvantitet:\u00a0<strong>50 st<\/strong>\u00a0(Blanda smaker)\u00a0\u00a0<strong>Fri frakt<\/strong><\/p>\n<p>(<strong>2%, 5% Nic<\/strong>) EU Warehouse Leveranstid 5-6 arbetsdagar<\/p>","protected":false},"featured_media":17860,"comment_status":"open","ping_status":"closed","template":"","meta":[],"product_cat":[15],"product_tag":[87,373,375],"class_list":{"0":"post-17842","1":"product","2":"type-product","3":"status-publish","4":"has-post-thumbnail","6":"product_cat-disposable-vape","7":"product_tag-vapsolo","8":"product_tag-europe-warehouse","9":"product_tag-15000-puffs","10":"product_brand-vapsolo","12":"first","13":"instock","14":"shipping-taxable","15":"purchasable","16":"product-type-variable","17":"has-default-attributes"},"aioseo_notices":[],"_links":{"self":[{"href":"https:\/\/www.vapeswholesaler.com\/sv\/wp-json\/wp\/v2\/product\/17842","targetHints":{"allow":["GET"]}}],"collection":[{"href":"https:\/\/www.vapeswholesaler.com\/sv\/wp-json\/wp\/v2\/product"}],"about":[{"href":"https:\/\/www.vapeswholesaler.com\/sv\/wp-json\/wp\/v2\/types\/product"}],"replies":[{"embeddable":true,"href":"https:\/\/www.vapeswholesaler.com\/sv\/wp-json\/wp\/v2\/comments?post=17842"}],"wp:featuredmedia":[{"embeddable":true,"href":"https:\/\/www.vapeswholesaler.com\/sv\/wp-json\/wp\/v2\/media\/17860"}],"wp:attachment":[{"href":"https:\/\/www.vapeswholesaler.com\/sv\/wp-json\/wp\/v2\/media?parent=17842"}],"wp:term":[{"taxonomy":"product_cat","embeddable":true,"href":"https:\/\/www.vapeswholesaler.com\/sv\/wp-json\/wp\/v2\/product_cat?post=17842"},{"taxonomy":"product_tag","embeddable":true,"href":"https:\/\/www.vapeswholesaler.com\/sv\/wp-json\/wp\/v2\/product_tag?post=17842"}],"curies":[{"name":"wp","href":"https:\/\/api.w.org\/{rel}","templated":true}]}}