{"id":17773,"date":"2024-07-02T14:15:07","date_gmt":"2024-07-02T06:15:07","guid":{"rendered":"https:\/\/www.vapeswholesaler.com\/?post_type=product&#038;p=17773"},"modified":"2025-03-05T15:49:43","modified_gmt":"2025-03-05T07:49:43","slug":"grossist-original-mr-nic-rocket-18000-puffar-engangs-vape","status":"publish","type":"product","link":"https:\/\/www.vapeswholesaler.com\/sv\/produkt\/grossist-original-mr-nic-rocket-18000-puffar-engangs-vape","title":{"rendered":"Partihandel Original MR NIC ROCKET 18000 Puffs Eng\u00e5ngs vape"},"content":{"rendered":"<p>MR NIC ROCKET 18000 Puffs Digital Display Screen Light Disposable vape \u00e4r en h\u00f6gpresterande enhet designad f\u00f6r vapers som s\u00f6ker b\u00e5de kvalitet och bekv\u00e4mlighet. Med en imponerande kapacitet p\u00e5 18000 puffar garanterar denna eng\u00e5ngs e-cigarett ut\u00f6kad njutning utan frekventa utbyten. Tv\u00e5 l\u00e4gen \u00e4r tillg\u00e4ngliga \uff0c Pulsl\u00e4ge kan vaping 9000 Puffs, Regelbundet l\u00e4ge kan vaping 18000 Puffs.<\/p>\n<p>Anpassa din upplevelse med en rad olika nikotinstyrkor: 0%, 2%, 3% och 5%. Denna variation s\u00e4kerst\u00e4ller att du kan hitta den perfekta balansen som passar dina preferenser. MR NIC ROCKET 18000 drivs av ett 650mah-batteri och ger l\u00e5ngvarig prestanda, och den uppladdningsbara Type-C-porten garanterar snabb och effektiv laddning.<\/p>\n<h2><strong><a href=\"https:\/\/www.vapeswholesaler.com\/sv\/produkt_varumarke\/mr-nic\/\">MR NIC<\/a> ROCKET 18000 Puffs Egenskaper:<\/strong><\/h2>\n<ul>\n<li>Digital displaysk\u00e4rm visar<\/li>\n<li>Raketen lyfter n\u00e4r du vaping power Light stiger upp n\u00e4r du laddar<\/li>\n<li>0\/2\/3\/5%Nikotinsalt.<\/li>\n<li>20ML av E-liquid.<\/li>\n<li>Dubbel &amp; enkel n\u00e4tspole Upps\u00e4ttning.<\/li>\n<li>10 olika smaker tillg\u00e4ngliga.<\/li>\n<li>Uppladdningsbart batteri.<\/li>\n<li>Typ C-laddning<\/li>\n<li>Integrerat 650mAh-batteri.<\/li>\n<\/ul>\n<h2><strong>Smak\u00e4mnen:<\/strong><\/h2>\n<ol>\n<li>Cool Mint<\/li>\n<li>Svarta vinb\u00e4r Druva<\/li>\n<li>Miami Berry<\/li>\n<li>Red Apple Ice<\/li>\n<li>Alphonso Mango Is<\/li>\n<li>Jordgubbar Vattenmelon<\/li>\n<li>Dragon Fruit Lemonade<\/li>\n<li>Bl\u00e5b\u00e4rs-jordgubbs-is<\/li>\n<li>Guava Kiwi Passionsfrukt<\/li>\n<li>Banan K\u00f6rsb\u00e4r<\/li>\n<\/ol>\n<h2><strong>F\u00f6rpackningslista:<\/strong><\/h2>\n<p>5 st i en displayl\u00e5da.<br \/>\n200 st i en kartong.<br \/>\nKartongens vikt: 18KG<\/p>\n<p><img loading=\"lazy\" decoding=\"async\" class=\"alignnone wp-image-17759 size-full\" title=\"Partihandel Original MR NIC ROCKET 18000 Puffs Eng\u00e5ngs vape 8\" src=\"https:\/\/www.vapeswholesaler.com\/wp-content\/uploads\/2024\/07\/Wholesale-Original-MR-NIC-ROCKET-18000-Puffs-Disposable-vape-8.webp\" alt=\"Partihandel Original MR NIC ROCKET 18000 Puffs Eng\u00e5ngs vape 8\" width=\"800\" height=\"800\" srcset=\"https:\/\/www.vapeswholesaler.com\/wp-content\/uploads\/2024\/07\/Wholesale-Original-MR-NIC-ROCKET-18000-Puffs-Disposable-vape-8.webp 800w, https:\/\/www.vapeswholesaler.com\/wp-content\/uploads\/2024\/07\/Wholesale-Original-MR-NIC-ROCKET-18000-Puffs-Disposable-vape-8-300x300.webp 300w, https:\/\/www.vapeswholesaler.com\/wp-content\/uploads\/2024\/07\/Wholesale-Original-MR-NIC-ROCKET-18000-Puffs-Disposable-vape-8-150x150.webp 150w, https:\/\/www.vapeswholesaler.com\/wp-content\/uploads\/2024\/07\/Wholesale-Original-MR-NIC-ROCKET-18000-Puffs-Disposable-vape-8-768x768.webp 768w, https:\/\/www.vapeswholesaler.com\/wp-content\/uploads\/2024\/07\/Wholesale-Original-MR-NIC-ROCKET-18000-Puffs-Disposable-vape-8-12x12.webp 12w, https:\/\/www.vapeswholesaler.com\/wp-content\/uploads\/2024\/07\/Wholesale-Original-MR-NIC-ROCKET-18000-Puffs-Disposable-vape-8-247x247.webp 247w, https:\/\/www.vapeswholesaler.com\/wp-content\/uploads\/2024\/07\/Wholesale-Original-MR-NIC-ROCKET-18000-Puffs-Disposable-vape-8-510x510.webp 510w, https:\/\/www.vapeswholesaler.com\/wp-content\/uploads\/2024\/07\/Wholesale-Original-MR-NIC-ROCKET-18000-Puffs-Disposable-vape-8-100x100.webp 100w\" sizes=\"auto, (max-width: 800px) 100vw, 800px\" \/> <img loading=\"lazy\" decoding=\"async\" class=\"alignnone wp-image-17753 size-full\" title=\"Partihandel Original MR NIC ROCKET 18000 Puffs Eng\u00e5ngs vape 1\" src=\"https:\/\/www.vapeswholesaler.com\/wp-content\/uploads\/2024\/07\/Wholesale-Original-MR-NIC-ROCKET-18000-Puffs-Disposable-vape-1.webp\" alt=\"Partihandel Original MR NIC ROCKET 18000 Puffs Eng\u00e5ngs vape 1\" width=\"800\" height=\"800\" srcset=\"https:\/\/www.vapeswholesaler.com\/wp-content\/uploads\/2024\/07\/Wholesale-Original-MR-NIC-ROCKET-18000-Puffs-Disposable-vape-1.webp 800w, https:\/\/www.vapeswholesaler.com\/wp-content\/uploads\/2024\/07\/Wholesale-Original-MR-NIC-ROCKET-18000-Puffs-Disposable-vape-1-300x300.webp 300w, https:\/\/www.vapeswholesaler.com\/wp-content\/uploads\/2024\/07\/Wholesale-Original-MR-NIC-ROCKET-18000-Puffs-Disposable-vape-1-150x150.webp 150w, https:\/\/www.vapeswholesaler.com\/wp-content\/uploads\/2024\/07\/Wholesale-Original-MR-NIC-ROCKET-18000-Puffs-Disposable-vape-1-768x768.webp 768w, https:\/\/www.vapeswholesaler.com\/wp-content\/uploads\/2024\/07\/Wholesale-Original-MR-NIC-ROCKET-18000-Puffs-Disposable-vape-1-12x12.webp 12w, https:\/\/www.vapeswholesaler.com\/wp-content\/uploads\/2024\/07\/Wholesale-Original-MR-NIC-ROCKET-18000-Puffs-Disposable-vape-1-247x247.webp 247w, https:\/\/www.vapeswholesaler.com\/wp-content\/uploads\/2024\/07\/Wholesale-Original-MR-NIC-ROCKET-18000-Puffs-Disposable-vape-1-510x510.webp 510w, https:\/\/www.vapeswholesaler.com\/wp-content\/uploads\/2024\/07\/Wholesale-Original-MR-NIC-ROCKET-18000-Puffs-Disposable-vape-1-100x100.webp 100w\" sizes=\"auto, (max-width: 800px) 100vw, 800px\" \/><\/p>\n<p>&nbsp;<\/p>\n<p>Partihandel Original MR NIC ROCKET 18000 Puffs Eng\u00e5ngs vape<img loading=\"lazy\" decoding=\"async\" class=\"alignnone wp-image-17760 size-full\" title=\"Partihandel Original MR NIC ROCKET 18000 Puffs Eng\u00e5ngs vape 10\" src=\"https:\/\/www.vapeswholesaler.com\/wp-content\/uploads\/2024\/07\/Wholesale-Original-MR-NIC-ROCKET-18000-Puffs-Disposable-vape-10.jpg\" alt=\"Partihandel Original MR NIC ROCKET 18000 Puffs Eng\u00e5ngs vape 10\" width=\"800\" height=\"880\" srcset=\"https:\/\/www.vapeswholesaler.com\/wp-content\/uploads\/2024\/07\/Wholesale-Original-MR-NIC-ROCKET-18000-Puffs-Disposable-vape-10.jpg 800w, https:\/\/www.vapeswholesaler.com\/wp-content\/uploads\/2024\/07\/Wholesale-Original-MR-NIC-ROCKET-18000-Puffs-Disposable-vape-10-273x300.jpg 273w, https:\/\/www.vapeswholesaler.com\/wp-content\/uploads\/2024\/07\/Wholesale-Original-MR-NIC-ROCKET-18000-Puffs-Disposable-vape-10-768x845.jpg 768w, https:\/\/www.vapeswholesaler.com\/wp-content\/uploads\/2024\/07\/Wholesale-Original-MR-NIC-ROCKET-18000-Puffs-Disposable-vape-10-11x12.jpg 11w, https:\/\/www.vapeswholesaler.com\/wp-content\/uploads\/2024\/07\/Wholesale-Original-MR-NIC-ROCKET-18000-Puffs-Disposable-vape-10-510x561.jpg 510w\" sizes=\"auto, (max-width: 800px) 100vw, 800px\" \/><\/p>","protected":false},"excerpt":{"rendered":"<p>Minsta orderkvantitet:\u00a0<strong>50 STYCKEN<\/strong>\u00a0(Blanda smaker)\u00a0\u00a0<strong>Fri frakt<\/strong><\/p>\n<p>(<strong>2%, 5% Nic<\/strong>)<\/p>","protected":false},"featured_media":17767,"comment_status":"open","ping_status":"closed","template":"","meta":[],"product_cat":[15],"product_tag":[],"class_list":{"0":"post-17773","1":"product","2":"type-product","3":"status-publish","4":"has-post-thumbnail","6":"product_cat-disposable-vape","7":"product_brand-mr-nic","9":"first","10":"instock","11":"shipping-taxable","12":"purchasable","13":"product-type-variable","14":"has-default-attributes"},"aioseo_notices":[],"_links":{"self":[{"href":"https:\/\/www.vapeswholesaler.com\/sv\/wp-json\/wp\/v2\/product\/17773","targetHints":{"allow":["GET"]}}],"collection":[{"href":"https:\/\/www.vapeswholesaler.com\/sv\/wp-json\/wp\/v2\/product"}],"about":[{"href":"https:\/\/www.vapeswholesaler.com\/sv\/wp-json\/wp\/v2\/types\/product"}],"replies":[{"embeddable":true,"href":"https:\/\/www.vapeswholesaler.com\/sv\/wp-json\/wp\/v2\/comments?post=17773"}],"wp:featuredmedia":[{"embeddable":true,"href":"https:\/\/www.vapeswholesaler.com\/sv\/wp-json\/wp\/v2\/media\/17767"}],"wp:attachment":[{"href":"https:\/\/www.vapeswholesaler.com\/sv\/wp-json\/wp\/v2\/media?parent=17773"}],"wp:term":[{"taxonomy":"product_cat","embeddable":true,"href":"https:\/\/www.vapeswholesaler.com\/sv\/wp-json\/wp\/v2\/product_cat?post=17773"},{"taxonomy":"product_tag","embeddable":true,"href":"https:\/\/www.vapeswholesaler.com\/sv\/wp-json\/wp\/v2\/product_tag?post=17773"}],"curies":[{"name":"wp","href":"https:\/\/api.w.org\/{rel}","templated":true}]}}