{"id":17716,"date":"2024-07-02T11:56:23","date_gmt":"2024-07-02T03:56:23","guid":{"rendered":"https:\/\/www.vapeswholesaler.com\/?post_type=product&#038;p=17716"},"modified":"2025-03-05T15:50:37","modified_gmt":"2025-03-05T07:50:37","slug":"grossist-mr-nic-air-15000-puffar-engangs-vape","status":"publish","type":"product","link":"https:\/\/www.vapeswholesaler.com\/sv\/produkt\/grossist-mr-nic-air-15000-puffar-engangs-vape","title":{"rendered":"Partihandel MR NIC AIR 15000 Puffs eng\u00e5ngs vape"},"content":{"rendered":"<p>MR NIC AIR 15000 Puffs Digital Display Screen Light Disposable vape \u00e4r en h\u00f6gpresterande enhet designad f\u00f6r vapers som s\u00f6ker b\u00e5de kvalitet och bekv\u00e4mlighet. Med en imponerande kapacitet p\u00e5 15000 puffar garanterar denna e-cigarett f\u00f6r eng\u00e5ngsbruk l\u00e5ngvarig njutning utan frekventa byten.<\/p>\n<p>MR NIC AIR 15000 Puffs med en avancerad mesh-spolk\u00e4rna, varje puff ger j\u00e4mn och smakfull \u00e5nga. Den gener\u00f6sa 16 ml e-v\u00e4tskekapaciteten m\u00f6jligg\u00f6r l\u00e5ngvariga vaping-sessioner, vilket ger dig gott om m\u00f6jligheter att njuta av dina favoritsmaker.<\/p>\n<p>Anpassa din upplevelse med en rad olika nikotinstyrkor: 0%, 2%, 3% och 5%. Denna variation s\u00e4kerst\u00e4ller att du kan hitta den perfekta balansen som passar dina preferenser. Elf Box DG 12000 drivs av ett 600mah-batteri och ger l\u00e5ngvarig prestanda, och den uppladdningsbara Type-C-porten garanterar snabb och effektiv laddning.<\/p>\n<p>Upplev MR NIC AIR 15000 Puffs LED Display Disposable E-Cigarettes och f\u00f6rh\u00f6j din vapingresa med dess exceptionella prestanda, bekv\u00e4mlighet och anpassningsbara funktioner. Njut av den perfekta kombinationen av teknik och smak med denna innovativa eng\u00e5ngs-e-cigarett.<\/p>\n<h2><strong><a href=\"https:\/\/www.vapeswholesaler.com\/sv\/produkt_varumarke\/mr-nic\/\">MR NIC<\/a> AIR 15000 Puffs Funktioner:<\/strong><\/h2>\n<ul>\n<li>Digital displaysk\u00e4rm Ljus som r\u00f6r sig i cirkel n\u00e4r du vaping.<\/li>\n<li>0\/2\/3\/5%Nikotinsalt.<\/li>\n<li>16ML av E-liquid.<\/li>\n<li>N\u00e4tspole.<\/li>\n<li>15 olika smaker tillg\u00e4ngliga.<\/li>\n<li>Uppladdningsbart batteri.<\/li>\n<li>Typ-C Laddning.<\/li>\n<li>Integrerat 600mAh-batteri.<\/li>\n<\/ul>\n<h2><strong>Smak\u00e4mnen:<\/strong><\/h2>\n<ol>\n<li>Trippelb\u00e4rsis<\/li>\n<li>Tropical Rainbow Blast<\/li>\n<li>Jordgubbar Bananer<\/li>\n<li>Dragon Melon<\/li>\n<li>Kiwi Passion Fuava<\/li>\n<li>Bl\u00e5b\u00e4rsis<\/li>\n<li>Miami Mint<\/li>\n<li>Kalifornien K\u00f6rsb\u00e4r<\/li>\n<li>Vattenmelon-is<\/li>\n<li>Dubbla \u00e4pplen<\/li>\n<li>Jordgubb Mango<\/li>\n<li>Jordgubb Vattenmelon \u00c4pple<\/li>\n<li>R\u00f6d energi is<\/li>\n<li>Honungsdagg Vattenmelon Passionsfrukt<\/li>\n<li>Druva Blowpop<\/li>\n<\/ol>\n<h2><strong>F\u00f6rpackningslista:<\/strong><\/h2>\n<p>10 st i en displayl\u00e5da.<br \/>\n200 st i en kartong.<br \/>\nKartongvikt: 14.50KG<\/p>\n<p><img loading=\"lazy\" decoding=\"async\" class=\"alignnone wp-image-17696 size-full\" title=\"Partihandel MR NIC AIR 15000 Puffs eng\u00e5ngs vape 4\" src=\"https:\/\/www.vapeswholesaler.com\/wp-content\/uploads\/2024\/07\/Wholesale-MR-NIC-AIR-15000-Puffs-disposable-vape-4.webp\" alt=\"Partihandel MR NIC AIR 15000 Puffs eng\u00e5ngs vape 4\" width=\"800\" height=\"800\" srcset=\"https:\/\/www.vapeswholesaler.com\/wp-content\/uploads\/2024\/07\/Wholesale-MR-NIC-AIR-15000-Puffs-disposable-vape-4.webp 800w, https:\/\/www.vapeswholesaler.com\/wp-content\/uploads\/2024\/07\/Wholesale-MR-NIC-AIR-15000-Puffs-disposable-vape-4-300x300.webp 300w, https:\/\/www.vapeswholesaler.com\/wp-content\/uploads\/2024\/07\/Wholesale-MR-NIC-AIR-15000-Puffs-disposable-vape-4-150x150.webp 150w, https:\/\/www.vapeswholesaler.com\/wp-content\/uploads\/2024\/07\/Wholesale-MR-NIC-AIR-15000-Puffs-disposable-vape-4-768x768.webp 768w, https:\/\/www.vapeswholesaler.com\/wp-content\/uploads\/2024\/07\/Wholesale-MR-NIC-AIR-15000-Puffs-disposable-vape-4-12x12.webp 12w, https:\/\/www.vapeswholesaler.com\/wp-content\/uploads\/2024\/07\/Wholesale-MR-NIC-AIR-15000-Puffs-disposable-vape-4-247x247.webp 247w, https:\/\/www.vapeswholesaler.com\/wp-content\/uploads\/2024\/07\/Wholesale-MR-NIC-AIR-15000-Puffs-disposable-vape-4-510x510.webp 510w, https:\/\/www.vapeswholesaler.com\/wp-content\/uploads\/2024\/07\/Wholesale-MR-NIC-AIR-15000-Puffs-disposable-vape-4-100x100.webp 100w\" sizes=\"auto, (max-width: 800px) 100vw, 800px\" \/><\/p>","protected":false},"excerpt":{"rendered":"<p>Minsta orderkvantitet:\u00a0<strong>50 STYCKEN<\/strong>\u00a0(Blanda smaker)\u00a0\u00a0<strong>Fri frakt<\/strong><\/p>\n<p>(<strong>2%, 5% Nic<\/strong>)<\/p>","protected":false},"featured_media":17695,"comment_status":"open","ping_status":"closed","template":"","meta":[],"product_cat":[15],"product_tag":[],"class_list":{"0":"post-17716","1":"product","2":"type-product","3":"status-publish","4":"has-post-thumbnail","6":"product_cat-disposable-vape","7":"product_brand-mr-nic","9":"first","10":"instock","11":"shipping-taxable","12":"purchasable","13":"product-type-variable","14":"has-default-attributes"},"aioseo_notices":[],"_links":{"self":[{"href":"https:\/\/www.vapeswholesaler.com\/sv\/wp-json\/wp\/v2\/product\/17716","targetHints":{"allow":["GET"]}}],"collection":[{"href":"https:\/\/www.vapeswholesaler.com\/sv\/wp-json\/wp\/v2\/product"}],"about":[{"href":"https:\/\/www.vapeswholesaler.com\/sv\/wp-json\/wp\/v2\/types\/product"}],"replies":[{"embeddable":true,"href":"https:\/\/www.vapeswholesaler.com\/sv\/wp-json\/wp\/v2\/comments?post=17716"}],"wp:featuredmedia":[{"embeddable":true,"href":"https:\/\/www.vapeswholesaler.com\/sv\/wp-json\/wp\/v2\/media\/17695"}],"wp:attachment":[{"href":"https:\/\/www.vapeswholesaler.com\/sv\/wp-json\/wp\/v2\/media?parent=17716"}],"wp:term":[{"taxonomy":"product_cat","embeddable":true,"href":"https:\/\/www.vapeswholesaler.com\/sv\/wp-json\/wp\/v2\/product_cat?post=17716"},{"taxonomy":"product_tag","embeddable":true,"href":"https:\/\/www.vapeswholesaler.com\/sv\/wp-json\/wp\/v2\/product_tag?post=17716"}],"curies":[{"name":"wp","href":"https:\/\/api.w.org\/{rel}","templated":true}]}}