{"id":17380,"date":"2024-06-28T13:51:16","date_gmt":"2024-06-28T05:51:16","guid":{"rendered":"https:\/\/www.vapeswholesaler.com\/?post_type=product&#038;p=17380"},"modified":"2025-08-13T15:38:50","modified_gmt":"2025-08-13T07:38:50","slug":"grossist-original-vapsolo-tvillingar-20000-puffar-engangs-vape","status":"publish","type":"product","link":"https:\/\/www.vapeswholesaler.com\/sv\/produkt\/grossist-original-vapsolo-tvillingar-20000-puffar-engangs-vape","title":{"rendered":"Partihandel Original Vapsolo Twins 20000 Puffs Eng\u00e5ngs vape"},"content":{"rendered":"<p><a href=\"https:\/\/www.vapeswholesaler.com\/sv\/produkt_varumarke\/vapsolo\/\">Vapsolo<\/a> Twins 20000 Puffs Disposable Vapes representerar toppen av vapingtekniken, med bekv\u00e4mlighet, prestanda och exceptionell smak, dessa vapes med h\u00f6g kapacitet \u00e4r perfekta f\u00f6r b\u00e5de avslappnade anv\u00e4ndare och entusiaster, en enhet 2 olika smaker att byta f\u00f6r att s\u00e4kerst\u00e4lla en \u00f6verl\u00e4gsen vapingupplevelse.<\/p>\n<p>Enheten har en imponerande 25ML e-liquid-kapacitet och ett robust 650MAH-batteri, uppladdningsbart via en typ-C-port. Denna kombination m\u00f6jligg\u00f6r upp till 20000 puffar, vilket avsev\u00e4rt minskar behovet av frekvent laddning eller p\u00e5fyllning. Den 0,6\u03a9 mesh coil-tekniken s\u00e4kerst\u00e4ller konsekvent \u00e5ngproduktion och \u00f6verl\u00e4gsen smak, vilket g\u00f6r varje bloss tillfredsst\u00e4llande. den integrerade LED-displayen \u00e4r en framst\u00e5ende funktion, s\u00e5 att anv\u00e4ndarna enkelt kan \u00f6vervaka anv\u00e4ndning och batteritid. Dessutom erbjuder det justerbara luftfl\u00f6det en skr\u00e4ddarsydd vapingupplevelse som tillgodoser olika preferenser, oavsett om du f\u00f6redrar en t\u00e4t dragning eller en mer \u00f6ppen inandning.<\/p>\n<h2><strong><a href=\"https:\/\/www.facebook.com\/fred.luo.58\">Vapsolo<\/a> Twins 20000 Puffs Funktioner:<\/strong><\/h2>\n<ul>\n<li>25 ML f\u00f6r l\u00e5ngvarig anv\u00e4ndning<\/li>\n<li>650MAH, uppladdningsbar via typ-C-port<\/li>\n<li>Avancerad spolteknik med 0,6\u03a9 motst\u00e5nd f\u00f6r optimal \u00e5ngproduktion<\/li>\n<li>\u00d6vervaka enkelt din anv\u00e4ndning och batteritid<\/li>\n<li>Bekv\u00e4m och hygienisk, perfekt f\u00f6r anv\u00e4ndning i farten<\/li>\n<li>Finns i 2%- och 5%-alternativ f\u00f6r att tillgodose olika preferenser<\/li>\n<li>Justerbar f\u00f6r en skr\u00e4ddarsydd vapingupplevelse<\/li>\n<\/ul>\n<h2><strong>Smak\u00e4mnen:<\/strong><\/h2>\n<p>11. Lemon Lime &amp; Watermelon Ice<br \/>\n12. Grape Ice &amp; Strawberry Kiwi<br \/>\n13. Pineapple Coconut &amp; Strawberry Banana<br \/>\n14. Orange Mango Watermelon &amp; Red Bull<br \/>\n15. Blueberry Ice &amp; Fizzy Cherry<br \/>\n16. Watermelon Ice &amp; Mixed Berry<br \/>\n17. Strawberry Banana &amp; Fizzy Cherry<br \/>\n18. Strawberry Raspberry Cherry Ice &amp; Grape Ice<br \/>\n19. Blue Razz Lemonade &amp; Lemon Lime<br \/>\n20. Watermelon Ice &amp; Strawberry Mango<br \/>\n21. Triple Melon &amp; Raspberry Watermelon<br \/>\n22. Black ice Dragon Fruit Strawberry &amp; Raspberry Watermelon<br \/>\n23. Pineapple Coconut &amp; Watermelon Ice<br \/>\n24. Strawberry Ice &amp; Mango Peach Watermelon<br \/>\n25. Strawberry Kiwi &amp; Strawberry Raspberry Cherry Ice<br \/>\n26. Triple Melon &amp; Pineapple Coconut<br \/>\n27. Cherry Cola &amp; Juicy Peach Ice<br \/>\n28. Strawberry Watermelon &amp; Gummy Bear<br \/>\n29. Blueberry Blackcurrant &amp; Grapefruit Refresher<br \/>\n30. Passion Fruit Mojito &amp; Triple Mint<\/p>\n<h2><strong>F\u00f6rpackningslista\uff1a.<\/strong><\/h2>\n<p>10 st\/l\u00e5da Vikt: 108 g\/st<br \/>\n200 st\/ctn: 23,3 kg\/ctn<br \/>\nKartongstorlek: 44 * 43 * 26.5CM<\/p>\n<p><img loading=\"lazy\" decoding=\"async\" class=\"wp-image-21751 size-full\" title=\"Partihandel Original Vapsolo Twins 20K Puffs Eng\u00e5ngs vape 15\" src=\"https:\/\/www.vapeswholesaler.com\/wp-content\/uploads\/2024\/06\/Wholesale-Original-Vapsolo-Twins-20K-Puffs-Disposable-vape-15.webp\" alt=\"Partihandel Original Vapsolo Twins 20K Puffs Eng\u00e5ngs vape 15\" width=\"800\" height=\"700\" srcset=\"https:\/\/www.vapeswholesaler.com\/wp-content\/uploads\/2024\/06\/Wholesale-Original-Vapsolo-Twins-20K-Puffs-Disposable-vape-15.webp 800w, https:\/\/www.vapeswholesaler.com\/wp-content\/uploads\/2024\/06\/Wholesale-Original-Vapsolo-Twins-20K-Puffs-Disposable-vape-15-300x263.webp 300w, https:\/\/www.vapeswholesaler.com\/wp-content\/uploads\/2024\/06\/Wholesale-Original-Vapsolo-Twins-20K-Puffs-Disposable-vape-15-768x672.webp 768w, https:\/\/www.vapeswholesaler.com\/wp-content\/uploads\/2024\/06\/Wholesale-Original-Vapsolo-Twins-20K-Puffs-Disposable-vape-15-14x12.webp 14w, https:\/\/www.vapeswholesaler.com\/wp-content\/uploads\/2024\/06\/Wholesale-Original-Vapsolo-Twins-20K-Puffs-Disposable-vape-15-510x446.webp 510w\" sizes=\"auto, (max-width: 800px) 100vw, 800px\" \/><\/p>\n<figure id=\"attachment_18889\" aria-describedby=\"caption-attachment-18889\" style=\"width: 800px\" class=\"wp-caption alignnone\"><img loading=\"lazy\" decoding=\"async\" class=\"wp-image-18889\" title=\"Partihandel Original Vapsolo Twins 20K Puffs Eng\u00e5ngs vape 2\" src=\"https:\/\/www.vapeswholesaler.com\/wp-content\/uploads\/2024\/06\/Wholesale-Original-Vapsolo-Twins-20K-Puffs-Disposable-vape-2-1.webp\" alt=\"Partihandel Original Vapsolo Twins 20K Puffs Eng\u00e5ngs vape 2\" width=\"800\" height=\"800\" srcset=\"https:\/\/www.vapeswholesaler.com\/wp-content\/uploads\/2024\/06\/Wholesale-Original-Vapsolo-Twins-20K-Puffs-Disposable-vape-2-1.webp 600w, https:\/\/www.vapeswholesaler.com\/wp-content\/uploads\/2024\/06\/Wholesale-Original-Vapsolo-Twins-20K-Puffs-Disposable-vape-2-1-300x300.webp 300w, https:\/\/www.vapeswholesaler.com\/wp-content\/uploads\/2024\/06\/Wholesale-Original-Vapsolo-Twins-20K-Puffs-Disposable-vape-2-1-150x150.webp 150w, https:\/\/www.vapeswholesaler.com\/wp-content\/uploads\/2024\/06\/Wholesale-Original-Vapsolo-Twins-20K-Puffs-Disposable-vape-2-1-12x12.webp 12w, https:\/\/www.vapeswholesaler.com\/wp-content\/uploads\/2024\/06\/Wholesale-Original-Vapsolo-Twins-20K-Puffs-Disposable-vape-2-1-247x247.webp 247w, https:\/\/www.vapeswholesaler.com\/wp-content\/uploads\/2024\/06\/Wholesale-Original-Vapsolo-Twins-20K-Puffs-Disposable-vape-2-1-510x510.webp 510w, https:\/\/www.vapeswholesaler.com\/wp-content\/uploads\/2024\/06\/Wholesale-Original-Vapsolo-Twins-20K-Puffs-Disposable-vape-2-1-100x100.webp 100w\" sizes=\"auto, (max-width: 800px) 100vw, 800px\" \/><figcaption id=\"caption-attachment-18889\" class=\"wp-caption-text\">Partihandel Original Vapsolo Twins 20K Puffs Eng\u00e5ngs vape<\/figcaption><\/figure>\n<p>&nbsp;<\/p>","protected":false},"excerpt":{"rendered":"<p>Minsta orderkvantitet:\u00a0<strong>50 st<\/strong>\u00a0(Blanda smaker)\u00a0\u00a0<strong>Fri frakt<\/strong><\/p>\n<p>(<strong>2%, 5% Nic<\/strong>) EU Warehouse Leveranstid 5-6 arbetsdagar<\/p>","protected":false},"featured_media":21750,"comment_status":"open","ping_status":"closed","template":"","meta":[],"product_cat":[15],"product_tag":[87,100,369,373],"class_list":{"0":"post-17380","1":"product","2":"type-product","3":"status-publish","4":"has-post-thumbnail","6":"product_cat-disposable-vape","7":"product_tag-vapsolo","8":"product_tag-20000-puffs","9":"product_tag-dual-flavors","10":"product_tag-europe-warehouse","11":"product_brand-vapsolo","13":"first","14":"outofstock","15":"shipping-taxable","16":"purchasable","17":"product-type-variable","18":"has-default-attributes"},"aioseo_notices":[],"_links":{"self":[{"href":"https:\/\/www.vapeswholesaler.com\/sv\/wp-json\/wp\/v2\/product\/17380","targetHints":{"allow":["GET"]}}],"collection":[{"href":"https:\/\/www.vapeswholesaler.com\/sv\/wp-json\/wp\/v2\/product"}],"about":[{"href":"https:\/\/www.vapeswholesaler.com\/sv\/wp-json\/wp\/v2\/types\/product"}],"replies":[{"embeddable":true,"href":"https:\/\/www.vapeswholesaler.com\/sv\/wp-json\/wp\/v2\/comments?post=17380"}],"wp:featuredmedia":[{"embeddable":true,"href":"https:\/\/www.vapeswholesaler.com\/sv\/wp-json\/wp\/v2\/media\/21750"}],"wp:attachment":[{"href":"https:\/\/www.vapeswholesaler.com\/sv\/wp-json\/wp\/v2\/media?parent=17380"}],"wp:term":[{"taxonomy":"product_cat","embeddable":true,"href":"https:\/\/www.vapeswholesaler.com\/sv\/wp-json\/wp\/v2\/product_cat?post=17380"},{"taxonomy":"product_tag","embeddable":true,"href":"https:\/\/www.vapeswholesaler.com\/sv\/wp-json\/wp\/v2\/product_tag?post=17380"}],"curies":[{"name":"wp","href":"https:\/\/api.w.org\/{rel}","templated":true}]}}