{"id":16997,"date":"2024-06-21T15:01:44","date_gmt":"2024-06-21T07:01:44","guid":{"rendered":"https:\/\/www.vapeswholesaler.com\/?post_type=product&#038;p=16997"},"modified":"2025-11-10T18:14:07","modified_gmt":"2025-11-10T10:14:07","slug":"grossist-fumot-tornado-20000-puffar-engangs-vape","status":"publish","type":"product","link":"https:\/\/www.vapeswholesaler.com\/sv\/produkt\/grossist-fumot-tornado-20000-puffar-engangs-vape","title":{"rendered":"Partihandel Fumot Tornado 20000 Puffs eng\u00e5ngs vape"},"content":{"rendered":"<p><a href=\"https:\/\/www.vapeswholesaler.com\/sv\/produkt_varumarke\/randm\/\">Fumot<\/a> Tornado 20000 Puffs \u00e4r en eng\u00e5ngs vape-enhet med dubbla Mesh Coils och en smart LED-sk\u00e4rm. den \u00e4r fylld med 20 ml e-v\u00e4tska och kan puffas upp till 20000 g\u00e5nger, Tornado 20000 har 4 nikotinstyrkor 0%,2%,3% och 5% och 30 smaker som du kan v\u00e4lja mellan, Den levereras med en snabbladdande typ-c-port l\u00e4ngst ner p\u00e5 enheten f\u00f6r att s\u00e4kerst\u00e4lla att du alltid anv\u00e4nder den sista droppen e-v\u00e4tska i din tank.<\/p>\n<p>LED-smart display ger information i realtid, s\u00e5 att vapers kan se importdetaljer p\u00e5 ett \u00f6gonblick, displayen visar batteritid och e-v\u00e4tskeniv\u00e5. detta bidrar inte bara till den futuristiska k\u00e4nslan, det f\u00f6rb\u00e4ttrar ocks\u00e5 den \u00f6vergripande anv\u00e4ndarupplevelsen, vilket g\u00f6r det enkelt att sp\u00e5ra anv\u00e4ndning och veta n\u00e4r du ska ladda.h\u00e5ll dig informerad och i kontroll med v\u00e5ra eng\u00e5ngscigaretter med LED-display.<\/p>\n<p>Eng\u00e5ngsvapen anv\u00e4nder ett v\u00e4rmeelement med tv\u00e5 lager n\u00e4tmaterial, vilket skapar en st\u00f6rre yta f\u00f6r e-v\u00e4tskan att komma i kontakt med och v\u00e4rma j\u00e4mnt, vilket resulterar i en mjukare och mer tillfredsst\u00e4llande smak samt en mer stabil smak under hela vapnets livsl\u00e4ngd.<\/p>\n<p>Fumot Tornado 20000 Puffs USB Type-C \u00e4r den senaste universella standarden f\u00f6r tr\u00e5dbunden anslutning av smarta enheter, med ett inbyggt 900mah uppladdningsbart batteri, kan laddas n\u00e5gra g\u00e5nger, s\u00e5 att du inte sitter fast med en d\u00f6d eng\u00e5ngsartikel innan e-v\u00e4tskan tar slut<\/p>\n<h2><strong><a href=\"https:\/\/www.facebook.com\/fred.luo.58\/\">Fumot<\/a> Tornado 20000 puff Funktioner<\/strong><\/h2>\n<ul>\n<li>5% Nikotin<\/li>\n<li>900mah uppladdningsbart batteri<\/li>\n<li>Puffar:20000 puffar<\/li>\n<li>Kapacitet:20ml<\/li>\n<li>display med olje- och batteriindikator<\/li>\n<li>typ-c-port<\/li>\n<li>20 tillg\u00e4ngliga smaker<\/li>\n<li>dubbel mesh<\/li>\n<li>160 st i en kartong.<\/li>\n<\/ul>\n<p>&nbsp;<\/p>\n<h2><strong>Smak\u00e4mnen:<\/strong><\/h2>\n<p>1.Cola Ice<br \/>\n2.Blueberry On Ice<br \/>\n3.Strawberry Ice<br \/>\n4.Strawberry Kiwi<br \/>\n5.Cotton Candy<br \/>\n6.Cherry Lime<br \/>\n7.Pineapple Lemon Green Apple<br \/>\n8.Banana Cake<br \/>\n9.Blueberry Raspberry<br \/>\n10.Peach Pineapple Orange<br \/>\n11.Strawberry Watermelon<br \/>\n12.Mr Blue<br \/>\n13.Kiwi Passion Fruit Guava<br \/>\n14.Cool Mint<br \/>\n15.Cherry Cola<br \/>\n16.Blueberry Sour Raspberry<br \/>\n17.Cola Lemon<br \/>\n18.Blackcurrant Apple<br \/>\n19.Blue Razz<br \/>\n20.Skittles<br \/>\n21.Pina Colada<br \/>\n22.Mixed Berry<br \/>\n23.Cactus Kiwi<br \/>\n24.Strawberry Ice Cream<br \/>\n25.Pear Ice<br \/>\n26.Lychee Hami Melon<br \/>\n27.Peach Mango Watermelon<br \/>\n28.Blueberry Raspberry Hard Candy<\/p>\n<figure id=\"attachment_19024\" aria-describedby=\"caption-attachment-19024\" style=\"width: 1600px\" class=\"wp-caption alignnone\"><img loading=\"lazy\" decoding=\"async\" class=\"wp-image-19024 size-full\" title=\"Partihandel Fumot Tornado 20000 Puffs eng\u00e5ngs vape 11\" src=\"https:\/\/www.vapeswholesaler.com\/wp-content\/uploads\/2024\/08\/Wholesale-Fumot-Tornado-20000-Puffs-disposable-vape-11.webp\" alt=\"Partihandel Fumot Tornado 20000 Puffs eng\u00e5ngs vape 11\" width=\"1600\" height=\"1025\" srcset=\"https:\/\/www.vapeswholesaler.com\/wp-content\/uploads\/2024\/08\/Wholesale-Fumot-Tornado-20000-Puffs-disposable-vape-11.webp 1600w, https:\/\/www.vapeswholesaler.com\/wp-content\/uploads\/2024\/08\/Wholesale-Fumot-Tornado-20000-Puffs-disposable-vape-11-300x192.webp 300w, https:\/\/www.vapeswholesaler.com\/wp-content\/uploads\/2024\/08\/Wholesale-Fumot-Tornado-20000-Puffs-disposable-vape-11-1024x656.webp 1024w, https:\/\/www.vapeswholesaler.com\/wp-content\/uploads\/2024\/08\/Wholesale-Fumot-Tornado-20000-Puffs-disposable-vape-11-768x492.webp 768w, https:\/\/www.vapeswholesaler.com\/wp-content\/uploads\/2024\/08\/Wholesale-Fumot-Tornado-20000-Puffs-disposable-vape-11-1536x984.webp 1536w, https:\/\/www.vapeswholesaler.com\/wp-content\/uploads\/2024\/08\/Wholesale-Fumot-Tornado-20000-Puffs-disposable-vape-11-18x12.webp 18w, https:\/\/www.vapeswholesaler.com\/wp-content\/uploads\/2024\/08\/Wholesale-Fumot-Tornado-20000-Puffs-disposable-vape-11-510x327.webp 510w\" sizes=\"auto, (max-width: 1600px) 100vw, 1600px\" \/><figcaption id=\"caption-attachment-19024\" class=\"wp-caption-text\">Partihandel Fumot Tornado 20000 Puffs eng\u00e5ngs vape<\/figcaption><\/figure>\n<p><img loading=\"lazy\" decoding=\"async\" class=\"alignnone wp-image-19022 size-full\" title=\"Partihandel Fumot Tornado 20000 Puffs eng\u00e5ngs vape 9\" src=\"https:\/\/www.vapeswholesaler.com\/wp-content\/uploads\/2024\/08\/Wholesale-Fumot-Tornado-20000-Puffs-disposable-vape-9.webp\" alt=\"Partihandel Fumot Tornado 20000 Puffs eng\u00e5ngs vape 9\" width=\"700\" height=\"700\" srcset=\"https:\/\/www.vapeswholesaler.com\/wp-content\/uploads\/2024\/08\/Wholesale-Fumot-Tornado-20000-Puffs-disposable-vape-9.webp 700w, https:\/\/www.vapeswholesaler.com\/wp-content\/uploads\/2024\/08\/Wholesale-Fumot-Tornado-20000-Puffs-disposable-vape-9-300x300.webp 300w, https:\/\/www.vapeswholesaler.com\/wp-content\/uploads\/2024\/08\/Wholesale-Fumot-Tornado-20000-Puffs-disposable-vape-9-150x150.webp 150w, https:\/\/www.vapeswholesaler.com\/wp-content\/uploads\/2024\/08\/Wholesale-Fumot-Tornado-20000-Puffs-disposable-vape-9-12x12.webp 12w, https:\/\/www.vapeswholesaler.com\/wp-content\/uploads\/2024\/08\/Wholesale-Fumot-Tornado-20000-Puffs-disposable-vape-9-247x247.webp 247w, https:\/\/www.vapeswholesaler.com\/wp-content\/uploads\/2024\/08\/Wholesale-Fumot-Tornado-20000-Puffs-disposable-vape-9-510x510.webp 510w, https:\/\/www.vapeswholesaler.com\/wp-content\/uploads\/2024\/08\/Wholesale-Fumot-Tornado-20000-Puffs-disposable-vape-9-100x100.webp 100w\" sizes=\"auto, (max-width: 700px) 100vw, 700px\" \/> <img loading=\"lazy\" decoding=\"async\" class=\"alignnone wp-image-19021 size-full\" title=\"Partihandel Fumot Tornado 20000 Puffs eng\u00e5ngs vape 8\" src=\"https:\/\/www.vapeswholesaler.com\/wp-content\/uploads\/2024\/08\/Wholesale-Fumot-Tornado-20000-Puffs-disposable-vape-8.webp\" alt=\"Partihandel Fumot Tornado 20000 Puffs eng\u00e5ngs vape 8\" width=\"700\" height=\"700\" srcset=\"https:\/\/www.vapeswholesaler.com\/wp-content\/uploads\/2024\/08\/Wholesale-Fumot-Tornado-20000-Puffs-disposable-vape-8.webp 700w, https:\/\/www.vapeswholesaler.com\/wp-content\/uploads\/2024\/08\/Wholesale-Fumot-Tornado-20000-Puffs-disposable-vape-8-300x300.webp 300w, https:\/\/www.vapeswholesaler.com\/wp-content\/uploads\/2024\/08\/Wholesale-Fumot-Tornado-20000-Puffs-disposable-vape-8-150x150.webp 150w, https:\/\/www.vapeswholesaler.com\/wp-content\/uploads\/2024\/08\/Wholesale-Fumot-Tornado-20000-Puffs-disposable-vape-8-12x12.webp 12w, https:\/\/www.vapeswholesaler.com\/wp-content\/uploads\/2024\/08\/Wholesale-Fumot-Tornado-20000-Puffs-disposable-vape-8-247x247.webp 247w, https:\/\/www.vapeswholesaler.com\/wp-content\/uploads\/2024\/08\/Wholesale-Fumot-Tornado-20000-Puffs-disposable-vape-8-510x510.webp 510w, https:\/\/www.vapeswholesaler.com\/wp-content\/uploads\/2024\/08\/Wholesale-Fumot-Tornado-20000-Puffs-disposable-vape-8-100x100.webp 100w\" sizes=\"auto, (max-width: 700px) 100vw, 700px\" \/><\/p>","protected":false},"excerpt":{"rendered":"<p>Minsta orderkvantitet: <strong>50 ST.<\/strong> (Blanda smaker) Fri frakt<\/p>\n<p>(<strong>2%, 5% Nic<\/strong>) EU Warehouse Leveranstid 5-6 arbetsdagar<\/p>","protected":false},"featured_media":19014,"comment_status":"open","ping_status":"closed","template":"","meta":[],"product_cat":[15],"product_tag":[100,382],"class_list":{"0":"post-16997","1":"product","2":"type-product","3":"status-publish","4":"has-post-thumbnail","6":"product_cat-disposable-vape","7":"product_tag-20000-puffs","8":"product_tag-fumot","9":"product_brand-fumot","11":"first","12":"instock","13":"shipping-taxable","14":"purchasable","15":"product-type-variable","16":"has-default-attributes"},"aioseo_notices":[],"_links":{"self":[{"href":"https:\/\/www.vapeswholesaler.com\/sv\/wp-json\/wp\/v2\/product\/16997","targetHints":{"allow":["GET"]}}],"collection":[{"href":"https:\/\/www.vapeswholesaler.com\/sv\/wp-json\/wp\/v2\/product"}],"about":[{"href":"https:\/\/www.vapeswholesaler.com\/sv\/wp-json\/wp\/v2\/types\/product"}],"replies":[{"embeddable":true,"href":"https:\/\/www.vapeswholesaler.com\/sv\/wp-json\/wp\/v2\/comments?post=16997"}],"wp:featuredmedia":[{"embeddable":true,"href":"https:\/\/www.vapeswholesaler.com\/sv\/wp-json\/wp\/v2\/media\/19014"}],"wp:attachment":[{"href":"https:\/\/www.vapeswholesaler.com\/sv\/wp-json\/wp\/v2\/media?parent=16997"}],"wp:term":[{"taxonomy":"product_cat","embeddable":true,"href":"https:\/\/www.vapeswholesaler.com\/sv\/wp-json\/wp\/v2\/product_cat?post=16997"},{"taxonomy":"product_tag","embeddable":true,"href":"https:\/\/www.vapeswholesaler.com\/sv\/wp-json\/wp\/v2\/product_tag?post=16997"}],"curies":[{"name":"wp","href":"https:\/\/api.w.org\/{rel}","templated":true}]}}