{"id":16879,"date":"2024-06-19T18:31:03","date_gmt":"2024-06-19T10:31:03","guid":{"rendered":"https:\/\/www.vapeswholesaler.com\/?post_type=product&#038;p=16879"},"modified":"2025-11-11T22:57:08","modified_gmt":"2025-11-11T14:57:08","slug":"grossist-raz-dc-25000-puffar-engangs-vape","status":"publish","type":"product","link":"https:\/\/www.vapeswholesaler.com\/sv\/produkt\/grossist-raz-dc-25000-puffar-engangs-vape","title":{"rendered":"Partihandel RAZ DC 25000 Puffs Eng\u00e5ngs Vape"},"content":{"rendered":"<p>Raz DC 25000 eng\u00e5ngsvape 25K puffar. Denna lysande vapingprodukt tar problemfri vaping till en ny niv\u00e5. Det \u00e4r en fenomenal b\u00e4rbar l\u00f6sning f\u00f6r vape-\u00e4lskare p\u00e5 alla erfarenhetsniv\u00e5er. Med en snygg, ergonomisk design, l\u00e5ngvarigt batteri och massor av h\u00e4rligt kreativa e-v\u00e4tskor att v\u00e4lja mellan, \u00e4r Raz DC 25000 Vape det perfekta valet f\u00f6r upptagna m\u00e4nniskor n\u00e4r som helst, var som helst.<\/p>\n<h2><strong>RAZ DC 25000 Funktion:<\/strong><\/h2>\n<p>Ungef\u00e4rliga puffar: ~25000 puffar<br \/>\nNikotin: 5% | 50mgE-V\u00e4tskekapacitet: 16ml<br \/>\nBatteri: 800mAh USB typ C uppladdningsbart<br \/>\nTv\u00e5 vapingl\u00e4gen: Regular (~25 000 puffar) | Boost (~15 000 puffar)<br \/>\nMega HD-sk\u00e4rm med batteri- och e-v\u00e4tskeindikator, vapinganimation och laddningsanimation<br \/>\nJustering av wattal<br \/>\nLjusa och m\u00f6rka l\u00e4gen<br \/>\n\u00c4kta l\u00e4der<br \/>\nSkydd mot kortslutning och \u00f6verladdning<\/p>\n<h2><strong>RAZ DC 25000 Smaker:<\/strong><\/h2>\n<p>Bangin' sura b\u00e4r<br \/>\nBl\u00e5 Raz Ice<br \/>\nBl\u00e5b\u00e4r Vattenmelon<br \/>\nCherry Strapple<br \/>\nGeorgia Peach<br \/>\nIced Blue Dragon<br \/>\nMiami Mint<br \/>\nNattkrypare<br \/>\nHallon Limeade<br \/>\nSurt \u00e4pple vattenmelon<br \/>\nSur vattenmelon persika<br \/>\nStrawberry Burst<br \/>\nJordgubb Apelsin Tang<br \/>\nVattenmelon-is<br \/>\nVintergr\u00f6n<\/p>\n<h2><strong>F\u00f6rpackningslista:<\/strong><\/h2>\n<p>1st enkelbox<br \/>\n10 st varje Mellanl\u00e5da<\/p>\n<p>&nbsp;<\/p>\n<figure id=\"attachment_16877\" aria-describedby=\"caption-attachment-16877\" style=\"width: 800px\" class=\"wp-caption alignnone\"><img loading=\"lazy\" decoding=\"async\" class=\"wp-image-16877 size-full\" title=\"Partihandel RAZ DC 25000 Puffs Eng\u00e5ngs Vape 9\" src=\"https:\/\/www.vapeswholesaler.com\/wp-content\/uploads\/2024\/06\/Wholesale-RAZ-DC-25000-Puffs-Disposable-Vape-9.webp\" alt=\"Partihandel RAZ DC 25000 Puffs Eng\u00e5ngs Vape 9\" width=\"800\" height=\"800\" srcset=\"https:\/\/www.vapeswholesaler.com\/wp-content\/uploads\/2024\/06\/Wholesale-RAZ-DC-25000-Puffs-Disposable-Vape-9.webp 800w, https:\/\/www.vapeswholesaler.com\/wp-content\/uploads\/2024\/06\/Wholesale-RAZ-DC-25000-Puffs-Disposable-Vape-9-300x300.webp 300w, https:\/\/www.vapeswholesaler.com\/wp-content\/uploads\/2024\/06\/Wholesale-RAZ-DC-25000-Puffs-Disposable-Vape-9-150x150.webp 150w, https:\/\/www.vapeswholesaler.com\/wp-content\/uploads\/2024\/06\/Wholesale-RAZ-DC-25000-Puffs-Disposable-Vape-9-768x768.webp 768w, https:\/\/www.vapeswholesaler.com\/wp-content\/uploads\/2024\/06\/Wholesale-RAZ-DC-25000-Puffs-Disposable-Vape-9-12x12.webp 12w, https:\/\/www.vapeswholesaler.com\/wp-content\/uploads\/2024\/06\/Wholesale-RAZ-DC-25000-Puffs-Disposable-Vape-9-247x247.webp 247w, https:\/\/www.vapeswholesaler.com\/wp-content\/uploads\/2024\/06\/Wholesale-RAZ-DC-25000-Puffs-Disposable-Vape-9-510x510.webp 510w, https:\/\/www.vapeswholesaler.com\/wp-content\/uploads\/2024\/06\/Wholesale-RAZ-DC-25000-Puffs-Disposable-Vape-9-100x100.webp 100w\" sizes=\"auto, (max-width: 800px) 100vw, 800px\" \/><figcaption id=\"caption-attachment-16877\" class=\"wp-caption-text\">Partihandel RAZ DC 25000 Puffs Eng\u00e5ngs Vape<\/figcaption><\/figure>","protected":false},"excerpt":{"rendered":"<p>Minsta best\u00e4llningskvantitet: 500 st (blandade smaker)\u00a0 <strong>Fri frakt<\/strong><\/p>\n<p>(<strong>2%, 5% Nic<\/strong>)<\/p>","protected":false},"featured_media":16870,"comment_status":"open","ping_status":"closed","template":"","meta":[],"product_cat":[15],"product_tag":[],"class_list":{"0":"post-16879","1":"product","2":"type-product","3":"status-publish","4":"has-post-thumbnail","6":"product_cat-disposable-vape","7":"product_brand-raz","9":"first","10":"outofstock","11":"shipping-taxable","12":"purchasable","13":"product-type-variable","14":"has-default-attributes"},"aioseo_notices":[],"_links":{"self":[{"href":"https:\/\/www.vapeswholesaler.com\/sv\/wp-json\/wp\/v2\/product\/16879","targetHints":{"allow":["GET"]}}],"collection":[{"href":"https:\/\/www.vapeswholesaler.com\/sv\/wp-json\/wp\/v2\/product"}],"about":[{"href":"https:\/\/www.vapeswholesaler.com\/sv\/wp-json\/wp\/v2\/types\/product"}],"replies":[{"embeddable":true,"href":"https:\/\/www.vapeswholesaler.com\/sv\/wp-json\/wp\/v2\/comments?post=16879"}],"wp:featuredmedia":[{"embeddable":true,"href":"https:\/\/www.vapeswholesaler.com\/sv\/wp-json\/wp\/v2\/media\/16870"}],"wp:attachment":[{"href":"https:\/\/www.vapeswholesaler.com\/sv\/wp-json\/wp\/v2\/media?parent=16879"}],"wp:term":[{"taxonomy":"product_cat","embeddable":true,"href":"https:\/\/www.vapeswholesaler.com\/sv\/wp-json\/wp\/v2\/product_cat?post=16879"},{"taxonomy":"product_tag","embeddable":true,"href":"https:\/\/www.vapeswholesaler.com\/sv\/wp-json\/wp\/v2\/product_tag?post=16879"}],"curies":[{"name":"wp","href":"https:\/\/api.w.org\/{rel}","templated":true}]}}