{"id":16798,"date":"2024-06-19T11:42:55","date_gmt":"2024-06-19T03:42:55","guid":{"rendered":"https:\/\/www.vapeswholesaler.com\/?post_type=product&#038;p=16798"},"modified":"2025-03-18T15:01:27","modified_gmt":"2025-03-18T07:01:27","slug":"grossist-vozol-redskap-10000-puffar-engangs-vape","status":"publish","type":"product","link":"https:\/\/www.vapeswholesaler.com\/sv\/produkt\/grossist-vozol-redskap-10000-puffar-engangs-vape","title":{"rendered":"Partihandel Vozol Gear 10000 Puffs Eng\u00e5ngs Vape"},"content":{"rendered":"<p><a href=\"https:\/\/www.vapeswholesaler.com\/sv\/produkt_varumarke\/vozol\/\">Vozol <\/a>Gear 10000 eng\u00e5ngs vape cirka 10000 puffar, anv\u00e4ndning av PCR-material i 65% av enheten, har ett mjukt munstycke Multifunktionellt sp\u00e4nne f\u00f6r ett m\u00e5ngsidigt liv Banbrytande karbinhake-design, sp\u00e4nne i precis som ett sn\u00e4pp.<\/p>\n<p>Avtagbart skydd f\u00f6r munstycke B\u00e4sta l\u00f6sningen f\u00f6r skydd av munstycke. Inte bara att h\u00e5lla hygien enklare utan ocks\u00e5 ta hand om din vana.<\/p>\n<p>Snabbladdning 45 minuter Fulladdad 45 minuter fr\u00e5n 10 uptown 100% fulladdad j\u00e4mf\u00f6rt med normal laddning, 30% snabbare \u00e4n andra.<\/p>\n<p>Touch Outside Silky Inside Silkeslen smak f\u00f6rst\u00e4rkt av n\u00e4tspole, st\u00f6rre men mjukare.<\/p>\n<h2><strong><a href=\"https:\/\/www.facebook.com\/fred.luo.58\/\">Vozol<\/a> Gear 10000 Puffs Feature:<\/strong><\/h2>\n<ul>\n<li>Styrka: 5% Special<\/li>\n<li>USB typ C<\/li>\n<li>Batterikapacitet: 500mAh uppladdningsbart<\/li>\n<li>Kapacitet f\u00f6r e-v\u00e4tska: 20 ml<\/li>\n<li>Vikt: 70g<\/li>\n<\/ul>\n<h2><strong>Smak\u00e4mnen:<\/strong><\/h2>\n<ol>\n<li>Bl\u00e5b\u00e4rsis<\/li>\n<li>Lemon Line<\/li>\n<li>K\u00f6rsb\u00e4rsis<\/li>\n<li>Bj\u00f6rnb\u00e4rsis<\/li>\n<li>Paspberry Tangerine<\/li>\n<li>Tangerin Mango Guava<\/li>\n<li>Blandade b\u00e4r<\/li>\n<li>Sockervadd<\/li>\n<li>Persika is<\/li>\n<li>Jordgubb Kiwi<\/li>\n<li>Grape Ice<\/li>\n<li>Paspberry Vattenmelon<\/li>\n<li>Dubbla \u00e4pplen<\/li>\n<li>Miami Mint<\/li>\n<li>Persika Mango Vattenmelon<\/li>\n<li>Blue Razz Ice<\/li>\n<li>Vattenmelon Ubble Gum<\/li>\n<li>Rosa lemonad<\/li>\n<li>Jordgubbar och paspberry<\/li>\n<li>Bluerazz Citron<\/li>\n<li>Vattenmelon-is<\/li>\n<li>Cedertr\u00e4b\u00e4r<\/li>\n<li>Green Blast<\/li>\n<li>Passionsfrukt Tangerin<\/li>\n<li>Persika Mango Smoothie<\/li>\n<li>Cream Tobacco<\/li>\n<li>Matcha Chocoate Cream<\/li>\n<li>R\u00f6d Mojito<\/li>\n<li>Kiwi Passionsfrukt Guava<\/li>\n<li>Cool Mint<\/li>\n<li>Sur \u00e4pple-is<\/li>\n<li>Skog B\u00e4r Storm<\/li>\n<\/ol>\n<h2><strong>F\u00f6rpackningslista:<\/strong><\/h2>\n<p>1x Vozol Gear Power 20000 Eng\u00e5ngs Vap Single box<br \/>\n5x Vozol Gear Power 20000 Eng\u00e5ngs Vape Mellanl\u00e5da<\/p>\n<figure id=\"attachment_16797\" aria-describedby=\"caption-attachment-16797\" style=\"width: 800px\" class=\"wp-caption alignnone\"><img loading=\"lazy\" decoding=\"async\" class=\"wp-image-16797 size-full\" title=\"Partihandel Vozol Gear 10000 Puffs Eng\u00e5ngs Vape 11\" src=\"https:\/\/www.vapeswholesaler.com\/wp-content\/uploads\/2024\/06\/Wholesale-Vozol-Gear-10000-Puffs-Disposable-Vape-11.webp\" alt=\"Partihandel Vozol Gear 10000 Puffs Eng\u00e5ngs Vape 11\" width=\"800\" height=\"653\" srcset=\"https:\/\/www.vapeswholesaler.com\/wp-content\/uploads\/2024\/06\/Wholesale-Vozol-Gear-10000-Puffs-Disposable-Vape-11.webp 800w, https:\/\/www.vapeswholesaler.com\/wp-content\/uploads\/2024\/06\/Wholesale-Vozol-Gear-10000-Puffs-Disposable-Vape-11-300x245.webp 300w, https:\/\/www.vapeswholesaler.com\/wp-content\/uploads\/2024\/06\/Wholesale-Vozol-Gear-10000-Puffs-Disposable-Vape-11-768x627.webp 768w, https:\/\/www.vapeswholesaler.com\/wp-content\/uploads\/2024\/06\/Wholesale-Vozol-Gear-10000-Puffs-Disposable-Vape-11-15x12.webp 15w, https:\/\/www.vapeswholesaler.com\/wp-content\/uploads\/2024\/06\/Wholesale-Vozol-Gear-10000-Puffs-Disposable-Vape-11-510x416.webp 510w\" sizes=\"auto, (max-width: 800px) 100vw, 800px\" \/><figcaption id=\"caption-attachment-16797\" class=\"wp-caption-text\">Partihandel Vozol Gear 10000 Puffs Eng\u00e5ngs Vape<\/figcaption><\/figure>","protected":false},"excerpt":{"rendered":"<p>Minsta orderkvantitet: <strong>5<em>0 st <\/em><\/strong>(Blanda smaker)<\/p>\n<p>(<strong>5% Nic<\/strong>) \u00a0<strong>EU Warehouse Leveranstid 4-5 arbetsdagar<\/strong><\/p>","protected":false},"featured_media":16794,"comment_status":"open","ping_status":"closed","template":"","meta":[],"product_cat":[15],"product_tag":[378,392],"class_list":{"0":"post-16798","1":"product","2":"type-product","3":"status-publish","4":"has-post-thumbnail","6":"product_cat-disposable-vape","7":"product_tag-10000-puffs","8":"product_tag-vozol","9":"product_brand-vozol","11":"first","12":"outofstock","13":"shipping-taxable","14":"purchasable","15":"product-type-variable","16":"has-default-attributes"},"aioseo_notices":[],"_links":{"self":[{"href":"https:\/\/www.vapeswholesaler.com\/sv\/wp-json\/wp\/v2\/product\/16798","targetHints":{"allow":["GET"]}}],"collection":[{"href":"https:\/\/www.vapeswholesaler.com\/sv\/wp-json\/wp\/v2\/product"}],"about":[{"href":"https:\/\/www.vapeswholesaler.com\/sv\/wp-json\/wp\/v2\/types\/product"}],"replies":[{"embeddable":true,"href":"https:\/\/www.vapeswholesaler.com\/sv\/wp-json\/wp\/v2\/comments?post=16798"}],"wp:featuredmedia":[{"embeddable":true,"href":"https:\/\/www.vapeswholesaler.com\/sv\/wp-json\/wp\/v2\/media\/16794"}],"wp:attachment":[{"href":"https:\/\/www.vapeswholesaler.com\/sv\/wp-json\/wp\/v2\/media?parent=16798"}],"wp:term":[{"taxonomy":"product_cat","embeddable":true,"href":"https:\/\/www.vapeswholesaler.com\/sv\/wp-json\/wp\/v2\/product_cat?post=16798"},{"taxonomy":"product_tag","embeddable":true,"href":"https:\/\/www.vapeswholesaler.com\/sv\/wp-json\/wp\/v2\/product_tag?post=16798"}],"curies":[{"name":"wp","href":"https:\/\/api.w.org\/{rel}","templated":true}]}}